{"id":13888,"date":"2025-10-03T15:28:31","date_gmt":"2025-10-03T13:28:31","guid":{"rendered":"https:\/\/hef.com.br\/sitehef\/fale-conosco\/"},"modified":"2025-10-03T15:28:31","modified_gmt":"2025-10-03T13:28:31","slug":"fale-conosco","status":"publish","type":"page","link":"https:\/\/hef.com.br\/sitehef\/en\/fale-conosco\/","title":{"rendered":"Fale conosco"},"content":{"rendered":"","protected":false},"excerpt":{"rendered":"","protected":false},"author":1,"featured_media":0,"parent":0,"menu_order":0,"comment_status":"closed","ping_status":"closed","template":"","meta":{"_acf_changed":false,"footnotes":""},"class_list":["post-13888","page","type-page","status-publish","hentry"],"acf":[],"yoast_head":"<!-- This site is optimized with the Yoast SEO plugin v25.5 - https:\/\/yoast.com\/wordpress\/plugins\/seo\/ -->\n<title>Fale conosco - HEF<\/title>\n<meta name=\"robots\" content=\"index, follow, max-snippet:-1, max-image-preview:large, max-video-preview:-1\" \/>\n<link rel=\"canonical\" href=\"https:\/\/hef.com.br\/sitehef\/en\/fale-conosco\/\" \/>\n<meta property=\"og:locale\" content=\"en_US\" \/>\n<meta property=\"og:type\" content=\"article\" \/>\n<meta property=\"og:title\" content=\"Fale conosco - HEF\" \/>\n<meta property=\"og:url\" content=\"https:\/\/hef.com.br\/sitehef\/en\/fale-conosco\/\" \/>\n<meta property=\"og:site_name\" content=\"HEF\" \/>\n<meta name=\"twitter:card\" content=\"summary_large_image\" \/>\n<script type=\"application\/ld+json\" class=\"yoast-schema-graph\">{\"@context\":\"https:\/\/schema.org\",\"@graph\":[{\"@type\":\"WebPage\",\"@id\":\"https:\/\/hef.com.br\/sitehef\/en\/fale-conosco\/\",\"url\":\"https:\/\/hef.com.br\/sitehef\/en\/fale-conosco\/\",\"name\":\"Fale conosco - HEF\",\"isPartOf\":{\"@id\":\"https:\/\/hef.com.br\/sitehef\/en\/#website\"},\"datePublished\":\"2025-10-03T13:28:31+00:00\",\"breadcrumb\":{\"@id\":\"https:\/\/hef.com.br\/sitehef\/en\/fale-conosco\/#breadcrumb\"},\"inLanguage\":\"en-US\",\"potentialAction\":[{\"@type\":\"ReadAction\",\"target\":[\"https:\/\/hef.com.br\/sitehef\/en\/fale-conosco\/\"]}]},{\"@type\":\"BreadcrumbList\",\"@id\":\"https:\/\/hef.com.br\/sitehef\/en\/fale-conosco\/#breadcrumb\",\"itemListElement\":[{\"@type\":\"ListItem\",\"position\":1,\"name\":\"Home\",\"item\":\"https:\/\/hef.com.br\/sitehef\/en\/home\/\"},{\"@type\":\"ListItem\",\"position\":2,\"name\":\"Fale conosco\"}]},{\"@type\":\"WebSite\",\"@id\":\"https:\/\/hef.com.br\/sitehef\/en\/#website\",\"url\":\"https:\/\/hef.com.br\/sitehef\/en\/\",\"name\":\"HEF Groupe\",\"description\":\"Leader Mondial en ing\u00e9n\u00e9rie des mat\u00e9riaux de surfaces\",\"publisher\":{\"@id\":\"https:\/\/hef.com.br\/sitehef\/en\/#organization\"},\"potentialAction\":[{\"@type\":\"SearchAction\",\"target\":{\"@type\":\"EntryPoint\",\"urlTemplate\":\"https:\/\/hef.com.br\/sitehef\/en\/?s={search_term_string}\"},\"query-input\":{\"@type\":\"PropertyValueSpecification\",\"valueRequired\":true,\"valueName\":\"search_term_string\"}}],\"inLanguage\":\"en-US\"},{\"@type\":\"Organization\",\"@id\":\"https:\/\/hef.com.br\/sitehef\/en\/#organization\",\"name\":\"HEF Groupe\",\"url\":\"https:\/\/hef.com.br\/sitehef\/en\/\",\"logo\":{\"@type\":\"ImageObject\",\"inLanguage\":\"en-US\",\"@id\":\"https:\/\/hef.com.br\/sitehef\/en\/#\/schema\/logo\/image\/\",\"url\":\"https:\/\/hef.com.br\/sitehef\/wp-content\/uploads\/2025\/12\/cropped-HEF_GROUPE_BRASIL_FINAL-01.png\",\"contentUrl\":\"https:\/\/hef.com.br\/sitehef\/wp-content\/uploads\/2025\/12\/cropped-HEF_GROUPE_BRASIL_FINAL-01.png\",\"width\":708,\"height\":304,\"caption\":\"HEF Groupe\"},\"image\":{\"@id\":\"https:\/\/hef.com.br\/sitehef\/en\/#\/schema\/logo\/image\/\"}}]}<\/script>\n<!-- \/ Yoast SEO plugin. -->","yoast_head_json":{"title":"Fale conosco - HEF","robots":{"index":"index","follow":"follow","max-snippet":"max-snippet:-1","max-image-preview":"max-image-preview:large","max-video-preview":"max-video-preview:-1"},"canonical":"https:\/\/hef.com.br\/sitehef\/en\/fale-conosco\/","og_locale":"en_US","og_type":"article","og_title":"Fale conosco - HEF","og_url":"https:\/\/hef.com.br\/sitehef\/en\/fale-conosco\/","og_site_name":"HEF","twitter_card":"summary_large_image","schema":{"@context":"https:\/\/schema.org","@graph":[{"@type":"WebPage","@id":"https:\/\/hef.com.br\/sitehef\/en\/fale-conosco\/","url":"https:\/\/hef.com.br\/sitehef\/en\/fale-conosco\/","name":"Fale conosco - HEF","isPartOf":{"@id":"https:\/\/hef.com.br\/sitehef\/en\/#website"},"datePublished":"2025-10-03T13:28:31+00:00","breadcrumb":{"@id":"https:\/\/hef.com.br\/sitehef\/en\/fale-conosco\/#breadcrumb"},"inLanguage":"en-US","potentialAction":[{"@type":"ReadAction","target":["https:\/\/hef.com.br\/sitehef\/en\/fale-conosco\/"]}]},{"@type":"BreadcrumbList","@id":"https:\/\/hef.com.br\/sitehef\/en\/fale-conosco\/#breadcrumb","itemListElement":[{"@type":"ListItem","position":1,"name":"Home","item":"https:\/\/hef.com.br\/sitehef\/en\/home\/"},{"@type":"ListItem","position":2,"name":"Fale conosco"}]},{"@type":"WebSite","@id":"https:\/\/hef.com.br\/sitehef\/en\/#website","url":"https:\/\/hef.com.br\/sitehef\/en\/","name":"HEF Groupe","description":"Leader Mondial en ing\u00e9n\u00e9rie des mat\u00e9riaux de surfaces","publisher":{"@id":"https:\/\/hef.com.br\/sitehef\/en\/#organization"},"potentialAction":[{"@type":"SearchAction","target":{"@type":"EntryPoint","urlTemplate":"https:\/\/hef.com.br\/sitehef\/en\/?s={search_term_string}"},"query-input":{"@type":"PropertyValueSpecification","valueRequired":true,"valueName":"search_term_string"}}],"inLanguage":"en-US"},{"@type":"Organization","@id":"https:\/\/hef.com.br\/sitehef\/en\/#organization","name":"HEF Groupe","url":"https:\/\/hef.com.br\/sitehef\/en\/","logo":{"@type":"ImageObject","inLanguage":"en-US","@id":"https:\/\/hef.com.br\/sitehef\/en\/#\/schema\/logo\/image\/","url":"https:\/\/hef.com.br\/sitehef\/wp-content\/uploads\/2025\/12\/cropped-HEF_GROUPE_BRASIL_FINAL-01.png","contentUrl":"https:\/\/hef.com.br\/sitehef\/wp-content\/uploads\/2025\/12\/cropped-HEF_GROUPE_BRASIL_FINAL-01.png","width":708,"height":304,"caption":"HEF Groupe"},"image":{"@id":"https:\/\/hef.com.br\/sitehef\/en\/#\/schema\/logo\/image\/"}}]}},"_links":{"self":[{"href":"https:\/\/hef.com.br\/sitehef\/en\/wp-json\/wp\/v2\/pages\/13888","targetHints":{"allow":["GET"]}}],"collection":[{"href":"https:\/\/hef.com.br\/sitehef\/en\/wp-json\/wp\/v2\/pages"}],"about":[{"href":"https:\/\/hef.com.br\/sitehef\/en\/wp-json\/wp\/v2\/types\/page"}],"author":[{"embeddable":true,"href":"https:\/\/hef.com.br\/sitehef\/en\/wp-json\/wp\/v2\/users\/1"}],"replies":[{"embeddable":true,"href":"https:\/\/hef.com.br\/sitehef\/en\/wp-json\/wp\/v2\/comments?post=13888"}],"version-history":[{"count":0,"href":"https:\/\/hef.com.br\/sitehef\/en\/wp-json\/wp\/v2\/pages\/13888\/revisions"}],"wp:attachment":[{"href":"https:\/\/hef.com.br\/sitehef\/en\/wp-json\/wp\/v2\/media?parent=13888"}],"curies":[{"name":"wp","href":"https:\/\/api.w.org\/{rel}","templated":true}]}}