{"id":13889,"date":"2025-10-03T18:40:33","date_gmt":"2025-10-03T16:40:33","guid":{"rendered":"https:\/\/hef.com.br\/sitehef\/ts-diadema\/"},"modified":"2025-12-17T21:36:45","modified_gmt":"2025-12-17T20:36:45","slug":"ts-diadema","status":"publish","type":"page","link":"https:\/\/hef.com.br\/sitehef\/en\/ts-diadema\/","title":{"rendered":"TS Diadema"},"content":{"rendered":"\t\t<div data-elementor-type=\"wp-page\" data-elementor-id=\"13889\" class=\"elementor elementor-13889 elementor-12557\" data-elementor-post-type=\"page\">\n\t\t\t\t<div class=\"elementor-element elementor-element-7931e33 e-con-full e-flex e-con e-parent\" data-id=\"7931e33\" data-element_type=\"container\" data-settings=\"{&quot;background_background&quot;:&quot;gradient&quot;}\">\n\t\t<div class=\"elementor-element elementor-element-45e8298 e-flex e-con-boxed e-con e-child\" data-id=\"45e8298\" data-element_type=\"container\">\n\t\t\t\t\t<div class=\"e-con-inner\">\n\t\t\t\t<div class=\"elementor-element elementor-element-6e699a6 elementor-align-left elementor-hidden-tablet elementor-hidden-mobile elementor-widget elementor-widget-breadcrumbs\" data-id=\"6e699a6\" data-element_type=\"widget\" data-widget_type=\"breadcrumbs.default\">\n\t\t\t\t\t<p id=\"breadcrumbs\"><span><span><a href=\"https:\/\/hef.com.br\/sitehef\/en\/home\/\">Home<\/a><\/span><\/span><\/p>\t\t\t\t<\/div>\n\t\t\t\t<div class=\"elementor-element elementor-element-66173af elementor-widget elementor-widget-spacer\" data-id=\"66173af\" data-element_type=\"widget\" data-widget_type=\"spacer.default\">\n\t\t\t\t\t\t\t<div class=\"elementor-spacer\">\n\t\t\t<div class=\"elementor-spacer-inner\"><\/div>\n\t\t<\/div>\n\t\t\t\t\t\t<\/div>\n\t\t\t\t<div class=\"elementor-element elementor-element-35502f5 elementor-widget__width-initial animated-slow elementor-invisible elementor-widget elementor-widget-heading\" data-id=\"35502f5\" data-element_type=\"widget\" data-settings=\"{&quot;_animation&quot;:&quot;fadeIn&quot;}\" data-widget_type=\"heading.default\">\n\t\t\t\t\t<h1 class=\"elementor-heading-title elementor-size-default\">TS Diadema<\/h1>\t\t\t\t<\/div>\n\t\t\t\t\t<\/div>\n\t\t\t\t<\/div>\n\t\t\t\t<div class=\"elementor-element elementor-element-2bdcf6e elementor-widget__width-inherit elementor-widget-tablet__width-initial elementor-widget elementor-widget-image\" data-id=\"2bdcf6e\" data-element_type=\"widget\" data-widget_type=\"image.default\">\n\t\t\t\t\t\t\t\t\t\t\t\t\t\t\t<img fetchpriority=\"high\" decoding=\"async\" width=\"800\" height=\"450\" src=\"https:\/\/hef.com.br\/sitehef\/wp-content\/uploads\/2025\/12\/20240223_082957-1024x576.jpg\" class=\"attachment-large size-large wp-image-14374\" alt=\"\" srcset=\"https:\/\/hef.com.br\/sitehef\/wp-content\/uploads\/2025\/12\/20240223_082957-1024x576.jpg 1024w, https:\/\/hef.com.br\/sitehef\/wp-content\/uploads\/2025\/12\/20240223_082957-300x169.jpg 300w, https:\/\/hef.com.br\/sitehef\/wp-content\/uploads\/2025\/12\/20240223_082957-768x432.jpg 768w, https:\/\/hef.com.br\/sitehef\/wp-content\/uploads\/2025\/12\/20240223_082957-1536x864.jpg 1536w, https:\/\/hef.com.br\/sitehef\/wp-content\/uploads\/2025\/12\/20240223_082957.jpg 1920w\" sizes=\"(max-width: 800px) 100vw, 800px\" \/>\t\t\t\t\t\t\t\t\t\t\t\t\t\t\t<\/div>\n\t\t\t\t<\/div>\n\t\t<div class=\"elementor-element elementor-element-f11ae73 e-con-full e-flex e-con e-parent\" data-id=\"f11ae73\" data-element_type=\"container\" data-settings=\"{&quot;background_background&quot;:&quot;classic&quot;}\">\n\t\t<div class=\"elementor-element elementor-element-eb67523 e-flex e-con-boxed e-con e-child\" data-id=\"eb67523\" data-element_type=\"container\">\n\t\t\t\t\t<div class=\"e-con-inner\">\n\t\t<div class=\"elementor-element elementor-element-0554375 e-con-full e-flex e-con e-child\" data-id=\"0554375\" data-element_type=\"container\">\n\t\t\t\t<div class=\"elementor-element elementor-element-1cc6346 animated-slow elementor-invisible elementor-widget elementor-widget-heading\" data-id=\"1cc6346\" data-element_type=\"widget\" data-settings=\"{&quot;_animation&quot;:&quot;fadeIn&quot;}\" data-widget_type=\"heading.default\">\n\t\t\t\t\t<h2 class=\"elementor-heading-title elementor-size-default\">Discover our unit:<\/h2>\t\t\t\t<\/div>\n\t\t\t\t<div class=\"elementor-element elementor-element-a57d32d elementor-widget elementor-widget-spacer\" data-id=\"a57d32d\" data-element_type=\"widget\" data-widget_type=\"spacer.default\">\n\t\t\t\t\t\t\t<div class=\"elementor-spacer\">\n\t\t\t<div class=\"elementor-spacer-inner\"><\/div>\n\t\t<\/div>\n\t\t\t\t\t\t<\/div>\n\t\t\t\t<div class=\"elementor-element elementor-element-51593c5 animated-slow elementor-invisible elementor-widget elementor-widget-text-editor\" data-id=\"51593c5\" data-element_type=\"widget\" data-settings=\"{&quot;_animation&quot;:&quot;fadeIn&quot;}\" data-widget_type=\"text-editor.default\">\n\t\t\t\t\t\t\t\t\t<p>TS Diadema is a specialized unit in heat treatments, focusing on liquid nitriding, developed to offer technical excellence and total compliance to its clients. The result of an investment exceeding 15 million reais, our structure was designed to combine advanced technology, sustainable processes, and high operational performance. <\/p>\t\t\t\t\t\t\t\t<\/div>\n\t\t\t\t<\/div>\n\t\t\t\t<div class=\"elementor-element elementor-element-26a2a8a elementor-widget__width-initial elementor-widget-tablet__width-inherit animated-slow elementor-invisible elementor-widget elementor-widget-image\" data-id=\"26a2a8a\" data-element_type=\"widget\" data-settings=\"{&quot;_animation&quot;:&quot;fadeIn&quot;}\" data-widget_type=\"image.default\">\n\t\t\t\t\t\t\t\t\t\t\t\t\t\t\t<img decoding=\"async\" width=\"800\" height=\"450\" src=\"https:\/\/hef.com.br\/sitehef\/wp-content\/uploads\/2025\/12\/20240223_082914-1024x576.jpg\" class=\"attachment-large size-large wp-image-14353\" alt=\"\" srcset=\"https:\/\/hef.com.br\/sitehef\/wp-content\/uploads\/2025\/12\/20240223_082914-1024x576.jpg 1024w, https:\/\/hef.com.br\/sitehef\/wp-content\/uploads\/2025\/12\/20240223_082914-300x169.jpg 300w, https:\/\/hef.com.br\/sitehef\/wp-content\/uploads\/2025\/12\/20240223_082914-768x432.jpg 768w, https:\/\/hef.com.br\/sitehef\/wp-content\/uploads\/2025\/12\/20240223_082914-1536x864.jpg 1536w, https:\/\/hef.com.br\/sitehef\/wp-content\/uploads\/2025\/12\/20240223_082914.jpg 1920w\" sizes=\"(max-width: 800px) 100vw, 800px\" \/>\t\t\t\t\t\t\t\t\t\t\t\t\t\t\t<\/div>\n\t\t\t\t\t<\/div>\n\t\t\t\t<\/div>\n\t\t<div class=\"elementor-element elementor-element-83388e7 e-flex e-con-boxed e-con e-child\" data-id=\"83388e7\" data-element_type=\"container\" data-settings=\"{&quot;background_background&quot;:&quot;classic&quot;}\">\n\t\t\t\t\t<div class=\"e-con-inner\">\n\t\t\t\t<div class=\"elementor-element elementor-element-5822b87 elementor-widget__width-initial elementor-widget-tablet__width-inherit animated-slow elementor-invisible elementor-widget elementor-widget-image\" data-id=\"5822b87\" data-element_type=\"widget\" data-settings=\"{&quot;_animation&quot;:&quot;fadeIn&quot;}\" data-widget_type=\"image.default\">\n\t\t\t\t\t\t\t\t\t\t\t\t\t\t\t<img decoding=\"async\" width=\"800\" height=\"534\" src=\"https:\/\/hef.com.br\/sitehef\/wp-content\/uploads\/2025\/12\/IMG_7896-1024x683.jpg\" class=\"attachment-large size-large wp-image-14379\" alt=\"\" srcset=\"https:\/\/hef.com.br\/sitehef\/wp-content\/uploads\/2025\/12\/IMG_7896-1024x683.jpg 1024w, https:\/\/hef.com.br\/sitehef\/wp-content\/uploads\/2025\/12\/IMG_7896-300x200.jpg 300w, https:\/\/hef.com.br\/sitehef\/wp-content\/uploads\/2025\/12\/IMG_7896-768x512.jpg 768w, https:\/\/hef.com.br\/sitehef\/wp-content\/uploads\/2025\/12\/IMG_7896-1536x1024.jpg 1536w, https:\/\/hef.com.br\/sitehef\/wp-content\/uploads\/2025\/12\/IMG_7896.jpg 1920w\" sizes=\"(max-width: 800px) 100vw, 800px\" \/>\t\t\t\t\t\t\t\t\t\t\t\t\t\t\t<\/div>\n\t\t<div class=\"elementor-element elementor-element-2102c28 e-con-full e-flex e-con e-child\" data-id=\"2102c28\" data-element_type=\"container\">\n\t\t\t\t<div class=\"elementor-element elementor-element-d416d4e animated-slow elementor-invisible elementor-widget elementor-widget-heading\" data-id=\"d416d4e\" data-element_type=\"widget\" data-settings=\"{&quot;_animation&quot;:&quot;fadeIn&quot;}\" data-widget_type=\"heading.default\">\n\t\t\t\t\t<h2 class=\"elementor-heading-title elementor-size-default\">Our production line:<\/h2>\t\t\t\t<\/div>\n\t\t\t\t<div class=\"elementor-element elementor-element-2fc64c0 elementor-widget elementor-widget-spacer\" data-id=\"2fc64c0\" data-element_type=\"widget\" data-widget_type=\"spacer.default\">\n\t\t\t\t\t\t\t<div class=\"elementor-spacer\">\n\t\t\t<div class=\"elementor-spacer-inner\"><\/div>\n\t\t<\/div>\n\t\t\t\t\t\t<\/div>\n\t\t\t\t<div class=\"elementor-element elementor-element-4bf703b animated-slow elementor-invisible elementor-widget elementor-widget-text-editor\" data-id=\"4bf703b\" data-element_type=\"widget\" data-settings=\"{&quot;_animation&quot;:&quot;fadeIn&quot;}\" data-widget_type=\"text-editor.default\">\n\t\t\t\t\t\t\t\t\t<p data-start=\"449\" data-end=\"762\">It was designed to be fully sustainable, reducing environmental impacts and ensuring energy efficiency. Each stage of the process is supported by modern systems and integrated technologies developed by the HEF Group, a global leader in surface engineering solutions. <\/p><p data-start=\"449\" data-end=\"762\"> <\/p><p data-start=\"764\" data-end=\"1136\">With state-of-the-art equipment, rigorous quality control standards, and a highly skilled team, TS Diadema delivers consistent, safe results aligned with each client&#8217;s needs. Our commitment is to provide high-performance heat treatments, ensuring durability, precision, and reliability for the treated parts and components. <\/p>\t\t\t\t\t\t\t\t<\/div>\n\t\t\t\t<\/div>\n\t\t\t\t\t<\/div>\n\t\t\t\t<\/div>\n\t\t<div class=\"elementor-element elementor-element-9ba81a8 e-flex e-con-boxed e-con e-child\" data-id=\"9ba81a8\" data-element_type=\"container\">\n\t\t\t\t\t<div class=\"e-con-inner\">\n\t\t<div class=\"elementor-element elementor-element-9e24a04 e-con-full e-flex e-con e-child\" data-id=\"9e24a04\" data-element_type=\"container\">\n\t\t\t\t<div class=\"elementor-element elementor-element-64dc18c animated-slow elementor-invisible elementor-widget elementor-widget-heading\" data-id=\"64dc18c\" data-element_type=\"widget\" data-settings=\"{&quot;_animation&quot;:&quot;fadeIn&quot;}\" data-widget_type=\"heading.default\">\n\t\t\t\t\t<h2 class=\"elementor-heading-title elementor-size-default\">Contact us:<\/h2>\t\t\t\t<\/div>\n\t\t\t\t<div class=\"elementor-element elementor-element-eb91c54 elementor-widget elementor-widget-spacer\" data-id=\"eb91c54\" data-element_type=\"widget\" data-widget_type=\"spacer.default\">\n\t\t\t\t\t\t\t<div class=\"elementor-spacer\">\n\t\t\t<div class=\"elementor-spacer-inner\"><\/div>\n\t\t<\/div>\n\t\t\t\t\t\t<\/div>\n\t\t\t\t<div class=\"elementor-element elementor-element-dea3877 animated-slow elementor-invisible elementor-widget elementor-widget-text-editor\" data-id=\"dea3877\" data-element_type=\"widget\" data-settings=\"{&quot;_animation&quot;:&quot;fadeIn&quot;}\" data-widget_type=\"text-editor.default\">\n\t\t\t\t\t\t\t\t\t<p>A TS Diadema nasce para ser um marco em inova\u00e7\u00e3o, sustentabilidade e qualidade no setor de tratamentos t\u00e9rmicos \u2014 um centro de excel\u00eancia preparado para atender \u00e0s mais altas exig\u00eancias do mercado.<\/p>\t\t\t\t\t\t\t\t<\/div>\n\t\t\t\t<div class=\"elementor-element elementor-element-5c4dc5c animated-slow elementor-mobile-align-center elementor-invisible elementor-widget elementor-widget-button\" data-id=\"5c4dc5c\" data-element_type=\"widget\" data-settings=\"{&quot;_animation&quot;:&quot;fadeIn&quot;}\" data-widget_type=\"button.default\">\n\t\t\t\t\t\t\t\t\t\t<a class=\"elementor-button elementor-button-link elementor-size-sm\" href=\"https:\/\/hef.com.br\/sitehef\/en\/esg-2\/\">\n\t\t\t\t\t\t<span class=\"elementor-button-content-wrapper\">\n\t\t\t\t\t\t\t\t\t<span class=\"elementor-button-text\">Talk to our experts<\/span>\n\t\t\t\t\t<\/span>\n\t\t\t\t\t<\/a>\n\t\t\t\t\t\t\t\t<\/div>\n\t\t\t\t<\/div>\n\t\t\t\t<div class=\"elementor-element elementor-element-da36e0f elementor-widget__width-initial elementor-widget-tablet__width-inherit animated-slow elementor-invisible elementor-widget elementor-widget-image\" data-id=\"da36e0f\" data-element_type=\"widget\" data-settings=\"{&quot;_animation&quot;:&quot;fadeIn&quot;}\" data-widget_type=\"image.default\">\n\t\t\t\t\t\t\t\t\t\t\t\t\t\t\t<img loading=\"lazy\" decoding=\"async\" width=\"800\" height=\"534\" src=\"https:\/\/hef.com.br\/sitehef\/wp-content\/uploads\/2025\/12\/IMG_7967-1024x683.jpg\" class=\"attachment-large size-large wp-image-14384\" alt=\"\" srcset=\"https:\/\/hef.com.br\/sitehef\/wp-content\/uploads\/2025\/12\/IMG_7967-1024x683.jpg 1024w, https:\/\/hef.com.br\/sitehef\/wp-content\/uploads\/2025\/12\/IMG_7967-300x200.jpg 300w, https:\/\/hef.com.br\/sitehef\/wp-content\/uploads\/2025\/12\/IMG_7967-768x512.jpg 768w, https:\/\/hef.com.br\/sitehef\/wp-content\/uploads\/2025\/12\/IMG_7967-1536x1024.jpg 1536w, https:\/\/hef.com.br\/sitehef\/wp-content\/uploads\/2025\/12\/IMG_7967.jpg 1920w\" sizes=\"(max-width: 800px) 100vw, 800px\" \/>\t\t\t\t\t\t\t\t\t\t\t\t\t\t\t<\/div>\n\t\t\t\t\t<\/div>\n\t\t\t\t<\/div>\n\t\t\t\t<\/div>\n\t\t\t\t<\/div>\n\t\t","protected":false},"excerpt":{"rendered":"<p>Discover our unit: TS Diadema is a specialized unit in heat treatments, focusing on liquid nitriding, developed to offer technical excellence and total compliance to its clients. The result of an investment exceeding 15 million reais, our structure was designed to combine advanced technology, sustainable processes, and high operational performance. Our production line: It was [&hellip;]<\/p>\n","protected":false},"author":1,"featured_media":0,"parent":0,"menu_order":0,"comment_status":"closed","ping_status":"closed","template":"","meta":{"_acf_changed":false,"footnotes":""},"class_list":["post-13889","page","type-page","status-publish","hentry"],"acf":[],"yoast_head":"<!-- This site is optimized with the Yoast SEO plugin v25.5 - https:\/\/yoast.com\/wordpress\/plugins\/seo\/ -->\n<title>TS Diadema - HEF<\/title>\n<meta name=\"robots\" content=\"index, follow, max-snippet:-1, max-image-preview:large, max-video-preview:-1\" \/>\n<link rel=\"canonical\" href=\"https:\/\/hef.com.br\/sitehef\/en\/ts-diadema\/\" \/>\n<meta property=\"og:locale\" content=\"en_US\" \/>\n<meta property=\"og:type\" content=\"article\" \/>\n<meta property=\"og:title\" content=\"TS Diadema - HEF\" \/>\n<meta property=\"og:description\" content=\"Discover our unit: TS Diadema is a specialized unit in heat treatments, focusing on liquid nitriding, developed to offer technical excellence and total compliance to its clients. The result of an investment exceeding 15 million reais, our structure was designed to combine advanced technology, sustainable processes, and high operational performance. Our production line: It was [&hellip;]\" \/>\n<meta property=\"og:url\" content=\"https:\/\/hef.com.br\/sitehef\/en\/ts-diadema\/\" \/>\n<meta property=\"og:site_name\" content=\"HEF\" \/>\n<meta property=\"article:modified_time\" content=\"2025-12-17T20:36:45+00:00\" \/>\n<meta property=\"og:image\" content=\"https:\/\/hef.com.br\/sitehef\/wp-content\/uploads\/2025\/12\/20240223_082957.jpg\" \/>\n\t<meta property=\"og:image:width\" content=\"1920\" \/>\n\t<meta property=\"og:image:height\" content=\"1080\" \/>\n\t<meta property=\"og:image:type\" content=\"image\/jpeg\" \/>\n<meta name=\"twitter:card\" content=\"summary_large_image\" \/>\n<meta name=\"twitter:label1\" content=\"Est. reading time\" \/>\n\t<meta name=\"twitter:data1\" content=\"1 minute\" \/>\n<script type=\"application\/ld+json\" class=\"yoast-schema-graph\">{\"@context\":\"https:\/\/schema.org\",\"@graph\":[{\"@type\":\"WebPage\",\"@id\":\"https:\/\/hef.com.br\/sitehef\/en\/ts-diadema\/\",\"url\":\"https:\/\/hef.com.br\/sitehef\/en\/ts-diadema\/\",\"name\":\"TS Diadema - HEF\",\"isPartOf\":{\"@id\":\"https:\/\/hef.com.br\/sitehef\/en\/#website\"},\"primaryImageOfPage\":{\"@id\":\"https:\/\/hef.com.br\/sitehef\/en\/ts-diadema\/#primaryimage\"},\"image\":{\"@id\":\"https:\/\/hef.com.br\/sitehef\/en\/ts-diadema\/#primaryimage\"},\"thumbnailUrl\":\"https:\/\/hef.com.br\/sitehef\/wp-content\/uploads\/2025\/12\/20240223_082957-1024x576.jpg\",\"datePublished\":\"2025-10-03T16:40:33+00:00\",\"dateModified\":\"2025-12-17T20:36:45+00:00\",\"breadcrumb\":{\"@id\":\"https:\/\/hef.com.br\/sitehef\/en\/ts-diadema\/#breadcrumb\"},\"inLanguage\":\"en-US\",\"potentialAction\":[{\"@type\":\"ReadAction\",\"target\":[\"https:\/\/hef.com.br\/sitehef\/en\/ts-diadema\/\"]}]},{\"@type\":\"ImageObject\",\"inLanguage\":\"en-US\",\"@id\":\"https:\/\/hef.com.br\/sitehef\/en\/ts-diadema\/#primaryimage\",\"url\":\"https:\/\/hef.com.br\/sitehef\/wp-content\/uploads\/2025\/12\/20240223_082957-1024x576.jpg\",\"contentUrl\":\"https:\/\/hef.com.br\/sitehef\/wp-content\/uploads\/2025\/12\/20240223_082957-1024x576.jpg\"},{\"@type\":\"BreadcrumbList\",\"@id\":\"https:\/\/hef.com.br\/sitehef\/en\/ts-diadema\/#breadcrumb\",\"itemListElement\":[{\"@type\":\"ListItem\",\"position\":1,\"name\":\"Home\",\"item\":\"https:\/\/hef.com.br\/sitehef\/en\/home\/\"},{\"@type\":\"ListItem\",\"position\":2,\"name\":\"TS Diadema\"}]},{\"@type\":\"WebSite\",\"@id\":\"https:\/\/hef.com.br\/sitehef\/en\/#website\",\"url\":\"https:\/\/hef.com.br\/sitehef\/en\/\",\"name\":\"HEF Groupe\",\"description\":\"Leader Mondial en ing\u00e9n\u00e9rie des mat\u00e9riaux de surfaces\",\"publisher\":{\"@id\":\"https:\/\/hef.com.br\/sitehef\/en\/#organization\"},\"potentialAction\":[{\"@type\":\"SearchAction\",\"target\":{\"@type\":\"EntryPoint\",\"urlTemplate\":\"https:\/\/hef.com.br\/sitehef\/en\/?s={search_term_string}\"},\"query-input\":{\"@type\":\"PropertyValueSpecification\",\"valueRequired\":true,\"valueName\":\"search_term_string\"}}],\"inLanguage\":\"en-US\"},{\"@type\":\"Organization\",\"@id\":\"https:\/\/hef.com.br\/sitehef\/en\/#organization\",\"name\":\"HEF Groupe\",\"url\":\"https:\/\/hef.com.br\/sitehef\/en\/\",\"logo\":{\"@type\":\"ImageObject\",\"inLanguage\":\"en-US\",\"@id\":\"https:\/\/hef.com.br\/sitehef\/en\/#\/schema\/logo\/image\/\",\"url\":\"https:\/\/hef.com.br\/sitehef\/wp-content\/uploads\/2025\/12\/cropped-HEF_GROUPE_BRASIL_FINAL-01.png\",\"contentUrl\":\"https:\/\/hef.com.br\/sitehef\/wp-content\/uploads\/2025\/12\/cropped-HEF_GROUPE_BRASIL_FINAL-01.png\",\"width\":708,\"height\":304,\"caption\":\"HEF Groupe\"},\"image\":{\"@id\":\"https:\/\/hef.com.br\/sitehef\/en\/#\/schema\/logo\/image\/\"}}]}<\/script>\n<!-- \/ Yoast SEO plugin. -->","yoast_head_json":{"title":"TS Diadema - HEF","robots":{"index":"index","follow":"follow","max-snippet":"max-snippet:-1","max-image-preview":"max-image-preview:large","max-video-preview":"max-video-preview:-1"},"canonical":"https:\/\/hef.com.br\/sitehef\/en\/ts-diadema\/","og_locale":"en_US","og_type":"article","og_title":"TS Diadema - HEF","og_description":"Discover our unit: TS Diadema is a specialized unit in heat treatments, focusing on liquid nitriding, developed to offer technical excellence and total compliance to its clients. The result of an investment exceeding 15 million reais, our structure was designed to combine advanced technology, sustainable processes, and high operational performance. Our production line: It was [&hellip;]","og_url":"https:\/\/hef.com.br\/sitehef\/en\/ts-diadema\/","og_site_name":"HEF","article_modified_time":"2025-12-17T20:36:45+00:00","og_image":[{"width":1920,"height":1080,"url":"https:\/\/hef.com.br\/sitehef\/wp-content\/uploads\/2025\/12\/20240223_082957.jpg","type":"image\/jpeg"}],"twitter_card":"summary_large_image","twitter_misc":{"Est. reading time":"1 minute"},"schema":{"@context":"https:\/\/schema.org","@graph":[{"@type":"WebPage","@id":"https:\/\/hef.com.br\/sitehef\/en\/ts-diadema\/","url":"https:\/\/hef.com.br\/sitehef\/en\/ts-diadema\/","name":"TS Diadema - HEF","isPartOf":{"@id":"https:\/\/hef.com.br\/sitehef\/en\/#website"},"primaryImageOfPage":{"@id":"https:\/\/hef.com.br\/sitehef\/en\/ts-diadema\/#primaryimage"},"image":{"@id":"https:\/\/hef.com.br\/sitehef\/en\/ts-diadema\/#primaryimage"},"thumbnailUrl":"https:\/\/hef.com.br\/sitehef\/wp-content\/uploads\/2025\/12\/20240223_082957-1024x576.jpg","datePublished":"2025-10-03T16:40:33+00:00","dateModified":"2025-12-17T20:36:45+00:00","breadcrumb":{"@id":"https:\/\/hef.com.br\/sitehef\/en\/ts-diadema\/#breadcrumb"},"inLanguage":"en-US","potentialAction":[{"@type":"ReadAction","target":["https:\/\/hef.com.br\/sitehef\/en\/ts-diadema\/"]}]},{"@type":"ImageObject","inLanguage":"en-US","@id":"https:\/\/hef.com.br\/sitehef\/en\/ts-diadema\/#primaryimage","url":"https:\/\/hef.com.br\/sitehef\/wp-content\/uploads\/2025\/12\/20240223_082957-1024x576.jpg","contentUrl":"https:\/\/hef.com.br\/sitehef\/wp-content\/uploads\/2025\/12\/20240223_082957-1024x576.jpg"},{"@type":"BreadcrumbList","@id":"https:\/\/hef.com.br\/sitehef\/en\/ts-diadema\/#breadcrumb","itemListElement":[{"@type":"ListItem","position":1,"name":"Home","item":"https:\/\/hef.com.br\/sitehef\/en\/home\/"},{"@type":"ListItem","position":2,"name":"TS Diadema"}]},{"@type":"WebSite","@id":"https:\/\/hef.com.br\/sitehef\/en\/#website","url":"https:\/\/hef.com.br\/sitehef\/en\/","name":"HEF Groupe","description":"Leader Mondial en ing\u00e9n\u00e9rie des mat\u00e9riaux de surfaces","publisher":{"@id":"https:\/\/hef.com.br\/sitehef\/en\/#organization"},"potentialAction":[{"@type":"SearchAction","target":{"@type":"EntryPoint","urlTemplate":"https:\/\/hef.com.br\/sitehef\/en\/?s={search_term_string}"},"query-input":{"@type":"PropertyValueSpecification","valueRequired":true,"valueName":"search_term_string"}}],"inLanguage":"en-US"},{"@type":"Organization","@id":"https:\/\/hef.com.br\/sitehef\/en\/#organization","name":"HEF Groupe","url":"https:\/\/hef.com.br\/sitehef\/en\/","logo":{"@type":"ImageObject","inLanguage":"en-US","@id":"https:\/\/hef.com.br\/sitehef\/en\/#\/schema\/logo\/image\/","url":"https:\/\/hef.com.br\/sitehef\/wp-content\/uploads\/2025\/12\/cropped-HEF_GROUPE_BRASIL_FINAL-01.png","contentUrl":"https:\/\/hef.com.br\/sitehef\/wp-content\/uploads\/2025\/12\/cropped-HEF_GROUPE_BRASIL_FINAL-01.png","width":708,"height":304,"caption":"HEF Groupe"},"image":{"@id":"https:\/\/hef.com.br\/sitehef\/en\/#\/schema\/logo\/image\/"}}]}},"_links":{"self":[{"href":"https:\/\/hef.com.br\/sitehef\/en\/wp-json\/wp\/v2\/pages\/13889","targetHints":{"allow":["GET"]}}],"collection":[{"href":"https:\/\/hef.com.br\/sitehef\/en\/wp-json\/wp\/v2\/pages"}],"about":[{"href":"https:\/\/hef.com.br\/sitehef\/en\/wp-json\/wp\/v2\/types\/page"}],"author":[{"embeddable":true,"href":"https:\/\/hef.com.br\/sitehef\/en\/wp-json\/wp\/v2\/users\/1"}],"replies":[{"embeddable":true,"href":"https:\/\/hef.com.br\/sitehef\/en\/wp-json\/wp\/v2\/comments?post=13889"}],"version-history":[{"count":7,"href":"https:\/\/hef.com.br\/sitehef\/en\/wp-json\/wp\/v2\/pages\/13889\/revisions"}],"predecessor-version":[{"id":15792,"href":"https:\/\/hef.com.br\/sitehef\/en\/wp-json\/wp\/v2\/pages\/13889\/revisions\/15792"}],"wp:attachment":[{"href":"https:\/\/hef.com.br\/sitehef\/en\/wp-json\/wp\/v2\/media?parent=13889"}],"curies":[{"name":"wp","href":"https:\/\/api.w.org\/{rel}","templated":true}]}}