{"id":14036,"date":"2025-10-15T23:06:19","date_gmt":"2025-10-15T21:06:19","guid":{"rendered":"https:\/\/hef.com.br\/sitehef\/conheca-nossas-unidades\/"},"modified":"2025-12-09T18:11:01","modified_gmt":"2025-12-09T17:11:01","slug":"conheca-nossas-unidades","status":"publish","type":"page","link":"https:\/\/hef.com.br\/sitehef\/en\/conheca-nossas-unidades\/","title":{"rendered":"Discover our units"},"content":{"rendered":"\t\t<div data-elementor-type=\"wp-page\" data-elementor-id=\"14036\" class=\"elementor elementor-14036 elementor-13931\" data-elementor-post-type=\"page\">\n\t\t\t\t<div class=\"elementor-element elementor-element-4d214de5 e-con-full e-flex e-con e-parent\" data-id=\"4d214de5\" data-element_type=\"container\" data-settings=\"{&quot;background_background&quot;:&quot;gradient&quot;}\">\n\t\t<div class=\"elementor-element elementor-element-5451f229 e-flex e-con-boxed e-con e-child\" data-id=\"5451f229\" data-element_type=\"container\">\n\t\t\t\t\t<div class=\"e-con-inner\">\n\t\t\t\t<div class=\"elementor-element elementor-element-2a32f58c elementor-align-left elementor-hidden-tablet elementor-hidden-mobile elementor-widget elementor-widget-breadcrumbs\" data-id=\"2a32f58c\" data-element_type=\"widget\" data-widget_type=\"breadcrumbs.default\">\n\t\t\t\t\t<p id=\"breadcrumbs\"><span><span><a href=\"https:\/\/hef.com.br\/sitehef\/en\/home\/\">Home<\/a><\/span><\/span><\/p>\t\t\t\t<\/div>\n\t\t\t\t<div class=\"elementor-element elementor-element-21e83345 elementor-widget__width-inherit animated-slow elementor-invisible elementor-widget elementor-widget-heading\" data-id=\"21e83345\" data-element_type=\"widget\" data-settings=\"{&quot;_animation&quot;:&quot;fadeIn&quot;}\" data-widget_type=\"heading.default\">\n\t\t\t\t\t<h1 class=\"elementor-heading-title elementor-size-default\">Discover our units<\/h1>\t\t\t\t<\/div>\n\t\t\t\t\t<\/div>\n\t\t\t\t<\/div>\n\t\t\t\t<\/div>\n\t\t<div class=\"elementor-element elementor-element-30f9313e e-con-full e-flex e-con e-parent\" data-id=\"30f9313e\" data-element_type=\"container\" data-settings=\"{&quot;background_background&quot;:&quot;classic&quot;}\">\n\t\t<div class=\"elementor-element elementor-element-7b5d4b0f e-flex e-con-boxed e-con e-child\" data-id=\"7b5d4b0f\" data-element_type=\"container\" data-settings=\"{&quot;background_background&quot;:&quot;classic&quot;}\">\n\t\t\t\t\t<div class=\"e-con-inner\">\n\t\t<div class=\"elementor-element elementor-element-67293896 e-con-full e-flex e-con e-child\" data-id=\"67293896\" data-element_type=\"container\">\n\t\t\t\t<div class=\"elementor-element elementor-element-606bd8f9 animated-slow elementor-invisible elementor-widget elementor-widget-heading\" data-id=\"606bd8f9\" data-element_type=\"widget\" data-settings=\"{&quot;_animation&quot;:&quot;fadeIn&quot;}\" data-widget_type=\"heading.default\">\n\t\t\t\t\t<h2 class=\"elementor-heading-title elementor-size-default\">HEF DURFERRIT<\/h2>\t\t\t\t<\/div>\n\t\t\t\t<div class=\"elementor-element elementor-element-91fed1f animated-slow elementor-invisible elementor-widget elementor-widget-text-editor\" data-id=\"91fed1f\" data-element_type=\"widget\" data-settings=\"{&quot;_animation&quot;:&quot;fadeIn&quot;}\" data-widget_type=\"text-editor.default\">\n\t\t\t\t\t\t\t\t\t<p>The HEF DURFERRIT business division has globally distributed units, qualified to offer manufacturing and specialized consulting with the same international quality standard, serving our clients wherever they are.<br><br><br>Address: Rua vinte e sete de mar\u00e7o, 97 &#8211; Canhema, Diadema &#8211; S\u00e3o Paulo &#8211; CEP: 09941-450<\/p>\t\t\t\t\t\t\t\t<\/div>\n\t\t\t\t<div class=\"elementor-element elementor-element-3ca1041 elementor-tablet-align-center animated-slow elementor-invisible elementor-widget elementor-widget-button\" data-id=\"3ca1041\" data-element_type=\"widget\" data-settings=\"{&quot;_animation&quot;:&quot;fadeIn&quot;}\" data-widget_type=\"button.default\">\n\t\t\t\t\t\t\t\t\t\t<a class=\"elementor-button elementor-button-link elementor-size-sm\" href=\"#\">\n\t\t\t\t\t\t<span class=\"elementor-button-content-wrapper\">\n\t\t\t\t\t\t\t\t\t<span class=\"elementor-button-text\">See our unit<\/span>\n\t\t\t\t\t<\/span>\n\t\t\t\t\t<\/a>\n\t\t\t\t\t\t\t\t<\/div>\n\t\t\t\t<\/div>\n\t\t\t\t<div class=\"elementor-element elementor-element-441a3108 elementor-widget__width-initial elementor-widget-tablet__width-inherit animated-slow elementor-invisible elementor-widget elementor-widget-image\" data-id=\"441a3108\" data-element_type=\"widget\" data-settings=\"{&quot;_animation&quot;:&quot;fadeIn&quot;}\" data-widget_type=\"image.default\">\n\t\t\t\t\t\t\t\t\t\t\t\t\t\t\t<img fetchpriority=\"high\" decoding=\"async\" width=\"680\" height=\"382\" src=\"https:\/\/hef.com.br\/sitehef\/wp-content\/uploads\/2025\/12\/unnamed.webp\" class=\"attachment-large size-large wp-image-14349\" alt=\"\" srcset=\"https:\/\/hef.com.br\/sitehef\/wp-content\/uploads\/2025\/12\/unnamed.webp 680w, https:\/\/hef.com.br\/sitehef\/wp-content\/uploads\/2025\/12\/unnamed-300x169.webp 300w\" sizes=\"(max-width: 680px) 100vw, 680px\" \/>\t\t\t\t\t\t\t\t\t\t\t\t\t\t\t<\/div>\n\t\t\t\t\t<\/div>\n\t\t\t\t<\/div>\n\t\t<div class=\"elementor-element elementor-element-299075e2 e-flex e-con-boxed e-con e-child\" data-id=\"299075e2\" data-element_type=\"container\">\n\t\t\t\t\t<div class=\"e-con-inner\">\n\t\t\t\t<div class=\"elementor-element elementor-element-717c8ca7 elementor-widget__width-initial elementor-widget-tablet__width-inherit animated-slow elementor-invisible elementor-widget elementor-widget-image\" data-id=\"717c8ca7\" data-element_type=\"widget\" data-settings=\"{&quot;_animation&quot;:&quot;fadeIn&quot;}\" data-widget_type=\"image.default\">\n\t\t\t\t\t\t\t\t\t\t\t\t\t\t\t<img decoding=\"async\" width=\"800\" height=\"450\" src=\"https:\/\/hef.com.br\/sitehef\/wp-content\/uploads\/2025\/12\/20240223_082914-1024x576.jpg\" class=\"attachment-large size-large wp-image-14353\" alt=\"\" srcset=\"https:\/\/hef.com.br\/sitehef\/wp-content\/uploads\/2025\/12\/20240223_082914-1024x576.jpg 1024w, https:\/\/hef.com.br\/sitehef\/wp-content\/uploads\/2025\/12\/20240223_082914-300x169.jpg 300w, https:\/\/hef.com.br\/sitehef\/wp-content\/uploads\/2025\/12\/20240223_082914-768x432.jpg 768w, https:\/\/hef.com.br\/sitehef\/wp-content\/uploads\/2025\/12\/20240223_082914-1536x864.jpg 1536w, https:\/\/hef.com.br\/sitehef\/wp-content\/uploads\/2025\/12\/20240223_082914.jpg 1920w\" sizes=\"(max-width: 800px) 100vw, 800px\" \/>\t\t\t\t\t\t\t\t\t\t\t\t\t\t\t<\/div>\n\t\t<div class=\"elementor-element elementor-element-8636de e-con-full e-flex e-con e-child\" data-id=\"8636de\" data-element_type=\"container\">\n\t\t\t\t<div class=\"elementor-element elementor-element-7145a49c animated-slow elementor-invisible elementor-widget elementor-widget-heading\" data-id=\"7145a49c\" data-element_type=\"widget\" data-settings=\"{&quot;_animation&quot;:&quot;fadeIn&quot;}\" data-widget_type=\"heading.default\">\n\t\t\t\t\t<h2 class=\"elementor-heading-title elementor-size-default\">TS DIADEMA<\/h2>\t\t\t\t<\/div>\n\t\t\t\t<div class=\"elementor-element elementor-element-6ddd8ac animated-slow elementor-invisible elementor-widget elementor-widget-text-editor\" data-id=\"6ddd8ac\" data-element_type=\"widget\" data-settings=\"{&quot;_animation&quot;:&quot;fadeIn&quot;}\" data-widget_type=\"text-editor.default\">\n\t\t\t\t\t\t\t\t\t<p>A service unit specializing in liquid nitriding. <\/p><p> <\/p><p>Address: Rua vinte e sete de mar\u00e7o, 111 &#8211; Canhema, Diadema &#8211; S\u00e3o Paulo &#8211; CEP: 09941-450<\/p>\t\t\t\t\t\t\t\t<\/div>\n\t\t\t\t<div class=\"elementor-element elementor-element-2ca6b332 elementor-tablet-align-center animated-slow elementor-invisible elementor-widget elementor-widget-button\" data-id=\"2ca6b332\" data-element_type=\"widget\" data-settings=\"{&quot;_animation&quot;:&quot;fadeIn&quot;}\" data-widget_type=\"button.default\">\n\t\t\t\t\t\t\t\t\t\t<a class=\"elementor-button elementor-button-link elementor-size-sm\" href=\"#\">\n\t\t\t\t\t\t<span class=\"elementor-button-content-wrapper\">\n\t\t\t\t\t\t\t\t\t<span class=\"elementor-button-text\">See our unit<\/span>\n\t\t\t\t\t<\/span>\n\t\t\t\t\t<\/a>\n\t\t\t\t\t\t\t\t<\/div>\n\t\t\t\t<\/div>\n\t\t\t\t\t<\/div>\n\t\t\t\t<\/div>\n\t\t<div class=\"elementor-element elementor-element-3e89fce6 e-flex e-con-boxed e-con e-child\" data-id=\"3e89fce6\" data-element_type=\"container\" data-settings=\"{&quot;background_background&quot;:&quot;classic&quot;}\">\n\t\t\t\t\t<div class=\"e-con-inner\">\n\t\t<div class=\"elementor-element elementor-element-138c3d15 e-con-full e-flex e-con e-child\" data-id=\"138c3d15\" data-element_type=\"container\">\n\t\t\t\t<div class=\"elementor-element elementor-element-551ed4b0 animated-slow elementor-invisible elementor-widget elementor-widget-heading\" data-id=\"551ed4b0\" data-element_type=\"widget\" data-settings=\"{&quot;_animation&quot;:&quot;fadeIn&quot;}\" data-widget_type=\"heading.default\">\n\t\t\t\t\t<h2 class=\"elementor-heading-title elementor-size-default\">TS CASIMIRO DE ABREU <\/h2>\t\t\t\t<\/div>\n\t\t\t\t<div class=\"elementor-element elementor-element-0a6b66c animated-slow elementor-invisible elementor-widget elementor-widget-text-editor\" data-id=\"0a6b66c\" data-element_type=\"widget\" data-settings=\"{&quot;_animation&quot;:&quot;fadeIn&quot;}\" data-widget_type=\"text-editor.default\">\n\t\t\t\t\t\t\t\t\t<p>A service unit specializing in painting. <br><br>Address: Rua Henrique Jos\u00e9 de Farias, 135 &#8211; Condominio Industrial, Casimiro de Abreu &#8211; Rio de Janeiro &#8211; CEP: 28860-000<\/p>\t\t\t\t\t\t\t\t<\/div>\n\t\t<div class=\"elementor-element elementor-element-3992ac4 e-con-full e-flex e-con e-child\" data-id=\"3992ac4\" data-element_type=\"container\">\n\t\t\t\t<div class=\"elementor-element elementor-element-1f289e9 elementor-tablet-align-center animated-slow elementor-invisible elementor-widget elementor-widget-button\" data-id=\"1f289e9\" data-element_type=\"widget\" data-settings=\"{&quot;_animation&quot;:&quot;fadeIn&quot;}\" data-widget_type=\"button.default\">\n\t\t\t\t\t\t\t\t\t\t<a class=\"elementor-button elementor-button-link elementor-size-sm\" href=\"#\">\n\t\t\t\t\t\t<span class=\"elementor-button-content-wrapper\">\n\t\t\t\t\t\t\t\t\t<span class=\"elementor-button-text\">See our unit<\/span>\n\t\t\t\t\t<\/span>\n\t\t\t\t\t<\/a>\n\t\t\t\t\t\t\t\t<\/div>\n\t\t\t\t<\/div>\n\t\t\t\t<\/div>\n\t\t\t\t<div class=\"elementor-element elementor-element-4d4ea07f elementor-widget__width-initial elementor-widget-tablet__width-inherit animated-slow elementor-invisible elementor-widget elementor-widget-image\" data-id=\"4d4ea07f\" data-element_type=\"widget\" data-settings=\"{&quot;_animation&quot;:&quot;fadeIn&quot;}\" data-widget_type=\"image.default\">\n\t\t\t\t\t\t\t\t\t\t\t\t\t\t\t<img decoding=\"async\" width=\"800\" height=\"600\" src=\"https:\/\/hef.com.br\/sitehef\/wp-content\/uploads\/2025\/12\/IMG_5003-1024x768.jpeg\" class=\"attachment-large size-large wp-image-14357\" alt=\"\" srcset=\"https:\/\/hef.com.br\/sitehef\/wp-content\/uploads\/2025\/12\/IMG_5003-1024x768.jpeg 1024w, https:\/\/hef.com.br\/sitehef\/wp-content\/uploads\/2025\/12\/IMG_5003-300x225.jpeg 300w, https:\/\/hef.com.br\/sitehef\/wp-content\/uploads\/2025\/12\/IMG_5003-768x576.jpeg 768w, https:\/\/hef.com.br\/sitehef\/wp-content\/uploads\/2025\/12\/IMG_5003-1536x1152.jpeg 1536w, https:\/\/hef.com.br\/sitehef\/wp-content\/uploads\/2025\/12\/IMG_5003.jpeg 1920w\" sizes=\"(max-width: 800px) 100vw, 800px\" \/>\t\t\t\t\t\t\t\t\t\t\t\t\t\t\t<\/div>\n\t\t\t\t\t<\/div>\n\t\t\t\t<\/div>\n\t\t<div class=\"elementor-element elementor-element-10b5e67 e-flex e-con-boxed e-con e-child\" data-id=\"10b5e67\" data-element_type=\"container\">\n\t\t\t\t\t<div class=\"e-con-inner\">\n\t\t\t\t<div class=\"elementor-element elementor-element-bed68e0 elementor-widget__width-initial elementor-widget-tablet__width-inherit animated-slow elementor-invisible elementor-widget elementor-widget-image\" data-id=\"bed68e0\" data-element_type=\"widget\" data-settings=\"{&quot;_animation&quot;:&quot;fadeIn&quot;}\" data-widget_type=\"image.default\">\n\t\t\t\t\t\t\t\t\t\t\t\t\t\t\t<img loading=\"lazy\" decoding=\"async\" width=\"800\" height=\"256\" src=\"https:\/\/hef.com.br\/sitehef\/wp-content\/uploads\/2025\/12\/unnamed-1-1024x328.webp\" class=\"attachment-large size-large wp-image-14361\" alt=\"\" srcset=\"https:\/\/hef.com.br\/sitehef\/wp-content\/uploads\/2025\/12\/unnamed-1-1024x328.webp 1024w, https:\/\/hef.com.br\/sitehef\/wp-content\/uploads\/2025\/12\/unnamed-1-300x96.webp 300w, https:\/\/hef.com.br\/sitehef\/wp-content\/uploads\/2025\/12\/unnamed-1-768x246.webp 768w, https:\/\/hef.com.br\/sitehef\/wp-content\/uploads\/2025\/12\/unnamed-1.webp 1280w\" sizes=\"(max-width: 800px) 100vw, 800px\" \/>\t\t\t\t\t\t\t\t\t\t\t\t\t\t\t<\/div>\n\t\t<div class=\"elementor-element elementor-element-cdd242c e-con-full e-flex e-con e-child\" data-id=\"cdd242c\" data-element_type=\"container\">\n\t\t\t\t<div class=\"elementor-element elementor-element-ba3e2b9 elementor-invisible elementor-widget elementor-widget-heading\" data-id=\"ba3e2b9\" data-element_type=\"widget\" data-settings=\"{&quot;_animation&quot;:&quot;fadeIn&quot;}\" data-widget_type=\"heading.default\">\n\t\t\t\t\t<h2 class=\"elementor-heading-title elementor-size-default\">TS MOGI GUA\u00c7U<\/h2>\t\t\t\t<\/div>\n\t\t\t\t<div class=\"elementor-element elementor-element-986217d elementor-invisible elementor-widget elementor-widget-text-editor\" data-id=\"986217d\" data-element_type=\"widget\" data-settings=\"{&quot;_animation&quot;:&quot;fadeIn&quot;}\" data-widget_type=\"text-editor.default\">\n\t\t\t\t\t\t\t\t\t<p>Specialized service unit for DLC (Diamond-Like Carbon)<\/p><p>Address: Av. Iracy Berezoski Cayres, 290 &#8211; Mogi Gua\u00e7u, S\u00e3o Paulo &#8211; Postal Code: 13849-104 <\/p>\t\t\t\t\t\t\t\t<\/div>\n\t\t\t\t<div class=\"elementor-element elementor-element-8b10a55 elementor-tablet-align-center animated-slow elementor-invisible elementor-widget elementor-widget-button\" data-id=\"8b10a55\" data-element_type=\"widget\" data-settings=\"{&quot;_animation&quot;:&quot;fadeIn&quot;}\" data-widget_type=\"button.default\">\n\t\t\t\t\t\t\t\t\t\t<a class=\"elementor-button elementor-button-link elementor-size-sm\" href=\"#\">\n\t\t\t\t\t\t<span class=\"elementor-button-content-wrapper\">\n\t\t\t\t\t\t\t\t\t<span class=\"elementor-button-text\">See our unit<\/span>\n\t\t\t\t\t<\/span>\n\t\t\t\t\t<\/a>\n\t\t\t\t\t\t\t\t<\/div>\n\t\t\t\t<\/div>\n\t\t\t\t\t<\/div>\n\t\t\t\t<\/div>\n\t\t\t\t<\/div>\n\t\t\t\t<\/div>\n\t\t","protected":false},"excerpt":{"rendered":"<p>HEF DURFERRIT The HEF DURFERRIT business division has globally distributed units, qualified to offer manufacturing and specialized consulting with the same international quality standard, serving our clients wherever they are. Address: Rua vinte e sete de mar\u00e7o, 97 &#8211; Canhema, Diadema &#8211; S\u00e3o Paulo &#8211; CEP: 09941-450 See our unit TS DIADEMA A service unit [&hellip;]<\/p>\n","protected":false},"author":1,"featured_media":0,"parent":0,"menu_order":0,"comment_status":"closed","ping_status":"closed","template":"","meta":{"_acf_changed":false,"footnotes":""},"class_list":["post-14036","page","type-page","status-publish","hentry"],"acf":[],"yoast_head":"<!-- This site is optimized with the Yoast SEO plugin v25.5 - https:\/\/yoast.com\/wordpress\/plugins\/seo\/ -->\n<title>Discover our units - HEF<\/title>\n<meta name=\"robots\" content=\"index, follow, max-snippet:-1, max-image-preview:large, max-video-preview:-1\" \/>\n<link rel=\"canonical\" href=\"https:\/\/hef.com.br\/sitehef\/en\/conheca-nossas-unidades\/\" \/>\n<meta property=\"og:locale\" content=\"en_US\" \/>\n<meta property=\"og:type\" content=\"article\" \/>\n<meta property=\"og:title\" content=\"Discover our units - HEF\" \/>\n<meta property=\"og:description\" content=\"HEF DURFERRIT The HEF DURFERRIT business division has globally distributed units, qualified to offer manufacturing and specialized consulting with the same international quality standard, serving our clients wherever they are. Address: Rua vinte e sete de mar\u00e7o, 97 &#8211; Canhema, Diadema &#8211; S\u00e3o Paulo &#8211; CEP: 09941-450 See our unit TS DIADEMA A service unit [&hellip;]\" \/>\n<meta property=\"og:url\" content=\"https:\/\/hef.com.br\/sitehef\/en\/conheca-nossas-unidades\/\" \/>\n<meta property=\"og:site_name\" content=\"HEF\" \/>\n<meta property=\"article:modified_time\" content=\"2025-12-09T17:11:01+00:00\" \/>\n<meta property=\"og:image\" content=\"https:\/\/hef.com.br\/sitehef\/wp-content\/uploads\/2025\/12\/unnamed.webp\" \/>\n\t<meta property=\"og:image:width\" content=\"680\" \/>\n\t<meta property=\"og:image:height\" content=\"382\" \/>\n\t<meta property=\"og:image:type\" content=\"image\/webp\" \/>\n<meta name=\"twitter:card\" content=\"summary_large_image\" \/>\n<meta name=\"twitter:label1\" content=\"Est. reading time\" \/>\n\t<meta name=\"twitter:data1\" content=\"1 minute\" \/>\n<script type=\"application\/ld+json\" class=\"yoast-schema-graph\">{\"@context\":\"https:\/\/schema.org\",\"@graph\":[{\"@type\":\"WebPage\",\"@id\":\"https:\/\/hef.com.br\/sitehef\/en\/conheca-nossas-unidades\/\",\"url\":\"https:\/\/hef.com.br\/sitehef\/en\/conheca-nossas-unidades\/\",\"name\":\"Discover our units - HEF\",\"isPartOf\":{\"@id\":\"https:\/\/hef.com.br\/sitehef\/en\/#website\"},\"primaryImageOfPage\":{\"@id\":\"https:\/\/hef.com.br\/sitehef\/en\/conheca-nossas-unidades\/#primaryimage\"},\"image\":{\"@id\":\"https:\/\/hef.com.br\/sitehef\/en\/conheca-nossas-unidades\/#primaryimage\"},\"thumbnailUrl\":\"https:\/\/hef.com.br\/sitehef\/wp-content\/uploads\/2025\/12\/unnamed.webp\",\"datePublished\":\"2025-10-15T21:06:19+00:00\",\"dateModified\":\"2025-12-09T17:11:01+00:00\",\"breadcrumb\":{\"@id\":\"https:\/\/hef.com.br\/sitehef\/en\/conheca-nossas-unidades\/#breadcrumb\"},\"inLanguage\":\"en-US\",\"potentialAction\":[{\"@type\":\"ReadAction\",\"target\":[\"https:\/\/hef.com.br\/sitehef\/en\/conheca-nossas-unidades\/\"]}]},{\"@type\":\"ImageObject\",\"inLanguage\":\"en-US\",\"@id\":\"https:\/\/hef.com.br\/sitehef\/en\/conheca-nossas-unidades\/#primaryimage\",\"url\":\"https:\/\/hef.com.br\/sitehef\/wp-content\/uploads\/2025\/12\/unnamed.webp\",\"contentUrl\":\"https:\/\/hef.com.br\/sitehef\/wp-content\/uploads\/2025\/12\/unnamed.webp\"},{\"@type\":\"BreadcrumbList\",\"@id\":\"https:\/\/hef.com.br\/sitehef\/en\/conheca-nossas-unidades\/#breadcrumb\",\"itemListElement\":[{\"@type\":\"ListItem\",\"position\":1,\"name\":\"Home\",\"item\":\"https:\/\/hef.com.br\/sitehef\/en\/home\/\"},{\"@type\":\"ListItem\",\"position\":2,\"name\":\"Discover our units\"}]},{\"@type\":\"WebSite\",\"@id\":\"https:\/\/hef.com.br\/sitehef\/en\/#website\",\"url\":\"https:\/\/hef.com.br\/sitehef\/en\/\",\"name\":\"HEF Groupe\",\"description\":\"Leader Mondial en ing\u00e9n\u00e9rie des mat\u00e9riaux de surfaces\",\"publisher\":{\"@id\":\"https:\/\/hef.com.br\/sitehef\/en\/#organization\"},\"potentialAction\":[{\"@type\":\"SearchAction\",\"target\":{\"@type\":\"EntryPoint\",\"urlTemplate\":\"https:\/\/hef.com.br\/sitehef\/en\/?s={search_term_string}\"},\"query-input\":{\"@type\":\"PropertyValueSpecification\",\"valueRequired\":true,\"valueName\":\"search_term_string\"}}],\"inLanguage\":\"en-US\"},{\"@type\":\"Organization\",\"@id\":\"https:\/\/hef.com.br\/sitehef\/en\/#organization\",\"name\":\"HEF Groupe\",\"url\":\"https:\/\/hef.com.br\/sitehef\/en\/\",\"logo\":{\"@type\":\"ImageObject\",\"inLanguage\":\"en-US\",\"@id\":\"https:\/\/hef.com.br\/sitehef\/en\/#\/schema\/logo\/image\/\",\"url\":\"https:\/\/hef.com.br\/sitehef\/wp-content\/uploads\/2025\/12\/cropped-HEF_GROUPE_BRASIL_FINAL-01.png\",\"contentUrl\":\"https:\/\/hef.com.br\/sitehef\/wp-content\/uploads\/2025\/12\/cropped-HEF_GROUPE_BRASIL_FINAL-01.png\",\"width\":708,\"height\":304,\"caption\":\"HEF Groupe\"},\"image\":{\"@id\":\"https:\/\/hef.com.br\/sitehef\/en\/#\/schema\/logo\/image\/\"}}]}<\/script>\n<!-- \/ Yoast SEO plugin. -->","yoast_head_json":{"title":"Discover our units - HEF","robots":{"index":"index","follow":"follow","max-snippet":"max-snippet:-1","max-image-preview":"max-image-preview:large","max-video-preview":"max-video-preview:-1"},"canonical":"https:\/\/hef.com.br\/sitehef\/en\/conheca-nossas-unidades\/","og_locale":"en_US","og_type":"article","og_title":"Discover our units - HEF","og_description":"HEF DURFERRIT The HEF DURFERRIT business division has globally distributed units, qualified to offer manufacturing and specialized consulting with the same international quality standard, serving our clients wherever they are. Address: Rua vinte e sete de mar\u00e7o, 97 &#8211; Canhema, Diadema &#8211; S\u00e3o Paulo &#8211; CEP: 09941-450 See our unit TS DIADEMA A service unit [&hellip;]","og_url":"https:\/\/hef.com.br\/sitehef\/en\/conheca-nossas-unidades\/","og_site_name":"HEF","article_modified_time":"2025-12-09T17:11:01+00:00","og_image":[{"width":680,"height":382,"url":"https:\/\/hef.com.br\/sitehef\/wp-content\/uploads\/2025\/12\/unnamed.webp","type":"image\/webp"}],"twitter_card":"summary_large_image","twitter_misc":{"Est. reading time":"1 minute"},"schema":{"@context":"https:\/\/schema.org","@graph":[{"@type":"WebPage","@id":"https:\/\/hef.com.br\/sitehef\/en\/conheca-nossas-unidades\/","url":"https:\/\/hef.com.br\/sitehef\/en\/conheca-nossas-unidades\/","name":"Discover our units - HEF","isPartOf":{"@id":"https:\/\/hef.com.br\/sitehef\/en\/#website"},"primaryImageOfPage":{"@id":"https:\/\/hef.com.br\/sitehef\/en\/conheca-nossas-unidades\/#primaryimage"},"image":{"@id":"https:\/\/hef.com.br\/sitehef\/en\/conheca-nossas-unidades\/#primaryimage"},"thumbnailUrl":"https:\/\/hef.com.br\/sitehef\/wp-content\/uploads\/2025\/12\/unnamed.webp","datePublished":"2025-10-15T21:06:19+00:00","dateModified":"2025-12-09T17:11:01+00:00","breadcrumb":{"@id":"https:\/\/hef.com.br\/sitehef\/en\/conheca-nossas-unidades\/#breadcrumb"},"inLanguage":"en-US","potentialAction":[{"@type":"ReadAction","target":["https:\/\/hef.com.br\/sitehef\/en\/conheca-nossas-unidades\/"]}]},{"@type":"ImageObject","inLanguage":"en-US","@id":"https:\/\/hef.com.br\/sitehef\/en\/conheca-nossas-unidades\/#primaryimage","url":"https:\/\/hef.com.br\/sitehef\/wp-content\/uploads\/2025\/12\/unnamed.webp","contentUrl":"https:\/\/hef.com.br\/sitehef\/wp-content\/uploads\/2025\/12\/unnamed.webp"},{"@type":"BreadcrumbList","@id":"https:\/\/hef.com.br\/sitehef\/en\/conheca-nossas-unidades\/#breadcrumb","itemListElement":[{"@type":"ListItem","position":1,"name":"Home","item":"https:\/\/hef.com.br\/sitehef\/en\/home\/"},{"@type":"ListItem","position":2,"name":"Discover our units"}]},{"@type":"WebSite","@id":"https:\/\/hef.com.br\/sitehef\/en\/#website","url":"https:\/\/hef.com.br\/sitehef\/en\/","name":"HEF Groupe","description":"Leader Mondial en ing\u00e9n\u00e9rie des mat\u00e9riaux de surfaces","publisher":{"@id":"https:\/\/hef.com.br\/sitehef\/en\/#organization"},"potentialAction":[{"@type":"SearchAction","target":{"@type":"EntryPoint","urlTemplate":"https:\/\/hef.com.br\/sitehef\/en\/?s={search_term_string}"},"query-input":{"@type":"PropertyValueSpecification","valueRequired":true,"valueName":"search_term_string"}}],"inLanguage":"en-US"},{"@type":"Organization","@id":"https:\/\/hef.com.br\/sitehef\/en\/#organization","name":"HEF Groupe","url":"https:\/\/hef.com.br\/sitehef\/en\/","logo":{"@type":"ImageObject","inLanguage":"en-US","@id":"https:\/\/hef.com.br\/sitehef\/en\/#\/schema\/logo\/image\/","url":"https:\/\/hef.com.br\/sitehef\/wp-content\/uploads\/2025\/12\/cropped-HEF_GROUPE_BRASIL_FINAL-01.png","contentUrl":"https:\/\/hef.com.br\/sitehef\/wp-content\/uploads\/2025\/12\/cropped-HEF_GROUPE_BRASIL_FINAL-01.png","width":708,"height":304,"caption":"HEF Groupe"},"image":{"@id":"https:\/\/hef.com.br\/sitehef\/en\/#\/schema\/logo\/image\/"}}]}},"_links":{"self":[{"href":"https:\/\/hef.com.br\/sitehef\/en\/wp-json\/wp\/v2\/pages\/14036","targetHints":{"allow":["GET"]}}],"collection":[{"href":"https:\/\/hef.com.br\/sitehef\/en\/wp-json\/wp\/v2\/pages"}],"about":[{"href":"https:\/\/hef.com.br\/sitehef\/en\/wp-json\/wp\/v2\/types\/page"}],"author":[{"embeddable":true,"href":"https:\/\/hef.com.br\/sitehef\/en\/wp-json\/wp\/v2\/users\/1"}],"replies":[{"embeddable":true,"href":"https:\/\/hef.com.br\/sitehef\/en\/wp-json\/wp\/v2\/comments?post=14036"}],"version-history":[{"count":9,"href":"https:\/\/hef.com.br\/sitehef\/en\/wp-json\/wp\/v2\/pages\/14036\/revisions"}],"predecessor-version":[{"id":15128,"href":"https:\/\/hef.com.br\/sitehef\/en\/wp-json\/wp\/v2\/pages\/14036\/revisions\/15128"}],"wp:attachment":[{"href":"https:\/\/hef.com.br\/sitehef\/en\/wp-json\/wp\/v2\/media?parent=14036"}],"curies":[{"name":"wp","href":"https:\/\/api.w.org\/{rel}","templated":true}]}}