{"id":14064,"date":"2025-10-15T23:22:52","date_gmt":"2025-10-15T21:22:52","guid":{"rendered":"https:\/\/hef.com.br\/sitehef\/comunica-hef-2\/"},"modified":"2025-10-21T19:48:49","modified_gmt":"2025-10-21T17:48:49","slug":"comunica-hef-2","status":"publish","type":"page","link":"https:\/\/hef.com.br\/sitehef\/en\/comunica-hef-2\/","title":{"rendered":"Comunica HEF"},"content":{"rendered":"\t\t<div data-elementor-type=\"wp-page\" data-elementor-id=\"14064\" class=\"elementor elementor-14064 elementor-13966\" data-elementor-post-type=\"page\">\n\t\t\t\t<div class=\"elementor-element elementor-element-7931e33 e-con-full e-flex e-con e-parent\" data-id=\"7931e33\" data-element_type=\"container\" data-settings=\"{&quot;background_background&quot;:&quot;gradient&quot;}\">\n\t\t<div class=\"elementor-element elementor-element-45e8298 e-flex e-con-boxed e-con e-child\" data-id=\"45e8298\" data-element_type=\"container\">\n\t\t\t\t\t<div class=\"e-con-inner\">\n\t\t\t\t<div class=\"elementor-element elementor-element-6e699a6 elementor-align-left elementor-hidden-tablet elementor-hidden-mobile elementor-widget elementor-widget-breadcrumbs\" data-id=\"6e699a6\" data-element_type=\"widget\" data-widget_type=\"breadcrumbs.default\">\n\t\t\t\t\t<p id=\"breadcrumbs\"><span><span><a href=\"https:\/\/hef.com.br\/sitehef\/en\/home\/\">Home<\/a><\/span><\/span><\/p>\t\t\t\t<\/div>\n\t\t\t\t<div class=\"elementor-element elementor-element-35502f5 elementor-widget__width-initial elementor-widget elementor-widget-heading\" data-id=\"35502f5\" data-element_type=\"widget\" data-widget_type=\"heading.default\">\n\t\t\t\t\t<h1 class=\"elementor-heading-title elementor-size-default\">Comunica HEF<\/h1>\t\t\t\t<\/div>\n\t\t\t\t<div class=\"elementor-element elementor-element-7faec1d elementor-widget__width-initial elementor-widget elementor-widget-text-editor\" data-id=\"7faec1d\" data-element_type=\"widget\" data-widget_type=\"text-editor.default\">\n\t\t\t\t\t\t\t\t\t<p class=\"description-top-section\">Tribology is the science that studies the phenomena that occur when two materials are in contact. In particular, tribology studies the friction and wear mechanisms in the presence or absence of lubrication. With regard to fields of application, it is impossible to provide a comprehensive list. The areas potentially impacted by tribology are vast in number and varied in requirements. They range from aerospace to medical and include transport, civil engineering, heavy industry, and even the tools of everyday life.    <\/p>\t\t\t\t\t\t\t\t<\/div>\n\t\t\t\t<div class=\"elementor-element elementor-element-55e5f50 elementor-tablet-align-center elementor-widget elementor-widget-button\" data-id=\"55e5f50\" data-element_type=\"widget\" data-widget_type=\"button.default\">\n\t\t\t\t\t\t\t\t\t\t<a class=\"elementor-button elementor-button-link elementor-size-sm\" href=\"#\">\n\t\t\t\t\t\t<span class=\"elementor-button-content-wrapper\">\n\t\t\t\t\t\t\t\t\t<span class=\"elementor-button-text\">Contact our experts<\/span>\n\t\t\t\t\t<\/span>\n\t\t\t\t\t<\/a>\n\t\t\t\t\t\t\t\t<\/div>\n\t\t\t\t\t<\/div>\n\t\t\t\t<\/div>\n\t\t\t\t<div class=\"elementor-element elementor-element-2bdcf6e elementor-widget__width-inherit elementor-widget-tablet__width-initial elementor-widget elementor-widget-image\" data-id=\"2bdcf6e\" data-element_type=\"widget\" data-widget_type=\"image.default\">\n\t\t\t\t\t\t\t\t\t\t\t\t\t\t\t<img fetchpriority=\"high\" decoding=\"async\" width=\"800\" height=\"534\" src=\"https:\/\/hef.com.br\/sitehef\/wp-content\/uploads\/2025\/10\/bg-hero-tribology-1024x683.webp\" class=\"attachment-large size-large wp-image-12716\" alt=\"\" srcset=\"https:\/\/hef.com.br\/sitehef\/wp-content\/uploads\/2025\/10\/bg-hero-tribology-1024x683.webp 1024w, https:\/\/hef.com.br\/sitehef\/wp-content\/uploads\/2025\/10\/bg-hero-tribology-300x200.webp 300w, https:\/\/hef.com.br\/sitehef\/wp-content\/uploads\/2025\/10\/bg-hero-tribology-768x512.webp 768w, https:\/\/hef.com.br\/sitehef\/wp-content\/uploads\/2025\/10\/bg-hero-tribology-1536x1024.webp 1536w, https:\/\/hef.com.br\/sitehef\/wp-content\/uploads\/2025\/10\/bg-hero-tribology.webp 1600w\" sizes=\"(max-width: 800px) 100vw, 800px\" \/>\t\t\t\t\t\t\t\t\t\t\t\t\t\t\t<\/div>\n\t\t\t\t<\/div>\n\t\t<div class=\"elementor-element elementor-element-f11ae73 e-con-full e-flex e-con e-parent\" data-id=\"f11ae73\" data-element_type=\"container\" data-settings=\"{&quot;background_background&quot;:&quot;classic&quot;}\">\n\t\t<div class=\"elementor-element elementor-element-eb67523 e-flex e-con-boxed e-con e-child\" data-id=\"eb67523\" data-element_type=\"container\">\n\t\t\t\t\t<div class=\"e-con-inner\">\n\t\t<div class=\"elementor-element elementor-element-0554375 e-con-full e-flex e-con e-child\" data-id=\"0554375\" data-element_type=\"container\">\n\t\t\t\t<div class=\"elementor-element elementor-element-1cc6346 elementor-widget elementor-widget-heading\" data-id=\"1cc6346\" data-element_type=\"widget\" data-widget_type=\"heading.default\">\n\t\t\t\t\t<h2 class=\"elementor-heading-title elementor-size-default\">Did you know?<\/h2>\t\t\t\t<\/div>\n\t\t\t\t<div class=\"elementor-element elementor-element-ed96451 elementor-widget elementor-widget-text-editor\" data-id=\"ed96451\" data-element_type=\"widget\" data-widget_type=\"text-editor.default\">\n\t\t\t\t\t\t\t\t\t<p>There are very few mechanical systems where friction does not exist.<\/p><p>Even the International Space Station (ISS), which orbits in space 400 km above the Earth, is subject to very slight friction from the few residual molecules in the upper atmosphere. However, this slight friction requires the ISS to either expend fuel on a regular basis to elevate its orbit, or risk falling back down to Earth. <\/p><p>While the reduction of friction and wear in tribology is often sought to ensure the efficiency, durability, and even operational safety of a given system, friction need not always be avoided. As a matter of fact, without this phenomenon, it would not be possible, for example, to hold an object in our hand, build a pyramid, or fly a plane. <\/p><p>This friction is also often the cause of wear on mechanical parts that roll or slide over each other. While appropriate lubrication slows down the phenomenon, it never completely eliminates it. <\/p><p><strong>In fact, in 1953, Jacques-Jean Caubet, a graduate of the Ecole Centrale, founded the Centre St\u00e9phanois de Recherches M\u00e9caniques, Hydrom\u00e9caniques et Frottements to solve the problems of premature wear on paper-making machines. This research center would later become the modern-day HEF Group. <\/strong><\/p>\t\t\t\t\t\t\t\t<\/div>\n\t\t\t\t<\/div>\n\t\t\t\t<div class=\"elementor-element elementor-element-26a2a8a elementor-widget__width-initial elementor-widget-tablet__width-inherit elementor-widget elementor-widget-image\" data-id=\"26a2a8a\" data-element_type=\"widget\" data-widget_type=\"image.default\">\n\t\t\t\t\t\t\t\t\t\t\t\t\t\t\t<img decoding=\"async\" width=\"750\" height=\"1000\" src=\"https:\/\/hef.com.br\/sitehef\/wp-content\/uploads\/2025\/10\/jjc-acc.webp\" class=\"attachment-large size-large wp-image-12840\" alt=\"\" srcset=\"https:\/\/hef.com.br\/sitehef\/wp-content\/uploads\/2025\/10\/jjc-acc.webp 750w, https:\/\/hef.com.br\/sitehef\/wp-content\/uploads\/2025\/10\/jjc-acc-225x300.webp 225w\" sizes=\"(max-width: 750px) 100vw, 750px\" \/>\t\t\t\t\t\t\t\t\t\t\t\t\t\t\t<\/div>\n\t\t\t\t\t<\/div>\n\t\t\t\t<\/div>\n\t\t<div class=\"elementor-element elementor-element-83388e7 e-flex e-con-boxed e-con e-child\" data-id=\"83388e7\" data-element_type=\"container\" data-settings=\"{&quot;background_background&quot;:&quot;classic&quot;}\">\n\t\t\t\t\t<div class=\"e-con-inner\">\n\t\t\t\t<div class=\"elementor-element elementor-element-5822b87 elementor-widget__width-initial elementor-widget-tablet__width-inherit elementor-widget elementor-widget-image\" data-id=\"5822b87\" data-element_type=\"widget\" data-widget_type=\"image.default\">\n\t\t\t\t\t\t\t\t\t\t\t\t\t\t\t<img decoding=\"async\" width=\"800\" height=\"534\" src=\"https:\/\/hef.com.br\/sitehef\/wp-content\/uploads\/2025\/10\/HEFandrezieux11Mai2022-0102-1536x1024-1-1024x683.webp\" class=\"attachment-large size-large wp-image-12854\" alt=\"\" srcset=\"https:\/\/hef.com.br\/sitehef\/wp-content\/uploads\/2025\/10\/HEFandrezieux11Mai2022-0102-1536x1024-1-1024x683.webp 1024w, https:\/\/hef.com.br\/sitehef\/wp-content\/uploads\/2025\/10\/HEFandrezieux11Mai2022-0102-1536x1024-1-300x200.webp 300w, https:\/\/hef.com.br\/sitehef\/wp-content\/uploads\/2025\/10\/HEFandrezieux11Mai2022-0102-1536x1024-1-768x512.webp 768w, https:\/\/hef.com.br\/sitehef\/wp-content\/uploads\/2025\/10\/HEFandrezieux11Mai2022-0102-1536x1024-1.webp 1536w\" sizes=\"(max-width: 800px) 100vw, 800px\" \/>\t\t\t\t\t\t\t\t\t\t\t\t\t\t\t<\/div>\n\t\t<div class=\"elementor-element elementor-element-2102c28 e-con-full e-flex e-con e-child\" data-id=\"2102c28\" data-element_type=\"container\">\n\t\t\t\t<div class=\"elementor-element elementor-element-d416d4e elementor-widget elementor-widget-heading\" data-id=\"d416d4e\" data-element_type=\"widget\" data-widget_type=\"heading.default\">\n\t\t\t\t\t<h2 class=\"elementor-heading-title elementor-size-default\">Comprehensive tribological expertise<\/h2>\t\t\t\t<\/div>\n\t\t\t\t<div class=\"elementor-element elementor-element-b3065e8 elementor-widget elementor-widget-text-editor\" data-id=\"b3065e8\" data-element_type=\"widget\" data-widget_type=\"text-editor.default\">\n\t\t\t\t\t\t\t\t\t<p>Tribology is concerned with an extremely large number of different situations where friction is involved.<\/p><p>HEF\u2019s expertise in this sector focuses on different materials (metals, polymers, ceramics, etc.) and different lubricants (oils, greases, etc.) in operating conditions that are also quite different. For example, pressures ranging from &#8220;10\u20135 mbar to 35 bar, temperatures ranging from 200\u00b0C to +700\u00b0C, gaseous or liquid environments, and speeds up to several tens of m\/s-1\u2026 <\/p><p>The following must also be taken into account: the geometry of the contact, the type of force applied, and also the surface properties present (hardness, roughness, chemical composition, geometric or structural defects, affinities with the lubricant, etc.).<br>All in all, there are more than a hundred parameters that may be involved in a tribology problem.<\/p><p><strong>When a customer has a specific problem to solve, HEF can take a holistic view and propose a suitable solution, thanks to the expertise of our teams and our multi-scale digital and experimental resources.<\/strong><\/p>\t\t\t\t\t\t\t\t<\/div>\n\t\t\t\t<div class=\"elementor-element elementor-element-bd285fb elementor-tablet-align-center elementor-widget elementor-widget-button\" data-id=\"bd285fb\" data-element_type=\"widget\" data-widget_type=\"button.default\">\n\t\t\t\t\t\t\t\t\t\t<a class=\"elementor-button elementor-button-link elementor-size-sm\" href=\"#\">\n\t\t\t\t\t\t<span class=\"elementor-button-content-wrapper\">\n\t\t\t\t\t\t\t\t\t<span class=\"elementor-button-text\">Download our brochure<\/span>\n\t\t\t\t\t<\/span>\n\t\t\t\t\t<\/a>\n\t\t\t\t\t\t\t\t<\/div>\n\t\t\t\t<\/div>\n\t\t\t\t\t<\/div>\n\t\t\t\t<\/div>\n\t\t<div class=\"elementor-element elementor-element-9ba81a8 e-flex e-con-boxed e-con e-child\" data-id=\"9ba81a8\" data-element_type=\"container\">\n\t\t\t\t\t<div class=\"e-con-inner\">\n\t\t<div class=\"elementor-element elementor-element-9e24a04 e-con-full e-flex e-con e-child\" data-id=\"9e24a04\" data-element_type=\"container\">\n\t\t\t\t<div class=\"elementor-element elementor-element-64dc18c elementor-widget elementor-widget-heading\" data-id=\"64dc18c\" data-element_type=\"widget\" data-widget_type=\"heading.default\">\n\t\t\t\t\t<h2 class=\"elementor-heading-title elementor-size-default\">Methodological focus\n<\/h2>\t\t\t\t<\/div>\n\t\t\t\t<div class=\"elementor-element elementor-element-c02d847 elementor-widget elementor-widget-text-editor\" data-id=\"c02d847\" data-element_type=\"widget\" data-widget_type=\"text-editor.default\">\n\t\t\t\t\t\t\t\t\t<p>Our tribological activities often start with analysis of faulty parts that our customers will bring to us.<\/p><p>We then seek to understand the mechanisms of degradation in order to offer solutions that may mean modifications that impact the very design of the component or system in question, a change of materials, or use of surface treatments.<\/p><p>Thereafter, an experimental phase may be conducted to qualify and characterize the performance of the intended alternative solutions. <strong>For all these aspects, we have a variety of test methods as well as recognized experience in designing dedicated test benches should such a development be necessary.The objective of such experimentation is to replicate, as faithfully as possible, the operating conditions of the real application and identified degradation mechanisms.<\/strong><\/p><p>Training courses are also offered for our customers\u2019 teams (engineers, technicians, and materials experts) to explain the complexity of tribological issues, the consequences of these issues on components and systems, and the steps that must be taken to resolve these issues.<\/p>\t\t\t\t\t\t\t\t<\/div>\n\t\t\t\t<\/div>\n\t\t\t\t<div class=\"elementor-element elementor-element-da36e0f elementor-widget__width-initial elementor-widget-tablet__width-inherit elementor-widget elementor-widget-image\" data-id=\"da36e0f\" data-element_type=\"widget\" data-widget_type=\"image.default\">\n\t\t\t\t\t\t\t\t\t\t\t\t\t\t\t<img loading=\"lazy\" decoding=\"async\" width=\"768\" height=\"576\" src=\"https:\/\/hef.com.br\/sitehef\/wp-content\/uploads\/2025\/10\/432838439_662670059317223_7058274394899365209_n-768x576-1.webp\" class=\"attachment-large size-large wp-image-12880\" alt=\"\" srcset=\"https:\/\/hef.com.br\/sitehef\/wp-content\/uploads\/2025\/10\/432838439_662670059317223_7058274394899365209_n-768x576-1.webp 768w, https:\/\/hef.com.br\/sitehef\/wp-content\/uploads\/2025\/10\/432838439_662670059317223_7058274394899365209_n-768x576-1-300x225.webp 300w\" sizes=\"(max-width: 768px) 100vw, 768px\" \/>\t\t\t\t\t\t\t\t\t\t\t\t\t\t\t<\/div>\n\t\t\t\t\t<\/div>\n\t\t\t\t<\/div>\n\t\t<div class=\"elementor-element elementor-element-f0731bf e-flex e-con-boxed e-con e-child\" data-id=\"f0731bf\" data-element_type=\"container\">\n\t\t\t\t\t<div class=\"e-con-inner\">\n\t\t<div class=\"elementor-element elementor-element-6a6d6d8 e-con-full e-flex e-con e-child\" data-id=\"6a6d6d8\" data-element_type=\"container\" data-settings=\"{&quot;background_background&quot;:&quot;classic&quot;}\">\n\t\t<div class=\"elementor-element elementor-element-f27a7e0 e-con-full e-flex e-con e-child\" data-id=\"f27a7e0\" data-element_type=\"container\">\n\t\t\t\t<div class=\"elementor-element elementor-element-b42e93d elementor-widget elementor-widget-heading\" data-id=\"b42e93d\" data-element_type=\"widget\" data-widget_type=\"heading.default\">\n\t\t\t\t\t<h3 class=\"elementor-heading-title elementor-size-default\">Conclusion<\/h3>\t\t\t\t<\/div>\n\t\t\t\t<div class=\"elementor-element elementor-element-b6cf3d6 elementor-widget elementor-widget-text-editor\" data-id=\"b6cf3d6\" data-element_type=\"widget\" data-widget_type=\"text-editor.default\">\n\t\t\t\t\t\t\t\t\t<p>HEF\u2019s various tribology activities provide answers to our customers\u2019 requirements with regard to developing or optimizing their products and systems in terms of efficiency and reliability. Research or design services, bilateral development agreements or multi-partner collaborative projects are just some of the options where HEF can help you benefit from our expertise and our constantly evolving digital and experimental resources. Tribology has always been at the heart of our activities, and it is this expertise that we place at your service.  <\/p>\t\t\t\t\t\t\t\t<\/div>\n\t\t\t\t<\/div>\n\t\t\t\t<div class=\"elementor-element elementor-element-802e1f5 elementor-widget__width-initial elementor-widget-tablet__width-inherit elementor-widget elementor-widget-image\" data-id=\"802e1f5\" data-element_type=\"widget\" data-widget_type=\"image.default\">\n\t\t\t\t\t\t\t\t\t\t\t\t\t\t\t<img loading=\"lazy\" decoding=\"async\" width=\"800\" height=\"266\" src=\"https:\/\/hef.com.br\/sitehef\/wp-content\/uploads\/2025\/10\/IMG_5204-062d56f7-1024x341-1.webp\" class=\"attachment-large size-large wp-image-12887\" alt=\"\" srcset=\"https:\/\/hef.com.br\/sitehef\/wp-content\/uploads\/2025\/10\/IMG_5204-062d56f7-1024x341-1.webp 1024w, https:\/\/hef.com.br\/sitehef\/wp-content\/uploads\/2025\/10\/IMG_5204-062d56f7-1024x341-1-300x100.webp 300w, https:\/\/hef.com.br\/sitehef\/wp-content\/uploads\/2025\/10\/IMG_5204-062d56f7-1024x341-1-768x256.webp 768w\" sizes=\"(max-width: 800px) 100vw, 800px\" \/>\t\t\t\t\t\t\t\t\t\t\t\t\t\t\t<\/div>\n\t\t\t\t<\/div>\n\t\t\t\t\t<\/div>\n\t\t\t\t<\/div>\n\t\t\t\t<\/div>\n\t\t\t\t<\/div>\n\t\t","protected":false},"excerpt":{"rendered":"<p>Tribology is the science that studies the phenomena that occur when two materials are in contact. In particular, tribology studies the friction and wear mechanisms in the presence or absence of lubrication. With regard to fields of application, it is impossible to provide a comprehensive list. The areas potentially impacted by tribology are vast in [&hellip;]<\/p>\n","protected":false},"author":1,"featured_media":0,"parent":0,"menu_order":0,"comment_status":"closed","ping_status":"closed","template":"","meta":{"_acf_changed":false,"footnotes":""},"class_list":["post-14064","page","type-page","status-publish","hentry"],"acf":[],"yoast_head":"<!-- This site is optimized with the Yoast SEO plugin v25.5 - https:\/\/yoast.com\/wordpress\/plugins\/seo\/ -->\n<title>Comunica HEF - HEF<\/title>\n<meta name=\"robots\" content=\"index, follow, max-snippet:-1, max-image-preview:large, max-video-preview:-1\" \/>\n<link rel=\"canonical\" href=\"https:\/\/hef.com.br\/sitehef\/en\/comunica-hef-2\/\" \/>\n<meta property=\"og:locale\" content=\"en_US\" \/>\n<meta property=\"og:type\" content=\"article\" \/>\n<meta property=\"og:title\" content=\"Comunica HEF - HEF\" \/>\n<meta property=\"og:description\" content=\"Tribology is the science that studies the phenomena that occur when two materials are in contact. In particular, tribology studies the friction and wear mechanisms in the presence or absence of lubrication. With regard to fields of application, it is impossible to provide a comprehensive list. The areas potentially impacted by tribology are vast in [&hellip;]\" \/>\n<meta property=\"og:url\" content=\"https:\/\/hef.com.br\/sitehef\/en\/comunica-hef-2\/\" \/>\n<meta property=\"og:site_name\" content=\"HEF\" \/>\n<meta property=\"article:modified_time\" content=\"2025-10-21T17:48:49+00:00\" \/>\n<meta property=\"og:image\" content=\"https:\/\/hef.com.br\/sitehef\/wp-content\/uploads\/2025\/10\/bg-hero-tribology.webp\" \/>\n\t<meta property=\"og:image:width\" content=\"1600\" \/>\n\t<meta property=\"og:image:height\" content=\"1067\" \/>\n\t<meta property=\"og:image:type\" content=\"image\/webp\" \/>\n<meta name=\"twitter:card\" content=\"summary_large_image\" \/>\n<meta name=\"twitter:label1\" content=\"Est. reading time\" \/>\n\t<meta name=\"twitter:data1\" content=\"4 minutes\" \/>\n<script type=\"application\/ld+json\" class=\"yoast-schema-graph\">{\"@context\":\"https:\/\/schema.org\",\"@graph\":[{\"@type\":\"WebPage\",\"@id\":\"https:\/\/hef.com.br\/sitehef\/en\/comunica-hef-2\/\",\"url\":\"https:\/\/hef.com.br\/sitehef\/en\/comunica-hef-2\/\",\"name\":\"Comunica HEF - HEF\",\"isPartOf\":{\"@id\":\"https:\/\/hef.com.br\/sitehef\/en\/#website\"},\"primaryImageOfPage\":{\"@id\":\"https:\/\/hef.com.br\/sitehef\/en\/comunica-hef-2\/#primaryimage\"},\"image\":{\"@id\":\"https:\/\/hef.com.br\/sitehef\/en\/comunica-hef-2\/#primaryimage\"},\"thumbnailUrl\":\"https:\/\/hef.com.br\/sitehef\/wp-content\/uploads\/2025\/10\/bg-hero-tribology-1024x683.webp\",\"datePublished\":\"2025-10-15T21:22:52+00:00\",\"dateModified\":\"2025-10-21T17:48:49+00:00\",\"breadcrumb\":{\"@id\":\"https:\/\/hef.com.br\/sitehef\/en\/comunica-hef-2\/#breadcrumb\"},\"inLanguage\":\"en-US\",\"potentialAction\":[{\"@type\":\"ReadAction\",\"target\":[\"https:\/\/hef.com.br\/sitehef\/en\/comunica-hef-2\/\"]}]},{\"@type\":\"ImageObject\",\"inLanguage\":\"en-US\",\"@id\":\"https:\/\/hef.com.br\/sitehef\/en\/comunica-hef-2\/#primaryimage\",\"url\":\"https:\/\/hef.com.br\/sitehef\/wp-content\/uploads\/2025\/10\/bg-hero-tribology-1024x683.webp\",\"contentUrl\":\"https:\/\/hef.com.br\/sitehef\/wp-content\/uploads\/2025\/10\/bg-hero-tribology-1024x683.webp\"},{\"@type\":\"BreadcrumbList\",\"@id\":\"https:\/\/hef.com.br\/sitehef\/en\/comunica-hef-2\/#breadcrumb\",\"itemListElement\":[{\"@type\":\"ListItem\",\"position\":1,\"name\":\"Home\",\"item\":\"https:\/\/hef.com.br\/sitehef\/en\/home\/\"},{\"@type\":\"ListItem\",\"position\":2,\"name\":\"Comunica HEF\"}]},{\"@type\":\"WebSite\",\"@id\":\"https:\/\/hef.com.br\/sitehef\/en\/#website\",\"url\":\"https:\/\/hef.com.br\/sitehef\/en\/\",\"name\":\"HEF Groupe\",\"description\":\"Leader Mondial en ing\u00e9n\u00e9rie des mat\u00e9riaux de surfaces\",\"publisher\":{\"@id\":\"https:\/\/hef.com.br\/sitehef\/en\/#organization\"},\"potentialAction\":[{\"@type\":\"SearchAction\",\"target\":{\"@type\":\"EntryPoint\",\"urlTemplate\":\"https:\/\/hef.com.br\/sitehef\/en\/?s={search_term_string}\"},\"query-input\":{\"@type\":\"PropertyValueSpecification\",\"valueRequired\":true,\"valueName\":\"search_term_string\"}}],\"inLanguage\":\"en-US\"},{\"@type\":\"Organization\",\"@id\":\"https:\/\/hef.com.br\/sitehef\/en\/#organization\",\"name\":\"HEF Groupe\",\"url\":\"https:\/\/hef.com.br\/sitehef\/en\/\",\"logo\":{\"@type\":\"ImageObject\",\"inLanguage\":\"en-US\",\"@id\":\"https:\/\/hef.com.br\/sitehef\/en\/#\/schema\/logo\/image\/\",\"url\":\"https:\/\/hef.com.br\/sitehef\/wp-content\/uploads\/2025\/12\/cropped-HEF_GROUPE_BRASIL_FINAL-01.png\",\"contentUrl\":\"https:\/\/hef.com.br\/sitehef\/wp-content\/uploads\/2025\/12\/cropped-HEF_GROUPE_BRASIL_FINAL-01.png\",\"width\":708,\"height\":304,\"caption\":\"HEF Groupe\"},\"image\":{\"@id\":\"https:\/\/hef.com.br\/sitehef\/en\/#\/schema\/logo\/image\/\"}}]}<\/script>\n<!-- \/ Yoast SEO plugin. -->","yoast_head_json":{"title":"Comunica HEF - HEF","robots":{"index":"index","follow":"follow","max-snippet":"max-snippet:-1","max-image-preview":"max-image-preview:large","max-video-preview":"max-video-preview:-1"},"canonical":"https:\/\/hef.com.br\/sitehef\/en\/comunica-hef-2\/","og_locale":"en_US","og_type":"article","og_title":"Comunica HEF - HEF","og_description":"Tribology is the science that studies the phenomena that occur when two materials are in contact. In particular, tribology studies the friction and wear mechanisms in the presence or absence of lubrication. With regard to fields of application, it is impossible to provide a comprehensive list. The areas potentially impacted by tribology are vast in [&hellip;]","og_url":"https:\/\/hef.com.br\/sitehef\/en\/comunica-hef-2\/","og_site_name":"HEF","article_modified_time":"2025-10-21T17:48:49+00:00","og_image":[{"width":1600,"height":1067,"url":"https:\/\/hef.com.br\/sitehef\/wp-content\/uploads\/2025\/10\/bg-hero-tribology.webp","type":"image\/webp"}],"twitter_card":"summary_large_image","twitter_misc":{"Est. reading time":"4 minutes"},"schema":{"@context":"https:\/\/schema.org","@graph":[{"@type":"WebPage","@id":"https:\/\/hef.com.br\/sitehef\/en\/comunica-hef-2\/","url":"https:\/\/hef.com.br\/sitehef\/en\/comunica-hef-2\/","name":"Comunica HEF - HEF","isPartOf":{"@id":"https:\/\/hef.com.br\/sitehef\/en\/#website"},"primaryImageOfPage":{"@id":"https:\/\/hef.com.br\/sitehef\/en\/comunica-hef-2\/#primaryimage"},"image":{"@id":"https:\/\/hef.com.br\/sitehef\/en\/comunica-hef-2\/#primaryimage"},"thumbnailUrl":"https:\/\/hef.com.br\/sitehef\/wp-content\/uploads\/2025\/10\/bg-hero-tribology-1024x683.webp","datePublished":"2025-10-15T21:22:52+00:00","dateModified":"2025-10-21T17:48:49+00:00","breadcrumb":{"@id":"https:\/\/hef.com.br\/sitehef\/en\/comunica-hef-2\/#breadcrumb"},"inLanguage":"en-US","potentialAction":[{"@type":"ReadAction","target":["https:\/\/hef.com.br\/sitehef\/en\/comunica-hef-2\/"]}]},{"@type":"ImageObject","inLanguage":"en-US","@id":"https:\/\/hef.com.br\/sitehef\/en\/comunica-hef-2\/#primaryimage","url":"https:\/\/hef.com.br\/sitehef\/wp-content\/uploads\/2025\/10\/bg-hero-tribology-1024x683.webp","contentUrl":"https:\/\/hef.com.br\/sitehef\/wp-content\/uploads\/2025\/10\/bg-hero-tribology-1024x683.webp"},{"@type":"BreadcrumbList","@id":"https:\/\/hef.com.br\/sitehef\/en\/comunica-hef-2\/#breadcrumb","itemListElement":[{"@type":"ListItem","position":1,"name":"Home","item":"https:\/\/hef.com.br\/sitehef\/en\/home\/"},{"@type":"ListItem","position":2,"name":"Comunica HEF"}]},{"@type":"WebSite","@id":"https:\/\/hef.com.br\/sitehef\/en\/#website","url":"https:\/\/hef.com.br\/sitehef\/en\/","name":"HEF Groupe","description":"Leader Mondial en ing\u00e9n\u00e9rie des mat\u00e9riaux de surfaces","publisher":{"@id":"https:\/\/hef.com.br\/sitehef\/en\/#organization"},"potentialAction":[{"@type":"SearchAction","target":{"@type":"EntryPoint","urlTemplate":"https:\/\/hef.com.br\/sitehef\/en\/?s={search_term_string}"},"query-input":{"@type":"PropertyValueSpecification","valueRequired":true,"valueName":"search_term_string"}}],"inLanguage":"en-US"},{"@type":"Organization","@id":"https:\/\/hef.com.br\/sitehef\/en\/#organization","name":"HEF Groupe","url":"https:\/\/hef.com.br\/sitehef\/en\/","logo":{"@type":"ImageObject","inLanguage":"en-US","@id":"https:\/\/hef.com.br\/sitehef\/en\/#\/schema\/logo\/image\/","url":"https:\/\/hef.com.br\/sitehef\/wp-content\/uploads\/2025\/12\/cropped-HEF_GROUPE_BRASIL_FINAL-01.png","contentUrl":"https:\/\/hef.com.br\/sitehef\/wp-content\/uploads\/2025\/12\/cropped-HEF_GROUPE_BRASIL_FINAL-01.png","width":708,"height":304,"caption":"HEF Groupe"},"image":{"@id":"https:\/\/hef.com.br\/sitehef\/en\/#\/schema\/logo\/image\/"}}]}},"_links":{"self":[{"href":"https:\/\/hef.com.br\/sitehef\/en\/wp-json\/wp\/v2\/pages\/14064","targetHints":{"allow":["GET"]}}],"collection":[{"href":"https:\/\/hef.com.br\/sitehef\/en\/wp-json\/wp\/v2\/pages"}],"about":[{"href":"https:\/\/hef.com.br\/sitehef\/en\/wp-json\/wp\/v2\/types\/page"}],"author":[{"embeddable":true,"href":"https:\/\/hef.com.br\/sitehef\/en\/wp-json\/wp\/v2\/users\/1"}],"replies":[{"embeddable":true,"href":"https:\/\/hef.com.br\/sitehef\/en\/wp-json\/wp\/v2\/comments?post=14064"}],"version-history":[{"count":1,"href":"https:\/\/hef.com.br\/sitehef\/en\/wp-json\/wp\/v2\/pages\/14064\/revisions"}],"predecessor-version":[{"id":14065,"href":"https:\/\/hef.com.br\/sitehef\/en\/wp-json\/wp\/v2\/pages\/14064\/revisions\/14065"}],"wp:attachment":[{"href":"https:\/\/hef.com.br\/sitehef\/en\/wp-json\/wp\/v2\/media?parent=14064"}],"curies":[{"name":"wp","href":"https:\/\/api.w.org\/{rel}","templated":true}]}}