{"id":14103,"date":"2025-10-15T23:00:34","date_gmt":"2025-10-15T21:00:34","guid":{"rendered":"https:\/\/hef.com.br\/sitehef\/ts-casemiro-de-abreu\/"},"modified":"2025-12-09T19:58:39","modified_gmt":"2025-12-09T18:58:39","slug":"ts-casemiro-de-abreu","status":"publish","type":"page","link":"https:\/\/hef.com.br\/sitehef\/en\/ts-casemiro-de-abreu\/","title":{"rendered":"TS Casemiro de Abreu"},"content":{"rendered":"\t\t<div data-elementor-type=\"wp-page\" data-elementor-id=\"14103\" class=\"elementor elementor-14103 elementor-13912\" data-elementor-post-type=\"page\">\n\t\t\t\t<div class=\"elementor-element elementor-element-7931e33 e-con-full e-flex e-con e-parent\" data-id=\"7931e33\" data-element_type=\"container\" data-settings=\"{&quot;background_background&quot;:&quot;gradient&quot;}\">\n\t\t<div class=\"elementor-element elementor-element-45e8298 e-flex e-con-boxed e-con e-child\" data-id=\"45e8298\" data-element_type=\"container\">\n\t\t\t\t\t<div class=\"e-con-inner\">\n\t\t\t\t<div class=\"elementor-element elementor-element-6e699a6 elementor-align-left elementor-hidden-tablet elementor-hidden-mobile elementor-widget elementor-widget-breadcrumbs\" data-id=\"6e699a6\" data-element_type=\"widget\" data-widget_type=\"breadcrumbs.default\">\n\t\t\t\t\t<p id=\"breadcrumbs\"><span><span><a href=\"https:\/\/hef.com.br\/sitehef\/en\/home\/\">Home<\/a><\/span><\/span><\/p>\t\t\t\t<\/div>\n\t\t\t\t<div class=\"elementor-element elementor-element-64cda81 elementor-widget elementor-widget-spacer\" data-id=\"64cda81\" data-element_type=\"widget\" data-widget_type=\"spacer.default\">\n\t\t\t\t\t\t\t<div class=\"elementor-spacer\">\n\t\t\t<div class=\"elementor-spacer-inner\"><\/div>\n\t\t<\/div>\n\t\t\t\t\t\t<\/div>\n\t\t\t\t<div class=\"elementor-element elementor-element-35502f5 elementor-widget__width-initial animated-slow elementor-invisible elementor-widget elementor-widget-heading\" data-id=\"35502f5\" data-element_type=\"widget\" data-settings=\"{&quot;_animation&quot;:&quot;fadeIn&quot;}\" data-widget_type=\"heading.default\">\n\t\t\t\t\t<h1 class=\"elementor-heading-title elementor-size-default\">TS Casemiro de Abreu<\/h1>\t\t\t\t<\/div>\n\t\t\t\t\t<\/div>\n\t\t\t\t<\/div>\n\t\t\t\t<div class=\"elementor-element elementor-element-2bdcf6e elementor-widget__width-inherit elementor-widget-tablet__width-initial elementor-widget elementor-widget-image\" data-id=\"2bdcf6e\" data-element_type=\"widget\" data-widget_type=\"image.default\">\n\t\t\t\t\t\t\t\t\t\t\t\t\t\t\t<img fetchpriority=\"high\" decoding=\"async\" width=\"800\" height=\"442\" src=\"https:\/\/hef.com.br\/sitehef\/wp-content\/uploads\/2025\/12\/AdobeStock_856173186-1024x566.jpeg\" class=\"attachment-large size-large wp-image-14454\" alt=\"\" srcset=\"https:\/\/hef.com.br\/sitehef\/wp-content\/uploads\/2025\/12\/AdobeStock_856173186-1024x566.jpeg 1024w, https:\/\/hef.com.br\/sitehef\/wp-content\/uploads\/2025\/12\/AdobeStock_856173186-300x166.jpeg 300w, https:\/\/hef.com.br\/sitehef\/wp-content\/uploads\/2025\/12\/AdobeStock_856173186-768x424.jpeg 768w, https:\/\/hef.com.br\/sitehef\/wp-content\/uploads\/2025\/12\/AdobeStock_856173186-1536x849.jpeg 1536w, https:\/\/hef.com.br\/sitehef\/wp-content\/uploads\/2025\/12\/AdobeStock_856173186.jpeg 1920w\" sizes=\"(max-width: 800px) 100vw, 800px\" \/>\t\t\t\t\t\t\t\t\t\t\t\t\t\t\t<\/div>\n\t\t\t\t<\/div>\n\t\t<div class=\"elementor-element elementor-element-f11ae73 e-con-full e-flex e-con e-parent\" data-id=\"f11ae73\" data-element_type=\"container\" data-settings=\"{&quot;background_background&quot;:&quot;classic&quot;}\">\n\t\t<div class=\"elementor-element elementor-element-eb67523 e-flex e-con-boxed e-con e-child\" data-id=\"eb67523\" data-element_type=\"container\">\n\t\t\t\t\t<div class=\"e-con-inner\">\n\t\t<div class=\"elementor-element elementor-element-0554375 e-con-full e-flex e-con e-child\" data-id=\"0554375\" data-element_type=\"container\">\n\t\t\t\t<div class=\"elementor-element elementor-element-1cc6346 animated-slow elementor-invisible elementor-widget elementor-widget-heading\" data-id=\"1cc6346\" data-element_type=\"widget\" data-settings=\"{&quot;_animation&quot;:&quot;fadeIn&quot;}\" data-widget_type=\"heading.default\">\n\t\t\t\t\t<h2 class=\"elementor-heading-title elementor-size-default\">Discover our unit:<\/h2>\t\t\t\t<\/div>\n\t\t\t\t<div class=\"elementor-element elementor-element-b869669 elementor-widget elementor-widget-spacer\" data-id=\"b869669\" data-element_type=\"widget\" data-widget_type=\"spacer.default\">\n\t\t\t\t\t\t\t<div class=\"elementor-spacer\">\n\t\t\t<div class=\"elementor-spacer-inner\"><\/div>\n\t\t<\/div>\n\t\t\t\t\t\t<\/div>\n\t\t\t\t<div class=\"elementor-element elementor-element-85a9b32 animated-slow elementor-invisible elementor-widget elementor-widget-text-editor\" data-id=\"85a9b32\" data-element_type=\"widget\" data-settings=\"{&quot;_animation&quot;:&quot;fadeIn&quot;}\" data-widget_type=\"text-editor.default\">\n\t\t\t\t\t\t\t\t\t<p>TS Casimiro de Abreu is a specialized unit in heat treatments, focusing on outstanding technical painting solutions primarily for the oil and gas sector. Designed to meet the rigorous demands of this market, the unit combines advanced technology, strict process control, and a high standard of operational safety. <\/p>\t\t\t\t\t\t\t\t<\/div>\n\t\t\t\t<\/div>\n\t\t\t\t<div class=\"elementor-element elementor-element-26a2a8a elementor-widget__width-initial elementor-widget-tablet__width-inherit animated-slow elementor-invisible elementor-widget elementor-widget-image\" data-id=\"26a2a8a\" data-element_type=\"widget\" data-settings=\"{&quot;_animation&quot;:&quot;fadeIn&quot;}\" data-widget_type=\"image.default\">\n\t\t\t\t\t\t\t\t\t\t\t\t\t\t\t<img decoding=\"async\" width=\"800\" height=\"600\" src=\"https:\/\/hef.com.br\/sitehef\/wp-content\/uploads\/2025\/12\/IMG_5003-2-1024x768.jpeg\" class=\"attachment-large size-large wp-image-14427\" alt=\"\" srcset=\"https:\/\/hef.com.br\/sitehef\/wp-content\/uploads\/2025\/12\/IMG_5003-2-1024x768.jpeg 1024w, https:\/\/hef.com.br\/sitehef\/wp-content\/uploads\/2025\/12\/IMG_5003-2-300x225.jpeg 300w, https:\/\/hef.com.br\/sitehef\/wp-content\/uploads\/2025\/12\/IMG_5003-2-768x576.jpeg 768w, https:\/\/hef.com.br\/sitehef\/wp-content\/uploads\/2025\/12\/IMG_5003-2-1536x1152.jpeg 1536w, https:\/\/hef.com.br\/sitehef\/wp-content\/uploads\/2025\/12\/IMG_5003-2.jpeg 1920w\" sizes=\"(max-width: 800px) 100vw, 800px\" \/>\t\t\t\t\t\t\t\t\t\t\t\t\t\t\t<\/div>\n\t\t\t\t\t<\/div>\n\t\t\t\t<\/div>\n\t\t<div class=\"elementor-element elementor-element-83388e7 e-flex e-con-boxed e-con e-child\" data-id=\"83388e7\" data-element_type=\"container\" data-settings=\"{&quot;background_background&quot;:&quot;classic&quot;}\">\n\t\t\t\t\t<div class=\"e-con-inner\">\n\t\t\t\t<div class=\"elementor-element elementor-element-0558abf elementor-widget__width-initial elementor-widget-mobile__width-initial animated-slow elementor-invisible elementor-widget elementor-widget-video\" data-id=\"0558abf\" data-element_type=\"widget\" data-settings=\"{&quot;video_type&quot;:&quot;hosted&quot;,&quot;_animation&quot;:&quot;fadeIn&quot;,&quot;controls&quot;:&quot;yes&quot;}\" data-widget_type=\"video.default\">\n\t\t\t\t\t\t\t<div class=\"e-hosted-video elementor-wrapper elementor-open-inline\">\n\t\t\t\t\t<video class=\"elementor-video\" src=\"https:\/\/hef.com.br\/sitehef\/wp-content\/uploads\/2025\/12\/IMG_5041-1.mp4\" controls=\"\" preload=\"metadata\" controlsList=\"nodownload\"><\/video>\n\t\t\t\t<\/div>\n\t\t\t\t\t\t<\/div>\n\t\t<div class=\"elementor-element elementor-element-2102c28 e-con-full e-flex e-con e-child\" data-id=\"2102c28\" data-element_type=\"container\">\n\t\t\t\t<div class=\"elementor-element elementor-element-d416d4e animated-slow elementor-invisible elementor-widget elementor-widget-heading\" data-id=\"d416d4e\" data-element_type=\"widget\" data-settings=\"{&quot;_animation&quot;:&quot;fadeIn&quot;}\" data-widget_type=\"heading.default\">\n\t\t\t\t\t<h2 class=\"elementor-heading-title elementor-size-default\">The only structure of the Casimiro de Abreu TS:<\/h2>\t\t\t\t<\/div>\n\t\t\t\t<div class=\"elementor-element elementor-element-8ba3432 animated-slow elementor-invisible elementor-widget elementor-widget-text-editor\" data-id=\"8ba3432\" data-element_type=\"widget\" data-settings=\"{&quot;_animation&quot;:&quot;fadeIn&quot;}\" data-widget_type=\"text-editor.default\">\n\t\t\t\t\t\t\t\t\t<p data-start=\"420\" data-end=\"784\">The structure of the TS Casimiro de Abreu platform was designed based on exclusive technologies developed by the HEF Group, a global leader in surface engineering. These resources allow for the application of highly resistant coatings, capable of withstanding extreme conditions of corrosion, abrasion, and thermal variations present in offshore and industrial environments. <\/p><p data-start=\"420\" data-end=\"784\"> <\/p><p data-start=\"786\" data-end=\"1125\">With a complete infrastructure prepared to serve clients of all sizes, the unit guarantees reliability, precision, and repeatability at every stage of the process. Our commitment is to ensure that all treated materials exhibit greater durability, superior performance, and a significantly extended lifespan. <\/p>\t\t\t\t\t\t\t\t<\/div>\n\t\t\t\t<\/div>\n\t\t\t\t\t<\/div>\n\t\t\t\t<\/div>\n\t\t<div class=\"elementor-element elementor-element-9ba81a8 e-flex e-con-boxed e-con e-child\" data-id=\"9ba81a8\" data-element_type=\"container\">\n\t\t\t\t\t<div class=\"e-con-inner\">\n\t\t<div class=\"elementor-element elementor-element-9e24a04 e-con-full e-flex e-con e-child\" data-id=\"9e24a04\" data-element_type=\"container\">\n\t\t\t\t<div class=\"elementor-element elementor-element-64dc18c animated-slow elementor-invisible elementor-widget elementor-widget-heading\" data-id=\"64dc18c\" data-element_type=\"widget\" data-settings=\"{&quot;_animation&quot;:&quot;fadeIn&quot;}\" data-widget_type=\"heading.default\">\n\t\t\t\t\t<h2 class=\"elementor-heading-title elementor-size-default\">Contact us:<\/h2>\t\t\t\t<\/div>\n\t\t\t\t<div class=\"elementor-element elementor-element-650d311 elementor-widget elementor-widget-spacer\" data-id=\"650d311\" data-element_type=\"widget\" data-widget_type=\"spacer.default\">\n\t\t\t\t\t\t\t<div class=\"elementor-spacer\">\n\t\t\t<div class=\"elementor-spacer-inner\"><\/div>\n\t\t<\/div>\n\t\t\t\t\t\t<\/div>\n\t\t\t\t<div class=\"elementor-element elementor-element-72f5752 animated-slow elementor-invisible elementor-widget elementor-widget-text-editor\" data-id=\"72f5752\" data-element_type=\"widget\" data-settings=\"{&quot;_animation&quot;:&quot;fadeIn&quot;}\" data-widget_type=\"text-editor.default\">\n\t\t\t\t\t\t\t\t\t<p>A TS Casimiro de Abreu se consolida como um centro de excel\u00eancia em tratamentos t\u00e9rmicos e pintura t\u00e9cnica, oferecendo solu\u00e7\u00f5es seguras, eficientes e alinhadas \u00e0s necessidades espec\u00edficas do mercado de \u00f3leo e g\u00e1s \u2014 sempre com a qualidade e a inova\u00e7\u00e3o que caracterizam o Grupo HEF.<\/p>\t\t\t\t\t\t\t\t<\/div>\n\t\t\t\t<div class=\"elementor-element elementor-element-d2b7b6f animated-slow elementor-invisible elementor-widget elementor-widget-button\" data-id=\"d2b7b6f\" data-element_type=\"widget\" data-settings=\"{&quot;_animation&quot;:&quot;fadeIn&quot;}\" data-widget_type=\"button.default\">\n\t\t\t\t\t\t\t\t\t\t<a class=\"elementor-button elementor-button-link elementor-size-sm\" href=\"#\">\n\t\t\t\t\t\t<span class=\"elementor-button-content-wrapper\">\n\t\t\t\t\t\t\t\t\t<span class=\"elementor-button-text\">Talk to our experts<\/span>\n\t\t\t\t\t<\/span>\n\t\t\t\t\t<\/a>\n\t\t\t\t\t\t\t\t<\/div>\n\t\t\t\t<\/div>\n\t\t\t\t<div class=\"elementor-element elementor-element-da36e0f elementor-widget__width-initial elementor-widget-tablet__width-inherit animated-slow elementor-invisible elementor-widget elementor-widget-image\" data-id=\"da36e0f\" data-element_type=\"widget\" data-settings=\"{&quot;_animation&quot;:&quot;fadeIn&quot;}\" data-widget_type=\"image.default\">\n\t\t\t\t\t\t\t\t\t\t\t\t\t\t\t<img decoding=\"async\" width=\"800\" height=\"448\" src=\"https:\/\/hef.com.br\/sitehef\/wp-content\/uploads\/2025\/12\/AdobeStock_699463234-1024x574.jpeg\" class=\"attachment-large size-large wp-image-14439\" alt=\"\" srcset=\"https:\/\/hef.com.br\/sitehef\/wp-content\/uploads\/2025\/12\/AdobeStock_699463234-1024x574.jpeg 1024w, https:\/\/hef.com.br\/sitehef\/wp-content\/uploads\/2025\/12\/AdobeStock_699463234-300x168.jpeg 300w, https:\/\/hef.com.br\/sitehef\/wp-content\/uploads\/2025\/12\/AdobeStock_699463234-768x430.jpeg 768w, https:\/\/hef.com.br\/sitehef\/wp-content\/uploads\/2025\/12\/AdobeStock_699463234-1536x861.jpeg 1536w, https:\/\/hef.com.br\/sitehef\/wp-content\/uploads\/2025\/12\/AdobeStock_699463234.jpeg 1920w\" sizes=\"(max-width: 800px) 100vw, 800px\" \/>\t\t\t\t\t\t\t\t\t\t\t\t\t\t\t<\/div>\n\t\t\t\t\t<\/div>\n\t\t\t\t<\/div>\n\t\t\t\t<\/div>\n\t\t\t\t<\/div>\n\t\t","protected":false},"excerpt":{"rendered":"<p>Discover our unit: TS Casimiro de Abreu is a specialized unit in heat treatments, focusing on outstanding technical painting solutions primarily for the oil and gas sector. Designed to meet the rigorous demands of this market, the unit combines advanced technology, strict process control, and a high standard of operational safety. https:\/\/hef.com.br\/sitehef\/wp-content\/uploads\/2025\/12\/IMG_5041-1.mp4 The only structure [&hellip;]<\/p>\n","protected":false},"author":1,"featured_media":0,"parent":0,"menu_order":0,"comment_status":"closed","ping_status":"closed","template":"elementor_header_footer","meta":{"_acf_changed":false,"footnotes":""},"class_list":["post-14103","page","type-page","status-publish","hentry"],"acf":[],"yoast_head":"<!-- This site is optimized with the Yoast SEO plugin v25.5 - https:\/\/yoast.com\/wordpress\/plugins\/seo\/ -->\n<title>TS Casemiro de Abreu - HEF<\/title>\n<meta name=\"robots\" content=\"index, follow, max-snippet:-1, max-image-preview:large, max-video-preview:-1\" \/>\n<link rel=\"canonical\" href=\"https:\/\/hef.com.br\/sitehef\/en\/ts-casemiro-de-abreu\/\" \/>\n<meta property=\"og:locale\" content=\"en_US\" \/>\n<meta property=\"og:type\" content=\"article\" \/>\n<meta property=\"og:title\" content=\"TS Casemiro de Abreu - HEF\" \/>\n<meta property=\"og:description\" content=\"Discover our unit: TS Casimiro de Abreu is a specialized unit in heat treatments, focusing on outstanding technical painting solutions primarily for the oil and gas sector. Designed to meet the rigorous demands of this market, the unit combines advanced technology, strict process control, and a high standard of operational safety. https:\/\/hef.com.br\/sitehef\/wp-content\/uploads\/2025\/12\/IMG_5041-1.mp4 The only structure [&hellip;]\" \/>\n<meta property=\"og:url\" content=\"https:\/\/hef.com.br\/sitehef\/en\/ts-casemiro-de-abreu\/\" \/>\n<meta property=\"og:site_name\" content=\"HEF\" \/>\n<meta property=\"article:modified_time\" content=\"2025-12-09T18:58:39+00:00\" \/>\n<meta property=\"og:image\" content=\"https:\/\/hef.com.br\/sitehef\/wp-content\/uploads\/2025\/12\/AdobeStock_856173186.jpeg\" \/>\n\t<meta property=\"og:image:width\" content=\"1920\" \/>\n\t<meta property=\"og:image:height\" content=\"1061\" \/>\n\t<meta property=\"og:image:type\" content=\"image\/jpeg\" \/>\n<meta name=\"twitter:card\" content=\"summary_large_image\" \/>\n<meta name=\"twitter:label1\" content=\"Est. reading time\" \/>\n\t<meta name=\"twitter:data1\" content=\"1 minute\" \/>\n<script type=\"application\/ld+json\" class=\"yoast-schema-graph\">{\"@context\":\"https:\/\/schema.org\",\"@graph\":[{\"@type\":\"WebPage\",\"@id\":\"https:\/\/hef.com.br\/sitehef\/en\/ts-casemiro-de-abreu\/\",\"url\":\"https:\/\/hef.com.br\/sitehef\/en\/ts-casemiro-de-abreu\/\",\"name\":\"TS Casemiro de Abreu - HEF\",\"isPartOf\":{\"@id\":\"https:\/\/hef.com.br\/sitehef\/en\/#website\"},\"primaryImageOfPage\":{\"@id\":\"https:\/\/hef.com.br\/sitehef\/en\/ts-casemiro-de-abreu\/#primaryimage\"},\"image\":{\"@id\":\"https:\/\/hef.com.br\/sitehef\/en\/ts-casemiro-de-abreu\/#primaryimage\"},\"thumbnailUrl\":\"https:\/\/hef.com.br\/sitehef\/wp-content\/uploads\/2025\/12\/AdobeStock_856173186-1024x566.jpeg\",\"datePublished\":\"2025-10-15T21:00:34+00:00\",\"dateModified\":\"2025-12-09T18:58:39+00:00\",\"breadcrumb\":{\"@id\":\"https:\/\/hef.com.br\/sitehef\/en\/ts-casemiro-de-abreu\/#breadcrumb\"},\"inLanguage\":\"en-US\",\"potentialAction\":[{\"@type\":\"ReadAction\",\"target\":[\"https:\/\/hef.com.br\/sitehef\/en\/ts-casemiro-de-abreu\/\"]}]},{\"@type\":\"ImageObject\",\"inLanguage\":\"en-US\",\"@id\":\"https:\/\/hef.com.br\/sitehef\/en\/ts-casemiro-de-abreu\/#primaryimage\",\"url\":\"https:\/\/hef.com.br\/sitehef\/wp-content\/uploads\/2025\/12\/AdobeStock_856173186-1024x566.jpeg\",\"contentUrl\":\"https:\/\/hef.com.br\/sitehef\/wp-content\/uploads\/2025\/12\/AdobeStock_856173186-1024x566.jpeg\"},{\"@type\":\"BreadcrumbList\",\"@id\":\"https:\/\/hef.com.br\/sitehef\/en\/ts-casemiro-de-abreu\/#breadcrumb\",\"itemListElement\":[{\"@type\":\"ListItem\",\"position\":1,\"name\":\"Home\",\"item\":\"https:\/\/hef.com.br\/sitehef\/en\/home\/\"},{\"@type\":\"ListItem\",\"position\":2,\"name\":\"TS Casemiro de Abreu\"}]},{\"@type\":\"WebSite\",\"@id\":\"https:\/\/hef.com.br\/sitehef\/en\/#website\",\"url\":\"https:\/\/hef.com.br\/sitehef\/en\/\",\"name\":\"HEF Groupe\",\"description\":\"Leader Mondial en ing\u00e9n\u00e9rie des mat\u00e9riaux de surfaces\",\"publisher\":{\"@id\":\"https:\/\/hef.com.br\/sitehef\/en\/#organization\"},\"potentialAction\":[{\"@type\":\"SearchAction\",\"target\":{\"@type\":\"EntryPoint\",\"urlTemplate\":\"https:\/\/hef.com.br\/sitehef\/en\/?s={search_term_string}\"},\"query-input\":{\"@type\":\"PropertyValueSpecification\",\"valueRequired\":true,\"valueName\":\"search_term_string\"}}],\"inLanguage\":\"en-US\"},{\"@type\":\"Organization\",\"@id\":\"https:\/\/hef.com.br\/sitehef\/en\/#organization\",\"name\":\"HEF Groupe\",\"url\":\"https:\/\/hef.com.br\/sitehef\/en\/\",\"logo\":{\"@type\":\"ImageObject\",\"inLanguage\":\"en-US\",\"@id\":\"https:\/\/hef.com.br\/sitehef\/en\/#\/schema\/logo\/image\/\",\"url\":\"https:\/\/hef.com.br\/sitehef\/wp-content\/uploads\/2025\/12\/cropped-HEF_GROUPE_BRASIL_FINAL-01.png\",\"contentUrl\":\"https:\/\/hef.com.br\/sitehef\/wp-content\/uploads\/2025\/12\/cropped-HEF_GROUPE_BRASIL_FINAL-01.png\",\"width\":708,\"height\":304,\"caption\":\"HEF Groupe\"},\"image\":{\"@id\":\"https:\/\/hef.com.br\/sitehef\/en\/#\/schema\/logo\/image\/\"}}]}<\/script>\n<!-- \/ Yoast SEO plugin. -->","yoast_head_json":{"title":"TS Casemiro de Abreu - HEF","robots":{"index":"index","follow":"follow","max-snippet":"max-snippet:-1","max-image-preview":"max-image-preview:large","max-video-preview":"max-video-preview:-1"},"canonical":"https:\/\/hef.com.br\/sitehef\/en\/ts-casemiro-de-abreu\/","og_locale":"en_US","og_type":"article","og_title":"TS Casemiro de Abreu - HEF","og_description":"Discover our unit: TS Casimiro de Abreu is a specialized unit in heat treatments, focusing on outstanding technical painting solutions primarily for the oil and gas sector. Designed to meet the rigorous demands of this market, the unit combines advanced technology, strict process control, and a high standard of operational safety. https:\/\/hef.com.br\/sitehef\/wp-content\/uploads\/2025\/12\/IMG_5041-1.mp4 The only structure [&hellip;]","og_url":"https:\/\/hef.com.br\/sitehef\/en\/ts-casemiro-de-abreu\/","og_site_name":"HEF","article_modified_time":"2025-12-09T18:58:39+00:00","og_image":[{"width":1920,"height":1061,"url":"https:\/\/hef.com.br\/sitehef\/wp-content\/uploads\/2025\/12\/AdobeStock_856173186.jpeg","type":"image\/jpeg"}],"twitter_card":"summary_large_image","twitter_misc":{"Est. reading time":"1 minute"},"schema":{"@context":"https:\/\/schema.org","@graph":[{"@type":"WebPage","@id":"https:\/\/hef.com.br\/sitehef\/en\/ts-casemiro-de-abreu\/","url":"https:\/\/hef.com.br\/sitehef\/en\/ts-casemiro-de-abreu\/","name":"TS Casemiro de Abreu - HEF","isPartOf":{"@id":"https:\/\/hef.com.br\/sitehef\/en\/#website"},"primaryImageOfPage":{"@id":"https:\/\/hef.com.br\/sitehef\/en\/ts-casemiro-de-abreu\/#primaryimage"},"image":{"@id":"https:\/\/hef.com.br\/sitehef\/en\/ts-casemiro-de-abreu\/#primaryimage"},"thumbnailUrl":"https:\/\/hef.com.br\/sitehef\/wp-content\/uploads\/2025\/12\/AdobeStock_856173186-1024x566.jpeg","datePublished":"2025-10-15T21:00:34+00:00","dateModified":"2025-12-09T18:58:39+00:00","breadcrumb":{"@id":"https:\/\/hef.com.br\/sitehef\/en\/ts-casemiro-de-abreu\/#breadcrumb"},"inLanguage":"en-US","potentialAction":[{"@type":"ReadAction","target":["https:\/\/hef.com.br\/sitehef\/en\/ts-casemiro-de-abreu\/"]}]},{"@type":"ImageObject","inLanguage":"en-US","@id":"https:\/\/hef.com.br\/sitehef\/en\/ts-casemiro-de-abreu\/#primaryimage","url":"https:\/\/hef.com.br\/sitehef\/wp-content\/uploads\/2025\/12\/AdobeStock_856173186-1024x566.jpeg","contentUrl":"https:\/\/hef.com.br\/sitehef\/wp-content\/uploads\/2025\/12\/AdobeStock_856173186-1024x566.jpeg"},{"@type":"BreadcrumbList","@id":"https:\/\/hef.com.br\/sitehef\/en\/ts-casemiro-de-abreu\/#breadcrumb","itemListElement":[{"@type":"ListItem","position":1,"name":"Home","item":"https:\/\/hef.com.br\/sitehef\/en\/home\/"},{"@type":"ListItem","position":2,"name":"TS Casemiro de Abreu"}]},{"@type":"WebSite","@id":"https:\/\/hef.com.br\/sitehef\/en\/#website","url":"https:\/\/hef.com.br\/sitehef\/en\/","name":"HEF Groupe","description":"Leader Mondial en ing\u00e9n\u00e9rie des mat\u00e9riaux de surfaces","publisher":{"@id":"https:\/\/hef.com.br\/sitehef\/en\/#organization"},"potentialAction":[{"@type":"SearchAction","target":{"@type":"EntryPoint","urlTemplate":"https:\/\/hef.com.br\/sitehef\/en\/?s={search_term_string}"},"query-input":{"@type":"PropertyValueSpecification","valueRequired":true,"valueName":"search_term_string"}}],"inLanguage":"en-US"},{"@type":"Organization","@id":"https:\/\/hef.com.br\/sitehef\/en\/#organization","name":"HEF Groupe","url":"https:\/\/hef.com.br\/sitehef\/en\/","logo":{"@type":"ImageObject","inLanguage":"en-US","@id":"https:\/\/hef.com.br\/sitehef\/en\/#\/schema\/logo\/image\/","url":"https:\/\/hef.com.br\/sitehef\/wp-content\/uploads\/2025\/12\/cropped-HEF_GROUPE_BRASIL_FINAL-01.png","contentUrl":"https:\/\/hef.com.br\/sitehef\/wp-content\/uploads\/2025\/12\/cropped-HEF_GROUPE_BRASIL_FINAL-01.png","width":708,"height":304,"caption":"HEF Groupe"},"image":{"@id":"https:\/\/hef.com.br\/sitehef\/en\/#\/schema\/logo\/image\/"}}]}},"_links":{"self":[{"href":"https:\/\/hef.com.br\/sitehef\/en\/wp-json\/wp\/v2\/pages\/14103","targetHints":{"allow":["GET"]}}],"collection":[{"href":"https:\/\/hef.com.br\/sitehef\/en\/wp-json\/wp\/v2\/pages"}],"about":[{"href":"https:\/\/hef.com.br\/sitehef\/en\/wp-json\/wp\/v2\/types\/page"}],"author":[{"embeddable":true,"href":"https:\/\/hef.com.br\/sitehef\/en\/wp-json\/wp\/v2\/users\/1"}],"replies":[{"embeddable":true,"href":"https:\/\/hef.com.br\/sitehef\/en\/wp-json\/wp\/v2\/comments?post=14103"}],"version-history":[{"count":5,"href":"https:\/\/hef.com.br\/sitehef\/en\/wp-json\/wp\/v2\/pages\/14103\/revisions"}],"predecessor-version":[{"id":15165,"href":"https:\/\/hef.com.br\/sitehef\/en\/wp-json\/wp\/v2\/pages\/14103\/revisions\/15165"}],"wp:attachment":[{"href":"https:\/\/hef.com.br\/sitehef\/en\/wp-json\/wp\/v2\/media?parent=14103"}],"curies":[{"name":"wp","href":"https:\/\/api.w.org\/{rel}","templated":true}]}}