{"id":14117,"date":"2025-10-15T23:04:44","date_gmt":"2025-10-15T21:04:44","guid":{"rendered":"https:\/\/hef.com.br\/sitehef\/key-indicators\/"},"modified":"2025-12-16T20:32:17","modified_gmt":"2025-12-16T19:32:17","slug":"key-indicators","status":"publish","type":"page","link":"https:\/\/hef.com.br\/sitehef\/en\/key-indicators\/","title":{"rendered":"Bushings"},"content":{"rendered":"\t\t<div data-elementor-type=\"wp-page\" data-elementor-id=\"14117\" class=\"elementor elementor-14117 elementor-13927\" data-elementor-post-type=\"page\">\n\t\t\t\t<div class=\"elementor-element elementor-element-4d214de5 e-con-full e-flex e-con e-parent\" data-id=\"4d214de5\" data-element_type=\"container\" data-settings=\"{&quot;background_background&quot;:&quot;gradient&quot;}\">\n\t\t<div class=\"elementor-element elementor-element-5451f229 e-flex e-con-boxed e-con e-child\" data-id=\"5451f229\" data-element_type=\"container\">\n\t\t\t\t\t<div class=\"e-con-inner\">\n\t\t\t\t<div class=\"elementor-element elementor-element-2a32f58c elementor-align-left elementor-hidden-tablet elementor-hidden-mobile elementor-widget elementor-widget-breadcrumbs\" data-id=\"2a32f58c\" data-element_type=\"widget\" data-widget_type=\"breadcrumbs.default\">\n\t\t\t\t\t<p id=\"breadcrumbs\"><span><span><a href=\"https:\/\/hef.com.br\/sitehef\/en\/home\/\">Home<\/a><\/span><\/span><\/p>\t\t\t\t<\/div>\n\t\t\t\t<div class=\"elementor-element elementor-element-21e83345 elementor-widget__width-inherit elementor-invisible elementor-widget elementor-widget-heading\" data-id=\"21e83345\" data-element_type=\"widget\" data-settings=\"{&quot;_animation&quot;:&quot;fadeIn&quot;}\" data-widget_type=\"heading.default\">\n\t\t\t\t\t<h1 class=\"elementor-heading-title elementor-size-default\">Bushings<\/h1>\t\t\t\t<\/div>\n\t\t\t\t\t<\/div>\n\t\t\t\t<\/div>\n\t\t\t\t<\/div>\n\t\t<div class=\"elementor-element elementor-element-30f9313e e-con-full e-flex e-con e-parent\" data-id=\"30f9313e\" data-element_type=\"container\" data-settings=\"{&quot;background_background&quot;:&quot;classic&quot;}\">\n\t\t<div class=\"elementor-element elementor-element-7b5d4b0f e-flex e-con-boxed e-con e-child\" data-id=\"7b5d4b0f\" data-element_type=\"container\" data-settings=\"{&quot;background_background&quot;:&quot;classic&quot;}\">\n\t\t\t\t\t<div class=\"e-con-inner\">\n\t\t<div class=\"elementor-element elementor-element-67293896 e-con-full e-flex e-con e-child\" data-id=\"67293896\" data-element_type=\"container\">\n\t\t\t\t<div class=\"elementor-element elementor-element-606bd8f9 animated-slow elementor-invisible elementor-widget elementor-widget-heading\" data-id=\"606bd8f9\" data-element_type=\"widget\" data-settings=\"{&quot;_animation&quot;:&quot;fadeIn&quot;}\" data-widget_type=\"heading.default\">\n\t\t\t\t\t<h2 class=\"elementor-heading-title elementor-size-default\">Excellence in delivery:<\/h2>\t\t\t\t<\/div>\n\t\t\t\t<div class=\"elementor-element elementor-element-aebd567 elementor-widget elementor-widget-spacer\" data-id=\"aebd567\" data-element_type=\"widget\" data-widget_type=\"spacer.default\">\n\t\t\t\t\t\t\t<div class=\"elementor-spacer\">\n\t\t\t<div class=\"elementor-spacer-inner\"><\/div>\n\t\t<\/div>\n\t\t\t\t\t\t<\/div>\n\t\t\t\t<div class=\"elementor-element elementor-element-5e5c680 animated-slow elementor-invisible elementor-widget elementor-widget-text-editor\" data-id=\"5e5c680\" data-element_type=\"widget\" data-settings=\"{&quot;_animation&quot;:&quot;fadeIn&quot;}\" data-widget_type=\"text-editor.default\">\n\t\t\t\t\t\t\t\t\t<p>For over 50 years, HEF has designed and manufactured high-performance bushings, rings, and gaskets for demanding applications in industries such as construction, mining, steel processing, transportation, forestry, material handling, and agriculture.<\/p><p>HEF bushings are recognized worldwide for their superior friction and anti-seize properties, as well as their ability to withstand high loads. They are the ideal choice for applications requiring extended lubrication intervals. <\/p><p>Three factors make HEF bushings exceptionally easy to maintain in high-load, low-speed applications:<\/p><ul><li>Optimized steel selection and heat treatment<\/li><li>Patented surface treatments<\/li><li>Patented surface topographies: internal hatching and surface cavities<\/li><\/ul>\t\t\t\t\t\t\t\t<\/div>\n\t\t\t\t<\/div>\n\t\t\t\t<div class=\"elementor-element elementor-element-441a3108 elementor-widget__width-initial elementor-widget-tablet__width-inherit animated-slow elementor-invisible elementor-widget elementor-widget-image\" data-id=\"441a3108\" data-element_type=\"widget\" data-settings=\"{&quot;_animation&quot;:&quot;fadeIn&quot;}\" data-widget_type=\"image.default\">\n\t\t\t\t\t\t\t\t\t\t\t\t\t\t\t<img fetchpriority=\"high\" decoding=\"async\" width=\"768\" height=\"458\" src=\"https:\/\/hef.com.br\/sitehef\/wp-content\/uploads\/2025\/12\/Buchas-de-Compositos-H-Liner-M-768x458.jpg\" class=\"attachment-medium_large size-medium_large wp-image-15402\" alt=\"\" srcset=\"https:\/\/hef.com.br\/sitehef\/wp-content\/uploads\/2025\/12\/Buchas-de-Compositos-H-Liner-M-768x458.jpg 768w, https:\/\/hef.com.br\/sitehef\/wp-content\/uploads\/2025\/12\/Buchas-de-Compositos-H-Liner-M-300x179.jpg 300w, https:\/\/hef.com.br\/sitehef\/wp-content\/uploads\/2025\/12\/Buchas-de-Compositos-H-Liner-M.jpg 879w\" sizes=\"(max-width: 768px) 100vw, 768px\" \/>\t\t\t\t\t\t\t\t\t\t\t\t\t\t\t<\/div>\n\t\t\t\t\t<\/div>\n\t\t\t\t<\/div>\n\t\t<div class=\"elementor-element elementor-element-299075e2 e-flex e-con-boxed e-con e-child\" data-id=\"299075e2\" data-element_type=\"container\">\n\t\t\t\t\t<div class=\"e-con-inner\">\n\t\t\t\t<div class=\"elementor-element elementor-element-717c8ca7 elementor-widget__width-initial elementor-widget-tablet__width-inherit animated-slow elementor-invisible elementor-widget elementor-widget-image\" data-id=\"717c8ca7\" data-element_type=\"widget\" data-settings=\"{&quot;_animation&quot;:&quot;fadeIn&quot;}\" data-widget_type=\"image.default\">\n\t\t\t\t\t\t\t\t\t\t\t\t\t\t\t<img decoding=\"async\" width=\"768\" height=\"204\" src=\"https:\/\/hef.com.br\/sitehef\/wp-content\/uploads\/2025\/12\/Buchas-de-Composito-H-Liner-S-e-S1-768x204.jpg\" class=\"attachment-medium_large size-medium_large wp-image-15410\" alt=\"\" srcset=\"https:\/\/hef.com.br\/sitehef\/wp-content\/uploads\/2025\/12\/Buchas-de-Composito-H-Liner-S-e-S1-768x204.jpg 768w, https:\/\/hef.com.br\/sitehef\/wp-content\/uploads\/2025\/12\/Buchas-de-Composito-H-Liner-S-e-S1-300x80.jpg 300w, https:\/\/hef.com.br\/sitehef\/wp-content\/uploads\/2025\/12\/Buchas-de-Composito-H-Liner-S-e-S1-1024x273.jpg 1024w, https:\/\/hef.com.br\/sitehef\/wp-content\/uploads\/2025\/12\/Buchas-de-Composito-H-Liner-S-e-S1-1536x409.jpg 1536w, https:\/\/hef.com.br\/sitehef\/wp-content\/uploads\/2025\/12\/Buchas-de-Composito-H-Liner-S-e-S1.jpg 1920w\" sizes=\"(max-width: 768px) 100vw, 768px\" \/>\t\t\t\t\t\t\t\t\t\t\t\t\t\t\t<\/div>\n\t\t<div class=\"elementor-element elementor-element-8636de e-con-full e-flex e-con e-child\" data-id=\"8636de\" data-element_type=\"container\">\n\t\t\t\t<div class=\"elementor-element elementor-element-88f4bb4 animated-slow elementor-invisible elementor-widget elementor-widget-text-editor\" data-id=\"88f4bb4\" data-element_type=\"widget\" data-settings=\"{&quot;_animation&quot;:&quot;fadeIn&quot;}\" data-widget_type=\"text-editor.default\">\n\t\t\t\t\t\t\t\t\t<p>The hatching consists of a network of grooves on the inner surface of the bushing. In lubricated joints, these grooves form interconnected grease reservoirs, allowing lubrication intervals to increase by up to 100%. Furthermore, the hatching facilitates the evacuation of hard debris, common in many industrial applications, reducing premature wear.  <\/p><p>The surface cavities act as lubricant reservoirs, keeping the grease at the contact points and enabling maintenance-free operation or extended lubrication intervals. At high sliding speeds, these cavities promote local hydrodynamic friction, allowing the pressure to be supported by the grease at the contact points. <\/p><p>HEF offers a variety of patented bushing designs in a wide range of sizes, as well as case-hardened and ground sleeve bearings. To determine the most suitable design for an application, designers must assess the working environment conditions, including abrasion, load, corrosion, and maintenance requirements. <\/p><p>In addition to bushings and bearings, HEF supplies a wide range of other friction components, including pins, shafts and sleeves; slides and pads, washers, rollers, screws and nuts.<\/p>\t\t\t\t\t\t\t\t<\/div>\n\t\t\t\t<\/div>\n\t\t\t\t\t<\/div>\n\t\t\t\t<\/div>\n\t\t\t\t<\/div>\n\t\t\t\t<\/div>\n\t\t","protected":false},"excerpt":{"rendered":"<p>Excellence in delivery: For over 50 years, HEF has designed and manufactured high-performance bushings, rings, and gaskets for demanding applications in industries such as construction, mining, steel processing, transportation, forestry, material handling, and agriculture. HEF bushings are recognized worldwide for their superior friction and anti-seize properties, as well as their ability to withstand high loads. [&hellip;]<\/p>\n","protected":false},"author":1,"featured_media":0,"parent":0,"menu_order":0,"comment_status":"closed","ping_status":"closed","template":"","meta":{"_acf_changed":false,"footnotes":""},"class_list":["post-14117","page","type-page","status-publish","hentry"],"acf":[],"yoast_head":"<!-- This site is optimized with the Yoast SEO plugin v25.5 - https:\/\/yoast.com\/wordpress\/plugins\/seo\/ -->\n<title>Bushings - HEF<\/title>\n<meta name=\"robots\" content=\"index, follow, max-snippet:-1, max-image-preview:large, max-video-preview:-1\" \/>\n<link rel=\"canonical\" href=\"https:\/\/hef.com.br\/sitehef\/en\/key-indicators\/\" \/>\n<meta property=\"og:locale\" content=\"en_US\" \/>\n<meta property=\"og:type\" content=\"article\" \/>\n<meta property=\"og:title\" content=\"Bushings - HEF\" \/>\n<meta property=\"og:description\" content=\"Excellence in delivery: For over 50 years, HEF has designed and manufactured high-performance bushings, rings, and gaskets for demanding applications in industries such as construction, mining, steel processing, transportation, forestry, material handling, and agriculture. HEF bushings are recognized worldwide for their superior friction and anti-seize properties, as well as their ability to withstand high loads. [&hellip;]\" \/>\n<meta property=\"og:url\" content=\"https:\/\/hef.com.br\/sitehef\/en\/key-indicators\/\" \/>\n<meta property=\"og:site_name\" content=\"HEF\" \/>\n<meta property=\"article:modified_time\" content=\"2025-12-16T19:32:17+00:00\" \/>\n<meta property=\"og:image\" content=\"https:\/\/hef.com.br\/sitehef\/wp-content\/uploads\/2025\/12\/Buchas-de-Compositos-H-Liner-M.jpg\" \/>\n\t<meta property=\"og:image:width\" content=\"879\" \/>\n\t<meta property=\"og:image:height\" content=\"524\" \/>\n\t<meta property=\"og:image:type\" content=\"image\/jpeg\" \/>\n<meta name=\"twitter:card\" content=\"summary_large_image\" \/>\n<meta name=\"twitter:label1\" content=\"Est. reading time\" \/>\n\t<meta name=\"twitter:data1\" content=\"1 minute\" \/>\n<script type=\"application\/ld+json\" class=\"yoast-schema-graph\">{\"@context\":\"https:\/\/schema.org\",\"@graph\":[{\"@type\":\"WebPage\",\"@id\":\"https:\/\/hef.com.br\/sitehef\/en\/key-indicators\/\",\"url\":\"https:\/\/hef.com.br\/sitehef\/en\/key-indicators\/\",\"name\":\"Bushings - HEF\",\"isPartOf\":{\"@id\":\"https:\/\/hef.com.br\/sitehef\/en\/#website\"},\"primaryImageOfPage\":{\"@id\":\"https:\/\/hef.com.br\/sitehef\/en\/key-indicators\/#primaryimage\"},\"image\":{\"@id\":\"https:\/\/hef.com.br\/sitehef\/en\/key-indicators\/#primaryimage\"},\"thumbnailUrl\":\"https:\/\/hef.com.br\/sitehef\/wp-content\/uploads\/2025\/12\/Buchas-de-Compositos-H-Liner-M-768x458.jpg\",\"datePublished\":\"2025-10-15T21:04:44+00:00\",\"dateModified\":\"2025-12-16T19:32:17+00:00\",\"breadcrumb\":{\"@id\":\"https:\/\/hef.com.br\/sitehef\/en\/key-indicators\/#breadcrumb\"},\"inLanguage\":\"en-US\",\"potentialAction\":[{\"@type\":\"ReadAction\",\"target\":[\"https:\/\/hef.com.br\/sitehef\/en\/key-indicators\/\"]}]},{\"@type\":\"ImageObject\",\"inLanguage\":\"en-US\",\"@id\":\"https:\/\/hef.com.br\/sitehef\/en\/key-indicators\/#primaryimage\",\"url\":\"https:\/\/hef.com.br\/sitehef\/wp-content\/uploads\/2025\/12\/Buchas-de-Compositos-H-Liner-M-768x458.jpg\",\"contentUrl\":\"https:\/\/hef.com.br\/sitehef\/wp-content\/uploads\/2025\/12\/Buchas-de-Compositos-H-Liner-M-768x458.jpg\"},{\"@type\":\"BreadcrumbList\",\"@id\":\"https:\/\/hef.com.br\/sitehef\/en\/key-indicators\/#breadcrumb\",\"itemListElement\":[{\"@type\":\"ListItem\",\"position\":1,\"name\":\"Home\",\"item\":\"https:\/\/hef.com.br\/sitehef\/en\/home\/\"},{\"@type\":\"ListItem\",\"position\":2,\"name\":\"Bushings\"}]},{\"@type\":\"WebSite\",\"@id\":\"https:\/\/hef.com.br\/sitehef\/en\/#website\",\"url\":\"https:\/\/hef.com.br\/sitehef\/en\/\",\"name\":\"HEF Groupe\",\"description\":\"Leader Mondial en ing\u00e9n\u00e9rie des mat\u00e9riaux de surfaces\",\"publisher\":{\"@id\":\"https:\/\/hef.com.br\/sitehef\/en\/#organization\"},\"potentialAction\":[{\"@type\":\"SearchAction\",\"target\":{\"@type\":\"EntryPoint\",\"urlTemplate\":\"https:\/\/hef.com.br\/sitehef\/en\/?s={search_term_string}\"},\"query-input\":{\"@type\":\"PropertyValueSpecification\",\"valueRequired\":true,\"valueName\":\"search_term_string\"}}],\"inLanguage\":\"en-US\"},{\"@type\":\"Organization\",\"@id\":\"https:\/\/hef.com.br\/sitehef\/en\/#organization\",\"name\":\"HEF Groupe\",\"url\":\"https:\/\/hef.com.br\/sitehef\/en\/\",\"logo\":{\"@type\":\"ImageObject\",\"inLanguage\":\"en-US\",\"@id\":\"https:\/\/hef.com.br\/sitehef\/en\/#\/schema\/logo\/image\/\",\"url\":\"https:\/\/hef.com.br\/sitehef\/wp-content\/uploads\/2025\/12\/cropped-HEF_GROUPE_BRASIL_FINAL-01.png\",\"contentUrl\":\"https:\/\/hef.com.br\/sitehef\/wp-content\/uploads\/2025\/12\/cropped-HEF_GROUPE_BRASIL_FINAL-01.png\",\"width\":708,\"height\":304,\"caption\":\"HEF Groupe\"},\"image\":{\"@id\":\"https:\/\/hef.com.br\/sitehef\/en\/#\/schema\/logo\/image\/\"}}]}<\/script>\n<!-- \/ Yoast SEO plugin. -->","yoast_head_json":{"title":"Bushings - HEF","robots":{"index":"index","follow":"follow","max-snippet":"max-snippet:-1","max-image-preview":"max-image-preview:large","max-video-preview":"max-video-preview:-1"},"canonical":"https:\/\/hef.com.br\/sitehef\/en\/key-indicators\/","og_locale":"en_US","og_type":"article","og_title":"Bushings - HEF","og_description":"Excellence in delivery: For over 50 years, HEF has designed and manufactured high-performance bushings, rings, and gaskets for demanding applications in industries such as construction, mining, steel processing, transportation, forestry, material handling, and agriculture. HEF bushings are recognized worldwide for their superior friction and anti-seize properties, as well as their ability to withstand high loads. [&hellip;]","og_url":"https:\/\/hef.com.br\/sitehef\/en\/key-indicators\/","og_site_name":"HEF","article_modified_time":"2025-12-16T19:32:17+00:00","og_image":[{"width":879,"height":524,"url":"https:\/\/hef.com.br\/sitehef\/wp-content\/uploads\/2025\/12\/Buchas-de-Compositos-H-Liner-M.jpg","type":"image\/jpeg"}],"twitter_card":"summary_large_image","twitter_misc":{"Est. reading time":"1 minute"},"schema":{"@context":"https:\/\/schema.org","@graph":[{"@type":"WebPage","@id":"https:\/\/hef.com.br\/sitehef\/en\/key-indicators\/","url":"https:\/\/hef.com.br\/sitehef\/en\/key-indicators\/","name":"Bushings - HEF","isPartOf":{"@id":"https:\/\/hef.com.br\/sitehef\/en\/#website"},"primaryImageOfPage":{"@id":"https:\/\/hef.com.br\/sitehef\/en\/key-indicators\/#primaryimage"},"image":{"@id":"https:\/\/hef.com.br\/sitehef\/en\/key-indicators\/#primaryimage"},"thumbnailUrl":"https:\/\/hef.com.br\/sitehef\/wp-content\/uploads\/2025\/12\/Buchas-de-Compositos-H-Liner-M-768x458.jpg","datePublished":"2025-10-15T21:04:44+00:00","dateModified":"2025-12-16T19:32:17+00:00","breadcrumb":{"@id":"https:\/\/hef.com.br\/sitehef\/en\/key-indicators\/#breadcrumb"},"inLanguage":"en-US","potentialAction":[{"@type":"ReadAction","target":["https:\/\/hef.com.br\/sitehef\/en\/key-indicators\/"]}]},{"@type":"ImageObject","inLanguage":"en-US","@id":"https:\/\/hef.com.br\/sitehef\/en\/key-indicators\/#primaryimage","url":"https:\/\/hef.com.br\/sitehef\/wp-content\/uploads\/2025\/12\/Buchas-de-Compositos-H-Liner-M-768x458.jpg","contentUrl":"https:\/\/hef.com.br\/sitehef\/wp-content\/uploads\/2025\/12\/Buchas-de-Compositos-H-Liner-M-768x458.jpg"},{"@type":"BreadcrumbList","@id":"https:\/\/hef.com.br\/sitehef\/en\/key-indicators\/#breadcrumb","itemListElement":[{"@type":"ListItem","position":1,"name":"Home","item":"https:\/\/hef.com.br\/sitehef\/en\/home\/"},{"@type":"ListItem","position":2,"name":"Bushings"}]},{"@type":"WebSite","@id":"https:\/\/hef.com.br\/sitehef\/en\/#website","url":"https:\/\/hef.com.br\/sitehef\/en\/","name":"HEF Groupe","description":"Leader Mondial en ing\u00e9n\u00e9rie des mat\u00e9riaux de surfaces","publisher":{"@id":"https:\/\/hef.com.br\/sitehef\/en\/#organization"},"potentialAction":[{"@type":"SearchAction","target":{"@type":"EntryPoint","urlTemplate":"https:\/\/hef.com.br\/sitehef\/en\/?s={search_term_string}"},"query-input":{"@type":"PropertyValueSpecification","valueRequired":true,"valueName":"search_term_string"}}],"inLanguage":"en-US"},{"@type":"Organization","@id":"https:\/\/hef.com.br\/sitehef\/en\/#organization","name":"HEF Groupe","url":"https:\/\/hef.com.br\/sitehef\/en\/","logo":{"@type":"ImageObject","inLanguage":"en-US","@id":"https:\/\/hef.com.br\/sitehef\/en\/#\/schema\/logo\/image\/","url":"https:\/\/hef.com.br\/sitehef\/wp-content\/uploads\/2025\/12\/cropped-HEF_GROUPE_BRASIL_FINAL-01.png","contentUrl":"https:\/\/hef.com.br\/sitehef\/wp-content\/uploads\/2025\/12\/cropped-HEF_GROUPE_BRASIL_FINAL-01.png","width":708,"height":304,"caption":"HEF Groupe"},"image":{"@id":"https:\/\/hef.com.br\/sitehef\/en\/#\/schema\/logo\/image\/"}}]}},"_links":{"self":[{"href":"https:\/\/hef.com.br\/sitehef\/en\/wp-json\/wp\/v2\/pages\/14117","targetHints":{"allow":["GET"]}}],"collection":[{"href":"https:\/\/hef.com.br\/sitehef\/en\/wp-json\/wp\/v2\/pages"}],"about":[{"href":"https:\/\/hef.com.br\/sitehef\/en\/wp-json\/wp\/v2\/types\/page"}],"author":[{"embeddable":true,"href":"https:\/\/hef.com.br\/sitehef\/en\/wp-json\/wp\/v2\/users\/1"}],"replies":[{"embeddable":true,"href":"https:\/\/hef.com.br\/sitehef\/en\/wp-json\/wp\/v2\/comments?post=14117"}],"version-history":[{"count":5,"href":"https:\/\/hef.com.br\/sitehef\/en\/wp-json\/wp\/v2\/pages\/14117\/revisions"}],"predecessor-version":[{"id":15432,"href":"https:\/\/hef.com.br\/sitehef\/en\/wp-json\/wp\/v2\/pages\/14117\/revisions\/15432"}],"wp:attachment":[{"href":"https:\/\/hef.com.br\/sitehef\/en\/wp-json\/wp\/v2\/media?parent=14117"}],"curies":[{"name":"wp","href":"https:\/\/api.w.org\/{rel}","templated":true}]}}