{"id":14119,"date":"2025-10-15T23:05:40","date_gmt":"2025-10-15T21:05:40","guid":{"rendered":"https:\/\/hef.com.br\/sitehef\/our-dna\/"},"modified":"2025-12-17T21:39:27","modified_gmt":"2025-12-17T20:39:27","slug":"our-dna","status":"publish","type":"page","link":"https:\/\/hef.com.br\/sitehef\/en\/our-dna\/","title":{"rendered":"Our DNA"},"content":{"rendered":"\t\t<div data-elementor-type=\"wp-page\" data-elementor-id=\"14119\" class=\"elementor elementor-14119 elementor-13929\" data-elementor-post-type=\"page\">\n\t\t\t\t<div class=\"elementor-element elementor-element-4d214de5 e-con-full e-flex e-con e-parent\" data-id=\"4d214de5\" data-element_type=\"container\" data-settings=\"{&quot;background_background&quot;:&quot;gradient&quot;}\">\n\t\t<div class=\"elementor-element elementor-element-5451f229 e-flex e-con-boxed e-con e-child\" data-id=\"5451f229\" data-element_type=\"container\">\n\t\t\t\t\t<div class=\"e-con-inner\">\n\t\t\t\t<div class=\"elementor-element elementor-element-2a32f58c elementor-align-left elementor-hidden-tablet elementor-hidden-mobile elementor-widget elementor-widget-breadcrumbs\" data-id=\"2a32f58c\" data-element_type=\"widget\" data-widget_type=\"breadcrumbs.default\">\n\t\t\t\t\t<p id=\"breadcrumbs\"><span><span><a href=\"https:\/\/hef.com.br\/sitehef\/en\/home\/\">Home<\/a><\/span><\/span><\/p>\t\t\t\t<\/div>\n\t\t\t\t<div class=\"elementor-element elementor-element-21e83345 elementor-widget__width-inherit animated-slow elementor-invisible elementor-widget elementor-widget-heading\" data-id=\"21e83345\" data-element_type=\"widget\" data-settings=\"{&quot;_animation&quot;:&quot;fadeIn&quot;}\" data-widget_type=\"heading.default\">\n\t\t\t\t\t<h1 class=\"elementor-heading-title elementor-size-default\">Our DNA<\/h1>\t\t\t\t<\/div>\n\t\t\t\t\t<\/div>\n\t\t\t\t<\/div>\n\t\t\t\t<\/div>\n\t\t<div class=\"elementor-element elementor-element-30f9313e e-con-full e-flex e-con e-parent\" data-id=\"30f9313e\" data-element_type=\"container\" data-settings=\"{&quot;background_background&quot;:&quot;classic&quot;}\">\n\t\t<div class=\"elementor-element elementor-element-7b5d4b0f e-flex e-con-boxed e-con e-child\" data-id=\"7b5d4b0f\" data-element_type=\"container\" data-settings=\"{&quot;background_background&quot;:&quot;classic&quot;}\">\n\t\t\t\t\t<div class=\"e-con-inner\">\n\t\t<div class=\"elementor-element elementor-element-67293896 e-con-full e-flex e-con e-child\" data-id=\"67293896\" data-element_type=\"container\">\n\t\t\t\t<div class=\"elementor-element elementor-element-606bd8f9 animated-slow elementor-invisible elementor-widget elementor-widget-heading\" data-id=\"606bd8f9\" data-element_type=\"widget\" data-settings=\"{&quot;_animation&quot;:&quot;fadeIn&quot;}\" data-widget_type=\"heading.default\">\n\t\t\t\t\t<h2 class=\"elementor-heading-title elementor-size-default\"><p style=\"text-align:justify\">EN Research and Development of\nSurface Solutions for Industrial Modernity<\/p><\/h2>\t\t\t\t<\/div>\n\t\t\t\t<div class=\"elementor-element elementor-element-56ccb00 animated-slow elementor-invisible elementor-widget elementor-widget-text-editor\" data-id=\"56ccb00\" data-element_type=\"widget\" data-settings=\"{&quot;_animation&quot;:&quot;fadeIn&quot;}\" data-widget_type=\"text-editor.default\">\n\t\t\t\t\t\t\t\t\t<p>HEF is Tribology! Since its founding in 1953 by Mr. Jacques-Jean Caubet, a passion for research has been developed and implemented at the heart of patent creation. Twelve years of constant evolution led to the creation of HEF&#8217;s first Tribology laboratory. Since then, the group has continued investing in the creation of surface solutions to provide increased resistance to wear, corrosion, fatigue, and other factors. It was only in 1994 that the laboratory structure of IREIS, now the HEF Institute for Surface Research and Engineering, was officially established.     <\/p>\t\t\t\t\t\t\t\t<\/div>\n\t\t\t\t<\/div>\n\t\t\t\t<div class=\"elementor-element elementor-element-441a3108 elementor-widget__width-initial elementor-widget-tablet__width-inherit animated-slow elementor-invisible elementor-widget elementor-widget-image\" data-id=\"441a3108\" data-element_type=\"widget\" data-settings=\"{&quot;_animation&quot;:&quot;fadeIn&quot;}\" data-widget_type=\"image.default\">\n\t\t\t\t\t\t\t\t\t\t\t\t\t\t\t<img fetchpriority=\"high\" decoding=\"async\" width=\"800\" height=\"457\" src=\"https:\/\/hef.com.br\/sitehef\/wp-content\/uploads\/2025\/12\/AdobeStock_1610923533-1024x585.jpeg\" class=\"attachment-large size-large wp-image-14321\" alt=\"\" srcset=\"https:\/\/hef.com.br\/sitehef\/wp-content\/uploads\/2025\/12\/AdobeStock_1610923533-1024x585.jpeg 1024w, https:\/\/hef.com.br\/sitehef\/wp-content\/uploads\/2025\/12\/AdobeStock_1610923533-300x171.jpeg 300w, https:\/\/hef.com.br\/sitehef\/wp-content\/uploads\/2025\/12\/AdobeStock_1610923533-768x439.jpeg 768w, https:\/\/hef.com.br\/sitehef\/wp-content\/uploads\/2025\/12\/AdobeStock_1610923533-1536x878.jpeg 1536w, https:\/\/hef.com.br\/sitehef\/wp-content\/uploads\/2025\/12\/AdobeStock_1610923533.jpeg 1920w\" sizes=\"(max-width: 800px) 100vw, 800px\" \/>\t\t\t\t\t\t\t\t\t\t\t\t\t\t\t<\/div>\n\t\t\t\t\t<\/div>\n\t\t\t\t<\/div>\n\t\t<div class=\"elementor-element elementor-element-299075e2 e-flex e-con-boxed e-con e-child\" data-id=\"299075e2\" data-element_type=\"container\">\n\t\t\t\t\t<div class=\"e-con-inner\">\n\t\t\t\t<div class=\"elementor-element elementor-element-091108c animated-slow elementor-widget__width-initial elementor-widget-mobile__width-initial elementor-invisible elementor-widget elementor-widget-video\" data-id=\"091108c\" data-element_type=\"widget\" data-settings=\"{&quot;video_type&quot;:&quot;hosted&quot;,&quot;_animation&quot;:&quot;fadeIn&quot;,&quot;controls&quot;:&quot;yes&quot;}\" data-widget_type=\"video.default\">\n\t\t\t\t\t\t\t<div class=\"e-hosted-video elementor-wrapper elementor-open-inline\">\n\t\t\t\t\t<video class=\"elementor-video\" src=\"https:\/\/hef.com.br\/sitehef\/wp-content\/uploads\/2025\/12\/AdobeStock_1778482045.mov\" controls=\"\" preload=\"metadata\" controlsList=\"nodownload\"><\/video>\n\t\t\t\t<\/div>\n\t\t\t\t\t\t<\/div>\n\t\t<div class=\"elementor-element elementor-element-8636de e-con-full e-flex e-con e-child\" data-id=\"8636de\" data-element_type=\"container\">\n\t\t\t\t<div class=\"elementor-element elementor-element-7145a49c animated-slow elementor-invisible elementor-widget elementor-widget-heading\" data-id=\"7145a49c\" data-element_type=\"widget\" data-settings=\"{&quot;_animation&quot;:&quot;fadeIn&quot;}\" data-widget_type=\"heading.default\">\n\t\t\t\t\t<h2 class=\"elementor-heading-title elementor-size-default\">O IREIS<\/h2>\t\t\t\t<\/div>\n\t\t\t\t<div class=\"elementor-element elementor-element-b826918 elementor-widget-divider--view-line elementor-widget elementor-widget-divider\" data-id=\"b826918\" data-element_type=\"widget\" data-widget_type=\"divider.default\">\n\t\t\t\t\t\t\t<div class=\"elementor-divider\">\n\t\t\t<span class=\"elementor-divider-separator\">\n\t\t\t\t\t\t<\/span>\n\t\t<\/div>\n\t\t\t\t\t\t<\/div>\n\t\t\t\t<div class=\"elementor-element elementor-element-2c104a4 animated-slow elementor-invisible elementor-widget elementor-widget-text-editor\" data-id=\"2c104a4\" data-element_type=\"widget\" data-settings=\"{&quot;_animation&quot;:&quot;fadeIn&quot;}\" data-widget_type=\"text-editor.default\">\n\t\t\t\t\t\t\t\t\t<p>O IREIS, located in Andr\u00e9zieux-Bouth\u00e9on in the heart of HEF, is responsible for studying specific issues and developing tribological solutions of particular interest to its clients, aimed at solving current societal challenges such as decarbonization, zero-emission mobility, energy efficiency, and others. It consolidates the application of these innovative technologies across the HEF group&#8217;s business units in various technological and industrial sectors. <\/p>\t\t\t\t\t\t\t\t<\/div>\n\t\t\t\t<\/div>\n\t\t\t\t\t<\/div>\n\t\t\t\t<\/div>\n\t\t<div class=\"elementor-element elementor-element-3e89fce6 e-flex e-con-boxed e-con e-child\" data-id=\"3e89fce6\" data-element_type=\"container\" data-settings=\"{&quot;background_background&quot;:&quot;classic&quot;}\">\n\t\t\t\t\t<div class=\"e-con-inner\">\n\t\t<div class=\"elementor-element elementor-element-138c3d15 e-con-full e-flex e-con e-child\" data-id=\"138c3d15\" data-element_type=\"container\">\n\t\t\t\t<div class=\"elementor-element elementor-element-551ed4b0 elementor-invisible elementor-widget elementor-widget-heading\" data-id=\"551ed4b0\" data-element_type=\"widget\" data-settings=\"{&quot;_animation&quot;:&quot;fadeIn&quot;}\" data-widget_type=\"heading.default\">\n\t\t\t\t\t<h2 class=\"elementor-heading-title elementor-size-default\">Tribology is part of our history!<\/h2>\t\t\t\t<\/div>\n\t\t\t\t<div class=\"elementor-element elementor-element-7399d52 elementor-widget-divider--view-line elementor-widget elementor-widget-divider\" data-id=\"7399d52\" data-element_type=\"widget\" data-widget_type=\"divider.default\">\n\t\t\t\t\t\t\t<div class=\"elementor-divider\">\n\t\t\t<span class=\"elementor-divider-separator\">\n\t\t\t\t\t\t<\/span>\n\t\t<\/div>\n\t\t\t\t\t\t<\/div>\n\t\t\t\t<div class=\"elementor-element elementor-element-bb31bb7 animated-slow elementor-invisible elementor-widget elementor-widget-text-editor\" data-id=\"bb31bb7\" data-element_type=\"widget\" data-settings=\"{&quot;_animation&quot;:&quot;fadeIn&quot;}\" data-widget_type=\"text-editor.default\">\n\t\t\t\t\t\t\t\t\t<p>The technologies offered by the IREIS Institute are in the fields of Tribology, PVD\/PACVD thin-layer deposition with high hardness and optical properties (Photonics), surface functionalization via laser texturing, heat treatments, functional engineering powders, and hydrogen technologies.<\/p>\t\t\t\t\t\t\t\t<\/div>\n\t\t\t\t<div class=\"elementor-element elementor-element-ca9fa21 elementor-widget-divider--view-line elementor-widget elementor-widget-divider\" data-id=\"ca9fa21\" data-element_type=\"widget\" data-widget_type=\"divider.default\">\n\t\t\t\t\t\t\t<div class=\"elementor-divider\">\n\t\t\t<span class=\"elementor-divider-separator\">\n\t\t\t\t\t\t<\/span>\n\t\t<\/div>\n\t\t\t\t\t\t<\/div>\n\t\t\t\t<div class=\"elementor-element elementor-element-fcc65d4 animated-slow elementor-invisible elementor-widget elementor-widget-text-editor\" data-id=\"fcc65d4\" data-element_type=\"widget\" data-settings=\"{&quot;_animation&quot;:&quot;fadeIn&quot;}\" data-widget_type=\"text-editor.default\">\n\t\t\t\t\t\t\t\t\t<p>The success in creating innovative surface technologies with wide industrial applicability stems from IREIS&#8217;s ability to conduct tests ranging from laboratory to industrial scale, with simulations of mechanical systems under real operating conditions. This comprehensive IREIS structure comprises: the ICE-T laboratory, consisting of 8 tribological testing platforms focused on optimizing combustion and electric motors; a laser texturing testing room (MANUTECH \u2013 USD); and a tribology laboratory for studying industrial applications of HEF technologies. <\/p>\t\t\t\t\t\t\t\t<\/div>\n\t\t\t\t<\/div>\n\t\t\t\t<div class=\"elementor-element elementor-element-4d4ea07f elementor-widget__width-initial elementor-widget-tablet__width-inherit animated-slow elementor-invisible elementor-widget elementor-widget-image\" data-id=\"4d4ea07f\" data-element_type=\"widget\" data-settings=\"{&quot;_animation&quot;:&quot;fadeIn&quot;}\" data-widget_type=\"image.default\">\n\t\t\t\t\t\t\t\t\t\t\t\t\t\t\t<img decoding=\"async\" width=\"800\" height=\"534\" src=\"https:\/\/hef.com.br\/sitehef\/wp-content\/uploads\/2025\/12\/AdobeStock_1225567452-1024x683.jpeg\" class=\"attachment-large size-large wp-image-14329\" alt=\"\" srcset=\"https:\/\/hef.com.br\/sitehef\/wp-content\/uploads\/2025\/12\/AdobeStock_1225567452-1024x683.jpeg 1024w, https:\/\/hef.com.br\/sitehef\/wp-content\/uploads\/2025\/12\/AdobeStock_1225567452-300x200.jpeg 300w, https:\/\/hef.com.br\/sitehef\/wp-content\/uploads\/2025\/12\/AdobeStock_1225567452-768x512.jpeg 768w, https:\/\/hef.com.br\/sitehef\/wp-content\/uploads\/2025\/12\/AdobeStock_1225567452-1536x1024.jpeg 1536w, https:\/\/hef.com.br\/sitehef\/wp-content\/uploads\/2025\/12\/AdobeStock_1225567452.jpeg 1920w\" sizes=\"(max-width: 800px) 100vw, 800px\" \/>\t\t\t\t\t\t\t\t\t\t\t\t\t\t\t<\/div>\n\t\t\t\t\t<\/div>\n\t\t\t\t<\/div>\n\t\t<div class=\"elementor-element elementor-element-7d366e7 e-flex e-con-boxed e-con e-child\" data-id=\"7d366e7\" data-element_type=\"container\" data-settings=\"{&quot;background_background&quot;:&quot;classic&quot;}\">\n\t\t\t\t\t<div class=\"e-con-inner\">\n\t\t<div class=\"elementor-element elementor-element-6c192b1 e-con-full e-flex e-con e-child\" data-id=\"6c192b1\" data-element_type=\"container\">\n\t\t\t\t<div class=\"elementor-element elementor-element-176ab7d elementor-widget-divider--view-line elementor-widget elementor-widget-divider\" data-id=\"176ab7d\" data-element_type=\"widget\" data-widget_type=\"divider.default\">\n\t\t\t\t\t\t\t<div class=\"elementor-divider\">\n\t\t\t<span class=\"elementor-divider-separator\">\n\t\t\t\t\t\t<\/span>\n\t\t<\/div>\n\t\t\t\t\t\t<\/div>\n\t\t\t\t<div class=\"elementor-element elementor-element-868c620 animated-slow elementor-invisible elementor-widget elementor-widget-text-editor\" data-id=\"868c620\" data-element_type=\"widget\" data-settings=\"{&quot;_animation&quot;:&quot;fadeIn&quot;}\" data-widget_type=\"text-editor.default\">\n\t\t\t\t\t\t\t\t\t<p class=\"MsoNormal\">Atrav\u00e9s do IREIS, a HEF \u00e9 capaz de conceber e prover tecnologias de Engenharia de Superf\u00edcie inovadoras e competitivas \u00e0 ind\u00fastria moderna.<\/p>\t\t\t\t\t\t\t\t<\/div>\n\t\t\t\t<div class=\"elementor-element elementor-element-8aea643 elementor-widget-divider--view-line elementor-widget elementor-widget-divider\" data-id=\"8aea643\" data-element_type=\"widget\" data-widget_type=\"divider.default\">\n\t\t\t\t\t\t\t<div class=\"elementor-divider\">\n\t\t\t<span class=\"elementor-divider-separator\">\n\t\t\t\t\t\t<\/span>\n\t\t<\/div>\n\t\t\t\t\t\t<\/div>\n\t\t<div class=\"elementor-element elementor-element-a8571bb e-con-full e-flex e-con e-child\" data-id=\"a8571bb\" data-element_type=\"container\">\n\t\t\t\t<div class=\"elementor-element elementor-element-c743d52 elementor-tablet-align-center elementor-mobile-align-center elementor-invisible elementor-widget elementor-widget-button\" data-id=\"c743d52\" data-element_type=\"widget\" data-settings=\"{&quot;_animation&quot;:&quot;fadeIn&quot;}\" data-widget_type=\"button.default\">\n\t\t\t\t\t\t\t\t\t\t<a class=\"elementor-button elementor-button-link elementor-size-sm\" href=\"https:\/\/www.ireis.fr\/en\/home\/\">\n\t\t\t\t\t\t<span class=\"elementor-button-content-wrapper\">\n\t\t\t\t\t\t\t\t\t<span class=\"elementor-button-text\">Site IREIS<\/span>\n\t\t\t\t\t<\/span>\n\t\t\t\t\t<\/a>\n\t\t\t\t\t\t\t\t<\/div>\n\t\t\t\t<div class=\"elementor-element elementor-element-6580141 elementor-tablet-align-center animated-slow elementor-mobile-align-center elementor-invisible elementor-widget elementor-widget-button\" data-id=\"6580141\" data-element_type=\"widget\" data-settings=\"{&quot;_animation&quot;:&quot;fadeIn&quot;}\" data-widget_type=\"button.default\">\n\t\t\t\t\t\t\t\t\t\t<a class=\"elementor-button elementor-button-link elementor-size-sm\" href=\"https:\/\/www.youtube.com\/watch?v=vjsZkoy06SY\">\n\t\t\t\t\t\t<span class=\"elementor-button-content-wrapper\">\n\t\t\t\t\t\t\t\t\t<span class=\"elementor-button-text\">See the IREIS laboratory<\/span>\n\t\t\t\t\t<\/span>\n\t\t\t\t\t<\/a>\n\t\t\t\t\t\t\t\t<\/div>\n\t\t\t\t<\/div>\n\t\t\t\t<\/div>\n\t\t\t\t\t<\/div>\n\t\t\t\t<\/div>\n\t\t<div class=\"elementor-element elementor-element-2f611628 e-con-full e-flex e-con e-child\" data-id=\"2f611628\" data-element_type=\"container\">\n\t\t\t\t<\/div>\n\t\t\t\t<\/div>\n\t\t\t\t<\/div>\n\t\t","protected":false},"excerpt":{"rendered":"<p>EN Research and Development of Surface Solutions for Industrial Modernity HEF is Tribology! Since its founding in 1953 by Mr. Jacques-Jean Caubet, a passion for research has been developed and implemented at the heart of patent creation. Twelve years of constant evolution led to the creation of HEF&#8217;s first Tribology laboratory. Since then, the group [&hellip;]<\/p>\n","protected":false},"author":1,"featured_media":0,"parent":0,"menu_order":0,"comment_status":"closed","ping_status":"closed","template":"","meta":{"_acf_changed":false,"footnotes":""},"class_list":["post-14119","page","type-page","status-publish","hentry"],"acf":[],"yoast_head":"<!-- This site is optimized with the Yoast SEO plugin v25.5 - https:\/\/yoast.com\/wordpress\/plugins\/seo\/ -->\n<title>Our DNA - HEF<\/title>\n<meta name=\"robots\" content=\"index, follow, max-snippet:-1, max-image-preview:large, max-video-preview:-1\" \/>\n<link rel=\"canonical\" href=\"https:\/\/hef.com.br\/sitehef\/en\/our-dna\/\" \/>\n<meta property=\"og:locale\" content=\"en_US\" \/>\n<meta property=\"og:type\" content=\"article\" \/>\n<meta property=\"og:title\" content=\"Our DNA - HEF\" \/>\n<meta property=\"og:description\" content=\"EN Research and Development of Surface Solutions for Industrial Modernity HEF is Tribology! Since its founding in 1953 by Mr. Jacques-Jean Caubet, a passion for research has been developed and implemented at the heart of patent creation. Twelve years of constant evolution led to the creation of HEF&#8217;s first Tribology laboratory. Since then, the group [&hellip;]\" \/>\n<meta property=\"og:url\" content=\"https:\/\/hef.com.br\/sitehef\/en\/our-dna\/\" \/>\n<meta property=\"og:site_name\" content=\"HEF\" \/>\n<meta property=\"article:modified_time\" content=\"2025-12-17T20:39:27+00:00\" \/>\n<meta property=\"og:image\" content=\"https:\/\/hef.com.br\/sitehef\/wp-content\/uploads\/2025\/12\/AdobeStock_1610923533.jpeg\" \/>\n\t<meta property=\"og:image:width\" content=\"1920\" \/>\n\t<meta property=\"og:image:height\" content=\"1097\" \/>\n\t<meta property=\"og:image:type\" content=\"image\/jpeg\" \/>\n<meta name=\"twitter:card\" content=\"summary_large_image\" \/>\n<meta name=\"twitter:label1\" content=\"Est. reading time\" \/>\n\t<meta name=\"twitter:data1\" content=\"2 minutes\" \/>\n<script type=\"application\/ld+json\" class=\"yoast-schema-graph\">{\"@context\":\"https:\/\/schema.org\",\"@graph\":[{\"@type\":\"WebPage\",\"@id\":\"https:\/\/hef.com.br\/sitehef\/en\/our-dna\/\",\"url\":\"https:\/\/hef.com.br\/sitehef\/en\/our-dna\/\",\"name\":\"Our DNA - HEF\",\"isPartOf\":{\"@id\":\"https:\/\/hef.com.br\/sitehef\/en\/#website\"},\"primaryImageOfPage\":{\"@id\":\"https:\/\/hef.com.br\/sitehef\/en\/our-dna\/#primaryimage\"},\"image\":{\"@id\":\"https:\/\/hef.com.br\/sitehef\/en\/our-dna\/#primaryimage\"},\"thumbnailUrl\":\"https:\/\/hef.com.br\/sitehef\/wp-content\/uploads\/2025\/12\/AdobeStock_1610923533-1024x585.jpeg\",\"datePublished\":\"2025-10-15T21:05:40+00:00\",\"dateModified\":\"2025-12-17T20:39:27+00:00\",\"breadcrumb\":{\"@id\":\"https:\/\/hef.com.br\/sitehef\/en\/our-dna\/#breadcrumb\"},\"inLanguage\":\"en-US\",\"potentialAction\":[{\"@type\":\"ReadAction\",\"target\":[\"https:\/\/hef.com.br\/sitehef\/en\/our-dna\/\"]}]},{\"@type\":\"ImageObject\",\"inLanguage\":\"en-US\",\"@id\":\"https:\/\/hef.com.br\/sitehef\/en\/our-dna\/#primaryimage\",\"url\":\"https:\/\/hef.com.br\/sitehef\/wp-content\/uploads\/2025\/12\/AdobeStock_1610923533-1024x585.jpeg\",\"contentUrl\":\"https:\/\/hef.com.br\/sitehef\/wp-content\/uploads\/2025\/12\/AdobeStock_1610923533-1024x585.jpeg\"},{\"@type\":\"BreadcrumbList\",\"@id\":\"https:\/\/hef.com.br\/sitehef\/en\/our-dna\/#breadcrumb\",\"itemListElement\":[{\"@type\":\"ListItem\",\"position\":1,\"name\":\"Home\",\"item\":\"https:\/\/hef.com.br\/sitehef\/en\/home\/\"},{\"@type\":\"ListItem\",\"position\":2,\"name\":\"Our DNA\"}]},{\"@type\":\"WebSite\",\"@id\":\"https:\/\/hef.com.br\/sitehef\/en\/#website\",\"url\":\"https:\/\/hef.com.br\/sitehef\/en\/\",\"name\":\"HEF Groupe\",\"description\":\"Leader Mondial en ing\u00e9n\u00e9rie des mat\u00e9riaux de surfaces\",\"publisher\":{\"@id\":\"https:\/\/hef.com.br\/sitehef\/en\/#organization\"},\"potentialAction\":[{\"@type\":\"SearchAction\",\"target\":{\"@type\":\"EntryPoint\",\"urlTemplate\":\"https:\/\/hef.com.br\/sitehef\/en\/?s={search_term_string}\"},\"query-input\":{\"@type\":\"PropertyValueSpecification\",\"valueRequired\":true,\"valueName\":\"search_term_string\"}}],\"inLanguage\":\"en-US\"},{\"@type\":\"Organization\",\"@id\":\"https:\/\/hef.com.br\/sitehef\/en\/#organization\",\"name\":\"HEF Groupe\",\"url\":\"https:\/\/hef.com.br\/sitehef\/en\/\",\"logo\":{\"@type\":\"ImageObject\",\"inLanguage\":\"en-US\",\"@id\":\"https:\/\/hef.com.br\/sitehef\/en\/#\/schema\/logo\/image\/\",\"url\":\"https:\/\/hef.com.br\/sitehef\/wp-content\/uploads\/2025\/12\/cropped-HEF_GROUPE_BRASIL_FINAL-01.png\",\"contentUrl\":\"https:\/\/hef.com.br\/sitehef\/wp-content\/uploads\/2025\/12\/cropped-HEF_GROUPE_BRASIL_FINAL-01.png\",\"width\":708,\"height\":304,\"caption\":\"HEF Groupe\"},\"image\":{\"@id\":\"https:\/\/hef.com.br\/sitehef\/en\/#\/schema\/logo\/image\/\"}}]}<\/script>\n<!-- \/ Yoast SEO plugin. -->","yoast_head_json":{"title":"Our DNA - HEF","robots":{"index":"index","follow":"follow","max-snippet":"max-snippet:-1","max-image-preview":"max-image-preview:large","max-video-preview":"max-video-preview:-1"},"canonical":"https:\/\/hef.com.br\/sitehef\/en\/our-dna\/","og_locale":"en_US","og_type":"article","og_title":"Our DNA - HEF","og_description":"EN Research and Development of Surface Solutions for Industrial Modernity HEF is Tribology! Since its founding in 1953 by Mr. Jacques-Jean Caubet, a passion for research has been developed and implemented at the heart of patent creation. Twelve years of constant evolution led to the creation of HEF&#8217;s first Tribology laboratory. Since then, the group [&hellip;]","og_url":"https:\/\/hef.com.br\/sitehef\/en\/our-dna\/","og_site_name":"HEF","article_modified_time":"2025-12-17T20:39:27+00:00","og_image":[{"width":1920,"height":1097,"url":"https:\/\/hef.com.br\/sitehef\/wp-content\/uploads\/2025\/12\/AdobeStock_1610923533.jpeg","type":"image\/jpeg"}],"twitter_card":"summary_large_image","twitter_misc":{"Est. reading time":"2 minutes"},"schema":{"@context":"https:\/\/schema.org","@graph":[{"@type":"WebPage","@id":"https:\/\/hef.com.br\/sitehef\/en\/our-dna\/","url":"https:\/\/hef.com.br\/sitehef\/en\/our-dna\/","name":"Our DNA - HEF","isPartOf":{"@id":"https:\/\/hef.com.br\/sitehef\/en\/#website"},"primaryImageOfPage":{"@id":"https:\/\/hef.com.br\/sitehef\/en\/our-dna\/#primaryimage"},"image":{"@id":"https:\/\/hef.com.br\/sitehef\/en\/our-dna\/#primaryimage"},"thumbnailUrl":"https:\/\/hef.com.br\/sitehef\/wp-content\/uploads\/2025\/12\/AdobeStock_1610923533-1024x585.jpeg","datePublished":"2025-10-15T21:05:40+00:00","dateModified":"2025-12-17T20:39:27+00:00","breadcrumb":{"@id":"https:\/\/hef.com.br\/sitehef\/en\/our-dna\/#breadcrumb"},"inLanguage":"en-US","potentialAction":[{"@type":"ReadAction","target":["https:\/\/hef.com.br\/sitehef\/en\/our-dna\/"]}]},{"@type":"ImageObject","inLanguage":"en-US","@id":"https:\/\/hef.com.br\/sitehef\/en\/our-dna\/#primaryimage","url":"https:\/\/hef.com.br\/sitehef\/wp-content\/uploads\/2025\/12\/AdobeStock_1610923533-1024x585.jpeg","contentUrl":"https:\/\/hef.com.br\/sitehef\/wp-content\/uploads\/2025\/12\/AdobeStock_1610923533-1024x585.jpeg"},{"@type":"BreadcrumbList","@id":"https:\/\/hef.com.br\/sitehef\/en\/our-dna\/#breadcrumb","itemListElement":[{"@type":"ListItem","position":1,"name":"Home","item":"https:\/\/hef.com.br\/sitehef\/en\/home\/"},{"@type":"ListItem","position":2,"name":"Our DNA"}]},{"@type":"WebSite","@id":"https:\/\/hef.com.br\/sitehef\/en\/#website","url":"https:\/\/hef.com.br\/sitehef\/en\/","name":"HEF Groupe","description":"Leader Mondial en ing\u00e9n\u00e9rie des mat\u00e9riaux de surfaces","publisher":{"@id":"https:\/\/hef.com.br\/sitehef\/en\/#organization"},"potentialAction":[{"@type":"SearchAction","target":{"@type":"EntryPoint","urlTemplate":"https:\/\/hef.com.br\/sitehef\/en\/?s={search_term_string}"},"query-input":{"@type":"PropertyValueSpecification","valueRequired":true,"valueName":"search_term_string"}}],"inLanguage":"en-US"},{"@type":"Organization","@id":"https:\/\/hef.com.br\/sitehef\/en\/#organization","name":"HEF Groupe","url":"https:\/\/hef.com.br\/sitehef\/en\/","logo":{"@type":"ImageObject","inLanguage":"en-US","@id":"https:\/\/hef.com.br\/sitehef\/en\/#\/schema\/logo\/image\/","url":"https:\/\/hef.com.br\/sitehef\/wp-content\/uploads\/2025\/12\/cropped-HEF_GROUPE_BRASIL_FINAL-01.png","contentUrl":"https:\/\/hef.com.br\/sitehef\/wp-content\/uploads\/2025\/12\/cropped-HEF_GROUPE_BRASIL_FINAL-01.png","width":708,"height":304,"caption":"HEF Groupe"},"image":{"@id":"https:\/\/hef.com.br\/sitehef\/en\/#\/schema\/logo\/image\/"}}]}},"_links":{"self":[{"href":"https:\/\/hef.com.br\/sitehef\/en\/wp-json\/wp\/v2\/pages\/14119","targetHints":{"allow":["GET"]}}],"collection":[{"href":"https:\/\/hef.com.br\/sitehef\/en\/wp-json\/wp\/v2\/pages"}],"about":[{"href":"https:\/\/hef.com.br\/sitehef\/en\/wp-json\/wp\/v2\/types\/page"}],"author":[{"embeddable":true,"href":"https:\/\/hef.com.br\/sitehef\/en\/wp-json\/wp\/v2\/users\/1"}],"replies":[{"embeddable":true,"href":"https:\/\/hef.com.br\/sitehef\/en\/wp-json\/wp\/v2\/comments?post=14119"}],"version-history":[{"count":5,"href":"https:\/\/hef.com.br\/sitehef\/en\/wp-json\/wp\/v2\/pages\/14119\/revisions"}],"predecessor-version":[{"id":15805,"href":"https:\/\/hef.com.br\/sitehef\/en\/wp-json\/wp\/v2\/pages\/14119\/revisions\/15805"}],"wp:attachment":[{"href":"https:\/\/hef.com.br\/sitehef\/en\/wp-json\/wp\/v2\/media?parent=14119"}],"curies":[{"name":"wp","href":"https:\/\/api.w.org\/{rel}","templated":true}]}}