{"id":14139,"date":"2025-10-15T23:21:01","date_gmt":"2025-10-15T21:21:01","guid":{"rendered":"https:\/\/hef.com.br\/sitehef\/other-markets\/"},"modified":"2025-12-17T17:36:08","modified_gmt":"2025-12-17T16:36:08","slug":"other-markets","status":"publish","type":"page","link":"https:\/\/hef.com.br\/sitehef\/en\/other-markets\/","title":{"rendered":"Other Markets"},"content":{"rendered":"\t\t<div data-elementor-type=\"wp-page\" data-elementor-id=\"14139\" class=\"elementor elementor-14139 elementor-13962\" data-elementor-post-type=\"page\">\n\t\t\t\t<div class=\"elementor-element elementor-element-7931e33 e-con-full e-flex e-con e-parent\" data-id=\"7931e33\" data-element_type=\"container\" data-settings=\"{&quot;background_background&quot;:&quot;gradient&quot;}\">\n\t\t<div class=\"elementor-element elementor-element-45e8298 e-flex e-con-boxed e-con e-child\" data-id=\"45e8298\" data-element_type=\"container\">\n\t\t\t\t\t<div class=\"e-con-inner\">\n\t\t\t\t<div class=\"elementor-element elementor-element-6e699a6 elementor-align-left elementor-hidden-tablet elementor-hidden-mobile elementor-widget elementor-widget-breadcrumbs\" data-id=\"6e699a6\" data-element_type=\"widget\" data-widget_type=\"breadcrumbs.default\">\n\t\t\t\t\t<p id=\"breadcrumbs\"><span><span><a href=\"https:\/\/hef.com.br\/sitehef\/en\/home\/\">Home<\/a><\/span><\/span><\/p>\t\t\t\t<\/div>\n\t\t\t\t<div class=\"elementor-element elementor-element-992fd7c elementor-widget elementor-widget-spacer\" data-id=\"992fd7c\" data-element_type=\"widget\" data-widget_type=\"spacer.default\">\n\t\t\t\t\t\t\t<div class=\"elementor-spacer\">\n\t\t\t<div class=\"elementor-spacer-inner\"><\/div>\n\t\t<\/div>\n\t\t\t\t\t\t<\/div>\n\t\t\t\t<div class=\"elementor-element elementor-element-35502f5 elementor-widget__width-initial animated-slow elementor-invisible elementor-widget elementor-widget-heading\" data-id=\"35502f5\" data-element_type=\"widget\" data-settings=\"{&quot;_animation&quot;:&quot;fadeIn&quot;}\" data-widget_type=\"heading.default\">\n\t\t\t\t\t<h1 class=\"elementor-heading-title elementor-size-default\">Other Markets<\/h1>\t\t\t\t<\/div>\n\t\t\t\t\t<\/div>\n\t\t\t\t<\/div>\n\t\t\t\t<div class=\"elementor-element elementor-element-2bdcf6e elementor-widget__width-inherit elementor-widget-tablet__width-initial elementor-widget elementor-widget-image\" data-id=\"2bdcf6e\" data-element_type=\"widget\" data-widget_type=\"image.default\">\n\t\t\t\t\t\t\t\t\t\t\t\t\t\t\t<img fetchpriority=\"high\" decoding=\"async\" width=\"800\" height=\"534\" src=\"https:\/\/hef.com.br\/sitehef\/wp-content\/uploads\/2025\/10\/bg-hero-tribology-1024x683.webp\" class=\"attachment-large size-large wp-image-12716\" alt=\"\" srcset=\"https:\/\/hef.com.br\/sitehef\/wp-content\/uploads\/2025\/10\/bg-hero-tribology-1024x683.webp 1024w, https:\/\/hef.com.br\/sitehef\/wp-content\/uploads\/2025\/10\/bg-hero-tribology-300x200.webp 300w, https:\/\/hef.com.br\/sitehef\/wp-content\/uploads\/2025\/10\/bg-hero-tribology-768x512.webp 768w, https:\/\/hef.com.br\/sitehef\/wp-content\/uploads\/2025\/10\/bg-hero-tribology-1536x1024.webp 1536w, https:\/\/hef.com.br\/sitehef\/wp-content\/uploads\/2025\/10\/bg-hero-tribology.webp 1600w\" sizes=\"(max-width: 800px) 100vw, 800px\" \/>\t\t\t\t\t\t\t\t\t\t\t\t\t\t\t<\/div>\n\t\t\t\t<\/div>\n\t\t<div class=\"elementor-element elementor-element-f11ae73 e-con-full e-flex e-con e-parent\" data-id=\"f11ae73\" data-element_type=\"container\" data-settings=\"{&quot;background_background&quot;:&quot;classic&quot;}\">\n\t\t<div class=\"elementor-element elementor-element-eb67523 e-flex e-con-boxed e-con e-child\" data-id=\"eb67523\" data-element_type=\"container\">\n\t\t\t\t\t<div class=\"e-con-inner\">\n\t\t<div class=\"elementor-element elementor-element-0554375 e-con-full e-flex e-con e-child\" data-id=\"0554375\" data-element_type=\"container\">\n\t\t\t\t<div class=\"elementor-element elementor-element-1cc6346 animated-slow elementor-invisible elementor-widget elementor-widget-heading\" data-id=\"1cc6346\" data-element_type=\"widget\" data-settings=\"{&quot;_animation&quot;:&quot;fadeIn&quot;}\" data-widget_type=\"heading.default\">\n\t\t\t\t\t<h2 class=\"elementor-heading-title elementor-size-default\">Basic industry<\/h2>\t\t\t\t<\/div>\n\t\t\t\t<div class=\"elementor-element elementor-element-490df27 animated-slow elementor-invisible elementor-widget elementor-widget-text-editor\" data-id=\"490df27\" data-element_type=\"widget\" data-settings=\"{&quot;_animation&quot;:&quot;fadeIn&quot;}\" data-widget_type=\"text-editor.default\">\n\t\t\t\t\t\t\t\t\t<p>Basic industrial sectors\u2014such as mining, steelmaking, textiles, electronics, and manufacturing\u2014operate under harsh conditions where wear, corrosion, high friction, abrasive particles, and thermal variations directly compromise productivity. To ensure operational continuity, productivity, and safety, critical components need to demonstrate consistent performance and durability. <\/p><p>HEF acts as a technology partner to these markets, offering surface engineering solutions that enhance the mechanical, chemical, and tribological resistance of materials. Our CLIN\u2122 nitrocarburizing technologies (ARCOR\u00ae, SURSULF\u00ae, TENIFER\u00ae, and QPQ\u00ae); PVD\/PACVD deposition &#8211; CERTESS\u00ae CARBON (DLC); DURBORID\u00ae boriding; and the PEL\u00ae metal bushing and H-Liner\u00ae composite portfolio; are applied in a wide range of equipment essential to heavy industry and manufacturing. <\/p>\t\t\t\t\t\t\t\t<\/div>\n\t\t\t\t<\/div>\n\t\t\t\t<div class=\"elementor-element elementor-element-26a2a8a elementor-widget__width-initial elementor-widget-tablet__width-inherit animated-slow elementor-invisible elementor-widget elementor-widget-image\" data-id=\"26a2a8a\" data-element_type=\"widget\" data-settings=\"{&quot;_animation&quot;:&quot;fadeIn&quot;}\" data-widget_type=\"image.default\">\n\t\t\t\t\t\t\t\t\t\t\t\t\t\t\t<img decoding=\"async\" width=\"800\" height=\"534\" src=\"https:\/\/hef.com.br\/sitehef\/wp-content\/uploads\/2025\/12\/industria-de-base.jpg\" class=\"attachment-large size-large wp-image-15584\" alt=\"\" srcset=\"https:\/\/hef.com.br\/sitehef\/wp-content\/uploads\/2025\/12\/industria-de-base.jpg 1024w, https:\/\/hef.com.br\/sitehef\/wp-content\/uploads\/2025\/12\/industria-de-base-300x200.jpg 300w, https:\/\/hef.com.br\/sitehef\/wp-content\/uploads\/2025\/12\/industria-de-base-768x512.jpg 768w\" sizes=\"(max-width: 800px) 100vw, 800px\" \/>\t\t\t\t\t\t\t\t\t\t\t\t\t\t\t<\/div>\n\t\t\t\t\t<\/div>\n\t\t\t\t<\/div>\n\t\t<div class=\"elementor-element elementor-element-83388e7 e-flex e-con-boxed e-con e-child\" data-id=\"83388e7\" data-element_type=\"container\" data-settings=\"{&quot;background_background&quot;:&quot;classic&quot;}\">\n\t\t\t\t\t<div class=\"e-con-inner\">\n\t\t\t\t<div class=\"elementor-element elementor-element-5822b87 elementor-widget__width-initial elementor-widget-tablet__width-inherit animated-slow elementor-invisible elementor-widget elementor-widget-image\" data-id=\"5822b87\" data-element_type=\"widget\" data-settings=\"{&quot;_animation&quot;:&quot;fadeIn&quot;}\" data-widget_type=\"image.default\">\n\t\t\t\t\t\t\t\t\t\t\t\t\t\t\t<img decoding=\"async\" width=\"800\" height=\"416\" src=\"https:\/\/hef.com.br\/sitehef\/wp-content\/uploads\/2025\/12\/hombre-soldando-e1564085072443.jpg\" class=\"attachment-large size-large wp-image-15589\" alt=\"\" srcset=\"https:\/\/hef.com.br\/sitehef\/wp-content\/uploads\/2025\/12\/hombre-soldando-e1564085072443.jpg 800w, https:\/\/hef.com.br\/sitehef\/wp-content\/uploads\/2025\/12\/hombre-soldando-e1564085072443-300x156.jpg 300w, https:\/\/hef.com.br\/sitehef\/wp-content\/uploads\/2025\/12\/hombre-soldando-e1564085072443-768x399.jpg 768w\" sizes=\"(max-width: 800px) 100vw, 800px\" \/>\t\t\t\t\t\t\t\t\t\t\t\t\t\t\t<\/div>\n\t\t<div class=\"elementor-element elementor-element-2102c28 e-con-full e-flex e-con e-child\" data-id=\"2102c28\" data-element_type=\"container\">\n\t\t\t\t<div class=\"elementor-element elementor-element-d416d4e animated-slow elementor-invisible elementor-widget elementor-widget-heading\" data-id=\"d416d4e\" data-element_type=\"widget\" data-settings=\"{&quot;_animation&quot;:&quot;fadeIn&quot;}\" data-widget_type=\"heading.default\">\n\t\t\t\t\t<h2 class=\"elementor-heading-title elementor-size-default\">Heavy and basic industry<\/h2>\t\t\t\t<\/div>\n\t\t\t\t<div class=\"elementor-element elementor-element-b1f281d animated-slow elementor-invisible elementor-widget elementor-widget-text-editor\" data-id=\"b1f281d\" data-element_type=\"widget\" data-settings=\"{&quot;_animation&quot;:&quot;fadeIn&quot;}\" data-widget_type=\"text-editor.default\">\n\t\t\t\t\t\t\t\t\t<p>High-abrasion, impact, and heat environments demand robust components with a low failure rate. HEF solutions directly contribute to greater operational availability. <\/p><p> <\/p><p>Joints and motion systems in mining machinery; ingot casting and rolling equipment \u2192 PEL\u00ae and H-Liner\u00ae bushings<\/p><p> <\/p><p>Thermocouple wells \u2192 DURBORID\u00ae<\/p>\t\t\t\t\t\t\t\t<\/div>\n\t\t\t\t<\/div>\n\t\t\t\t\t<\/div>\n\t\t\t\t<\/div>\n\t\t<div class=\"elementor-element elementor-element-9ba81a8 e-flex e-con-boxed e-con e-child\" data-id=\"9ba81a8\" data-element_type=\"container\">\n\t\t\t\t\t<div class=\"e-con-inner\">\n\t\t<div class=\"elementor-element elementor-element-9e24a04 e-con-full e-flex e-con e-child\" data-id=\"9e24a04\" data-element_type=\"container\">\n\t\t\t\t<div class=\"elementor-element elementor-element-64dc18c animated-slow elementor-invisible elementor-widget elementor-widget-heading\" data-id=\"64dc18c\" data-element_type=\"widget\" data-settings=\"{&quot;_animation&quot;:&quot;fadeIn&quot;}\" data-widget_type=\"heading.default\">\n\t\t\t\t\t<h2 class=\"elementor-heading-title elementor-size-default\">Industrial tools and molds<\/h2>\t\t\t\t<\/div>\n\t\t\t\t<div class=\"elementor-element elementor-element-d6087b0 animated-slow elementor-invisible elementor-widget elementor-widget-text-editor\" data-id=\"d6087b0\" data-element_type=\"widget\" data-settings=\"{&quot;_animation&quot;:&quot;fadeIn&quot;}\" data-widget_type=\"text-editor.default\">\n\t\t\t\t\t\t\t\t\t<p>Tools, dies, molds, and punches operate in environments with high and cyclical loads, and are subject to thermal variations and wear. The performance of these parts directly impacts productivity, tool life, and the quality of the final product. Some typical applications using HEF technologies include:  <\/p><p><br>Aluminum extrusion\/injection dies \u2192 CLIN\u2122<\/p><p> <\/p><p>Plastic extrusion\/injection dies \u2192 CERTESS\u00ae CARBON<\/p>\t\t\t\t\t\t\t\t<\/div>\n\t\t\t\t<\/div>\n\t\t\t\t<div class=\"elementor-element elementor-element-da36e0f elementor-widget__width-initial elementor-widget-tablet__width-inherit animated-slow elementor-invisible elementor-widget elementor-widget-image\" data-id=\"da36e0f\" data-element_type=\"widget\" data-settings=\"{&quot;_animation&quot;:&quot;fadeIn&quot;}\" data-widget_type=\"image.default\">\n\t\t\t\t\t\t\t\t\t\t\t\t\t\t\t<img loading=\"lazy\" decoding=\"async\" width=\"800\" height=\"532\" src=\"https:\/\/hef.com.br\/sitehef\/wp-content\/uploads\/2025\/12\/usinagem-moldes-e-matrizes.webp\" class=\"attachment-large size-large wp-image-15593\" alt=\"\" srcset=\"https:\/\/hef.com.br\/sitehef\/wp-content\/uploads\/2025\/12\/usinagem-moldes-e-matrizes.webp 939w, https:\/\/hef.com.br\/sitehef\/wp-content\/uploads\/2025\/12\/usinagem-moldes-e-matrizes-300x200.webp 300w, https:\/\/hef.com.br\/sitehef\/wp-content\/uploads\/2025\/12\/usinagem-moldes-e-matrizes-768x511.webp 768w\" sizes=\"(max-width: 800px) 100vw, 800px\" \/>\t\t\t\t\t\t\t\t\t\t\t\t\t\t\t<\/div>\n\t\t\t\t\t<\/div>\n\t\t\t\t<\/div>\n\t\t<div class=\"elementor-element elementor-element-f0731bf e-flex e-con-boxed e-con e-child\" data-id=\"f0731bf\" data-element_type=\"container\">\n\t\t\t\t\t<div class=\"e-con-inner\">\n\t\t\t\t\t<\/div>\n\t\t\t\t<\/div>\n\t\t\t\t<\/div>\n\t\t\t\t<\/div>\n\t\t","protected":false},"excerpt":{"rendered":"<p>Basic industry Basic industrial sectors\u2014such as mining, steelmaking, textiles, electronics, and manufacturing\u2014operate under harsh conditions where wear, corrosion, high friction, abrasive particles, and thermal variations directly compromise productivity. To ensure operational continuity, productivity, and safety, critical components need to demonstrate consistent performance and durability. HEF acts as a technology partner to these markets, offering surface [&hellip;]<\/p>\n","protected":false},"author":1,"featured_media":0,"parent":0,"menu_order":0,"comment_status":"closed","ping_status":"closed","template":"","meta":{"_acf_changed":false,"footnotes":""},"class_list":["post-14139","page","type-page","status-publish","hentry"],"acf":[],"yoast_head":"<!-- This site is optimized with the Yoast SEO plugin v25.5 - https:\/\/yoast.com\/wordpress\/plugins\/seo\/ -->\n<title>Other Markets - HEF<\/title>\n<meta name=\"robots\" content=\"index, follow, max-snippet:-1, max-image-preview:large, max-video-preview:-1\" \/>\n<link rel=\"canonical\" href=\"https:\/\/hef.com.br\/sitehef\/en\/other-markets\/\" \/>\n<meta property=\"og:locale\" content=\"en_US\" \/>\n<meta property=\"og:type\" content=\"article\" \/>\n<meta property=\"og:title\" content=\"Other Markets - HEF\" \/>\n<meta property=\"og:description\" content=\"Basic industry Basic industrial sectors\u2014such as mining, steelmaking, textiles, electronics, and manufacturing\u2014operate under harsh conditions where wear, corrosion, high friction, abrasive particles, and thermal variations directly compromise productivity. To ensure operational continuity, productivity, and safety, critical components need to demonstrate consistent performance and durability. HEF acts as a technology partner to these markets, offering surface [&hellip;]\" \/>\n<meta property=\"og:url\" content=\"https:\/\/hef.com.br\/sitehef\/en\/other-markets\/\" \/>\n<meta property=\"og:site_name\" content=\"HEF\" \/>\n<meta property=\"article:modified_time\" content=\"2025-12-17T16:36:08+00:00\" \/>\n<meta property=\"og:image\" content=\"https:\/\/hef.com.br\/sitehef\/wp-content\/uploads\/2025\/10\/bg-hero-tribology.webp\" \/>\n\t<meta property=\"og:image:width\" content=\"1600\" \/>\n\t<meta property=\"og:image:height\" content=\"1067\" \/>\n\t<meta property=\"og:image:type\" content=\"image\/webp\" \/>\n<meta name=\"twitter:card\" content=\"summary_large_image\" \/>\n<meta name=\"twitter:label1\" content=\"Est. reading time\" \/>\n\t<meta name=\"twitter:data1\" content=\"1 minute\" \/>\n<script type=\"application\/ld+json\" class=\"yoast-schema-graph\">{\"@context\":\"https:\/\/schema.org\",\"@graph\":[{\"@type\":\"WebPage\",\"@id\":\"https:\/\/hef.com.br\/sitehef\/en\/other-markets\/\",\"url\":\"https:\/\/hef.com.br\/sitehef\/en\/other-markets\/\",\"name\":\"Other Markets - HEF\",\"isPartOf\":{\"@id\":\"https:\/\/hef.com.br\/sitehef\/en\/#website\"},\"primaryImageOfPage\":{\"@id\":\"https:\/\/hef.com.br\/sitehef\/en\/other-markets\/#primaryimage\"},\"image\":{\"@id\":\"https:\/\/hef.com.br\/sitehef\/en\/other-markets\/#primaryimage\"},\"thumbnailUrl\":\"https:\/\/hef.com.br\/sitehef\/wp-content\/uploads\/2025\/10\/bg-hero-tribology-1024x683.webp\",\"datePublished\":\"2025-10-15T21:21:01+00:00\",\"dateModified\":\"2025-12-17T16:36:08+00:00\",\"breadcrumb\":{\"@id\":\"https:\/\/hef.com.br\/sitehef\/en\/other-markets\/#breadcrumb\"},\"inLanguage\":\"en-US\",\"potentialAction\":[{\"@type\":\"ReadAction\",\"target\":[\"https:\/\/hef.com.br\/sitehef\/en\/other-markets\/\"]}]},{\"@type\":\"ImageObject\",\"inLanguage\":\"en-US\",\"@id\":\"https:\/\/hef.com.br\/sitehef\/en\/other-markets\/#primaryimage\",\"url\":\"https:\/\/hef.com.br\/sitehef\/wp-content\/uploads\/2025\/10\/bg-hero-tribology-1024x683.webp\",\"contentUrl\":\"https:\/\/hef.com.br\/sitehef\/wp-content\/uploads\/2025\/10\/bg-hero-tribology-1024x683.webp\"},{\"@type\":\"BreadcrumbList\",\"@id\":\"https:\/\/hef.com.br\/sitehef\/en\/other-markets\/#breadcrumb\",\"itemListElement\":[{\"@type\":\"ListItem\",\"position\":1,\"name\":\"Home\",\"item\":\"https:\/\/hef.com.br\/sitehef\/en\/home\/\"},{\"@type\":\"ListItem\",\"position\":2,\"name\":\"Other Markets\"}]},{\"@type\":\"WebSite\",\"@id\":\"https:\/\/hef.com.br\/sitehef\/en\/#website\",\"url\":\"https:\/\/hef.com.br\/sitehef\/en\/\",\"name\":\"HEF Groupe\",\"description\":\"Leader Mondial en ing\u00e9n\u00e9rie des mat\u00e9riaux de surfaces\",\"publisher\":{\"@id\":\"https:\/\/hef.com.br\/sitehef\/en\/#organization\"},\"potentialAction\":[{\"@type\":\"SearchAction\",\"target\":{\"@type\":\"EntryPoint\",\"urlTemplate\":\"https:\/\/hef.com.br\/sitehef\/en\/?s={search_term_string}\"},\"query-input\":{\"@type\":\"PropertyValueSpecification\",\"valueRequired\":true,\"valueName\":\"search_term_string\"}}],\"inLanguage\":\"en-US\"},{\"@type\":\"Organization\",\"@id\":\"https:\/\/hef.com.br\/sitehef\/en\/#organization\",\"name\":\"HEF Groupe\",\"url\":\"https:\/\/hef.com.br\/sitehef\/en\/\",\"logo\":{\"@type\":\"ImageObject\",\"inLanguage\":\"en-US\",\"@id\":\"https:\/\/hef.com.br\/sitehef\/en\/#\/schema\/logo\/image\/\",\"url\":\"https:\/\/hef.com.br\/sitehef\/wp-content\/uploads\/2025\/12\/cropped-HEF_GROUPE_BRASIL_FINAL-01.png\",\"contentUrl\":\"https:\/\/hef.com.br\/sitehef\/wp-content\/uploads\/2025\/12\/cropped-HEF_GROUPE_BRASIL_FINAL-01.png\",\"width\":708,\"height\":304,\"caption\":\"HEF Groupe\"},\"image\":{\"@id\":\"https:\/\/hef.com.br\/sitehef\/en\/#\/schema\/logo\/image\/\"}}]}<\/script>\n<!-- \/ Yoast SEO plugin. -->","yoast_head_json":{"title":"Other Markets - HEF","robots":{"index":"index","follow":"follow","max-snippet":"max-snippet:-1","max-image-preview":"max-image-preview:large","max-video-preview":"max-video-preview:-1"},"canonical":"https:\/\/hef.com.br\/sitehef\/en\/other-markets\/","og_locale":"en_US","og_type":"article","og_title":"Other Markets - HEF","og_description":"Basic industry Basic industrial sectors\u2014such as mining, steelmaking, textiles, electronics, and manufacturing\u2014operate under harsh conditions where wear, corrosion, high friction, abrasive particles, and thermal variations directly compromise productivity. To ensure operational continuity, productivity, and safety, critical components need to demonstrate consistent performance and durability. HEF acts as a technology partner to these markets, offering surface [&hellip;]","og_url":"https:\/\/hef.com.br\/sitehef\/en\/other-markets\/","og_site_name":"HEF","article_modified_time":"2025-12-17T16:36:08+00:00","og_image":[{"width":1600,"height":1067,"url":"https:\/\/hef.com.br\/sitehef\/wp-content\/uploads\/2025\/10\/bg-hero-tribology.webp","type":"image\/webp"}],"twitter_card":"summary_large_image","twitter_misc":{"Est. reading time":"1 minute"},"schema":{"@context":"https:\/\/schema.org","@graph":[{"@type":"WebPage","@id":"https:\/\/hef.com.br\/sitehef\/en\/other-markets\/","url":"https:\/\/hef.com.br\/sitehef\/en\/other-markets\/","name":"Other Markets - HEF","isPartOf":{"@id":"https:\/\/hef.com.br\/sitehef\/en\/#website"},"primaryImageOfPage":{"@id":"https:\/\/hef.com.br\/sitehef\/en\/other-markets\/#primaryimage"},"image":{"@id":"https:\/\/hef.com.br\/sitehef\/en\/other-markets\/#primaryimage"},"thumbnailUrl":"https:\/\/hef.com.br\/sitehef\/wp-content\/uploads\/2025\/10\/bg-hero-tribology-1024x683.webp","datePublished":"2025-10-15T21:21:01+00:00","dateModified":"2025-12-17T16:36:08+00:00","breadcrumb":{"@id":"https:\/\/hef.com.br\/sitehef\/en\/other-markets\/#breadcrumb"},"inLanguage":"en-US","potentialAction":[{"@type":"ReadAction","target":["https:\/\/hef.com.br\/sitehef\/en\/other-markets\/"]}]},{"@type":"ImageObject","inLanguage":"en-US","@id":"https:\/\/hef.com.br\/sitehef\/en\/other-markets\/#primaryimage","url":"https:\/\/hef.com.br\/sitehef\/wp-content\/uploads\/2025\/10\/bg-hero-tribology-1024x683.webp","contentUrl":"https:\/\/hef.com.br\/sitehef\/wp-content\/uploads\/2025\/10\/bg-hero-tribology-1024x683.webp"},{"@type":"BreadcrumbList","@id":"https:\/\/hef.com.br\/sitehef\/en\/other-markets\/#breadcrumb","itemListElement":[{"@type":"ListItem","position":1,"name":"Home","item":"https:\/\/hef.com.br\/sitehef\/en\/home\/"},{"@type":"ListItem","position":2,"name":"Other Markets"}]},{"@type":"WebSite","@id":"https:\/\/hef.com.br\/sitehef\/en\/#website","url":"https:\/\/hef.com.br\/sitehef\/en\/","name":"HEF Groupe","description":"Leader Mondial en ing\u00e9n\u00e9rie des mat\u00e9riaux de surfaces","publisher":{"@id":"https:\/\/hef.com.br\/sitehef\/en\/#organization"},"potentialAction":[{"@type":"SearchAction","target":{"@type":"EntryPoint","urlTemplate":"https:\/\/hef.com.br\/sitehef\/en\/?s={search_term_string}"},"query-input":{"@type":"PropertyValueSpecification","valueRequired":true,"valueName":"search_term_string"}}],"inLanguage":"en-US"},{"@type":"Organization","@id":"https:\/\/hef.com.br\/sitehef\/en\/#organization","name":"HEF Groupe","url":"https:\/\/hef.com.br\/sitehef\/en\/","logo":{"@type":"ImageObject","inLanguage":"en-US","@id":"https:\/\/hef.com.br\/sitehef\/en\/#\/schema\/logo\/image\/","url":"https:\/\/hef.com.br\/sitehef\/wp-content\/uploads\/2025\/12\/cropped-HEF_GROUPE_BRASIL_FINAL-01.png","contentUrl":"https:\/\/hef.com.br\/sitehef\/wp-content\/uploads\/2025\/12\/cropped-HEF_GROUPE_BRASIL_FINAL-01.png","width":708,"height":304,"caption":"HEF Groupe"},"image":{"@id":"https:\/\/hef.com.br\/sitehef\/en\/#\/schema\/logo\/image\/"}}]}},"_links":{"self":[{"href":"https:\/\/hef.com.br\/sitehef\/en\/wp-json\/wp\/v2\/pages\/14139","targetHints":{"allow":["GET"]}}],"collection":[{"href":"https:\/\/hef.com.br\/sitehef\/en\/wp-json\/wp\/v2\/pages"}],"about":[{"href":"https:\/\/hef.com.br\/sitehef\/en\/wp-json\/wp\/v2\/types\/page"}],"author":[{"embeddable":true,"href":"https:\/\/hef.com.br\/sitehef\/en\/wp-json\/wp\/v2\/users\/1"}],"replies":[{"embeddable":true,"href":"https:\/\/hef.com.br\/sitehef\/en\/wp-json\/wp\/v2\/comments?post=14139"}],"version-history":[{"count":4,"href":"https:\/\/hef.com.br\/sitehef\/en\/wp-json\/wp\/v2\/pages\/14139\/revisions"}],"predecessor-version":[{"id":15602,"href":"https:\/\/hef.com.br\/sitehef\/en\/wp-json\/wp\/v2\/pages\/14139\/revisions\/15602"}],"wp:attachment":[{"href":"https:\/\/hef.com.br\/sitehef\/en\/wp-json\/wp\/v2\/media?parent=14139"}],"curies":[{"name":"wp","href":"https:\/\/api.w.org\/{rel}","templated":true}]}}