{"id":15131,"date":"2025-12-07T18:16:36","date_gmt":"2025-12-07T17:16:36","guid":{"rendered":"https:\/\/hef.com.br\/sitehef\/esg-2\/"},"modified":"2025-12-16T20:31:34","modified_gmt":"2025-12-16T19:31:34","slug":"esg-2","status":"publish","type":"page","link":"https:\/\/hef.com.br\/sitehef\/en\/esg-2\/","title":{"rendered":"EN Fale Conosco &#8211; nova"},"content":{"rendered":"\t\t<div data-elementor-type=\"wp-page\" data-elementor-id=\"15131\" class=\"elementor elementor-15131 elementor-14687\" data-elementor-post-type=\"page\">\n\t\t\t\t<div class=\"elementor-element elementor-element-7931e33 e-con-full e-flex e-con e-parent\" data-id=\"7931e33\" data-element_type=\"container\" data-settings=\"{&quot;background_background&quot;:&quot;classic&quot;}\">\n\t\t<div class=\"elementor-element elementor-element-45e8298 e-flex e-con-boxed e-con e-child\" data-id=\"45e8298\" data-element_type=\"container\" data-settings=\"{&quot;background_background&quot;:&quot;video&quot;,&quot;background_video_link&quot;:&quot;https:\\\/\\\/www.youtube.com\\\/watch?v=A55yx67ZX5w&quot;,&quot;background_video_start&quot;:10}\">\n\t\t\t\t\t<div class=\"e-con-inner\">\n\t\t<div class=\"elementor-background-video-container elementor-hidden-mobile\" aria-hidden=\"true\">\n\t\t\t\t\t\t\t<div class=\"elementor-background-video-embed\"><\/div>\n\t\t\t\t\t\t<\/div>\t\t<div class=\"elementor-element elementor-element-6e699a6 elementor-align-left elementor-hidden-tablet elementor-hidden-mobile elementor-widget elementor-widget-breadcrumbs\" data-id=\"6e699a6\" data-element_type=\"widget\" data-widget_type=\"breadcrumbs.default\">\n\t\t\t\t\t<p id=\"breadcrumbs\"><span><span><a href=\"https:\/\/hef.com.br\/sitehef\/en\/home\/\">Home<\/a><\/span><\/span><\/p>\t\t\t\t<\/div>\n\t\t\t\t<div class=\"elementor-element elementor-element-35502f5 elementor-widget__width-initial animated-slow elementor-invisible elementor-widget elementor-widget-heading\" data-id=\"35502f5\" data-element_type=\"widget\" data-settings=\"{&quot;_animation&quot;:&quot;fadeIn&quot;}\" data-widget_type=\"heading.default\">\n\t\t\t\t\t<h1 class=\"elementor-heading-title elementor-size-default\">Contact us<\/h1>\t\t\t\t<\/div>\n\t\t\t\t<div class=\"elementor-element elementor-element-7faec1d elementor-widget__width-initial animated-slow elementor-invisible elementor-widget elementor-widget-text-editor\" data-id=\"7faec1d\" data-element_type=\"widget\" data-settings=\"{&quot;_animation&quot;:&quot;fadeIn&quot;}\" data-widget_type=\"text-editor.default\">\n\t\t\t\t\t\t\t\t\t<p style=\"font-weight: 400;\"><strong>Committed to the planet, driven by innovation: discover the sustainable initiatives of the HEF Group that are transforming the industry.<\/strong><\/p>\t\t\t\t\t\t\t\t<\/div>\n\t\t\t\t<div class=\"elementor-element elementor-element-3548605 elementor-tablet-align-center animated-slow elementor-invisible elementor-widget elementor-widget-button\" data-id=\"3548605\" data-element_type=\"widget\" data-settings=\"{&quot;_animation&quot;:&quot;fadeIn&quot;}\" data-widget_type=\"button.default\">\n\t\t\t\t\t\t\t\t\t\t<a class=\"elementor-button elementor-button-link elementor-size-sm\" href=\"#\">\n\t\t\t\t\t\t<span class=\"elementor-button-content-wrapper\">\n\t\t\t\t\t\t\t\t\t<span class=\"elementor-button-text\">Contact us<\/span>\n\t\t\t\t\t<\/span>\n\t\t\t\t\t<\/a>\n\t\t\t\t\t\t\t\t<\/div>\n\t\t\t\t\t<\/div>\n\t\t\t\t<\/div>\n\t\t\t\t<\/div>\n\t\t<div class=\"elementor-element elementor-element-f11ae73 e-con-full e-flex e-con e-parent\" data-id=\"f11ae73\" data-element_type=\"container\" data-settings=\"{&quot;background_background&quot;:&quot;classic&quot;}\">\n\t\t<div class=\"elementor-element elementor-element-078f8cb animated-slow e-flex e-con-boxed e-con e-child\" data-id=\"078f8cb\" data-element_type=\"container\" data-settings=\"{&quot;background_background&quot;:&quot;classic&quot;,&quot;animation&quot;:&quot;none&quot;}\">\n\t\t\t\t\t<div class=\"e-con-inner\">\n\t\t<div class=\"elementor-element elementor-element-dc13d4c e-con-full e-flex e-con e-child\" data-id=\"dc13d4c\" data-element_type=\"container\">\n\t\t\t\t<div class=\"elementor-element elementor-element-d42ee57 elementor-widget elementor-widget-heading\" data-id=\"d42ee57\" data-element_type=\"widget\" data-widget_type=\"heading.default\">\n\t\t\t\t\t<h2 class=\"elementor-heading-title elementor-size-default\">Contact us<\/h2>\t\t\t\t<\/div>\n\t\t\t\t<div class=\"elementor-element elementor-element-13267b1 elementor-widget elementor-widget-text-editor\" data-id=\"13267b1\" data-element_type=\"widget\" data-widget_type=\"text-editor.default\">\n\t\t\t\t\t\t\t\t\t<p>Aqui vai um texto caso necess\u00e1rio para o formul\u00b4srio de fale conosco e at\u00e9 mesmo outros contatos<\/p>\t\t\t\t\t\t\t\t<\/div>\n\t\t\t\t<\/div>\n\t\t\t\t<div class=\"elementor-element elementor-element-3dec18d elementor-widget__width-initial elementor-widget-mobile__width-initial elementor-button-align-stretch elementor-widget elementor-widget-form\" data-id=\"3dec18d\" data-element_type=\"widget\" data-settings=\"{&quot;step_next_label&quot;:&quot;Next&quot;,&quot;step_previous_label&quot;:&quot;Previous&quot;,&quot;button_width&quot;:&quot;100&quot;,&quot;step_type&quot;:&quot;number_text&quot;,&quot;step_icon_shape&quot;:&quot;circle&quot;}\" data-widget_type=\"form.default\">\n\t\t\t\t\t\t\t<form class=\"elementor-form\" method=\"post\" name=\"Come visit us\" aria-label=\"Come visit us\">\n\t\t\t<input type=\"hidden\" name=\"post_id\" value=\"15131\"\/>\n\t\t\t<input type=\"hidden\" name=\"form_id\" value=\"3dec18d\"\/>\n\t\t\t<input type=\"hidden\" name=\"referer_title\" value=\"HEF\" \/>\n\n\t\t\t\n\t\t\t<div class=\"elementor-form-fields-wrapper elementor-labels-above\">\n\t\t\t\t\t\t\t\t<div class=\"elementor-field-type-text elementor-field-group elementor-column elementor-field-group-name elementor-col-100 elementor-field-required\">\n\t\t\t\t\t\t\t\t\t\t\t\t\t<input size=\"1\" type=\"text\" name=\"form_fields[name]\" id=\"form-field-name\" class=\"elementor-field elementor-size-sm  elementor-field-textual\" placeholder=\"Full Name\" required=\"required\">\n\t\t\t\t\t\t\t\t\t\t\t<\/div>\n\t\t\t\t\t\t\t\t<div class=\"elementor-field-type-text elementor-field-group elementor-column elementor-field-group-field_171e270 elementor-col-100 elementor-field-required\">\n\t\t\t\t\t\t\t\t\t\t\t\t\t<input size=\"1\" type=\"text\" name=\"form_fields[field_171e270]\" id=\"form-field-field_171e270\" class=\"elementor-field elementor-size-sm  elementor-field-textual\" placeholder=\"Empresa\" required=\"required\">\n\t\t\t\t\t\t\t\t\t\t\t<\/div>\n\t\t\t\t\t\t\t\t<div class=\"elementor-field-type-email elementor-field-group elementor-column elementor-field-group-message elementor-col-100 elementor-field-required\">\n\t\t\t\t\t\t\t\t\t\t\t\t\t<input size=\"1\" type=\"email\" name=\"form_fields[message]\" id=\"form-field-message\" class=\"elementor-field elementor-size-sm  elementor-field-textual\" placeholder=\"E-mail\" required=\"required\">\n\t\t\t\t\t\t\t\t\t\t\t<\/div>\n\t\t\t\t\t\t\t\t<div class=\"elementor-field-type-number elementor-field-group elementor-column elementor-field-group-field_81f0d43 elementor-col-100 elementor-field-required\">\n\t\t\t\t\t\t\t\t<input type=\"number\" name=\"form_fields[field_81f0d43]\" id=\"form-field-field_81f0d43\" class=\"elementor-field elementor-size-sm  elementor-field-textual\" placeholder=\"Telephone with area code\" required=\"required\" min=\"\" max=\"\" >\n\t\t\t\t\t\t<\/div>\n\t\t\t\t\t\t\t\t<div class=\"elementor-field-type-select elementor-field-group elementor-column elementor-field-group-field_2df9d50 elementor-col-100 elementor-field-required\">\n\t\t\t\t\t\t\t\t\t\t\t\t<label for=\"form-field-field_2df9d50\" class=\"elementor-field-label\">\n\t\t\t\t\t\t\t\tArea of \u200b\u200binterest\t\t\t\t\t\t\t<\/label>\n\t\t\t\t\t\t\t\t<div class=\"elementor-field elementor-select-wrapper remove-before \">\n\t\t\t<div class=\"select-caret-down-wrapper\">\n\t\t\t\t<svg aria-hidden=\"true\" class=\"e-font-icon-svg e-eicon-caret-down\" viewBox=\"0 0 571.4 571.4\" xmlns=\"http:\/\/www.w3.org\/2000\/svg\"><path d=\"M571 393Q571 407 561 418L311 668Q300 679 286 679T261 668L11 418Q0 407 0 393T11 368 36 357H536Q550 357 561 368T571 393Z\"><\/path><\/svg>\t\t\t<\/div>\n\t\t\t<select name=\"form_fields[field_2df9d50]\" id=\"form-field-field_2df9d50\" class=\"elementor-field-textual elementor-size-sm\" required=\"required\">\n\t\t\t\t\t\t\t\t\t<option value=\"ESCOLHA UMA OP\u00c7\u00c3O\">ESCOLHA UMA OP\u00c7\u00c3O<\/option>\n\t\t\t\t\t\t\t\t\t<option value=\"CLIN\">CLIN<\/option>\n\t\t\t\t\t\t\t\t\t<option value=\"DLC\">DLC<\/option>\n\t\t\t\t\t\t\t\t\t<option value=\"PINTURAS\">PINTURAS<\/option>\n\t\t\t\t\t\t\t\t\t<option value=\"SAIS\">SAIS<\/option>\n\t\t\t\t\t\t\t\t\t<option value=\"\"><\/option>\n\t\t\t\t\t\t\t\t\t<option value=\"\"><\/option>\n\t\t\t\t\t\t\t<\/select>\n\t\t<\/div>\n\t\t\t\t\t\t<\/div>\n\t\t\t\t\t\t\t\t<div class=\"elementor-field-type-textarea elementor-field-group elementor-column elementor-field-group-field_98dd208 elementor-col-100\">\n\t\t\t\t\t<textarea class=\"elementor-field-textual elementor-field  elementor-size-sm\" name=\"form_fields[field_98dd208]\" id=\"form-field-field_98dd208\" rows=\"4\" placeholder=\"Mensagem\"><\/textarea>\t\t\t\t<\/div>\n\t\t\t\t\t\t\t\t<div class=\"elementor-field-group elementor-column elementor-field-type-submit elementor-col-100 e-form__buttons\">\n\t\t\t\t\t<button class=\"elementor-button elementor-size-sm\" type=\"submit\">\n\t\t\t\t\t\t<span class=\"elementor-button-content-wrapper\">\n\t\t\t\t\t\t\t\t\t\t\t\t\t\t\t\t\t\t\t\t\t\t<span class=\"elementor-button-text\">Send<\/span>\n\t\t\t\t\t\t\t\t\t\t\t\t\t<\/span>\n\t\t\t\t\t<\/button>\n\t\t\t\t<\/div>\n\t\t\t<\/div>\n\t\t<\/form>\n\t\t\t\t\t\t<\/div>\n\t\t\t\t\t<\/div>\n\t\t\t\t<\/div>\n\t\t\t\t<\/div>\n\t\t\t\t<\/div>\n\t\t","protected":false},"excerpt":{"rendered":"<p>Contact us Committed to the planet, driven by innovation: discover the sustainable initiatives of the HEF Group that are transforming the industry. Contact us Contact us Aqui vai um texto caso necess\u00e1rio para o formul\u00b4srio de fale conosco e at\u00e9 mesmo outros contatos<\/p>\n","protected":false},"author":1,"featured_media":0,"parent":0,"menu_order":0,"comment_status":"closed","ping_status":"closed","template":"","meta":{"_acf_changed":false,"footnotes":""},"class_list":["post-15131","page","type-page","status-publish","hentry"],"acf":[],"yoast_head":"<!-- This site is optimized with the Yoast SEO plugin v25.5 - https:\/\/yoast.com\/wordpress\/plugins\/seo\/ -->\n<title>EN Fale Conosco - nova - HEF<\/title>\n<meta name=\"robots\" content=\"index, follow, max-snippet:-1, max-image-preview:large, max-video-preview:-1\" \/>\n<link rel=\"canonical\" href=\"https:\/\/hef.com.br\/sitehef\/en\/esg-2\/\" \/>\n<meta property=\"og:locale\" content=\"en_US\" \/>\n<meta property=\"og:type\" content=\"article\" \/>\n<meta property=\"og:title\" content=\"EN Fale Conosco - nova - HEF\" \/>\n<meta property=\"og:description\" content=\"Contact us Committed to the planet, driven by innovation: discover the sustainable initiatives of the HEF Group that are transforming the industry. Contact us Contact us Aqui vai um texto caso necess\u00e1rio para o formul\u00b4srio de fale conosco e at\u00e9 mesmo outros contatos\" \/>\n<meta property=\"og:url\" content=\"https:\/\/hef.com.br\/sitehef\/en\/esg-2\/\" \/>\n<meta property=\"og:site_name\" content=\"HEF\" \/>\n<meta property=\"article:modified_time\" content=\"2025-12-16T19:31:34+00:00\" \/>\n<meta name=\"twitter:card\" content=\"summary_large_image\" \/>\n<script type=\"application\/ld+json\" class=\"yoast-schema-graph\">{\"@context\":\"https:\/\/schema.org\",\"@graph\":[{\"@type\":\"WebPage\",\"@id\":\"https:\/\/hef.com.br\/sitehef\/en\/esg-2\/\",\"url\":\"https:\/\/hef.com.br\/sitehef\/en\/esg-2\/\",\"name\":\"EN Fale Conosco - nova - HEF\",\"isPartOf\":{\"@id\":\"https:\/\/hef.com.br\/sitehef\/en\/#website\"},\"datePublished\":\"2025-12-07T17:16:36+00:00\",\"dateModified\":\"2025-12-16T19:31:34+00:00\",\"breadcrumb\":{\"@id\":\"https:\/\/hef.com.br\/sitehef\/en\/esg-2\/#breadcrumb\"},\"inLanguage\":\"en-US\",\"potentialAction\":[{\"@type\":\"ReadAction\",\"target\":[\"https:\/\/hef.com.br\/sitehef\/en\/esg-2\/\"]}]},{\"@type\":\"BreadcrumbList\",\"@id\":\"https:\/\/hef.com.br\/sitehef\/en\/esg-2\/#breadcrumb\",\"itemListElement\":[{\"@type\":\"ListItem\",\"position\":1,\"name\":\"Home\",\"item\":\"https:\/\/hef.com.br\/sitehef\/en\/home\/\"},{\"@type\":\"ListItem\",\"position\":2,\"name\":\"EN Fale Conosco &#8211; nova\"}]},{\"@type\":\"WebSite\",\"@id\":\"https:\/\/hef.com.br\/sitehef\/en\/#website\",\"url\":\"https:\/\/hef.com.br\/sitehef\/en\/\",\"name\":\"HEF Groupe\",\"description\":\"Leader Mondial en ing\u00e9n\u00e9rie des mat\u00e9riaux de surfaces\",\"publisher\":{\"@id\":\"https:\/\/hef.com.br\/sitehef\/en\/#organization\"},\"potentialAction\":[{\"@type\":\"SearchAction\",\"target\":{\"@type\":\"EntryPoint\",\"urlTemplate\":\"https:\/\/hef.com.br\/sitehef\/en\/?s={search_term_string}\"},\"query-input\":{\"@type\":\"PropertyValueSpecification\",\"valueRequired\":true,\"valueName\":\"search_term_string\"}}],\"inLanguage\":\"en-US\"},{\"@type\":\"Organization\",\"@id\":\"https:\/\/hef.com.br\/sitehef\/en\/#organization\",\"name\":\"HEF Groupe\",\"url\":\"https:\/\/hef.com.br\/sitehef\/en\/\",\"logo\":{\"@type\":\"ImageObject\",\"inLanguage\":\"en-US\",\"@id\":\"https:\/\/hef.com.br\/sitehef\/en\/#\/schema\/logo\/image\/\",\"url\":\"https:\/\/hef.com.br\/sitehef\/wp-content\/uploads\/2025\/12\/cropped-HEF_GROUPE_BRASIL_FINAL-01.png\",\"contentUrl\":\"https:\/\/hef.com.br\/sitehef\/wp-content\/uploads\/2025\/12\/cropped-HEF_GROUPE_BRASIL_FINAL-01.png\",\"width\":708,\"height\":304,\"caption\":\"HEF Groupe\"},\"image\":{\"@id\":\"https:\/\/hef.com.br\/sitehef\/en\/#\/schema\/logo\/image\/\"}}]}<\/script>\n<!-- \/ Yoast SEO plugin. -->","yoast_head_json":{"title":"EN Fale Conosco - nova - HEF","robots":{"index":"index","follow":"follow","max-snippet":"max-snippet:-1","max-image-preview":"max-image-preview:large","max-video-preview":"max-video-preview:-1"},"canonical":"https:\/\/hef.com.br\/sitehef\/en\/esg-2\/","og_locale":"en_US","og_type":"article","og_title":"EN Fale Conosco - nova - HEF","og_description":"Contact us Committed to the planet, driven by innovation: discover the sustainable initiatives of the HEF Group that are transforming the industry. Contact us Contact us Aqui vai um texto caso necess\u00e1rio para o formul\u00b4srio de fale conosco e at\u00e9 mesmo outros contatos","og_url":"https:\/\/hef.com.br\/sitehef\/en\/esg-2\/","og_site_name":"HEF","article_modified_time":"2025-12-16T19:31:34+00:00","twitter_card":"summary_large_image","schema":{"@context":"https:\/\/schema.org","@graph":[{"@type":"WebPage","@id":"https:\/\/hef.com.br\/sitehef\/en\/esg-2\/","url":"https:\/\/hef.com.br\/sitehef\/en\/esg-2\/","name":"EN Fale Conosco - nova - HEF","isPartOf":{"@id":"https:\/\/hef.com.br\/sitehef\/en\/#website"},"datePublished":"2025-12-07T17:16:36+00:00","dateModified":"2025-12-16T19:31:34+00:00","breadcrumb":{"@id":"https:\/\/hef.com.br\/sitehef\/en\/esg-2\/#breadcrumb"},"inLanguage":"en-US","potentialAction":[{"@type":"ReadAction","target":["https:\/\/hef.com.br\/sitehef\/en\/esg-2\/"]}]},{"@type":"BreadcrumbList","@id":"https:\/\/hef.com.br\/sitehef\/en\/esg-2\/#breadcrumb","itemListElement":[{"@type":"ListItem","position":1,"name":"Home","item":"https:\/\/hef.com.br\/sitehef\/en\/home\/"},{"@type":"ListItem","position":2,"name":"EN Fale Conosco &#8211; nova"}]},{"@type":"WebSite","@id":"https:\/\/hef.com.br\/sitehef\/en\/#website","url":"https:\/\/hef.com.br\/sitehef\/en\/","name":"HEF Groupe","description":"Leader Mondial en ing\u00e9n\u00e9rie des mat\u00e9riaux de surfaces","publisher":{"@id":"https:\/\/hef.com.br\/sitehef\/en\/#organization"},"potentialAction":[{"@type":"SearchAction","target":{"@type":"EntryPoint","urlTemplate":"https:\/\/hef.com.br\/sitehef\/en\/?s={search_term_string}"},"query-input":{"@type":"PropertyValueSpecification","valueRequired":true,"valueName":"search_term_string"}}],"inLanguage":"en-US"},{"@type":"Organization","@id":"https:\/\/hef.com.br\/sitehef\/en\/#organization","name":"HEF Groupe","url":"https:\/\/hef.com.br\/sitehef\/en\/","logo":{"@type":"ImageObject","inLanguage":"en-US","@id":"https:\/\/hef.com.br\/sitehef\/en\/#\/schema\/logo\/image\/","url":"https:\/\/hef.com.br\/sitehef\/wp-content\/uploads\/2025\/12\/cropped-HEF_GROUPE_BRASIL_FINAL-01.png","contentUrl":"https:\/\/hef.com.br\/sitehef\/wp-content\/uploads\/2025\/12\/cropped-HEF_GROUPE_BRASIL_FINAL-01.png","width":708,"height":304,"caption":"HEF Groupe"},"image":{"@id":"https:\/\/hef.com.br\/sitehef\/en\/#\/schema\/logo\/image\/"}}]}},"_links":{"self":[{"href":"https:\/\/hef.com.br\/sitehef\/en\/wp-json\/wp\/v2\/pages\/15131","targetHints":{"allow":["GET"]}}],"collection":[{"href":"https:\/\/hef.com.br\/sitehef\/en\/wp-json\/wp\/v2\/pages"}],"about":[{"href":"https:\/\/hef.com.br\/sitehef\/en\/wp-json\/wp\/v2\/types\/page"}],"author":[{"embeddable":true,"href":"https:\/\/hef.com.br\/sitehef\/en\/wp-json\/wp\/v2\/users\/1"}],"replies":[{"embeddable":true,"href":"https:\/\/hef.com.br\/sitehef\/en\/wp-json\/wp\/v2\/comments?post=15131"}],"version-history":[{"count":3,"href":"https:\/\/hef.com.br\/sitehef\/en\/wp-json\/wp\/v2\/pages\/15131\/revisions"}],"predecessor-version":[{"id":15429,"href":"https:\/\/hef.com.br\/sitehef\/en\/wp-json\/wp\/v2\/pages\/15131\/revisions\/15429"}],"wp:attachment":[{"href":"https:\/\/hef.com.br\/sitehef\/en\/wp-json\/wp\/v2\/media?parent=15131"}],"curies":[{"name":"wp","href":"https:\/\/api.w.org\/{rel}","templated":true}]}}