{"id":15312,"date":"2025-12-15T23:22:41","date_gmt":"2025-12-15T22:22:41","guid":{"rendered":"https:\/\/hef.com.br\/sitehef\/revestimentos-pvd-pacvd\/"},"modified":"2025-12-16T20:40:07","modified_gmt":"2025-12-16T19:40:07","slug":"revestimentos-pvd-pacvd","status":"publish","type":"page","link":"https:\/\/hef.com.br\/sitehef\/en\/revestimentos-pvd-pacvd\/","title":{"rendered":"PVD\/PACVD coatings"},"content":{"rendered":"\t\t<div data-elementor-type=\"wp-page\" data-elementor-id=\"15312\" class=\"elementor elementor-15312 elementor-15296\" data-elementor-post-type=\"page\">\n\t\t\t\t<div class=\"elementor-element elementor-element-4d214de5 e-con-full e-flex e-con e-parent\" data-id=\"4d214de5\" data-element_type=\"container\" data-settings=\"{&quot;background_background&quot;:&quot;gradient&quot;}\">\n\t\t<div class=\"elementor-element elementor-element-5451f229 e-flex e-con-boxed e-con e-child\" data-id=\"5451f229\" data-element_type=\"container\">\n\t\t\t\t\t<div class=\"e-con-inner\">\n\t\t\t\t<div class=\"elementor-element elementor-element-2a32f58c elementor-align-left elementor-hidden-tablet elementor-hidden-mobile elementor-widget elementor-widget-breadcrumbs\" data-id=\"2a32f58c\" data-element_type=\"widget\" data-widget_type=\"breadcrumbs.default\">\n\t\t\t\t\t<p id=\"breadcrumbs\"><span><span><a href=\"https:\/\/hef.com.br\/sitehef\/en\/home\/\">Home<\/a><\/span><\/span><\/p>\t\t\t\t<\/div>\n\t\t\t\t<div class=\"elementor-element elementor-element-21e83345 elementor-widget__width-inherit animated-slow elementor-invisible elementor-widget elementor-widget-heading\" data-id=\"21e83345\" data-element_type=\"widget\" data-settings=\"{&quot;_animation&quot;:&quot;fadeIn&quot;}\" data-widget_type=\"heading.default\">\n\t\t\t\t\t<h1 class=\"elementor-heading-title elementor-size-default\">PVD\/PACVD coatings<\/h1>\t\t\t\t<\/div>\n\t\t\t\t\t<\/div>\n\t\t\t\t<\/div>\n\t\t\t\t<\/div>\n\t\t<div class=\"elementor-element elementor-element-30f9313e e-con-full e-flex e-con e-parent\" data-id=\"30f9313e\" data-element_type=\"container\" data-settings=\"{&quot;background_background&quot;:&quot;classic&quot;}\">\n\t\t<div class=\"elementor-element elementor-element-7b5d4b0f e-flex e-con-boxed e-con e-child\" data-id=\"7b5d4b0f\" data-element_type=\"container\" data-settings=\"{&quot;background_background&quot;:&quot;classic&quot;}\">\n\t\t\t\t\t<div class=\"e-con-inner\">\n\t\t<div class=\"elementor-element elementor-element-67293896 e-con-full e-flex e-con e-child\" data-id=\"67293896\" data-element_type=\"container\">\n\t\t\t\t<div class=\"elementor-element elementor-element-606bd8f9 animated-slow elementor-invisible elementor-widget elementor-widget-heading\" data-id=\"606bd8f9\" data-element_type=\"widget\" data-settings=\"{&quot;_animation&quot;:&quot;fadeIn&quot;}\" data-widget_type=\"heading.default\">\n\t\t\t\t\t<h2 class=\"elementor-heading-title elementor-size-default\">PVD\/PACVD Coating Technologies - CERTESS\u2122 (CERTESS\u2122 CARBON, CERTESS\u2122 NITRO, CERTESS\u2122 OPTAL, CERTESS\u2122 LOOK, CERTESS\u2122 EJECT, CERTESS\u2122 LIFE, CERTESS\u2122 ELEC)<\/h2>\t\t\t\t<\/div>\n\t\t\t\t<div class=\"elementor-element elementor-element-c240a84 animated-slow elementor-invisible elementor-widget elementor-widget-text-editor\" data-id=\"c240a84\" data-element_type=\"widget\" data-settings=\"{&quot;_animation&quot;:&quot;fadeIn&quot;}\" data-widget_type=\"text-editor.default\">\n\t\t\t\t\t\t\t\t\t<p>HEF&#8217;s CERTESS\u2122 technologies consist of environmentally friendly (zero impact) coatings with high surface hardness (up to 3000 HV) that are deposited on the surfaces of various types of materials, mainly cemented carbide. This deposition occurs via PVD\/PACVD (Physical Vapor Deposition\/Plasma Activated Chemical Vapor Deposition) processes, resulting in thin layers a few \u00b5m thick (between 2\u00b5m and 5\u00b5m). Despite being relatively thin, these layers, when correctly combined with the substrate, provide a significant gain in tribological performance of the coated parts.  <\/p><p>In principle, these processes reproduce the surface finish of the substrate; therefore, their application presupposes that the part to be coated has its final dimensions and finish, with the coating being the last operation in the manufacturing process.<\/p>\t\t\t\t\t\t\t\t<\/div>\n\t\t\t\t<\/div>\n\t\t\t\t<div class=\"elementor-element elementor-element-441a3108 elementor-widget__width-initial elementor-widget-tablet__width-inherit animated-slow elementor-invisible elementor-widget elementor-widget-image\" data-id=\"441a3108\" data-element_type=\"widget\" data-settings=\"{&quot;_animation&quot;:&quot;fadeIn&quot;}\" data-widget_type=\"image.default\">\n\t\t\t\t\t\t\t\t\t\t\t\t\t\t\t<img fetchpriority=\"high\" decoding=\"async\" width=\"800\" height=\"601\" src=\"https:\/\/hef.com.br\/sitehef\/wp-content\/uploads\/2025\/12\/IMG_0273-1024x769.jpg\" class=\"attachment-large size-large wp-image-14398\" alt=\"\" srcset=\"https:\/\/hef.com.br\/sitehef\/wp-content\/uploads\/2025\/12\/IMG_0273-1024x769.jpg 1024w, https:\/\/hef.com.br\/sitehef\/wp-content\/uploads\/2025\/12\/IMG_0273-300x225.jpg 300w, https:\/\/hef.com.br\/sitehef\/wp-content\/uploads\/2025\/12\/IMG_0273-768x576.jpg 768w, https:\/\/hef.com.br\/sitehef\/wp-content\/uploads\/2025\/12\/IMG_0273-1536x1153.jpg 1536w, https:\/\/hef.com.br\/sitehef\/wp-content\/uploads\/2025\/12\/IMG_0273.jpg 1920w\" sizes=\"(max-width: 800px) 100vw, 800px\" \/>\t\t\t\t\t\t\t\t\t\t\t\t\t\t\t<\/div>\n\t\t\t\t\t<\/div>\n\t\t\t\t<\/div>\n\t\t<div class=\"elementor-element elementor-element-299075e2 e-flex e-con-boxed e-con e-child\" data-id=\"299075e2\" data-element_type=\"container\">\n\t\t\t\t\t<div class=\"e-con-inner\">\n\t\t\t\t<div class=\"elementor-element elementor-element-60eb762 elementor-widget__width-initial elementor-widget elementor-widget-video\" data-id=\"60eb762\" data-element_type=\"widget\" data-settings=\"{&quot;youtube_url&quot;:&quot;https:\\\/\\\/www.youtube.com\\\/watch?v=laEYJIDjkzA&amp;t=6s&quot;,&quot;video_type&quot;:&quot;youtube&quot;,&quot;controls&quot;:&quot;yes&quot;}\" data-widget_type=\"video.default\">\n\t\t\t\t\t\t\t<div class=\"elementor-wrapper elementor-open-inline\">\n\t\t\t<div class=\"elementor-video\"><\/div>\t\t<\/div>\n\t\t\t\t\t\t<\/div>\n\t\t<div class=\"elementor-element elementor-element-8636de e-con-full e-flex e-con e-child\" data-id=\"8636de\" data-element_type=\"container\">\n\t\t\t\t<div class=\"elementor-element elementor-element-fb1d306 animated-slow elementor-invisible elementor-widget elementor-widget-text-editor\" data-id=\"fb1d306\" data-element_type=\"widget\" data-settings=\"{&quot;_animation&quot;:&quot;fadeIn&quot;}\" data-widget_type=\"text-editor.default\">\n\t\t\t\t\t\t\t\t\t<p>Specifically in the PACVD process, there is a sequential combination of PVD and CVD processes within a vacuum chamber. In PVD, the material to be deposited is initially vaporized and ionized, forming a plasma. Due to the potential difference, the ions, in pure form or combined with nitrogen and\/or carbon atoms, are attracted to the surface of the parts to be coated. Additionally, CVD occurs, where the element to be deposited, via plasma, comes from the decomposition of a gas through a chemical reaction. The layer material condenses on the surface of the parts being coated.    <\/p><p> <\/p><p>HEF has been developing and innovating in the field of PVD-PECVD and PVD technology for over 50 years and, due to its mastery of the process, has developed a series of coatings, such as CERTESS\u2122 CARBON and CERTESS\u2122 NITRO, which cover a wide range of applications, providing properties such as increased wear resistance, reduced friction and increased service life of mechanical components.<\/p>\t\t\t\t\t\t\t\t<\/div>\n\t\t\t\t<\/div>\n\t\t\t\t\t<\/div>\n\t\t\t\t<\/div>\n\t\t<div class=\"elementor-element elementor-element-3e89fce6 e-flex e-con-boxed e-con e-child\" data-id=\"3e89fce6\" data-element_type=\"container\" data-settings=\"{&quot;background_background&quot;:&quot;classic&quot;}\">\n\t\t\t\t\t<div class=\"e-con-inner\">\n\t\t<div class=\"elementor-element elementor-element-f0eea96 e-con-full e-flex e-con e-child\" data-id=\"f0eea96\" data-element_type=\"container\" data-settings=\"{&quot;background_background&quot;:&quot;classic&quot;}\">\n\t\t<div class=\"elementor-element elementor-element-bfd442e e-con-full e-flex e-con e-child\" data-id=\"bfd442e\" data-element_type=\"container\">\n\t\t\t\t<div class=\"elementor-element elementor-element-e0a6575 elementor-invisible elementor-widget elementor-widget-heading\" data-id=\"e0a6575\" data-element_type=\"widget\" data-settings=\"{&quot;_animation&quot;:&quot;fadeIn&quot;}\" data-widget_type=\"heading.default\">\n\t\t\t\t\t<h2 class=\"elementor-heading-title elementor-size-default\"><p><span lang=\"FR\">CERTESS\u2122 CARBON \u2013 DLC<\/span><\/p><\/h2>\t\t\t\t<\/div>\n\t\t\t\t<div class=\"elementor-element elementor-element-e696fd7 elementor-invisible elementor-widget elementor-widget-text-editor\" data-id=\"e696fd7\" data-element_type=\"widget\" data-settings=\"{&quot;_animation&quot;:&quot;fadeIn&quot;}\" data-widget_type=\"text-editor.default\">\n\t\t\t\t\t\t\t\t\t<p>With the PACVD technique, an important family of coatings can be produced: DLC (Diamond-Like Carbon) layers. It is an amorphous carbon structure represented by the symbol a-C:H, which may contain some fraction of metallic elements, such as W, Ti, and Si, depending on the required properties. <\/p><p>To improve the adhesion of DLC layers, an intermediate layer is usually applied between the substrate and the DLC, also called an adhesion layer. This layer can be composed of a metallic element (e.g., Cr), a metallic nitride (e.g., CrN), a metallic carbide (e.g., WC, WCC), or a combination of all three. The micrograph below shows this layered structure:  <\/p>\t\t\t\t\t\t\t\t<\/div>\n\t\t\t\t<div class=\"elementor-element elementor-element-e54669c elementor-widget elementor-widget-spacer\" data-id=\"e54669c\" data-element_type=\"widget\" data-widget_type=\"spacer.default\">\n\t\t\t\t\t\t\t<div class=\"elementor-spacer\">\n\t\t\t<div class=\"elementor-spacer-inner\"><\/div>\n\t\t<\/div>\n\t\t\t\t\t\t<\/div>\n\t\t\t\t<\/div>\n\t\t\t\t<div class=\"elementor-element elementor-element-9523c23 elementor-widget__width-initial elementor-widget-tablet__width-inherit elementor-invisible elementor-widget elementor-widget-image\" data-id=\"9523c23\" data-element_type=\"widget\" data-settings=\"{&quot;_animation&quot;:&quot;fadeIn&quot;}\" data-widget_type=\"image.default\">\n\t\t\t\t\t\t\t\t\t\t\t\t\t\t\t<img decoding=\"async\" width=\"567\" height=\"182\" src=\"https:\/\/hef.com.br\/sitehef\/wp-content\/uploads\/2025\/12\/Imagem3.png\" class=\"attachment-large size-large wp-image-15346\" alt=\"\" srcset=\"https:\/\/hef.com.br\/sitehef\/wp-content\/uploads\/2025\/12\/Imagem3.png 567w, https:\/\/hef.com.br\/sitehef\/wp-content\/uploads\/2025\/12\/Imagem3-300x96.png 300w\" sizes=\"(max-width: 567px) 100vw, 567px\" \/>\t\t\t\t\t\t\t\t\t\t\t\t\t\t\t<\/div>\n\t\t\t\t<\/div>\n\t\t\t\t\t<\/div>\n\t\t\t\t<\/div>\n\t\t<div class=\"elementor-element elementor-element-72d5199 e-flex e-con-boxed e-con e-child\" data-id=\"72d5199\" data-element_type=\"container\">\n\t\t\t\t\t<div class=\"e-con-inner\">\n\t\t\t\t<div class=\"elementor-element elementor-element-56a11bb elementor-widget__width-initial elementor-widget elementor-widget-image\" data-id=\"56a11bb\" data-element_type=\"widget\" data-widget_type=\"image.default\">\n\t\t\t\t\t\t\t\t\t\t\t\t\t\t\t<img decoding=\"async\" width=\"709\" height=\"752\" src=\"https:\/\/hef.com.br\/sitehef\/wp-content\/uploads\/2025\/12\/Imagem4.jpg\" class=\"attachment-large size-large wp-image-15350\" alt=\"\" srcset=\"https:\/\/hef.com.br\/sitehef\/wp-content\/uploads\/2025\/12\/Imagem4.jpg 709w, https:\/\/hef.com.br\/sitehef\/wp-content\/uploads\/2025\/12\/Imagem4-283x300.jpg 283w\" sizes=\"(max-width: 709px) 100vw, 709px\" \/>\t\t\t\t\t\t\t\t\t\t\t\t\t\t\t<\/div>\n\t\t<div class=\"elementor-element elementor-element-773b7bc e-con-full e-flex e-con e-child\" data-id=\"773b7bc\" data-element_type=\"container\">\n\t\t\t\t<div class=\"elementor-element elementor-element-abbe647 animated-slow elementor-invisible elementor-widget elementor-widget-text-editor\" data-id=\"abbe647\" data-element_type=\"widget\" data-settings=\"{&quot;_animation&quot;:&quot;fadeIn&quot;}\" data-widget_type=\"text-editor.default\">\n\t\t\t\t\t\t\t\t\t<p>DLC layers can be seen as an intermediate compound between carbon in the form of graphite and carbon in the form of diamond. Depending on the coating process conditions, it is possible to regulate the hardness (up to 3000 HV), roughness, and lubricity of the layer, thus combining in a single product the sliding characteristic of graphite (very low coefficient of friction and low tendency to seize) with the high hardness of diamond. In addition to these characteristics, the sophisticated aesthetic finish and low-temperature deposition (down to 200\u00b0C) make DLC an alternative for complex, high-performance parts.  <\/p><p>The table below shows some examples of DLC coatings for precision mechanical components. The thickness and hardness values \u200b\u200bare adjusted according to the application, and the table shows typical usage ranges. <\/p><p> <\/p><p>Main components treated with CERTESS\u2122 CARBON technology: piston pins, valve lifters, injection system components, air conditioning compressor vanes, plastic injection molds.<br><br>For more information on all types of CERTESS\u2122 coatings, click and access our Datasheet:<\/p>\t\t\t\t\t\t\t\t<\/div>\n\t\t\t\t<div class=\"elementor-element elementor-element-5ed444c elementor-widget elementor-widget-spacer\" data-id=\"5ed444c\" data-element_type=\"widget\" data-widget_type=\"spacer.default\">\n\t\t\t\t\t\t\t<div class=\"elementor-spacer\">\n\t\t\t<div class=\"elementor-spacer-inner\"><\/div>\n\t\t<\/div>\n\t\t\t\t\t\t<\/div>\n\t\t\t\t<div class=\"elementor-element elementor-element-760b41a elementor-widget elementor-widget-button\" data-id=\"760b41a\" data-element_type=\"widget\" data-widget_type=\"button.default\">\n\t\t\t\t\t\t\t\t\t\t<a class=\"elementor-button elementor-button-link elementor-size-sm\" href=\"https:\/\/hef.com.br\/sitehef\/wp-content\/uploads\/2025\/12\/PVD.pdf\">\n\t\t\t\t\t\t<span class=\"elementor-button-content-wrapper\">\n\t\t\t\t\t\t\t\t\t<span class=\"elementor-button-text\">Acesse o mundo PVD<\/span>\n\t\t\t\t\t<\/span>\n\t\t\t\t\t<\/a>\n\t\t\t\t\t\t\t\t<\/div>\n\t\t\t\t<\/div>\n\t\t\t\t\t<\/div>\n\t\t\t\t<\/div>\n\t\t\t\t<\/div>\n\t\t\t\t<\/div>\n\t\t","protected":false},"excerpt":{"rendered":"<p>PVD\/PACVD Coating Technologies &#8211; CERTESS\u2122 (CERTESS\u2122 CARBON, CERTESS\u2122 NITRO, CERTESS\u2122 OPTAL, CERTESS\u2122 LOOK, CERTESS\u2122 EJECT, CERTESS\u2122 LIFE, CERTESS\u2122 ELEC) HEF&#8217;s CERTESS\u2122 technologies consist of environmentally friendly (zero impact) coatings with high surface hardness (up to 3000 HV) that are deposited on the surfaces of various types of materials, mainly cemented carbide. This deposition occurs via [&hellip;]<\/p>\n","protected":false},"author":1,"featured_media":0,"parent":0,"menu_order":0,"comment_status":"closed","ping_status":"closed","template":"","meta":{"_acf_changed":false,"footnotes":""},"class_list":["post-15312","page","type-page","status-publish","hentry"],"acf":[],"yoast_head":"<!-- This site is optimized with the Yoast SEO plugin v25.5 - https:\/\/yoast.com\/wordpress\/plugins\/seo\/ -->\n<title>PVD\/PACVD coatings - HEF<\/title>\n<meta name=\"robots\" content=\"index, follow, max-snippet:-1, max-image-preview:large, max-video-preview:-1\" \/>\n<link rel=\"canonical\" href=\"https:\/\/hef.com.br\/sitehef\/en\/revestimentos-pvd-pacvd\/\" \/>\n<meta property=\"og:locale\" content=\"en_US\" \/>\n<meta property=\"og:type\" content=\"article\" \/>\n<meta property=\"og:title\" content=\"PVD\/PACVD coatings - HEF\" \/>\n<meta property=\"og:description\" content=\"PVD\/PACVD Coating Technologies &#8211; CERTESS\u2122 (CERTESS\u2122 CARBON, CERTESS\u2122 NITRO, CERTESS\u2122 OPTAL, CERTESS\u2122 LOOK, CERTESS\u2122 EJECT, CERTESS\u2122 LIFE, CERTESS\u2122 ELEC) HEF&#8217;s CERTESS\u2122 technologies consist of environmentally friendly (zero impact) coatings with high surface hardness (up to 3000 HV) that are deposited on the surfaces of various types of materials, mainly cemented carbide. This deposition occurs via [&hellip;]\" \/>\n<meta property=\"og:url\" content=\"https:\/\/hef.com.br\/sitehef\/en\/revestimentos-pvd-pacvd\/\" \/>\n<meta property=\"og:site_name\" content=\"HEF\" \/>\n<meta property=\"article:modified_time\" content=\"2025-12-16T19:40:07+00:00\" \/>\n<meta property=\"og:image\" content=\"https:\/\/hef.com.br\/sitehef\/wp-content\/uploads\/2025\/12\/IMG_0273.jpg\" \/>\n\t<meta property=\"og:image:width\" content=\"1920\" \/>\n\t<meta property=\"og:image:height\" content=\"1441\" \/>\n\t<meta property=\"og:image:type\" content=\"image\/jpeg\" \/>\n<meta name=\"twitter:card\" content=\"summary_large_image\" \/>\n<meta name=\"twitter:label1\" content=\"Est. reading time\" \/>\n\t<meta name=\"twitter:data1\" content=\"3 minutes\" \/>\n<script type=\"application\/ld+json\" class=\"yoast-schema-graph\">{\"@context\":\"https:\/\/schema.org\",\"@graph\":[{\"@type\":\"WebPage\",\"@id\":\"https:\/\/hef.com.br\/sitehef\/en\/revestimentos-pvd-pacvd\/\",\"url\":\"https:\/\/hef.com.br\/sitehef\/en\/revestimentos-pvd-pacvd\/\",\"name\":\"PVD\/PACVD coatings - HEF\",\"isPartOf\":{\"@id\":\"https:\/\/hef.com.br\/sitehef\/en\/#website\"},\"primaryImageOfPage\":{\"@id\":\"https:\/\/hef.com.br\/sitehef\/en\/revestimentos-pvd-pacvd\/#primaryimage\"},\"image\":{\"@id\":\"https:\/\/hef.com.br\/sitehef\/en\/revestimentos-pvd-pacvd\/#primaryimage\"},\"thumbnailUrl\":\"https:\/\/hef.com.br\/sitehef\/wp-content\/uploads\/2025\/12\/IMG_0273-1024x769.jpg\",\"datePublished\":\"2025-12-15T22:22:41+00:00\",\"dateModified\":\"2025-12-16T19:40:07+00:00\",\"breadcrumb\":{\"@id\":\"https:\/\/hef.com.br\/sitehef\/en\/revestimentos-pvd-pacvd\/#breadcrumb\"},\"inLanguage\":\"en-US\",\"potentialAction\":[{\"@type\":\"ReadAction\",\"target\":[\"https:\/\/hef.com.br\/sitehef\/en\/revestimentos-pvd-pacvd\/\"]}]},{\"@type\":\"ImageObject\",\"inLanguage\":\"en-US\",\"@id\":\"https:\/\/hef.com.br\/sitehef\/en\/revestimentos-pvd-pacvd\/#primaryimage\",\"url\":\"https:\/\/hef.com.br\/sitehef\/wp-content\/uploads\/2025\/12\/IMG_0273-1024x769.jpg\",\"contentUrl\":\"https:\/\/hef.com.br\/sitehef\/wp-content\/uploads\/2025\/12\/IMG_0273-1024x769.jpg\"},{\"@type\":\"BreadcrumbList\",\"@id\":\"https:\/\/hef.com.br\/sitehef\/en\/revestimentos-pvd-pacvd\/#breadcrumb\",\"itemListElement\":[{\"@type\":\"ListItem\",\"position\":1,\"name\":\"Home\",\"item\":\"https:\/\/hef.com.br\/sitehef\/en\/home\/\"},{\"@type\":\"ListItem\",\"position\":2,\"name\":\"PVD\/PACVD coatings\"}]},{\"@type\":\"WebSite\",\"@id\":\"https:\/\/hef.com.br\/sitehef\/en\/#website\",\"url\":\"https:\/\/hef.com.br\/sitehef\/en\/\",\"name\":\"HEF Groupe\",\"description\":\"Leader Mondial en ing\u00e9n\u00e9rie des mat\u00e9riaux de surfaces\",\"publisher\":{\"@id\":\"https:\/\/hef.com.br\/sitehef\/en\/#organization\"},\"potentialAction\":[{\"@type\":\"SearchAction\",\"target\":{\"@type\":\"EntryPoint\",\"urlTemplate\":\"https:\/\/hef.com.br\/sitehef\/en\/?s={search_term_string}\"},\"query-input\":{\"@type\":\"PropertyValueSpecification\",\"valueRequired\":true,\"valueName\":\"search_term_string\"}}],\"inLanguage\":\"en-US\"},{\"@type\":\"Organization\",\"@id\":\"https:\/\/hef.com.br\/sitehef\/en\/#organization\",\"name\":\"HEF Groupe\",\"url\":\"https:\/\/hef.com.br\/sitehef\/en\/\",\"logo\":{\"@type\":\"ImageObject\",\"inLanguage\":\"en-US\",\"@id\":\"https:\/\/hef.com.br\/sitehef\/en\/#\/schema\/logo\/image\/\",\"url\":\"https:\/\/hef.com.br\/sitehef\/wp-content\/uploads\/2025\/12\/cropped-HEF_GROUPE_BRASIL_FINAL-01.png\",\"contentUrl\":\"https:\/\/hef.com.br\/sitehef\/wp-content\/uploads\/2025\/12\/cropped-HEF_GROUPE_BRASIL_FINAL-01.png\",\"width\":708,\"height\":304,\"caption\":\"HEF Groupe\"},\"image\":{\"@id\":\"https:\/\/hef.com.br\/sitehef\/en\/#\/schema\/logo\/image\/\"}}]}<\/script>\n<!-- \/ Yoast SEO plugin. -->","yoast_head_json":{"title":"PVD\/PACVD coatings - HEF","robots":{"index":"index","follow":"follow","max-snippet":"max-snippet:-1","max-image-preview":"max-image-preview:large","max-video-preview":"max-video-preview:-1"},"canonical":"https:\/\/hef.com.br\/sitehef\/en\/revestimentos-pvd-pacvd\/","og_locale":"en_US","og_type":"article","og_title":"PVD\/PACVD coatings - HEF","og_description":"PVD\/PACVD Coating Technologies &#8211; CERTESS\u2122 (CERTESS\u2122 CARBON, CERTESS\u2122 NITRO, CERTESS\u2122 OPTAL, CERTESS\u2122 LOOK, CERTESS\u2122 EJECT, CERTESS\u2122 LIFE, CERTESS\u2122 ELEC) HEF&#8217;s CERTESS\u2122 technologies consist of environmentally friendly (zero impact) coatings with high surface hardness (up to 3000 HV) that are deposited on the surfaces of various types of materials, mainly cemented carbide. This deposition occurs via [&hellip;]","og_url":"https:\/\/hef.com.br\/sitehef\/en\/revestimentos-pvd-pacvd\/","og_site_name":"HEF","article_modified_time":"2025-12-16T19:40:07+00:00","og_image":[{"width":1920,"height":1441,"url":"https:\/\/hef.com.br\/sitehef\/wp-content\/uploads\/2025\/12\/IMG_0273.jpg","type":"image\/jpeg"}],"twitter_card":"summary_large_image","twitter_misc":{"Est. reading time":"3 minutes"},"schema":{"@context":"https:\/\/schema.org","@graph":[{"@type":"WebPage","@id":"https:\/\/hef.com.br\/sitehef\/en\/revestimentos-pvd-pacvd\/","url":"https:\/\/hef.com.br\/sitehef\/en\/revestimentos-pvd-pacvd\/","name":"PVD\/PACVD coatings - HEF","isPartOf":{"@id":"https:\/\/hef.com.br\/sitehef\/en\/#website"},"primaryImageOfPage":{"@id":"https:\/\/hef.com.br\/sitehef\/en\/revestimentos-pvd-pacvd\/#primaryimage"},"image":{"@id":"https:\/\/hef.com.br\/sitehef\/en\/revestimentos-pvd-pacvd\/#primaryimage"},"thumbnailUrl":"https:\/\/hef.com.br\/sitehef\/wp-content\/uploads\/2025\/12\/IMG_0273-1024x769.jpg","datePublished":"2025-12-15T22:22:41+00:00","dateModified":"2025-12-16T19:40:07+00:00","breadcrumb":{"@id":"https:\/\/hef.com.br\/sitehef\/en\/revestimentos-pvd-pacvd\/#breadcrumb"},"inLanguage":"en-US","potentialAction":[{"@type":"ReadAction","target":["https:\/\/hef.com.br\/sitehef\/en\/revestimentos-pvd-pacvd\/"]}]},{"@type":"ImageObject","inLanguage":"en-US","@id":"https:\/\/hef.com.br\/sitehef\/en\/revestimentos-pvd-pacvd\/#primaryimage","url":"https:\/\/hef.com.br\/sitehef\/wp-content\/uploads\/2025\/12\/IMG_0273-1024x769.jpg","contentUrl":"https:\/\/hef.com.br\/sitehef\/wp-content\/uploads\/2025\/12\/IMG_0273-1024x769.jpg"},{"@type":"BreadcrumbList","@id":"https:\/\/hef.com.br\/sitehef\/en\/revestimentos-pvd-pacvd\/#breadcrumb","itemListElement":[{"@type":"ListItem","position":1,"name":"Home","item":"https:\/\/hef.com.br\/sitehef\/en\/home\/"},{"@type":"ListItem","position":2,"name":"PVD\/PACVD coatings"}]},{"@type":"WebSite","@id":"https:\/\/hef.com.br\/sitehef\/en\/#website","url":"https:\/\/hef.com.br\/sitehef\/en\/","name":"HEF Groupe","description":"Leader Mondial en ing\u00e9n\u00e9rie des mat\u00e9riaux de surfaces","publisher":{"@id":"https:\/\/hef.com.br\/sitehef\/en\/#organization"},"potentialAction":[{"@type":"SearchAction","target":{"@type":"EntryPoint","urlTemplate":"https:\/\/hef.com.br\/sitehef\/en\/?s={search_term_string}"},"query-input":{"@type":"PropertyValueSpecification","valueRequired":true,"valueName":"search_term_string"}}],"inLanguage":"en-US"},{"@type":"Organization","@id":"https:\/\/hef.com.br\/sitehef\/en\/#organization","name":"HEF Groupe","url":"https:\/\/hef.com.br\/sitehef\/en\/","logo":{"@type":"ImageObject","inLanguage":"en-US","@id":"https:\/\/hef.com.br\/sitehef\/en\/#\/schema\/logo\/image\/","url":"https:\/\/hef.com.br\/sitehef\/wp-content\/uploads\/2025\/12\/cropped-HEF_GROUPE_BRASIL_FINAL-01.png","contentUrl":"https:\/\/hef.com.br\/sitehef\/wp-content\/uploads\/2025\/12\/cropped-HEF_GROUPE_BRASIL_FINAL-01.png","width":708,"height":304,"caption":"HEF Groupe"},"image":{"@id":"https:\/\/hef.com.br\/sitehef\/en\/#\/schema\/logo\/image\/"}}]}},"_links":{"self":[{"href":"https:\/\/hef.com.br\/sitehef\/en\/wp-json\/wp\/v2\/pages\/15312","targetHints":{"allow":["GET"]}}],"collection":[{"href":"https:\/\/hef.com.br\/sitehef\/en\/wp-json\/wp\/v2\/pages"}],"about":[{"href":"https:\/\/hef.com.br\/sitehef\/en\/wp-json\/wp\/v2\/types\/page"}],"author":[{"embeddable":true,"href":"https:\/\/hef.com.br\/sitehef\/en\/wp-json\/wp\/v2\/users\/1"}],"replies":[{"embeddable":true,"href":"https:\/\/hef.com.br\/sitehef\/en\/wp-json\/wp\/v2\/comments?post=15312"}],"version-history":[{"count":3,"href":"https:\/\/hef.com.br\/sitehef\/en\/wp-json\/wp\/v2\/pages\/15312\/revisions"}],"predecessor-version":[{"id":15439,"href":"https:\/\/hef.com.br\/sitehef\/en\/wp-json\/wp\/v2\/pages\/15312\/revisions\/15439"}],"wp:attachment":[{"href":"https:\/\/hef.com.br\/sitehef\/en\/wp-json\/wp\/v2\/media?parent=15312"}],"curies":[{"name":"wp","href":"https:\/\/api.w.org\/{rel}","templated":true}]}}