{"id":12492,"date":"2025-10-03T15:21:16","date_gmt":"2025-10-03T13:21:16","guid":{"rendered":"https:\/\/hef.com.br\/sitehef\/?page_id=12492"},"modified":"2026-01-19T18:21:03","modified_gmt":"2026-01-19T17:21:03","slug":"home","status":"publish","type":"page","link":"https:\/\/hef.com.br\/sitehef\/","title":{"rendered":"Home"},"content":{"rendered":"\t\t<div data-elementor-type=\"wp-post\" data-elementor-id=\"12492\" class=\"elementor elementor-12492\" data-elementor-post-type=\"page\">\n\t\t\t\t<div class=\"elementor-element elementor-element-38088a9 e-con-full e-flex e-con e-parent\" data-id=\"38088a9\" data-element_type=\"container\">\n\t\t\t\t<div class=\"elementor-element elementor-element-2e388ca elementor--h-position-left elementor-widget__width-inherit elementor--v-position-middle elementor-arrows-position-inside elementor-widget elementor-widget-slides\" data-id=\"2e388ca\" data-element_type=\"widget\" id=\"hero-slides-images\" data-settings=\"{&quot;navigation&quot;:&quot;arrows&quot;,&quot;transition_speed&quot;:1500,&quot;transition&quot;:&quot;slide&quot;}\" data-widget_type=\"slides.default\">\n\t\t\t\t\t\t\t\t\t\t<div class=\"elementor-slides-wrapper elementor-main-swiper swiper\" role=\"region\" aria-roledescription=\"carousel\" aria-label=\"Slides\" dir=\"ltr\" data-animation=\"fadeInRight\">\n\t\t\t\t<div class=\"swiper-wrapper elementor-slides\">\n\t\t\t\t\t\t\t\t\t\t<div class=\"elementor-repeater-item-b99a162 swiper-slide\" role=\"group\" aria-roledescription=\"slide\"><div class=\"swiper-slide-bg\" role=\"img\" aria-label=\"HEFandrezieux11Mai2022-0108\"><\/div><div class=\"swiper-slide-inner\" ><div class=\"swiper-slide-contents\"><\/div><\/div><\/div><div class=\"elementor-repeater-item-b906755 swiper-slide\" role=\"group\" aria-roledescription=\"slide\"><div class=\"swiper-slide-bg\" role=\"img\" aria-label=\"HEFstEtienne10Mai2022-0168\"><\/div><div class=\"swiper-slide-inner\" ><div class=\"swiper-slide-contents\"><\/div><\/div><\/div><div class=\"elementor-repeater-item-ed68b8b swiper-slide\" role=\"group\" aria-roledescription=\"slide\"><div class=\"swiper-slide-bg\" role=\"img\" aria-label=\"shutterstock_2290676891\"><\/div><div class=\"swiper-slide-inner\" ><div class=\"swiper-slide-contents\"><\/div><\/div><\/div>\t\t\t\t<\/div>\n\t\t\t\t\t\t\t\t\t\t\t\t\t\t\t<div class=\"elementor-swiper-button elementor-swiper-button-prev\" role=\"button\" tabindex=\"0\" aria-label=\"Previous slide\">\n\t\t\t\t\t\t\t<svg aria-hidden=\"true\" class=\"e-font-icon-svg e-eicon-chevron-left\" viewBox=\"0 0 1000 1000\" xmlns=\"http:\/\/www.w3.org\/2000\/svg\"><path d=\"M646 125C629 125 613 133 604 142L308 442C296 454 292 471 292 487 292 504 296 521 308 533L604 854C617 867 629 875 646 875 663 875 679 871 692 858 704 846 713 829 713 812 713 796 708 779 692 767L438 487 692 225C700 217 708 204 708 187 708 171 704 154 692 142 675 129 663 125 646 125Z\"><\/path><\/svg>\t\t\t\t\t\t<\/div>\n\t\t\t\t\t\t<div class=\"elementor-swiper-button elementor-swiper-button-next\" role=\"button\" tabindex=\"0\" aria-label=\"Next slide\">\n\t\t\t\t\t\t\t<svg aria-hidden=\"true\" class=\"e-font-icon-svg e-eicon-chevron-right\" viewBox=\"0 0 1000 1000\" xmlns=\"http:\/\/www.w3.org\/2000\/svg\"><path d=\"M696 533C708 521 713 504 713 487 713 471 708 454 696 446L400 146C388 133 375 125 354 125 338 125 325 129 313 142 300 154 292 171 292 187 292 204 296 221 308 233L563 492 304 771C292 783 288 800 288 817 288 833 296 850 308 863 321 871 338 875 354 875 371 875 388 867 400 854L696 533Z\"><\/path><\/svg>\t\t\t\t\t\t<\/div>\n\t\t\t\t\t\t\t\t\t\t\t\t\t\t\t\t\t<\/div>\n\t\t\t\t\t\t\t\t<\/div>\n\t\t\t\t<div class=\"elementor-element elementor-element-0d45879 elementor--h-position-left elementor-widget__width-initial elementor-absolute elementor-widget-mobile__width-inherit elementor--v-position-middle elementor-widget elementor-widget-slides\" data-id=\"0d45879\" data-element_type=\"widget\" id=\"hero-slides-text\" data-settings=\"{&quot;navigation&quot;:&quot;none&quot;,&quot;transition_speed&quot;:1500,&quot;_position&quot;:&quot;absolute&quot;,&quot;transition&quot;:&quot;slide&quot;}\" data-widget_type=\"slides.default\">\n\t\t\t\t\t\t\t\t\t\t<div class=\"elementor-slides-wrapper elementor-main-swiper swiper\" role=\"region\" aria-roledescription=\"carousel\" aria-label=\"Slides\" dir=\"ltr\" data-animation=\"\">\n\t\t\t\t<div class=\"swiper-wrapper elementor-slides\">\n\t\t\t\t\t\t\t\t\t\t<div class=\"elementor-repeater-item-b906755 swiper-slide\" role=\"group\" aria-roledescription=\"slide\"><div class=\"swiper-slide-bg\"><\/div><div class=\"swiper-slide-inner\" ><div class=\"swiper-slide-contents\"><div class=\"elementor-slide-heading\">GRUPO HEF<\/div><div class=\"elementor-slide-description\">L\u00edder global em engenharia de materiais de superf\u00edcie<\/div><\/div><\/div><\/div><div class=\"elementor-repeater-item-b28d5b3 swiper-slide\" role=\"group\" aria-roledescription=\"slide\"><div class=\"swiper-slide-bg\"><\/div><a class=\"swiper-slide-inner\" href=\"https:\/\/hef.com.br\/sitehef\/nosso-dna\/\"><div class=\"swiper-slide-contents\"><div class=\"elementor-slide-description\">HEF \u2013 da ci\u00eancia e pesquisa \u00e0 ind\u00fastria<\/div><div  class=\"elementor-button elementor-slide-button elementor-size-md\">Conhe\u00e7a nosso DNA<\/div><\/div><\/a><\/div><div class=\"elementor-repeater-item-ed68b8b swiper-slide\" role=\"group\" aria-roledescription=\"slide\"><div class=\"swiper-slide-bg\"><\/div><a class=\"swiper-slide-inner\" href=\"https:\/\/hef.com.br\/sitehef\/conheca-nossas-unidades\/\"><div class=\"swiper-slide-contents\"><div class=\"elementor-slide-description\">Conhe\u00e7a nossas unidades no Brasil<\/div><div  class=\"elementor-button elementor-slide-button elementor-size-md\">Clique aqui<\/div><\/div><\/a><\/div>\t\t\t\t<\/div>\n\t\t\t\t\t\t\t\t\t\t\t\t\t\t\t\t\t\t\t\t\t<\/div>\n\t\t\t\t\t\t\t\t<\/div>\n\t\t\t\t<\/div>\n\t\t<div class=\"elementor-element elementor-element-724f9ff e-con-full e-flex e-con e-parent\" data-id=\"724f9ff\" data-element_type=\"container\" data-settings=\"{&quot;background_background&quot;:&quot;gradient&quot;}\">\n\t\t<div class=\"elementor-element elementor-element-94e6af0 e-flex e-con-boxed e-con e-child\" data-id=\"94e6af0\" data-element_type=\"container\">\n\t\t\t\t\t<div class=\"e-con-inner\">\n\t\t\t\t<div class=\"elementor-element elementor-element-631046a elementor-widget__width-initial elementor-widget-tablet__width-inherit elementor-widget elementor-widget-heading\" data-id=\"631046a\" data-element_type=\"widget\" data-widget_type=\"heading.default\">\n\t\t\t\t\t<h2 class=\"elementor-heading-title elementor-size-default\">Seja um protagonista do progresso. <br><br>Venha transformar a ci\u00eancia e a ind\u00fastria conosco.\n\n<\/h2>\t\t\t\t<\/div>\n\t\t<div class=\"elementor-element elementor-element-a70d845 e-con-full e-flex e-con e-child\" data-id=\"a70d845\" data-element_type=\"container\">\n\t\t\t\t<div class=\"elementor-element elementor-element-5d64dcb elementor-position-left elementor-vertical-align-middle elementor-widget elementor-widget-image-box\" data-id=\"5d64dcb\" data-element_type=\"widget\" data-widget_type=\"image-box.default\">\n\t\t\t\t\t<div class=\"elementor-image-box-wrapper\"><figure class=\"elementor-image-box-img\"><a href=\"https:\/\/hef.com.br\/sitehef\/tribologia\/\" tabindex=\"-1\"><img fetchpriority=\"high\" decoding=\"async\" width=\"1600\" height=\"1067\" src=\"https:\/\/hef.com.br\/sitehef\/wp-content\/uploads\/2025\/10\/bg-hero-tribology.webp\" class=\"attachment-full size-full wp-image-12715\" alt=\"\" srcset=\"https:\/\/hef.com.br\/sitehef\/wp-content\/uploads\/2025\/10\/bg-hero-tribology.webp 1600w, https:\/\/hef.com.br\/sitehef\/wp-content\/uploads\/2025\/10\/bg-hero-tribology-300x200.webp 300w, https:\/\/hef.com.br\/sitehef\/wp-content\/uploads\/2025\/10\/bg-hero-tribology-1024x683.webp 1024w, https:\/\/hef.com.br\/sitehef\/wp-content\/uploads\/2025\/10\/bg-hero-tribology-768x512.webp 768w, https:\/\/hef.com.br\/sitehef\/wp-content\/uploads\/2025\/10\/bg-hero-tribology-1536x1024.webp 1536w\" sizes=\"(max-width: 1600px) 100vw, 1600px\" \/><\/a><\/figure><div class=\"elementor-image-box-content\"><h3 class=\"elementor-image-box-title\"><a href=\"https:\/\/hef.com.br\/sitehef\/tribologia\/\">Tribologia<\/a><\/h3><p class=\"elementor-image-box-description\">Leia mais<\/p><\/div><\/div>\t\t\t\t<\/div>\n\t\t\t\t<div class=\"elementor-element elementor-element-42eda94 elementor-position-left elementor-vertical-align-middle elementor-widget elementor-widget-image-box\" data-id=\"42eda94\" data-element_type=\"widget\" data-widget_type=\"image-box.default\">\n\t\t\t\t\t<div class=\"elementor-image-box-wrapper\"><figure class=\"elementor-image-box-img\"><a href=\"https:\/\/hef.com.br\/sitehef\/fotonica\/\" tabindex=\"-1\"><img decoding=\"async\" width=\"216\" height=\"154\" src=\"https:\/\/hef.com.br\/sitehef\/wp-content\/uploads\/2025\/10\/push-4.webp\" class=\"attachment-full size-full wp-image-13261\" alt=\"\" \/><\/a><\/figure><div class=\"elementor-image-box-content\"><h3 class=\"elementor-image-box-title\"><a href=\"https:\/\/hef.com.br\/sitehef\/fotonica\/\">Fot\u00f4nica<\/a><\/h3><p class=\"elementor-image-box-description\">Leia mais<\/p><\/div><\/div>\t\t\t\t<\/div>\n\t\t\t\t<div class=\"elementor-element elementor-element-7088438 elementor-position-left elementor-vertical-align-middle elementor-widget elementor-widget-image-box\" data-id=\"7088438\" data-element_type=\"widget\" data-widget_type=\"image-box.default\">\n\t\t\t\t\t<div class=\"elementor-image-box-wrapper\"><figure class=\"elementor-image-box-img\"><a href=\"https:\/\/hef.com.br\/sitehef\/hidrogenio\/\" tabindex=\"-1\"><img decoding=\"async\" width=\"216\" height=\"154\" src=\"https:\/\/hef.com.br\/sitehef\/wp-content\/uploads\/2025\/10\/push-6.webp\" class=\"attachment-full size-full wp-image-13265\" alt=\"\" \/><\/a><\/figure><div class=\"elementor-image-box-content\"><h3 class=\"elementor-image-box-title\"><a href=\"https:\/\/hef.com.br\/sitehef\/hidrogenio\/\">Hidrog\u00eanio<\/a><\/h3><p class=\"elementor-image-box-description\">Leia mais<\/p><\/div><\/div>\t\t\t\t<\/div>\n\t\t\t\t<\/div>\n\t\t\t\t\t<\/div>\n\t\t\t\t<\/div>\n\t\t\t\t<\/div>\n\t\t<div class=\"elementor-element elementor-element-4468111 e-con-full e-flex e-con e-parent\" data-id=\"4468111\" data-element_type=\"container\" data-settings=\"{&quot;background_background&quot;:&quot;classic&quot;}\">\n\t\t<div class=\"elementor-element elementor-element-fa450b3 e-con-full e-flex e-con e-child\" data-id=\"fa450b3\" data-element_type=\"container\">\n\t\t\t\t<div class=\"elementor-element elementor-element-df529e1 elementor-widget__width-inherit elementor-absolute repeat-animation elementor-invisible elementor-widget elementor-widget-image\" data-id=\"df529e1\" data-element_type=\"widget\" data-settings=\"{&quot;_position&quot;:&quot;absolute&quot;,&quot;_animation&quot;:&quot;fadeInLeft&quot;}\" data-widget_type=\"image.default\">\n\t\t\t\t\t\t\t\t\t\t\t\t\t\t\t<img loading=\"lazy\" decoding=\"async\" width=\"491\" height=\"476\" src=\"https:\/\/hef.com.br\/sitehef\/wp-content\/uploads\/2025\/10\/fond-organique.svg\" class=\"attachment-large size-large wp-image-13300\" alt=\"\" \/>\t\t\t\t\t\t\t\t\t\t\t\t\t\t\t<\/div>\n\t\t\t\t<div class=\"elementor-element elementor-element-f920d3e elementor-widget__width-inherit elementor-widget elementor-widget-image\" data-id=\"f920d3e\" data-element_type=\"widget\" data-widget_type=\"image.default\">\n\t\t\t\t\t\t\t\t\t\t\t\t\t\t\t<img loading=\"lazy\" decoding=\"async\" width=\"771\" height=\"670\" src=\"https:\/\/hef.com.br\/sitehef\/wp-content\/uploads\/2025\/10\/homepage-recrutement-homme-seul.webp\" class=\"attachment-large size-large wp-image-13304\" alt=\"\" srcset=\"https:\/\/hef.com.br\/sitehef\/wp-content\/uploads\/2025\/10\/homepage-recrutement-homme-seul.webp 771w, https:\/\/hef.com.br\/sitehef\/wp-content\/uploads\/2025\/10\/homepage-recrutement-homme-seul-300x261.webp 300w, https:\/\/hef.com.br\/sitehef\/wp-content\/uploads\/2025\/10\/homepage-recrutement-homme-seul-768x667.webp 768w\" sizes=\"(max-width: 771px) 100vw, 771px\" \/>\t\t\t\t\t\t\t\t\t\t\t\t\t\t\t<\/div>\n\t\t\t\t<\/div>\n\t\t<div class=\"elementor-element elementor-element-8adadbe e-con-full e-flex e-con e-child\" data-id=\"8adadbe\" data-element_type=\"container\">\n\t\t<div class=\"elementor-element elementor-element-2c6d93a e-con-full e-flex e-con e-child\" data-id=\"2c6d93a\" data-element_type=\"container\">\n\t\t\t\t<div class=\"elementor-element elementor-element-592cb03 elementor-widget elementor-widget-heading\" data-id=\"592cb03\" data-element_type=\"widget\" data-widget_type=\"heading.default\">\n\t\t\t\t\t<h2 class=\"elementor-heading-title elementor-size-default\">Seja um l\u00edder<\/h2>\t\t\t\t<\/div>\n\t\t\t\t<div class=\"elementor-element elementor-element-5e881c5 elementor-widget elementor-widget-heading\" data-id=\"5e881c5\" data-element_type=\"widget\" data-widget_type=\"heading.default\">\n\t\t\t\t\t<h3 class=\"elementor-heading-title elementor-size-default\">na engenharia de materiais de superf\u00edcie<\/h3>\t\t\t\t<\/div>\n\t\t\t\t<div class=\"elementor-element elementor-element-4339c6d elementor-tablet-align-left elementor-widget elementor-widget-button\" data-id=\"4339c6d\" data-element_type=\"widget\" data-widget_type=\"button.default\">\n\t\t\t\t\t\t\t\t\t\t<a class=\"elementor-button elementor-button-link elementor-size-sm\" href=\"https:\/\/hef.com.br\/sitehef\/nossas-tecnologias\/\">\n\t\t\t\t\t\t<span class=\"elementor-button-content-wrapper\">\n\t\t\t\t\t\t\t\t\t<span class=\"elementor-button-text\">Conhe\u00e7a nossas tecnologias<\/span>\n\t\t\t\t\t<\/span>\n\t\t\t\t\t<\/a>\n\t\t\t\t\t\t\t\t<\/div>\n\t\t\t\t<\/div>\n\t\t\t\t<\/div>\n\t\t\t\t<\/div>\n\t\t<div class=\"elementor-element elementor-element-0f63b88 e-con-full e-flex e-con e-parent\" data-id=\"0f63b88\" data-element_type=\"container\" data-settings=\"{&quot;background_background&quot;:&quot;classic&quot;}\">\n\t\t<div class=\"elementor-element elementor-element-9345202 e-con-full e-flex e-con e-child\" data-id=\"9345202\" data-element_type=\"container\">\n\t\t<div class=\"elementor-element elementor-element-47148cc e-con-full e-flex e-con e-child\" data-id=\"47148cc\" data-element_type=\"container\">\n\t\t\t\t<div class=\"elementor-element elementor-element-0e2a606 elementor-widget__width-initial elementor-widget elementor-widget-heading\" data-id=\"0e2a606\" data-element_type=\"widget\" data-widget_type=\"heading.default\">\n\t\t\t\t\t<h2 class=\"elementor-heading-title elementor-size-default\">A HEF est\u00e1 pronta para atender voc\u00ea!<\/h2>\t\t\t\t<\/div>\n\t\t\t\t<div class=\"elementor-element elementor-element-51fb137 elementor-widget__width-initial elementor-widget elementor-widget-text-editor\" data-id=\"51fb137\" data-element_type=\"widget\" data-widget_type=\"text-editor.default\">\n\t\t\t\t\t\t\t\t\t<p>Nossos especialistas dedicados oferecem suporte em todas as etapas do seu projeto, fornecendo solu\u00e7\u00f5es inovadoras meticulosamente alinhadas \u00e0s suas necessidades. Seja qual for o seu setor de atua\u00e7\u00e3o \u2014 automotivo, aeroespacial, energ\u00e9tico ou m\u00e9dico, aplicamos nossa expertise para garantir o sucesso de suas ambi\u00e7\u00f5es. Conte com nossa experi\u00eancia para transformar seus desafios em oportunidades.<\/p>\t\t\t\t\t\t\t\t<\/div>\n\t\t\t\t<div class=\"elementor-element elementor-element-c6bcd65 elementor-widget elementor-widget-button\" data-id=\"c6bcd65\" data-element_type=\"widget\" data-widget_type=\"button.default\">\n\t\t\t\t\t\t\t\t\t\t<a class=\"elementor-button elementor-button-link elementor-size-sm\" href=\"https:\/\/hef.com.br\/sitehef\/faleconosco\/\">\n\t\t\t\t\t\t<span class=\"elementor-button-content-wrapper\">\n\t\t\t\t\t\t\t\t\t<span class=\"elementor-button-text\">Entre em contato conosco<\/span>\n\t\t\t\t\t<\/span>\n\t\t\t\t\t<\/a>\n\t\t\t\t\t\t\t\t<\/div>\n\t\t\t\t<\/div>\n\t\t\t\t<\/div>\n\t\t<div class=\"elementor-element elementor-element-f6bec8a e-con-full e-flex e-con e-child\" data-id=\"f6bec8a\" data-element_type=\"container\">\n\t\t\t\t<div class=\"elementor-element elementor-element-bcfee2b elementor-widget elementor-widget-image\" data-id=\"bcfee2b\" data-element_type=\"widget\" data-widget_type=\"image.default\">\n\t\t\t\t\t\t\t\t\t\t\t\t\t\t\t<img loading=\"lazy\" decoding=\"async\" width=\"800\" height=\"741\" src=\"https:\/\/hef.com.br\/sitehef\/wp-content\/uploads\/2025\/10\/shutterstock_2195085031-e1709721798369-1024x948.webp\" class=\"attachment-large size-large wp-image-13561\" alt=\"\" srcset=\"https:\/\/hef.com.br\/sitehef\/wp-content\/uploads\/2025\/10\/shutterstock_2195085031-e1709721798369-1024x948.webp 1024w, https:\/\/hef.com.br\/sitehef\/wp-content\/uploads\/2025\/10\/shutterstock_2195085031-e1709721798369-300x278.webp 300w, https:\/\/hef.com.br\/sitehef\/wp-content\/uploads\/2025\/10\/shutterstock_2195085031-e1709721798369-768x711.webp 768w, https:\/\/hef.com.br\/sitehef\/wp-content\/uploads\/2025\/10\/shutterstock_2195085031-e1709721798369.webp 1091w\" sizes=\"(max-width: 800px) 100vw, 800px\" \/>\t\t\t\t\t\t\t\t\t\t\t\t\t\t\t<\/div>\n\t\t\t\t<\/div>\n\t\t\t\t<\/div>\n\t\t\t\t<\/div>\n\t\t","protected":false},"excerpt":{"rendered":"<p>GRUPO HEFL\u00edder global em engenharia de materiais de superf\u00edcieHEF \u2013 da ci\u00eancia e pesquisa \u00e0 ind\u00fastriaConhe\u00e7a nosso DNAConhe\u00e7a nossas unidades no BrasilClique aqui Seja um protagonista do progresso. Venha transformar a ci\u00eancia e a ind\u00fastria conosco. Tribologia Leia mais Fot\u00f4nica Leia mais Hidrog\u00eanio Leia mais Seja um l\u00edder na engenharia de materiais de superf\u00edcie Conhe\u00e7a [&hellip;]<\/p>\n","protected":false},"author":1,"featured_media":0,"parent":0,"menu_order":0,"comment_status":"closed","ping_status":"closed","template":"","meta":{"_acf_changed":false,"footnotes":""},"class_list":["post-12492","page","type-page","status-publish","hentry"],"acf":[],"yoast_head":"<!-- This site is optimized with the Yoast SEO plugin v25.5 - https:\/\/yoast.com\/wordpress\/plugins\/seo\/ -->\n<title>Home - HEF<\/title>\n<meta name=\"robots\" content=\"index, follow, max-snippet:-1, max-image-preview:large, max-video-preview:-1\" \/>\n<link rel=\"canonical\" href=\"https:\/\/hef.com.br\/sitehef\/\" \/>\n<meta property=\"og:locale\" content=\"pt_BR\" \/>\n<meta property=\"og:type\" content=\"article\" \/>\n<meta property=\"og:title\" content=\"Home - HEF\" \/>\n<meta property=\"og:description\" content=\"GRUPO HEFL\u00edder global em engenharia de materiais de superf\u00edcieHEF \u2013 da ci\u00eancia e pesquisa \u00e0 ind\u00fastriaConhe\u00e7a nosso DNAConhe\u00e7a nossas unidades no BrasilClique aqui Seja um protagonista do progresso. Venha transformar a ci\u00eancia e a ind\u00fastria conosco. Tribologia Leia mais Fot\u00f4nica Leia mais Hidrog\u00eanio Leia mais Seja um l\u00edder na engenharia de materiais de superf\u00edcie Conhe\u00e7a [&hellip;]\" \/>\n<meta property=\"og:url\" content=\"https:\/\/hef.com.br\/sitehef\/\" \/>\n<meta property=\"og:site_name\" content=\"HEF\" \/>\n<meta property=\"article:modified_time\" content=\"2026-01-19T17:21:03+00:00\" \/>\n<meta property=\"og:image\" content=\"https:\/\/hef.com.br\/sitehef\/wp-content\/uploads\/2025\/10\/bg-hero-tribology.webp\" \/>\n\t<meta property=\"og:image:width\" content=\"1600\" \/>\n\t<meta property=\"og:image:height\" content=\"1067\" \/>\n\t<meta property=\"og:image:type\" content=\"image\/webp\" \/>\n<meta name=\"twitter:card\" content=\"summary_large_image\" \/>\n<meta name=\"twitter:label1\" content=\"Est. tempo de leitura\" \/>\n\t<meta name=\"twitter:data1\" content=\"2 minutos\" \/>\n<script type=\"application\/ld+json\" class=\"yoast-schema-graph\">{\"@context\":\"https:\/\/schema.org\",\"@graph\":[{\"@type\":\"WebPage\",\"@id\":\"https:\/\/hef.com.br\/sitehef\/\",\"url\":\"https:\/\/hef.com.br\/sitehef\/\",\"name\":\"Home - HEF\",\"isPartOf\":{\"@id\":\"https:\/\/hef.com.br\/sitehef\/#website\"},\"primaryImageOfPage\":{\"@id\":\"https:\/\/hef.com.br\/sitehef\/#primaryimage\"},\"image\":{\"@id\":\"https:\/\/hef.com.br\/sitehef\/#primaryimage\"},\"thumbnailUrl\":\"https:\/\/hef.com.br\/sitehef\/wp-content\/uploads\/2025\/10\/bg-hero-tribology.webp\",\"datePublished\":\"2025-10-03T13:21:16+00:00\",\"dateModified\":\"2026-01-19T17:21:03+00:00\",\"breadcrumb\":{\"@id\":\"https:\/\/hef.com.br\/sitehef\/#breadcrumb\"},\"inLanguage\":\"pt-BR\",\"potentialAction\":[{\"@type\":\"ReadAction\",\"target\":[\"https:\/\/hef.com.br\/sitehef\/\"]}]},{\"@type\":\"ImageObject\",\"inLanguage\":\"pt-BR\",\"@id\":\"https:\/\/hef.com.br\/sitehef\/#primaryimage\",\"url\":\"https:\/\/hef.com.br\/sitehef\/wp-content\/uploads\/2025\/10\/bg-hero-tribology.webp\",\"contentUrl\":\"https:\/\/hef.com.br\/sitehef\/wp-content\/uploads\/2025\/10\/bg-hero-tribology.webp\",\"width\":1600,\"height\":1067},{\"@type\":\"BreadcrumbList\",\"@id\":\"https:\/\/hef.com.br\/sitehef\/#breadcrumb\",\"itemListElement\":[{\"@type\":\"ListItem\",\"position\":1,\"name\":\"Home\",\"item\":\"https:\/\/hef.com.br\/sitehef\/\"},{\"@type\":\"ListItem\",\"position\":2,\"name\":\"Home\"}]},{\"@type\":\"WebSite\",\"@id\":\"https:\/\/hef.com.br\/sitehef\/#website\",\"url\":\"https:\/\/hef.com.br\/sitehef\/\",\"name\":\"HEF Groupe\",\"description\":\"Leader Mondial en ing\u00e9n\u00e9rie des mat\u00e9riaux de surfaces\",\"publisher\":{\"@id\":\"https:\/\/hef.com.br\/sitehef\/#organization\"},\"potentialAction\":[{\"@type\":\"SearchAction\",\"target\":{\"@type\":\"EntryPoint\",\"urlTemplate\":\"https:\/\/hef.com.br\/sitehef\/?s={search_term_string}\"},\"query-input\":{\"@type\":\"PropertyValueSpecification\",\"valueRequired\":true,\"valueName\":\"search_term_string\"}}],\"inLanguage\":\"pt-BR\"},{\"@type\":\"Organization\",\"@id\":\"https:\/\/hef.com.br\/sitehef\/#organization\",\"name\":\"HEF Groupe\",\"url\":\"https:\/\/hef.com.br\/sitehef\/\",\"logo\":{\"@type\":\"ImageObject\",\"inLanguage\":\"pt-BR\",\"@id\":\"https:\/\/hef.com.br\/sitehef\/#\/schema\/logo\/image\/\",\"url\":\"https:\/\/hef.com.br\/sitehef\/wp-content\/uploads\/2025\/12\/cropped-HEF_GROUPE_BRASIL_FINAL-01.png\",\"contentUrl\":\"https:\/\/hef.com.br\/sitehef\/wp-content\/uploads\/2025\/12\/cropped-HEF_GROUPE_BRASIL_FINAL-01.png\",\"width\":708,\"height\":304,\"caption\":\"HEF Groupe\"},\"image\":{\"@id\":\"https:\/\/hef.com.br\/sitehef\/#\/schema\/logo\/image\/\"}}]}<\/script>\n<!-- \/ Yoast SEO plugin. -->","yoast_head_json":{"title":"Home - HEF","robots":{"index":"index","follow":"follow","max-snippet":"max-snippet:-1","max-image-preview":"max-image-preview:large","max-video-preview":"max-video-preview:-1"},"canonical":"https:\/\/hef.com.br\/sitehef\/","og_locale":"pt_BR","og_type":"article","og_title":"Home - HEF","og_description":"GRUPO HEFL\u00edder global em engenharia de materiais de superf\u00edcieHEF \u2013 da ci\u00eancia e pesquisa \u00e0 ind\u00fastriaConhe\u00e7a nosso DNAConhe\u00e7a nossas unidades no BrasilClique aqui Seja um protagonista do progresso. Venha transformar a ci\u00eancia e a ind\u00fastria conosco. Tribologia Leia mais Fot\u00f4nica Leia mais Hidrog\u00eanio Leia mais Seja um l\u00edder na engenharia de materiais de superf\u00edcie Conhe\u00e7a [&hellip;]","og_url":"https:\/\/hef.com.br\/sitehef\/","og_site_name":"HEF","article_modified_time":"2026-01-19T17:21:03+00:00","og_image":[{"width":1600,"height":1067,"url":"https:\/\/hef.com.br\/sitehef\/wp-content\/uploads\/2025\/10\/bg-hero-tribology.webp","type":"image\/webp"}],"twitter_card":"summary_large_image","twitter_misc":{"Est. tempo de leitura":"2 minutos"},"schema":{"@context":"https:\/\/schema.org","@graph":[{"@type":"WebPage","@id":"https:\/\/hef.com.br\/sitehef\/","url":"https:\/\/hef.com.br\/sitehef\/","name":"Home - HEF","isPartOf":{"@id":"https:\/\/hef.com.br\/sitehef\/#website"},"primaryImageOfPage":{"@id":"https:\/\/hef.com.br\/sitehef\/#primaryimage"},"image":{"@id":"https:\/\/hef.com.br\/sitehef\/#primaryimage"},"thumbnailUrl":"https:\/\/hef.com.br\/sitehef\/wp-content\/uploads\/2025\/10\/bg-hero-tribology.webp","datePublished":"2025-10-03T13:21:16+00:00","dateModified":"2026-01-19T17:21:03+00:00","breadcrumb":{"@id":"https:\/\/hef.com.br\/sitehef\/#breadcrumb"},"inLanguage":"pt-BR","potentialAction":[{"@type":"ReadAction","target":["https:\/\/hef.com.br\/sitehef\/"]}]},{"@type":"ImageObject","inLanguage":"pt-BR","@id":"https:\/\/hef.com.br\/sitehef\/#primaryimage","url":"https:\/\/hef.com.br\/sitehef\/wp-content\/uploads\/2025\/10\/bg-hero-tribology.webp","contentUrl":"https:\/\/hef.com.br\/sitehef\/wp-content\/uploads\/2025\/10\/bg-hero-tribology.webp","width":1600,"height":1067},{"@type":"BreadcrumbList","@id":"https:\/\/hef.com.br\/sitehef\/#breadcrumb","itemListElement":[{"@type":"ListItem","position":1,"name":"Home","item":"https:\/\/hef.com.br\/sitehef\/"},{"@type":"ListItem","position":2,"name":"Home"}]},{"@type":"WebSite","@id":"https:\/\/hef.com.br\/sitehef\/#website","url":"https:\/\/hef.com.br\/sitehef\/","name":"HEF Groupe","description":"Leader Mondial en ing\u00e9n\u00e9rie des mat\u00e9riaux de surfaces","publisher":{"@id":"https:\/\/hef.com.br\/sitehef\/#organization"},"potentialAction":[{"@type":"SearchAction","target":{"@type":"EntryPoint","urlTemplate":"https:\/\/hef.com.br\/sitehef\/?s={search_term_string}"},"query-input":{"@type":"PropertyValueSpecification","valueRequired":true,"valueName":"search_term_string"}}],"inLanguage":"pt-BR"},{"@type":"Organization","@id":"https:\/\/hef.com.br\/sitehef\/#organization","name":"HEF Groupe","url":"https:\/\/hef.com.br\/sitehef\/","logo":{"@type":"ImageObject","inLanguage":"pt-BR","@id":"https:\/\/hef.com.br\/sitehef\/#\/schema\/logo\/image\/","url":"https:\/\/hef.com.br\/sitehef\/wp-content\/uploads\/2025\/12\/cropped-HEF_GROUPE_BRASIL_FINAL-01.png","contentUrl":"https:\/\/hef.com.br\/sitehef\/wp-content\/uploads\/2025\/12\/cropped-HEF_GROUPE_BRASIL_FINAL-01.png","width":708,"height":304,"caption":"HEF Groupe"},"image":{"@id":"https:\/\/hef.com.br\/sitehef\/#\/schema\/logo\/image\/"}}]}},"_links":{"self":[{"href":"https:\/\/hef.com.br\/sitehef\/wp-json\/wp\/v2\/pages\/12492","targetHints":{"allow":["GET"]}}],"collection":[{"href":"https:\/\/hef.com.br\/sitehef\/wp-json\/wp\/v2\/pages"}],"about":[{"href":"https:\/\/hef.com.br\/sitehef\/wp-json\/wp\/v2\/types\/page"}],"author":[{"embeddable":true,"href":"https:\/\/hef.com.br\/sitehef\/wp-json\/wp\/v2\/users\/1"}],"replies":[{"embeddable":true,"href":"https:\/\/hef.com.br\/sitehef\/wp-json\/wp\/v2\/comments?post=12492"}],"version-history":[{"count":655,"href":"https:\/\/hef.com.br\/sitehef\/wp-json\/wp\/v2\/pages\/12492\/revisions"}],"predecessor-version":[{"id":15929,"href":"https:\/\/hef.com.br\/sitehef\/wp-json\/wp\/v2\/pages\/12492\/revisions\/15929"}],"wp:attachment":[{"href":"https:\/\/hef.com.br\/sitehef\/wp-json\/wp\/v2\/media?parent=12492"}],"curies":[{"name":"wp","href":"https:\/\/api.w.org\/{rel}","templated":true}]}}