{"id":13921,"date":"2025-10-15T23:02:02","date_gmt":"2025-10-15T21:02:02","guid":{"rendered":"https:\/\/hef.com.br\/sitehef\/ts-diadema-2\/"},"modified":"2026-01-19T18:40:39","modified_gmt":"2026-01-19T17:40:39","slug":"hef-durferrit","status":"publish","type":"page","link":"https:\/\/hef.com.br\/sitehef\/hef-durferrit\/","title":{"rendered":"HEF Durferrit"},"content":{"rendered":"\t\t<div data-elementor-type=\"wp-page\" data-elementor-id=\"13921\" class=\"elementor elementor-13921\" data-elementor-post-type=\"page\">\n\t\t\t\t<div class=\"elementor-element elementor-element-7931e33 e-con-full e-flex e-con e-parent\" data-id=\"7931e33\" data-element_type=\"container\" data-settings=\"{&quot;background_background&quot;:&quot;gradient&quot;}\">\n\t\t<div class=\"elementor-element elementor-element-45e8298 e-flex e-con-boxed e-con e-child\" data-id=\"45e8298\" data-element_type=\"container\">\n\t\t\t\t\t<div class=\"e-con-inner\">\n\t\t\t\t<div class=\"elementor-element elementor-element-6e699a6 elementor-align-left elementor-hidden-tablet elementor-hidden-mobile elementor-widget elementor-widget-breadcrumbs\" data-id=\"6e699a6\" data-element_type=\"widget\" data-widget_type=\"breadcrumbs.default\">\n\t\t\t\t\t<p id=\"breadcrumbs\"><span><span><a href=\"https:\/\/hef.com.br\/sitehef\/\">Home<\/a><\/span><\/span><\/p>\t\t\t\t<\/div>\n\t\t\t\t<div class=\"elementor-element elementor-element-bff01b8 elementor-widget elementor-widget-spacer\" data-id=\"bff01b8\" data-element_type=\"widget\" data-widget_type=\"spacer.default\">\n\t\t\t\t\t\t\t<div class=\"elementor-spacer\">\n\t\t\t<div class=\"elementor-spacer-inner\"><\/div>\n\t\t<\/div>\n\t\t\t\t\t\t<\/div>\n\t\t\t\t<div class=\"elementor-element elementor-element-35502f5 elementor-widget__width-initial animated-slow elementor-invisible elementor-widget elementor-widget-heading\" data-id=\"35502f5\" data-element_type=\"widget\" data-settings=\"{&quot;_animation&quot;:&quot;fadeIn&quot;}\" data-widget_type=\"heading.default\">\n\t\t\t\t\t<h1 class=\"elementor-heading-title elementor-size-default\">HEF Durferrit<\/h1>\t\t\t\t<\/div>\n\t\t\t\t\t<\/div>\n\t\t\t\t<\/div>\n\t\t\t\t<div class=\"elementor-element elementor-element-2bdcf6e elementor-widget__width-inherit elementor-widget-tablet__width-initial elementor-widget elementor-widget-image\" data-id=\"2bdcf6e\" data-element_type=\"widget\" data-widget_type=\"image.default\">\n\t\t\t\t\t\t\t\t\t\t\t\t\t\t\t<img fetchpriority=\"high\" decoding=\"async\" width=\"680\" height=\"382\" src=\"https:\/\/hef.com.br\/sitehef\/wp-content\/uploads\/2025\/12\/unnamed.webp\" class=\"attachment-large size-large wp-image-14348\" alt=\"\" srcset=\"https:\/\/hef.com.br\/sitehef\/wp-content\/uploads\/2025\/12\/unnamed.webp 680w, https:\/\/hef.com.br\/sitehef\/wp-content\/uploads\/2025\/12\/unnamed-300x169.webp 300w\" sizes=\"(max-width: 680px) 100vw, 680px\" \/>\t\t\t\t\t\t\t\t\t\t\t\t\t\t\t<\/div>\n\t\t\t\t<\/div>\n\t\t<div class=\"elementor-element elementor-element-f11ae73 e-con-full e-flex e-con e-parent\" data-id=\"f11ae73\" data-element_type=\"container\" data-settings=\"{&quot;background_background&quot;:&quot;classic&quot;}\">\n\t\t<div class=\"elementor-element elementor-element-eb67523 e-flex e-con-boxed e-con e-child\" data-id=\"eb67523\" data-element_type=\"container\">\n\t\t\t\t\t<div class=\"e-con-inner\">\n\t\t<div class=\"elementor-element elementor-element-0554375 e-con-full e-flex e-con e-child\" data-id=\"0554375\" data-element_type=\"container\">\n\t\t\t\t<div class=\"elementor-element elementor-element-1cc6346 animated-slow elementor-invisible elementor-widget elementor-widget-heading\" data-id=\"1cc6346\" data-element_type=\"widget\" data-settings=\"{&quot;_animation&quot;:&quot;fadeIn&quot;}\" data-widget_type=\"heading.default\">\n\t\t\t\t\t<h2 class=\"elementor-heading-title elementor-size-default\">Conhe\u00e7a nossa unidade:<\/h2>\t\t\t\t<\/div>\n\t\t\t\t<div class=\"elementor-element elementor-element-882cc87 elementor-widget elementor-widget-spacer\" data-id=\"882cc87\" data-element_type=\"widget\" data-widget_type=\"spacer.default\">\n\t\t\t\t\t\t\t<div class=\"elementor-spacer\">\n\t\t\t<div class=\"elementor-spacer-inner\"><\/div>\n\t\t<\/div>\n\t\t\t\t\t\t<\/div>\n\t\t\t\t<div class=\"elementor-element elementor-element-a5ad89f animated-slow elementor-invisible elementor-widget elementor-widget-text-editor\" data-id=\"a5ad89f\" data-element_type=\"widget\" data-settings=\"{&quot;_animation&quot;:&quot;fadeIn&quot;}\" data-widget_type=\"text-editor.default\">\n\t\t\t\t\t\t\t\t\t<p>A <strong data-start=\"89\" data-end=\"106\">HEF Durferrit<\/strong> \u00e9 uma divis\u00e3o estrat\u00e9gica de neg\u00f3cios do <strong data-start=\"148\" data-end=\"161\">Grupo HEF<\/strong>, dedicada \u00e0 fabrica\u00e7\u00e3o de insumos qu\u00edmicos e ao fornecimento de solu\u00e7\u00f5es completas para o controle de processos em nossas unidades industriais no Brasil. Nossa atua\u00e7\u00e3o \u00e9 pautada pela excel\u00eancia t\u00e9cnica, inova\u00e7\u00e3o cont\u00ednua e total integra\u00e7\u00e3o com as demais opera\u00e7\u00f5es do grupo, garantindo qualidade, desempenho e seguran\u00e7a em cada etapa.<\/p>\t\t\t\t\t\t\t\t<\/div>\n\t\t\t\t<\/div>\n\t\t\t\t<div class=\"elementor-element elementor-element-26a2a8a elementor-widget__width-initial elementor-widget-tablet__width-inherit animated-slow elementor-invisible elementor-widget elementor-widget-image\" data-id=\"26a2a8a\" data-element_type=\"widget\" data-settings=\"{&quot;_animation&quot;:&quot;fadeIn&quot;}\" data-widget_type=\"image.default\">\n\t\t\t\t\t\t\t\t\t\t\t\t\t\t\t<img decoding=\"async\" width=\"800\" height=\"601\" src=\"https:\/\/hef.com.br\/sitehef\/wp-content\/uploads\/2025\/12\/IMG_0815-1024x769.jpg\" class=\"attachment-large size-large wp-image-15866\" alt=\"\" srcset=\"https:\/\/hef.com.br\/sitehef\/wp-content\/uploads\/2025\/12\/IMG_0815-1024x769.jpg 1024w, https:\/\/hef.com.br\/sitehef\/wp-content\/uploads\/2025\/12\/IMG_0815-300x225.jpg 300w, https:\/\/hef.com.br\/sitehef\/wp-content\/uploads\/2025\/12\/IMG_0815-768x576.jpg 768w, https:\/\/hef.com.br\/sitehef\/wp-content\/uploads\/2025\/12\/IMG_0815-1536x1153.jpg 1536w, https:\/\/hef.com.br\/sitehef\/wp-content\/uploads\/2025\/12\/IMG_0815.jpg 1920w\" sizes=\"(max-width: 800px) 100vw, 800px\" \/>\t\t\t\t\t\t\t\t\t\t\t\t\t\t\t<\/div>\n\t\t\t\t\t<\/div>\n\t\t\t\t<\/div>\n\t\t<div class=\"elementor-element elementor-element-83388e7 e-flex e-con-boxed e-con e-child\" data-id=\"83388e7\" data-element_type=\"container\" data-settings=\"{&quot;background_background&quot;:&quot;classic&quot;}\">\n\t\t\t\t\t<div class=\"e-con-inner\">\n\t\t\t\t<div class=\"elementor-element elementor-element-5822b87 elementor-widget__width-initial elementor-widget-tablet__width-inherit animated-slow elementor-invisible elementor-widget elementor-widget-image\" data-id=\"5822b87\" data-element_type=\"widget\" data-settings=\"{&quot;_animation&quot;:&quot;fadeIn&quot;}\" data-widget_type=\"image.default\">\n\t\t\t\t\t\t\t\t\t\t\t\t\t\t\t<img decoding=\"async\" width=\"800\" height=\"448\" src=\"https:\/\/hef.com.br\/sitehef\/wp-content\/uploads\/2026\/01\/AdobeStock_1642835374-1024x574.jpeg\" class=\"attachment-large size-large wp-image-15946\" alt=\"\" srcset=\"https:\/\/hef.com.br\/sitehef\/wp-content\/uploads\/2026\/01\/AdobeStock_1642835374-1024x574.jpeg 1024w, https:\/\/hef.com.br\/sitehef\/wp-content\/uploads\/2026\/01\/AdobeStock_1642835374-300x168.jpeg 300w, https:\/\/hef.com.br\/sitehef\/wp-content\/uploads\/2026\/01\/AdobeStock_1642835374-768x430.jpeg 768w, https:\/\/hef.com.br\/sitehef\/wp-content\/uploads\/2026\/01\/AdobeStock_1642835374-1536x861.jpeg 1536w, https:\/\/hef.com.br\/sitehef\/wp-content\/uploads\/2026\/01\/AdobeStock_1642835374.jpeg 1920w\" sizes=\"(max-width: 800px) 100vw, 800px\" \/>\t\t\t\t\t\t\t\t\t\t\t\t\t\t\t<\/div>\n\t\t<div class=\"elementor-element elementor-element-2102c28 e-con-full e-flex e-con e-child\" data-id=\"2102c28\" data-element_type=\"container\">\n\t\t\t\t<div class=\"elementor-element elementor-element-d416d4e animated-slow elementor-invisible elementor-widget elementor-widget-heading\" data-id=\"d416d4e\" data-element_type=\"widget\" data-settings=\"{&quot;_animation&quot;:&quot;fadeIn&quot;}\" data-widget_type=\"heading.default\">\n\t\t\t\t\t<h2 class=\"elementor-heading-title elementor-size-default\">Conte com a melhor equipe:<\/h2>\t\t\t\t<\/div>\n\t\t\t\t<div class=\"elementor-element elementor-element-1e83c88 elementor-widget elementor-widget-spacer\" data-id=\"1e83c88\" data-element_type=\"widget\" data-widget_type=\"spacer.default\">\n\t\t\t\t\t\t\t<div class=\"elementor-spacer\">\n\t\t\t<div class=\"elementor-spacer-inner\"><\/div>\n\t\t<\/div>\n\t\t\t\t\t\t<\/div>\n\t\t\t\t<div class=\"elementor-element elementor-element-c3f0644 animated-slow elementor-invisible elementor-widget elementor-widget-text-editor\" data-id=\"c3f0644\" data-element_type=\"widget\" data-settings=\"{&quot;_animation&quot;:&quot;fadeIn&quot;}\" data-widget_type=\"text-editor.default\">\n\t\t\t\t\t\t\t\t\t<p>Contamos com uma infraestrutura moderna, laborat\u00f3rios equipados e uma equipe altamente qualificada, incluindo <strong data-start=\"607\" data-end=\"637\">engenheiros especializados<\/strong>, preparados para acompanhar de perto as necessidades da sua empresa. Essa proximidade nos permite desenvolver projetos personalizados, oferecer suporte t\u00e9cnico completo e assegurar que cada solu\u00e7\u00e3o esteja alinhada aos mais altos padr\u00f5es internacionais.<\/p>\t\t\t\t\t\t\t\t<\/div>\n\t\t\t\t<\/div>\n\t\t\t\t\t<\/div>\n\t\t\t\t<\/div>\n\t\t<div class=\"elementor-element elementor-element-9ba81a8 e-flex e-con-boxed e-con e-child\" data-id=\"9ba81a8\" data-element_type=\"container\">\n\t\t\t\t\t<div class=\"e-con-inner\">\n\t\t<div class=\"elementor-element elementor-element-9e24a04 e-con-full e-flex e-con e-child\" data-id=\"9e24a04\" data-element_type=\"container\">\n\t\t\t\t<div class=\"elementor-element elementor-element-64dc18c animated-slow elementor-invisible elementor-widget elementor-widget-heading\" data-id=\"64dc18c\" data-element_type=\"widget\" data-settings=\"{&quot;_animation&quot;:&quot;fadeIn&quot;}\" data-widget_type=\"heading.default\">\n\t\t\t\t\t<h2 class=\"elementor-heading-title elementor-size-default\">Entre em contato conosco:<\/h2>\t\t\t\t<\/div>\n\t\t\t\t<div class=\"elementor-element elementor-element-78a9ee4 elementor-widget elementor-widget-spacer\" data-id=\"78a9ee4\" data-element_type=\"widget\" data-widget_type=\"spacer.default\">\n\t\t\t\t\t\t\t<div class=\"elementor-spacer\">\n\t\t\t<div class=\"elementor-spacer-inner\"><\/div>\n\t\t<\/div>\n\t\t\t\t\t\t<\/div>\n\t\t\t\t<div class=\"elementor-element elementor-element-5e38cb5 animated-slow elementor-invisible elementor-widget elementor-widget-text-editor\" data-id=\"5e38cb5\" data-element_type=\"widget\" data-settings=\"{&quot;_animation&quot;:&quot;fadeIn&quot;}\" data-widget_type=\"text-editor.default\">\n\t\t\t\t\t\t\t\t\t<p>Mais do que fornecer produtos, a HEF Durferrit entrega conhecimento, confiabilidade e parceria. Estamos comprometidos em apoiar o crescimento sustent\u00e1vel de nossos clientes, impulsionando ganhos de produtividade, efici\u00eancia operacional e resultados de longo prazo.<\/p>\t\t\t\t\t\t\t\t<\/div>\n\t\t\t\t<div class=\"elementor-element elementor-element-014ff2f animated-slow elementor-mobile-align-center elementor-invisible elementor-widget elementor-widget-button\" data-id=\"014ff2f\" data-element_type=\"widget\" data-settings=\"{&quot;_animation&quot;:&quot;fadeIn&quot;}\" data-widget_type=\"button.default\">\n\t\t\t\t\t\t\t\t\t\t<a class=\"elementor-button elementor-button-link elementor-size-sm\" href=\"https:\/\/hef.com.br\/sitehef\/faleconosco\/\">\n\t\t\t\t\t\t<span class=\"elementor-button-content-wrapper\">\n\t\t\t\t\t\t\t\t\t<span class=\"elementor-button-text\">Fale com nossos especialistas<\/span>\n\t\t\t\t\t<\/span>\n\t\t\t\t\t<\/a>\n\t\t\t\t\t\t\t\t<\/div>\n\t\t\t\t<\/div>\n\t\t\t\t<div class=\"elementor-element elementor-element-da36e0f elementor-widget__width-initial elementor-widget-tablet__width-inherit animated-slow elementor-invisible elementor-widget elementor-widget-image\" data-id=\"da36e0f\" data-element_type=\"widget\" data-settings=\"{&quot;_animation&quot;:&quot;fadeIn&quot;}\" data-widget_type=\"image.default\">\n\t\t\t\t\t\t\t\t\t\t\t\t\t\t\t<img loading=\"lazy\" decoding=\"async\" width=\"800\" height=\"480\" src=\"https:\/\/hef.com.br\/sitehef\/wp-content\/uploads\/2025\/11\/AdobeStock_338340164-1-1024x614.jpeg\" class=\"attachment-large size-large wp-image-14267\" alt=\"\" srcset=\"https:\/\/hef.com.br\/sitehef\/wp-content\/uploads\/2025\/11\/AdobeStock_338340164-1-1024x614.jpeg 1024w, https:\/\/hef.com.br\/sitehef\/wp-content\/uploads\/2025\/11\/AdobeStock_338340164-1-300x180.jpeg 300w, https:\/\/hef.com.br\/sitehef\/wp-content\/uploads\/2025\/11\/AdobeStock_338340164-1-768x460.jpeg 768w, https:\/\/hef.com.br\/sitehef\/wp-content\/uploads\/2025\/11\/AdobeStock_338340164-1-1536x921.jpeg 1536w, https:\/\/hef.com.br\/sitehef\/wp-content\/uploads\/2025\/11\/AdobeStock_338340164-1.jpeg 1920w\" sizes=\"(max-width: 800px) 100vw, 800px\" \/>\t\t\t\t\t\t\t\t\t\t\t\t\t\t\t<\/div>\n\t\t\t\t\t<\/div>\n\t\t\t\t<\/div>\n\t\t\t\t<\/div>\n\t\t\t\t<\/div>\n\t\t","protected":false},"excerpt":{"rendered":"<p>Conhe\u00e7a nossa unidade: A HEF Durferrit \u00e9 uma divis\u00e3o estrat\u00e9gica de neg\u00f3cios do Grupo HEF, dedicada \u00e0 fabrica\u00e7\u00e3o de insumos qu\u00edmicos e ao fornecimento de solu\u00e7\u00f5es completas para o controle de processos em nossas unidades industriais no Brasil. Nossa atua\u00e7\u00e3o \u00e9 pautada pela excel\u00eancia t\u00e9cnica, inova\u00e7\u00e3o cont\u00ednua e total integra\u00e7\u00e3o com as demais opera\u00e7\u00f5es do [&hellip;]<\/p>\n","protected":false},"author":1,"featured_media":0,"parent":0,"menu_order":0,"comment_status":"closed","ping_status":"closed","template":"","meta":{"_acf_changed":false,"footnotes":""},"class_list":["post-13921","page","type-page","status-publish","hentry"],"acf":[],"yoast_head":"<!-- This site is optimized with the Yoast SEO plugin v25.5 - https:\/\/yoast.com\/wordpress\/plugins\/seo\/ -->\n<title>HEF Durferrit - HEF<\/title>\n<meta name=\"robots\" content=\"index, follow, max-snippet:-1, max-image-preview:large, max-video-preview:-1\" \/>\n<link rel=\"canonical\" href=\"https:\/\/hef.com.br\/sitehef\/hef-durferrit\/\" \/>\n<meta property=\"og:locale\" content=\"pt_BR\" \/>\n<meta property=\"og:type\" content=\"article\" \/>\n<meta property=\"og:title\" content=\"HEF Durferrit - HEF\" \/>\n<meta property=\"og:description\" content=\"Conhe\u00e7a nossa unidade: A HEF Durferrit \u00e9 uma divis\u00e3o estrat\u00e9gica de neg\u00f3cios do Grupo HEF, dedicada \u00e0 fabrica\u00e7\u00e3o de insumos qu\u00edmicos e ao fornecimento de solu\u00e7\u00f5es completas para o controle de processos em nossas unidades industriais no Brasil. Nossa atua\u00e7\u00e3o \u00e9 pautada pela excel\u00eancia t\u00e9cnica, inova\u00e7\u00e3o cont\u00ednua e total integra\u00e7\u00e3o com as demais opera\u00e7\u00f5es do [&hellip;]\" \/>\n<meta property=\"og:url\" content=\"https:\/\/hef.com.br\/sitehef\/hef-durferrit\/\" \/>\n<meta property=\"og:site_name\" content=\"HEF\" \/>\n<meta property=\"article:modified_time\" content=\"2026-01-19T17:40:39+00:00\" \/>\n<meta property=\"og:image\" content=\"https:\/\/hef.com.br\/sitehef\/wp-content\/uploads\/2025\/12\/unnamed.webp\" \/>\n\t<meta property=\"og:image:width\" content=\"680\" \/>\n\t<meta property=\"og:image:height\" content=\"382\" \/>\n\t<meta property=\"og:image:type\" content=\"image\/webp\" \/>\n<meta name=\"twitter:card\" content=\"summary_large_image\" \/>\n<meta name=\"twitter:label1\" content=\"Est. tempo de leitura\" \/>\n\t<meta name=\"twitter:data1\" content=\"1 minuto\" \/>\n<script type=\"application\/ld+json\" class=\"yoast-schema-graph\">{\"@context\":\"https:\/\/schema.org\",\"@graph\":[{\"@type\":\"WebPage\",\"@id\":\"https:\/\/hef.com.br\/sitehef\/hef-durferrit\/\",\"url\":\"https:\/\/hef.com.br\/sitehef\/hef-durferrit\/\",\"name\":\"HEF Durferrit - HEF\",\"isPartOf\":{\"@id\":\"https:\/\/hef.com.br\/sitehef\/#website\"},\"primaryImageOfPage\":{\"@id\":\"https:\/\/hef.com.br\/sitehef\/hef-durferrit\/#primaryimage\"},\"image\":{\"@id\":\"https:\/\/hef.com.br\/sitehef\/hef-durferrit\/#primaryimage\"},\"thumbnailUrl\":\"https:\/\/hef.com.br\/sitehef\/wp-content\/uploads\/2025\/12\/unnamed.webp\",\"datePublished\":\"2025-10-15T21:02:02+00:00\",\"dateModified\":\"2026-01-19T17:40:39+00:00\",\"breadcrumb\":{\"@id\":\"https:\/\/hef.com.br\/sitehef\/hef-durferrit\/#breadcrumb\"},\"inLanguage\":\"pt-BR\",\"potentialAction\":[{\"@type\":\"ReadAction\",\"target\":[\"https:\/\/hef.com.br\/sitehef\/hef-durferrit\/\"]}]},{\"@type\":\"ImageObject\",\"inLanguage\":\"pt-BR\",\"@id\":\"https:\/\/hef.com.br\/sitehef\/hef-durferrit\/#primaryimage\",\"url\":\"https:\/\/hef.com.br\/sitehef\/wp-content\/uploads\/2025\/12\/unnamed.webp\",\"contentUrl\":\"https:\/\/hef.com.br\/sitehef\/wp-content\/uploads\/2025\/12\/unnamed.webp\",\"width\":680,\"height\":382},{\"@type\":\"BreadcrumbList\",\"@id\":\"https:\/\/hef.com.br\/sitehef\/hef-durferrit\/#breadcrumb\",\"itemListElement\":[{\"@type\":\"ListItem\",\"position\":1,\"name\":\"Home\",\"item\":\"https:\/\/hef.com.br\/sitehef\/\"},{\"@type\":\"ListItem\",\"position\":2,\"name\":\"HEF Durferrit\"}]},{\"@type\":\"WebSite\",\"@id\":\"https:\/\/hef.com.br\/sitehef\/#website\",\"url\":\"https:\/\/hef.com.br\/sitehef\/\",\"name\":\"HEF Groupe\",\"description\":\"Leader Mondial en ing\u00e9n\u00e9rie des mat\u00e9riaux de surfaces\",\"publisher\":{\"@id\":\"https:\/\/hef.com.br\/sitehef\/#organization\"},\"potentialAction\":[{\"@type\":\"SearchAction\",\"target\":{\"@type\":\"EntryPoint\",\"urlTemplate\":\"https:\/\/hef.com.br\/sitehef\/?s={search_term_string}\"},\"query-input\":{\"@type\":\"PropertyValueSpecification\",\"valueRequired\":true,\"valueName\":\"search_term_string\"}}],\"inLanguage\":\"pt-BR\"},{\"@type\":\"Organization\",\"@id\":\"https:\/\/hef.com.br\/sitehef\/#organization\",\"name\":\"HEF Groupe\",\"url\":\"https:\/\/hef.com.br\/sitehef\/\",\"logo\":{\"@type\":\"ImageObject\",\"inLanguage\":\"pt-BR\",\"@id\":\"https:\/\/hef.com.br\/sitehef\/#\/schema\/logo\/image\/\",\"url\":\"https:\/\/hef.com.br\/sitehef\/wp-content\/uploads\/2025\/12\/cropped-HEF_GROUPE_BRASIL_FINAL-01.png\",\"contentUrl\":\"https:\/\/hef.com.br\/sitehef\/wp-content\/uploads\/2025\/12\/cropped-HEF_GROUPE_BRASIL_FINAL-01.png\",\"width\":708,\"height\":304,\"caption\":\"HEF Groupe\"},\"image\":{\"@id\":\"https:\/\/hef.com.br\/sitehef\/#\/schema\/logo\/image\/\"}}]}<\/script>\n<!-- \/ Yoast SEO plugin. -->","yoast_head_json":{"title":"HEF Durferrit - HEF","robots":{"index":"index","follow":"follow","max-snippet":"max-snippet:-1","max-image-preview":"max-image-preview:large","max-video-preview":"max-video-preview:-1"},"canonical":"https:\/\/hef.com.br\/sitehef\/hef-durferrit\/","og_locale":"pt_BR","og_type":"article","og_title":"HEF Durferrit - HEF","og_description":"Conhe\u00e7a nossa unidade: A HEF Durferrit \u00e9 uma divis\u00e3o estrat\u00e9gica de neg\u00f3cios do Grupo HEF, dedicada \u00e0 fabrica\u00e7\u00e3o de insumos qu\u00edmicos e ao fornecimento de solu\u00e7\u00f5es completas para o controle de processos em nossas unidades industriais no Brasil. Nossa atua\u00e7\u00e3o \u00e9 pautada pela excel\u00eancia t\u00e9cnica, inova\u00e7\u00e3o cont\u00ednua e total integra\u00e7\u00e3o com as demais opera\u00e7\u00f5es do [&hellip;]","og_url":"https:\/\/hef.com.br\/sitehef\/hef-durferrit\/","og_site_name":"HEF","article_modified_time":"2026-01-19T17:40:39+00:00","og_image":[{"width":680,"height":382,"url":"https:\/\/hef.com.br\/sitehef\/wp-content\/uploads\/2025\/12\/unnamed.webp","type":"image\/webp"}],"twitter_card":"summary_large_image","twitter_misc":{"Est. tempo de leitura":"1 minuto"},"schema":{"@context":"https:\/\/schema.org","@graph":[{"@type":"WebPage","@id":"https:\/\/hef.com.br\/sitehef\/hef-durferrit\/","url":"https:\/\/hef.com.br\/sitehef\/hef-durferrit\/","name":"HEF Durferrit - HEF","isPartOf":{"@id":"https:\/\/hef.com.br\/sitehef\/#website"},"primaryImageOfPage":{"@id":"https:\/\/hef.com.br\/sitehef\/hef-durferrit\/#primaryimage"},"image":{"@id":"https:\/\/hef.com.br\/sitehef\/hef-durferrit\/#primaryimage"},"thumbnailUrl":"https:\/\/hef.com.br\/sitehef\/wp-content\/uploads\/2025\/12\/unnamed.webp","datePublished":"2025-10-15T21:02:02+00:00","dateModified":"2026-01-19T17:40:39+00:00","breadcrumb":{"@id":"https:\/\/hef.com.br\/sitehef\/hef-durferrit\/#breadcrumb"},"inLanguage":"pt-BR","potentialAction":[{"@type":"ReadAction","target":["https:\/\/hef.com.br\/sitehef\/hef-durferrit\/"]}]},{"@type":"ImageObject","inLanguage":"pt-BR","@id":"https:\/\/hef.com.br\/sitehef\/hef-durferrit\/#primaryimage","url":"https:\/\/hef.com.br\/sitehef\/wp-content\/uploads\/2025\/12\/unnamed.webp","contentUrl":"https:\/\/hef.com.br\/sitehef\/wp-content\/uploads\/2025\/12\/unnamed.webp","width":680,"height":382},{"@type":"BreadcrumbList","@id":"https:\/\/hef.com.br\/sitehef\/hef-durferrit\/#breadcrumb","itemListElement":[{"@type":"ListItem","position":1,"name":"Home","item":"https:\/\/hef.com.br\/sitehef\/"},{"@type":"ListItem","position":2,"name":"HEF Durferrit"}]},{"@type":"WebSite","@id":"https:\/\/hef.com.br\/sitehef\/#website","url":"https:\/\/hef.com.br\/sitehef\/","name":"HEF Groupe","description":"Leader Mondial en ing\u00e9n\u00e9rie des mat\u00e9riaux de surfaces","publisher":{"@id":"https:\/\/hef.com.br\/sitehef\/#organization"},"potentialAction":[{"@type":"SearchAction","target":{"@type":"EntryPoint","urlTemplate":"https:\/\/hef.com.br\/sitehef\/?s={search_term_string}"},"query-input":{"@type":"PropertyValueSpecification","valueRequired":true,"valueName":"search_term_string"}}],"inLanguage":"pt-BR"},{"@type":"Organization","@id":"https:\/\/hef.com.br\/sitehef\/#organization","name":"HEF Groupe","url":"https:\/\/hef.com.br\/sitehef\/","logo":{"@type":"ImageObject","inLanguage":"pt-BR","@id":"https:\/\/hef.com.br\/sitehef\/#\/schema\/logo\/image\/","url":"https:\/\/hef.com.br\/sitehef\/wp-content\/uploads\/2025\/12\/cropped-HEF_GROUPE_BRASIL_FINAL-01.png","contentUrl":"https:\/\/hef.com.br\/sitehef\/wp-content\/uploads\/2025\/12\/cropped-HEF_GROUPE_BRASIL_FINAL-01.png","width":708,"height":304,"caption":"HEF Groupe"},"image":{"@id":"https:\/\/hef.com.br\/sitehef\/#\/schema\/logo\/image\/"}}]}},"_links":{"self":[{"href":"https:\/\/hef.com.br\/sitehef\/wp-json\/wp\/v2\/pages\/13921","targetHints":{"allow":["GET"]}}],"collection":[{"href":"https:\/\/hef.com.br\/sitehef\/wp-json\/wp\/v2\/pages"}],"about":[{"href":"https:\/\/hef.com.br\/sitehef\/wp-json\/wp\/v2\/types\/page"}],"author":[{"embeddable":true,"href":"https:\/\/hef.com.br\/sitehef\/wp-json\/wp\/v2\/users\/1"}],"replies":[{"embeddable":true,"href":"https:\/\/hef.com.br\/sitehef\/wp-json\/wp\/v2\/comments?post=13921"}],"version-history":[{"count":22,"href":"https:\/\/hef.com.br\/sitehef\/wp-json\/wp\/v2\/pages\/13921\/revisions"}],"predecessor-version":[{"id":15952,"href":"https:\/\/hef.com.br\/sitehef\/wp-json\/wp\/v2\/pages\/13921\/revisions\/15952"}],"wp:attachment":[{"href":"https:\/\/hef.com.br\/sitehef\/wp-json\/wp\/v2\/media?parent=13921"}],"curies":[{"name":"wp","href":"https:\/\/api.w.org\/{rel}","templated":true}]}}