{"id":13927,"date":"2025-10-15T23:04:44","date_gmt":"2025-10-15T21:04:44","guid":{"rendered":"https:\/\/hef.com.br\/sitehef\/resumo-global-2\/"},"modified":"2025-12-17T18:16:34","modified_gmt":"2025-12-17T17:16:34","slug":"buchas","status":"publish","type":"page","link":"https:\/\/hef.com.br\/sitehef\/buchas\/","title":{"rendered":"Buchas"},"content":{"rendered":"\t\t<div data-elementor-type=\"wp-page\" data-elementor-id=\"13927\" class=\"elementor elementor-13927\" data-elementor-post-type=\"page\">\n\t\t\t\t<div class=\"elementor-element elementor-element-4d214de5 e-con-full e-flex e-con e-parent\" data-id=\"4d214de5\" data-element_type=\"container\" data-settings=\"{&quot;background_background&quot;:&quot;gradient&quot;}\">\n\t\t<div class=\"elementor-element elementor-element-5451f229 e-flex e-con-boxed e-con e-child\" data-id=\"5451f229\" data-element_type=\"container\">\n\t\t\t\t\t<div class=\"e-con-inner\">\n\t\t\t\t<div class=\"elementor-element elementor-element-2a32f58c elementor-align-left elementor-hidden-tablet elementor-hidden-mobile elementor-widget elementor-widget-breadcrumbs\" data-id=\"2a32f58c\" data-element_type=\"widget\" data-widget_type=\"breadcrumbs.default\">\n\t\t\t\t\t<p id=\"breadcrumbs\"><span><span><a href=\"https:\/\/hef.com.br\/sitehef\/\">Home<\/a><\/span><\/span><\/p>\t\t\t\t<\/div>\n\t\t\t\t<div class=\"elementor-element elementor-element-21e83345 elementor-widget__width-inherit elementor-invisible elementor-widget elementor-widget-heading\" data-id=\"21e83345\" data-element_type=\"widget\" data-settings=\"{&quot;_animation&quot;:&quot;fadeIn&quot;}\" data-widget_type=\"heading.default\">\n\t\t\t\t\t<h1 class=\"elementor-heading-title elementor-size-default\">Buchas<\/h1>\t\t\t\t<\/div>\n\t\t\t\t\t<\/div>\n\t\t\t\t<\/div>\n\t\t\t\t<\/div>\n\t\t<div class=\"elementor-element elementor-element-30f9313e e-con-full e-flex e-con e-parent\" data-id=\"30f9313e\" data-element_type=\"container\" data-settings=\"{&quot;background_background&quot;:&quot;classic&quot;}\">\n\t\t<div class=\"elementor-element elementor-element-7b5d4b0f e-flex e-con-boxed e-con e-child\" data-id=\"7b5d4b0f\" data-element_type=\"container\" data-settings=\"{&quot;background_background&quot;:&quot;classic&quot;}\">\n\t\t\t\t\t<div class=\"e-con-inner\">\n\t\t<div class=\"elementor-element elementor-element-67293896 e-con-full e-flex e-con e-child\" data-id=\"67293896\" data-element_type=\"container\">\n\t\t\t\t<div class=\"elementor-element elementor-element-606bd8f9 animated-slow elementor-invisible elementor-widget elementor-widget-heading\" data-id=\"606bd8f9\" data-element_type=\"widget\" data-settings=\"{&quot;_animation&quot;:&quot;fadeIn&quot;}\" data-widget_type=\"heading.default\">\n\t\t\t\t\t<h2 class=\"elementor-heading-title elementor-size-default\">Excel\u00eancia na entrega:<\/h2>\t\t\t\t<\/div>\n\t\t\t\t<div class=\"elementor-element elementor-element-aebd567 elementor-widget elementor-widget-spacer\" data-id=\"aebd567\" data-element_type=\"widget\" data-widget_type=\"spacer.default\">\n\t\t\t\t\t\t\t<div class=\"elementor-spacer\">\n\t\t\t<div class=\"elementor-spacer-inner\"><\/div>\n\t\t<\/div>\n\t\t\t\t\t\t<\/div>\n\t\t\t\t<div class=\"elementor-element elementor-element-5e5c680 animated-slow elementor-invisible elementor-widget elementor-widget-text-editor\" data-id=\"5e5c680\" data-element_type=\"widget\" data-settings=\"{&quot;_animation&quot;:&quot;fadeIn&quot;}\" data-widget_type=\"text-editor.default\">\n\t\t\t\t\t\t\t\t\t<p>H\u00e1 mais de 50 anos, a HEF projeta e fabrica buchas, an\u00e9is e juntas de alto desempenho para aplica\u00e7\u00f5es exigentes em setores como constru\u00e7\u00e3o, minera\u00e7\u00e3o, processamento de a\u00e7o, transporte, silvicultura, manuseio de materiais e agricultura.<\/p><p>As buchas HEF s\u00e3o reconhecidas mundialmente por suas propriedades superiores de atrito e antiengripamento, al\u00e9m de sua capacidade de suportar cargas elevadas. S\u00e3o a escolha ideal para aplica\u00e7\u00f5es que exigem intervalos prolongados entre lubrifica\u00e7\u00f5es.<\/p><p>Tr\u00eas fatores tornam as buchas HEF projetadas excepcionalmente f\u00e1ceis de manter em aplica\u00e7\u00f5es de alta carga e baixa velocidade de rota\u00e7\u00e3o:<\/p><ul><li>Sele\u00e7\u00e3o otimizada de a\u00e7o e tratamento t\u00e9rmico<\/li><li>Tratamentos de superf\u00edcie patenteados<\/li><li>Topografias de superf\u00edcie patenteadas: hachuras internas e cavidades superficiais<\/li><\/ul>\t\t\t\t\t\t\t\t<\/div>\n\t\t\t\t<\/div>\n\t\t\t\t<div class=\"elementor-element elementor-element-441a3108 elementor-widget__width-initial elementor-widget-tablet__width-inherit animated-slow elementor-invisible elementor-widget elementor-widget-image\" data-id=\"441a3108\" data-element_type=\"widget\" data-settings=\"{&quot;_animation&quot;:&quot;fadeIn&quot;}\" data-widget_type=\"image.default\">\n\t\t\t\t\t\t\t\t\t\t\t\t\t\t\t<img fetchpriority=\"high\" decoding=\"async\" width=\"768\" height=\"458\" src=\"https:\/\/hef.com.br\/sitehef\/wp-content\/uploads\/2025\/12\/Buchas-de-Compositos-H-Liner-M-768x458.jpg\" class=\"attachment-medium_large size-medium_large wp-image-15401\" alt=\"\" srcset=\"https:\/\/hef.com.br\/sitehef\/wp-content\/uploads\/2025\/12\/Buchas-de-Compositos-H-Liner-M-768x458.jpg 768w, https:\/\/hef.com.br\/sitehef\/wp-content\/uploads\/2025\/12\/Buchas-de-Compositos-H-Liner-M-300x179.jpg 300w, https:\/\/hef.com.br\/sitehef\/wp-content\/uploads\/2025\/12\/Buchas-de-Compositos-H-Liner-M.jpg 879w\" sizes=\"(max-width: 768px) 100vw, 768px\" \/>\t\t\t\t\t\t\t\t\t\t\t\t\t\t\t<\/div>\n\t\t\t\t\t<\/div>\n\t\t\t\t<\/div>\n\t\t<div class=\"elementor-element elementor-element-299075e2 e-flex e-con-boxed e-con e-child\" data-id=\"299075e2\" data-element_type=\"container\">\n\t\t\t\t\t<div class=\"e-con-inner\">\n\t\t\t\t<div class=\"elementor-element elementor-element-717c8ca7 elementor-widget__width-initial elementor-widget-tablet__width-inherit animated-slow elementor-invisible elementor-widget elementor-widget-image\" data-id=\"717c8ca7\" data-element_type=\"widget\" data-settings=\"{&quot;_animation&quot;:&quot;fadeIn&quot;}\" data-widget_type=\"image.default\">\n\t\t\t\t\t\t\t\t\t\t\t\t\t\t\t<img decoding=\"async\" width=\"768\" height=\"204\" src=\"https:\/\/hef.com.br\/sitehef\/wp-content\/uploads\/2025\/12\/Buchas-de-Composito-H-Liner-S-e-S1-768x204.jpg\" class=\"attachment-medium_large size-medium_large wp-image-15409\" alt=\"\" srcset=\"https:\/\/hef.com.br\/sitehef\/wp-content\/uploads\/2025\/12\/Buchas-de-Composito-H-Liner-S-e-S1-768x204.jpg 768w, https:\/\/hef.com.br\/sitehef\/wp-content\/uploads\/2025\/12\/Buchas-de-Composito-H-Liner-S-e-S1-300x80.jpg 300w, https:\/\/hef.com.br\/sitehef\/wp-content\/uploads\/2025\/12\/Buchas-de-Composito-H-Liner-S-e-S1-1024x273.jpg 1024w, https:\/\/hef.com.br\/sitehef\/wp-content\/uploads\/2025\/12\/Buchas-de-Composito-H-Liner-S-e-S1-1536x409.jpg 1536w, https:\/\/hef.com.br\/sitehef\/wp-content\/uploads\/2025\/12\/Buchas-de-Composito-H-Liner-S-e-S1.jpg 1920w\" sizes=\"(max-width: 768px) 100vw, 768px\" \/>\t\t\t\t\t\t\t\t\t\t\t\t\t\t\t<\/div>\n\t\t<div class=\"elementor-element elementor-element-8636de e-con-full e-flex e-con e-child\" data-id=\"8636de\" data-element_type=\"container\">\n\t\t\t\t<div class=\"elementor-element elementor-element-88f4bb4 animated-slow elementor-invisible elementor-widget elementor-widget-text-editor\" data-id=\"88f4bb4\" data-element_type=\"widget\" data-settings=\"{&quot;_animation&quot;:&quot;fadeIn&quot;}\" data-widget_type=\"text-editor.default\">\n\t\t\t\t\t\t\t\t\t<p>O hachurado consiste em uma rede de ranhuras na superf\u00edcie interna da bucha. Em juntas lubrificadas, essas ranhuras formam reservat\u00f3rios de graxa interconectados, permitindo que os intervalos de lubrifica\u00e7\u00e3o aumentem em at\u00e9 100%. Al\u00e9m disso, as hachuras facilitam a evacua\u00e7\u00e3o de detritos duros, comuns em muitas aplica\u00e7\u00f5es industriais, reduzindo o desgaste prematuro.<\/p><p>As cavidades superficiais atuam como reservas de lubrificante, mantendo a graxa nos pontos de contato e possibilitando opera\u00e7\u00e3o sem manuten\u00e7\u00e3o ou com intervalos de lubrifica\u00e7\u00e3o prolongados. Em altas velocidades de deslizamento, essas cavidades promovem um atrito hidrodin\u00e2mico local, permitindo que a press\u00e3o seja suportada pela graxa nos pontos de contato.<\/p><p>A HEF oferece diversos designs de buchas patenteados em uma ampla gama de tamanhos, al\u00e9m de rolamentos de manga cementados e retificados. Para definir o design mais adequado a uma aplica\u00e7\u00e3o, os projetistas devem avaliar as condi\u00e7\u00f5es do ambiente de trabalho, incluindo abras\u00e3o, carga, corros\u00e3o e requisitos de manuten\u00e7\u00e3o.<\/p><p>Al\u00e9m de buchas e rolamentos, a HEF fornece uma ampla gama de outros componentes de fric\u00e7\u00e3o, incluindo pinos, eixos e mangas; corredi\u00e7as e almofadas, anilhas, rolos, parafusos e porcas.<\/p>\t\t\t\t\t\t\t\t<\/div>\n\t\t\t\t<div class=\"elementor-element elementor-element-0de4b58 elementor-widget elementor-widget-spacer\" data-id=\"0de4b58\" data-element_type=\"widget\" data-widget_type=\"spacer.default\">\n\t\t\t\t\t\t\t<div class=\"elementor-spacer\">\n\t\t\t<div class=\"elementor-spacer-inner\"><\/div>\n\t\t<\/div>\n\t\t\t\t\t\t<\/div>\n\t\t\t\t<div class=\"elementor-element elementor-element-90202d8 elementor-mobile-align-center elementor-widget elementor-widget-button\" data-id=\"90202d8\" data-element_type=\"widget\" data-widget_type=\"button.default\">\n\t\t\t\t\t\t\t\t\t\t<a class=\"elementor-button elementor-button-link elementor-size-sm\" href=\"https:\/\/hef.com.br\/sitehef\/faleconosco\/\">\n\t\t\t\t\t\t<span class=\"elementor-button-content-wrapper\">\n\t\t\t\t\t\t\t\t\t<span class=\"elementor-button-text\">Entre em contato conosco<\/span>\n\t\t\t\t\t<\/span>\n\t\t\t\t\t<\/a>\n\t\t\t\t\t\t\t\t<\/div>\n\t\t\t\t<\/div>\n\t\t\t\t\t<\/div>\n\t\t\t\t<\/div>\n\t\t\t\t<\/div>\n\t\t\t\t<\/div>\n\t\t","protected":false},"excerpt":{"rendered":"<p>Excel\u00eancia na entrega: H\u00e1 mais de 50 anos, a HEF projeta e fabrica buchas, an\u00e9is e juntas de alto desempenho para aplica\u00e7\u00f5es exigentes em setores como constru\u00e7\u00e3o, minera\u00e7\u00e3o, processamento de a\u00e7o, transporte, silvicultura, manuseio de materiais e agricultura. As buchas HEF s\u00e3o reconhecidas mundialmente por suas propriedades superiores de atrito e antiengripamento, al\u00e9m de sua [&hellip;]<\/p>\n","protected":false},"author":1,"featured_media":0,"parent":0,"menu_order":0,"comment_status":"closed","ping_status":"closed","template":"","meta":{"_acf_changed":false,"footnotes":""},"class_list":["post-13927","page","type-page","status-publish","hentry"],"acf":[],"yoast_head":"<!-- This site is optimized with the Yoast SEO plugin v25.5 - https:\/\/yoast.com\/wordpress\/plugins\/seo\/ -->\n<title>Buchas - HEF<\/title>\n<meta name=\"robots\" content=\"index, follow, max-snippet:-1, max-image-preview:large, max-video-preview:-1\" \/>\n<link rel=\"canonical\" href=\"https:\/\/hef.com.br\/sitehef\/buchas\/\" \/>\n<meta property=\"og:locale\" content=\"pt_BR\" \/>\n<meta property=\"og:type\" content=\"article\" \/>\n<meta property=\"og:title\" content=\"Buchas - HEF\" \/>\n<meta property=\"og:description\" content=\"Excel\u00eancia na entrega: H\u00e1 mais de 50 anos, a HEF projeta e fabrica buchas, an\u00e9is e juntas de alto desempenho para aplica\u00e7\u00f5es exigentes em setores como constru\u00e7\u00e3o, minera\u00e7\u00e3o, processamento de a\u00e7o, transporte, silvicultura, manuseio de materiais e agricultura. As buchas HEF s\u00e3o reconhecidas mundialmente por suas propriedades superiores de atrito e antiengripamento, al\u00e9m de sua [&hellip;]\" \/>\n<meta property=\"og:url\" content=\"https:\/\/hef.com.br\/sitehef\/buchas\/\" \/>\n<meta property=\"og:site_name\" content=\"HEF\" \/>\n<meta property=\"article:modified_time\" content=\"2025-12-17T17:16:34+00:00\" \/>\n<meta property=\"og:image\" content=\"https:\/\/hef.com.br\/sitehef\/wp-content\/uploads\/2025\/12\/Buchas-de-Compositos-H-Liner-M.jpg\" \/>\n\t<meta property=\"og:image:width\" content=\"879\" \/>\n\t<meta property=\"og:image:height\" content=\"524\" \/>\n\t<meta property=\"og:image:type\" content=\"image\/jpeg\" \/>\n<meta name=\"twitter:card\" content=\"summary_large_image\" \/>\n<meta name=\"twitter:label1\" content=\"Est. tempo de leitura\" \/>\n\t<meta name=\"twitter:data1\" content=\"2 minutos\" \/>\n<script type=\"application\/ld+json\" class=\"yoast-schema-graph\">{\"@context\":\"https:\/\/schema.org\",\"@graph\":[{\"@type\":\"WebPage\",\"@id\":\"https:\/\/hef.com.br\/sitehef\/buchas\/\",\"url\":\"https:\/\/hef.com.br\/sitehef\/buchas\/\",\"name\":\"Buchas - HEF\",\"isPartOf\":{\"@id\":\"https:\/\/hef.com.br\/sitehef\/#website\"},\"primaryImageOfPage\":{\"@id\":\"https:\/\/hef.com.br\/sitehef\/buchas\/#primaryimage\"},\"image\":{\"@id\":\"https:\/\/hef.com.br\/sitehef\/buchas\/#primaryimage\"},\"thumbnailUrl\":\"https:\/\/hef.com.br\/sitehef\/wp-content\/uploads\/2025\/12\/Buchas-de-Compositos-H-Liner-M-768x458.jpg\",\"datePublished\":\"2025-10-15T21:04:44+00:00\",\"dateModified\":\"2025-12-17T17:16:34+00:00\",\"breadcrumb\":{\"@id\":\"https:\/\/hef.com.br\/sitehef\/buchas\/#breadcrumb\"},\"inLanguage\":\"pt-BR\",\"potentialAction\":[{\"@type\":\"ReadAction\",\"target\":[\"https:\/\/hef.com.br\/sitehef\/buchas\/\"]}]},{\"@type\":\"ImageObject\",\"inLanguage\":\"pt-BR\",\"@id\":\"https:\/\/hef.com.br\/sitehef\/buchas\/#primaryimage\",\"url\":\"https:\/\/hef.com.br\/sitehef\/wp-content\/uploads\/2025\/12\/Buchas-de-Compositos-H-Liner-M.jpg\",\"contentUrl\":\"https:\/\/hef.com.br\/sitehef\/wp-content\/uploads\/2025\/12\/Buchas-de-Compositos-H-Liner-M.jpg\",\"width\":879,\"height\":524},{\"@type\":\"BreadcrumbList\",\"@id\":\"https:\/\/hef.com.br\/sitehef\/buchas\/#breadcrumb\",\"itemListElement\":[{\"@type\":\"ListItem\",\"position\":1,\"name\":\"Home\",\"item\":\"https:\/\/hef.com.br\/sitehef\/\"},{\"@type\":\"ListItem\",\"position\":2,\"name\":\"Buchas\"}]},{\"@type\":\"WebSite\",\"@id\":\"https:\/\/hef.com.br\/sitehef\/#website\",\"url\":\"https:\/\/hef.com.br\/sitehef\/\",\"name\":\"HEF Groupe\",\"description\":\"Leader Mondial en ing\u00e9n\u00e9rie des mat\u00e9riaux de surfaces\",\"publisher\":{\"@id\":\"https:\/\/hef.com.br\/sitehef\/#organization\"},\"potentialAction\":[{\"@type\":\"SearchAction\",\"target\":{\"@type\":\"EntryPoint\",\"urlTemplate\":\"https:\/\/hef.com.br\/sitehef\/?s={search_term_string}\"},\"query-input\":{\"@type\":\"PropertyValueSpecification\",\"valueRequired\":true,\"valueName\":\"search_term_string\"}}],\"inLanguage\":\"pt-BR\"},{\"@type\":\"Organization\",\"@id\":\"https:\/\/hef.com.br\/sitehef\/#organization\",\"name\":\"HEF Groupe\",\"url\":\"https:\/\/hef.com.br\/sitehef\/\",\"logo\":{\"@type\":\"ImageObject\",\"inLanguage\":\"pt-BR\",\"@id\":\"https:\/\/hef.com.br\/sitehef\/#\/schema\/logo\/image\/\",\"url\":\"https:\/\/hef.com.br\/sitehef\/wp-content\/uploads\/2025\/12\/cropped-HEF_GROUPE_BRASIL_FINAL-01.png\",\"contentUrl\":\"https:\/\/hef.com.br\/sitehef\/wp-content\/uploads\/2025\/12\/cropped-HEF_GROUPE_BRASIL_FINAL-01.png\",\"width\":708,\"height\":304,\"caption\":\"HEF Groupe\"},\"image\":{\"@id\":\"https:\/\/hef.com.br\/sitehef\/#\/schema\/logo\/image\/\"}}]}<\/script>\n<!-- \/ Yoast SEO plugin. -->","yoast_head_json":{"title":"Buchas - HEF","robots":{"index":"index","follow":"follow","max-snippet":"max-snippet:-1","max-image-preview":"max-image-preview:large","max-video-preview":"max-video-preview:-1"},"canonical":"https:\/\/hef.com.br\/sitehef\/buchas\/","og_locale":"pt_BR","og_type":"article","og_title":"Buchas - HEF","og_description":"Excel\u00eancia na entrega: H\u00e1 mais de 50 anos, a HEF projeta e fabrica buchas, an\u00e9is e juntas de alto desempenho para aplica\u00e7\u00f5es exigentes em setores como constru\u00e7\u00e3o, minera\u00e7\u00e3o, processamento de a\u00e7o, transporte, silvicultura, manuseio de materiais e agricultura. As buchas HEF s\u00e3o reconhecidas mundialmente por suas propriedades superiores de atrito e antiengripamento, al\u00e9m de sua [&hellip;]","og_url":"https:\/\/hef.com.br\/sitehef\/buchas\/","og_site_name":"HEF","article_modified_time":"2025-12-17T17:16:34+00:00","og_image":[{"width":879,"height":524,"url":"https:\/\/hef.com.br\/sitehef\/wp-content\/uploads\/2025\/12\/Buchas-de-Compositos-H-Liner-M.jpg","type":"image\/jpeg"}],"twitter_card":"summary_large_image","twitter_misc":{"Est. tempo de leitura":"2 minutos"},"schema":{"@context":"https:\/\/schema.org","@graph":[{"@type":"WebPage","@id":"https:\/\/hef.com.br\/sitehef\/buchas\/","url":"https:\/\/hef.com.br\/sitehef\/buchas\/","name":"Buchas - HEF","isPartOf":{"@id":"https:\/\/hef.com.br\/sitehef\/#website"},"primaryImageOfPage":{"@id":"https:\/\/hef.com.br\/sitehef\/buchas\/#primaryimage"},"image":{"@id":"https:\/\/hef.com.br\/sitehef\/buchas\/#primaryimage"},"thumbnailUrl":"https:\/\/hef.com.br\/sitehef\/wp-content\/uploads\/2025\/12\/Buchas-de-Compositos-H-Liner-M-768x458.jpg","datePublished":"2025-10-15T21:04:44+00:00","dateModified":"2025-12-17T17:16:34+00:00","breadcrumb":{"@id":"https:\/\/hef.com.br\/sitehef\/buchas\/#breadcrumb"},"inLanguage":"pt-BR","potentialAction":[{"@type":"ReadAction","target":["https:\/\/hef.com.br\/sitehef\/buchas\/"]}]},{"@type":"ImageObject","inLanguage":"pt-BR","@id":"https:\/\/hef.com.br\/sitehef\/buchas\/#primaryimage","url":"https:\/\/hef.com.br\/sitehef\/wp-content\/uploads\/2025\/12\/Buchas-de-Compositos-H-Liner-M.jpg","contentUrl":"https:\/\/hef.com.br\/sitehef\/wp-content\/uploads\/2025\/12\/Buchas-de-Compositos-H-Liner-M.jpg","width":879,"height":524},{"@type":"BreadcrumbList","@id":"https:\/\/hef.com.br\/sitehef\/buchas\/#breadcrumb","itemListElement":[{"@type":"ListItem","position":1,"name":"Home","item":"https:\/\/hef.com.br\/sitehef\/"},{"@type":"ListItem","position":2,"name":"Buchas"}]},{"@type":"WebSite","@id":"https:\/\/hef.com.br\/sitehef\/#website","url":"https:\/\/hef.com.br\/sitehef\/","name":"HEF Groupe","description":"Leader Mondial en ing\u00e9n\u00e9rie des mat\u00e9riaux de surfaces","publisher":{"@id":"https:\/\/hef.com.br\/sitehef\/#organization"},"potentialAction":[{"@type":"SearchAction","target":{"@type":"EntryPoint","urlTemplate":"https:\/\/hef.com.br\/sitehef\/?s={search_term_string}"},"query-input":{"@type":"PropertyValueSpecification","valueRequired":true,"valueName":"search_term_string"}}],"inLanguage":"pt-BR"},{"@type":"Organization","@id":"https:\/\/hef.com.br\/sitehef\/#organization","name":"HEF Groupe","url":"https:\/\/hef.com.br\/sitehef\/","logo":{"@type":"ImageObject","inLanguage":"pt-BR","@id":"https:\/\/hef.com.br\/sitehef\/#\/schema\/logo\/image\/","url":"https:\/\/hef.com.br\/sitehef\/wp-content\/uploads\/2025\/12\/cropped-HEF_GROUPE_BRASIL_FINAL-01.png","contentUrl":"https:\/\/hef.com.br\/sitehef\/wp-content\/uploads\/2025\/12\/cropped-HEF_GROUPE_BRASIL_FINAL-01.png","width":708,"height":304,"caption":"HEF Groupe"},"image":{"@id":"https:\/\/hef.com.br\/sitehef\/#\/schema\/logo\/image\/"}}]}},"_links":{"self":[{"href":"https:\/\/hef.com.br\/sitehef\/wp-json\/wp\/v2\/pages\/13927","targetHints":{"allow":["GET"]}}],"collection":[{"href":"https:\/\/hef.com.br\/sitehef\/wp-json\/wp\/v2\/pages"}],"about":[{"href":"https:\/\/hef.com.br\/sitehef\/wp-json\/wp\/v2\/types\/page"}],"author":[{"embeddable":true,"href":"https:\/\/hef.com.br\/sitehef\/wp-json\/wp\/v2\/users\/1"}],"replies":[{"embeddable":true,"href":"https:\/\/hef.com.br\/sitehef\/wp-json\/wp\/v2\/comments?post=13927"}],"version-history":[{"count":20,"href":"https:\/\/hef.com.br\/sitehef\/wp-json\/wp\/v2\/pages\/13927\/revisions"}],"predecessor-version":[{"id":15671,"href":"https:\/\/hef.com.br\/sitehef\/wp-json\/wp\/v2\/pages\/13927\/revisions\/15671"}],"wp:attachment":[{"href":"https:\/\/hef.com.br\/sitehef\/wp-json\/wp\/v2\/media?parent=13927"}],"curies":[{"name":"wp","href":"https:\/\/api.w.org\/{rel}","templated":true}]}}