{"id":13931,"date":"2025-10-15T23:06:19","date_gmt":"2025-10-15T21:06:19","guid":{"rendered":"https:\/\/hef.com.br\/sitehef\/nosso-dna-2\/"},"modified":"2025-12-17T21:41:09","modified_gmt":"2025-12-17T20:41:09","slug":"conheca-nossas-unidades","status":"publish","type":"page","link":"https:\/\/hef.com.br\/sitehef\/conheca-nossas-unidades\/","title":{"rendered":"Conhe\u00e7a nossas unidades"},"content":{"rendered":"\t\t<div data-elementor-type=\"wp-page\" data-elementor-id=\"13931\" class=\"elementor elementor-13931\" data-elementor-post-type=\"page\">\n\t\t\t\t<div class=\"elementor-element elementor-element-4d214de5 e-con-full e-flex e-con e-parent\" data-id=\"4d214de5\" data-element_type=\"container\" data-settings=\"{&quot;background_background&quot;:&quot;gradient&quot;}\">\n\t\t<div class=\"elementor-element elementor-element-5451f229 e-flex e-con-boxed e-con e-child\" data-id=\"5451f229\" data-element_type=\"container\">\n\t\t\t\t\t<div class=\"e-con-inner\">\n\t\t\t\t<div class=\"elementor-element elementor-element-2a32f58c elementor-align-left elementor-hidden-tablet elementor-hidden-mobile elementor-widget elementor-widget-breadcrumbs\" data-id=\"2a32f58c\" data-element_type=\"widget\" data-widget_type=\"breadcrumbs.default\">\n\t\t\t\t\t<p id=\"breadcrumbs\"><span><span><a href=\"https:\/\/hef.com.br\/sitehef\/\">Home<\/a><\/span><\/span><\/p>\t\t\t\t<\/div>\n\t\t\t\t<div class=\"elementor-element elementor-element-21e83345 elementor-widget__width-inherit animated-slow elementor-invisible elementor-widget elementor-widget-heading\" data-id=\"21e83345\" data-element_type=\"widget\" data-settings=\"{&quot;_animation&quot;:&quot;fadeIn&quot;}\" data-widget_type=\"heading.default\">\n\t\t\t\t\t<h1 class=\"elementor-heading-title elementor-size-default\">Conhe\u00e7a nossas unidades<\/h1>\t\t\t\t<\/div>\n\t\t\t\t\t<\/div>\n\t\t\t\t<\/div>\n\t\t\t\t<\/div>\n\t\t<div class=\"elementor-element elementor-element-30f9313e e-con-full e-flex e-con e-parent\" data-id=\"30f9313e\" data-element_type=\"container\" data-settings=\"{&quot;background_background&quot;:&quot;classic&quot;}\">\n\t\t<div class=\"elementor-element elementor-element-7b5d4b0f e-flex e-con-boxed e-con e-child\" data-id=\"7b5d4b0f\" data-element_type=\"container\" data-settings=\"{&quot;background_background&quot;:&quot;classic&quot;}\">\n\t\t\t\t\t<div class=\"e-con-inner\">\n\t\t<div class=\"elementor-element elementor-element-67293896 e-con-full e-flex e-con e-child\" data-id=\"67293896\" data-element_type=\"container\">\n\t\t\t\t<div class=\"elementor-element elementor-element-606bd8f9 animated-slow elementor-invisible elementor-widget elementor-widget-heading\" data-id=\"606bd8f9\" data-element_type=\"widget\" data-settings=\"{&quot;_animation&quot;:&quot;fadeIn&quot;}\" data-widget_type=\"heading.default\">\n\t\t\t\t\t<h2 class=\"elementor-heading-title elementor-size-default\">HEF DURFERRIT<\/h2>\t\t\t\t<\/div>\n\t\t\t\t<div class=\"elementor-element elementor-element-91fed1f animated-slow elementor-invisible elementor-widget elementor-widget-text-editor\" data-id=\"91fed1f\" data-element_type=\"widget\" data-settings=\"{&quot;_animation&quot;:&quot;fadeIn&quot;}\" data-widget_type=\"text-editor.default\">\n\t\t\t\t\t\t\t\t\t<p>A divis\u00e3o de neg\u00f3cios HEF DURFERRIT conta com unidades distribu\u00eddas globalmente, qualificadas para oferecer fabrica\u00e7\u00e3o e consultoria especializada com o mesmo padr\u00e3o internacional de qualidade, atendendo nossos clientes onde quer que estejam.<\/p><p>Endere\u00e7o: Rua vinte e sete de mar\u00e7o, 97 &#8211; Canhema, Diadema &#8211; S\u00e3o Paulo &#8211; CEP: 09941-450<\/p>\t\t\t\t\t\t\t\t<\/div>\n\t\t\t\t<div class=\"elementor-element elementor-element-48c85b2 elementor-widget elementor-widget-spacer\" data-id=\"48c85b2\" data-element_type=\"widget\" data-widget_type=\"spacer.default\">\n\t\t\t\t\t\t\t<div class=\"elementor-spacer\">\n\t\t\t<div class=\"elementor-spacer-inner\"><\/div>\n\t\t<\/div>\n\t\t\t\t\t\t<\/div>\n\t\t\t\t<div class=\"elementor-element elementor-element-3ca1041 elementor-tablet-align-center animated-slow elementor-invisible elementor-widget elementor-widget-button\" data-id=\"3ca1041\" data-element_type=\"widget\" data-settings=\"{&quot;_animation&quot;:&quot;fadeIn&quot;}\" data-widget_type=\"button.default\">\n\t\t\t\t\t\t\t\t\t\t<a class=\"elementor-button elementor-button-link elementor-size-sm\" href=\"https:\/\/hef.com.br\/sitehef\/hef-durferrit\/\">\n\t\t\t\t\t\t<span class=\"elementor-button-content-wrapper\">\n\t\t\t\t\t\t\t\t\t<span class=\"elementor-button-text\">Veja nossa unidade<\/span>\n\t\t\t\t\t<\/span>\n\t\t\t\t\t<\/a>\n\t\t\t\t\t\t\t\t<\/div>\n\t\t\t\t<\/div>\n\t\t\t\t<div class=\"elementor-element elementor-element-441a3108 elementor-widget__width-initial elementor-widget-tablet__width-inherit animated-slow elementor-invisible elementor-widget elementor-widget-image\" data-id=\"441a3108\" data-element_type=\"widget\" data-settings=\"{&quot;_animation&quot;:&quot;fadeIn&quot;}\" data-widget_type=\"image.default\">\n\t\t\t\t\t\t\t\t\t\t\t\t\t\t\t<img fetchpriority=\"high\" decoding=\"async\" width=\"680\" height=\"382\" src=\"https:\/\/hef.com.br\/sitehef\/wp-content\/uploads\/2025\/12\/unnamed.webp\" class=\"attachment-large size-large wp-image-14348\" alt=\"\" srcset=\"https:\/\/hef.com.br\/sitehef\/wp-content\/uploads\/2025\/12\/unnamed.webp 680w, https:\/\/hef.com.br\/sitehef\/wp-content\/uploads\/2025\/12\/unnamed-300x169.webp 300w\" sizes=\"(max-width: 680px) 100vw, 680px\" \/>\t\t\t\t\t\t\t\t\t\t\t\t\t\t\t<\/div>\n\t\t\t\t\t<\/div>\n\t\t\t\t<\/div>\n\t\t<div class=\"elementor-element elementor-element-299075e2 e-flex e-con-boxed e-con e-child\" data-id=\"299075e2\" data-element_type=\"container\">\n\t\t\t\t\t<div class=\"e-con-inner\">\n\t\t\t\t<div class=\"elementor-element elementor-element-717c8ca7 elementor-widget__width-initial elementor-widget-tablet__width-inherit animated-slow elementor-invisible elementor-widget elementor-widget-image\" data-id=\"717c8ca7\" data-element_type=\"widget\" data-settings=\"{&quot;_animation&quot;:&quot;fadeIn&quot;}\" data-widget_type=\"image.default\">\n\t\t\t\t\t\t\t\t\t\t\t\t\t\t\t<img decoding=\"async\" width=\"800\" height=\"450\" src=\"https:\/\/hef.com.br\/sitehef\/wp-content\/uploads\/2025\/12\/20240223_082914-1024x576.jpg\" class=\"attachment-large size-large wp-image-14352\" alt=\"\" srcset=\"https:\/\/hef.com.br\/sitehef\/wp-content\/uploads\/2025\/12\/20240223_082914-1024x576.jpg 1024w, https:\/\/hef.com.br\/sitehef\/wp-content\/uploads\/2025\/12\/20240223_082914-300x169.jpg 300w, https:\/\/hef.com.br\/sitehef\/wp-content\/uploads\/2025\/12\/20240223_082914-768x432.jpg 768w, https:\/\/hef.com.br\/sitehef\/wp-content\/uploads\/2025\/12\/20240223_082914-1536x864.jpg 1536w, https:\/\/hef.com.br\/sitehef\/wp-content\/uploads\/2025\/12\/20240223_082914.jpg 1920w\" sizes=\"(max-width: 800px) 100vw, 800px\" \/>\t\t\t\t\t\t\t\t\t\t\t\t\t\t\t<\/div>\n\t\t<div class=\"elementor-element elementor-element-8636de e-con-full e-flex e-con e-child\" data-id=\"8636de\" data-element_type=\"container\">\n\t\t\t\t<div class=\"elementor-element elementor-element-7145a49c animated-slow elementor-invisible elementor-widget elementor-widget-heading\" data-id=\"7145a49c\" data-element_type=\"widget\" data-settings=\"{&quot;_animation&quot;:&quot;fadeIn&quot;}\" data-widget_type=\"heading.default\">\n\t\t\t\t\t<h2 class=\"elementor-heading-title elementor-size-default\">TS DIADEMA<\/h2>\t\t\t\t<\/div>\n\t\t\t\t<div class=\"elementor-element elementor-element-6ddd8ac animated-slow elementor-invisible elementor-widget elementor-widget-text-editor\" data-id=\"6ddd8ac\" data-element_type=\"widget\" data-settings=\"{&quot;_animation&quot;:&quot;fadeIn&quot;}\" data-widget_type=\"text-editor.default\">\n\t\t\t\t\t\t\t\t\t<p>Unidade de presta\u00e7\u00e3o de servi\u00e7os especializada em nitreta\u00e7\u00e3o l\u00edquida.\u00a0\u00a0<\/p><p>\u00a0<\/p><p>Endere\u00e7o: Rua vinte e sete de mar\u00e7o, 111 &#8211; Canhema, Diadema &#8211; S\u00e3o Paulo &#8211; CEP: 09941-450<\/p>\t\t\t\t\t\t\t\t<\/div>\n\t\t\t\t<div class=\"elementor-element elementor-element-f3946cb elementor-widget elementor-widget-spacer\" data-id=\"f3946cb\" data-element_type=\"widget\" data-widget_type=\"spacer.default\">\n\t\t\t\t\t\t\t<div class=\"elementor-spacer\">\n\t\t\t<div class=\"elementor-spacer-inner\"><\/div>\n\t\t<\/div>\n\t\t\t\t\t\t<\/div>\n\t\t\t\t<div class=\"elementor-element elementor-element-2ca6b332 elementor-tablet-align-center animated-slow elementor-invisible elementor-widget elementor-widget-button\" data-id=\"2ca6b332\" data-element_type=\"widget\" data-settings=\"{&quot;_animation&quot;:&quot;fadeIn&quot;}\" data-widget_type=\"button.default\">\n\t\t\t\t\t\t\t\t\t\t<a class=\"elementor-button elementor-button-link elementor-size-sm\" href=\"https:\/\/hef.com.br\/sitehef\/ts-diadema\/\">\n\t\t\t\t\t\t<span class=\"elementor-button-content-wrapper\">\n\t\t\t\t\t\t\t\t\t<span class=\"elementor-button-text\">Veja nossa unidade<\/span>\n\t\t\t\t\t<\/span>\n\t\t\t\t\t<\/a>\n\t\t\t\t\t\t\t\t<\/div>\n\t\t\t\t<\/div>\n\t\t\t\t\t<\/div>\n\t\t\t\t<\/div>\n\t\t<div class=\"elementor-element elementor-element-3e89fce6 e-flex e-con-boxed e-con e-child\" data-id=\"3e89fce6\" data-element_type=\"container\" data-settings=\"{&quot;background_background&quot;:&quot;classic&quot;}\">\n\t\t\t\t\t<div class=\"e-con-inner\">\n\t\t<div class=\"elementor-element elementor-element-138c3d15 e-con-full e-flex e-con e-child\" data-id=\"138c3d15\" data-element_type=\"container\">\n\t\t\t\t<div class=\"elementor-element elementor-element-551ed4b0 animated-slow elementor-invisible elementor-widget elementor-widget-heading\" data-id=\"551ed4b0\" data-element_type=\"widget\" data-settings=\"{&quot;_animation&quot;:&quot;fadeIn&quot;}\" data-widget_type=\"heading.default\">\n\t\t\t\t\t<h2 class=\"elementor-heading-title elementor-size-default\">TS CASIMIRO DE ABREU  <\/h2>\t\t\t\t<\/div>\n\t\t\t\t<div class=\"elementor-element elementor-element-0a6b66c animated-slow elementor-invisible elementor-widget elementor-widget-text-editor\" data-id=\"0a6b66c\" data-element_type=\"widget\" data-settings=\"{&quot;_animation&quot;:&quot;fadeIn&quot;}\" data-widget_type=\"text-editor.default\">\n\t\t\t\t\t\t\t\t\t<p>Unidade de presta\u00e7\u00e3o de servi\u00e7os especializada em pinturas.\u00a0<br \/><br \/>Endere\u00e7o: Rua Henrique Jos\u00e9 de Farias,135 &#8211; Condominio Industrial, Casimiro de Abreu &#8211; Rio de Janeiro &#8211; CEP: 28860-000<\/p>\t\t\t\t\t\t\t\t<\/div>\n\t\t\t\t<div class=\"elementor-element elementor-element-cb19746 elementor-widget elementor-widget-spacer\" data-id=\"cb19746\" data-element_type=\"widget\" data-widget_type=\"spacer.default\">\n\t\t\t\t\t\t\t<div class=\"elementor-spacer\">\n\t\t\t<div class=\"elementor-spacer-inner\"><\/div>\n\t\t<\/div>\n\t\t\t\t\t\t<\/div>\n\t\t<div class=\"elementor-element elementor-element-3992ac4 e-con-full e-flex e-con e-child\" data-id=\"3992ac4\" data-element_type=\"container\">\n\t\t\t\t<div class=\"elementor-element elementor-element-1f289e9 elementor-tablet-align-center animated-slow elementor-invisible elementor-widget elementor-widget-button\" data-id=\"1f289e9\" data-element_type=\"widget\" data-settings=\"{&quot;_animation&quot;:&quot;fadeIn&quot;}\" data-widget_type=\"button.default\">\n\t\t\t\t\t\t\t\t\t\t<a class=\"elementor-button elementor-button-link elementor-size-sm\" href=\"https:\/\/hef.com.br\/sitehef\/ts-casemiro-de-abreu\/\">\n\t\t\t\t\t\t<span class=\"elementor-button-content-wrapper\">\n\t\t\t\t\t\t\t\t\t<span class=\"elementor-button-text\">Veja nossa unidade<\/span>\n\t\t\t\t\t<\/span>\n\t\t\t\t\t<\/a>\n\t\t\t\t\t\t\t\t<\/div>\n\t\t\t\t<\/div>\n\t\t\t\t<\/div>\n\t\t\t\t<div class=\"elementor-element elementor-element-4d4ea07f elementor-widget__width-initial elementor-widget-tablet__width-inherit animated-slow elementor-invisible elementor-widget elementor-widget-image\" data-id=\"4d4ea07f\" data-element_type=\"widget\" data-settings=\"{&quot;_animation&quot;:&quot;fadeIn&quot;}\" data-widget_type=\"image.default\">\n\t\t\t\t\t\t\t\t\t\t\t\t\t\t\t<img decoding=\"async\" width=\"800\" height=\"600\" src=\"https:\/\/hef.com.br\/sitehef\/wp-content\/uploads\/2025\/12\/IMG_5003-1024x768.jpeg\" class=\"attachment-large size-large wp-image-14356\" alt=\"\" srcset=\"https:\/\/hef.com.br\/sitehef\/wp-content\/uploads\/2025\/12\/IMG_5003-1024x768.jpeg 1024w, https:\/\/hef.com.br\/sitehef\/wp-content\/uploads\/2025\/12\/IMG_5003-300x225.jpeg 300w, https:\/\/hef.com.br\/sitehef\/wp-content\/uploads\/2025\/12\/IMG_5003-768x576.jpeg 768w, https:\/\/hef.com.br\/sitehef\/wp-content\/uploads\/2025\/12\/IMG_5003-1536x1152.jpeg 1536w, https:\/\/hef.com.br\/sitehef\/wp-content\/uploads\/2025\/12\/IMG_5003.jpeg 1920w\" sizes=\"(max-width: 800px) 100vw, 800px\" \/>\t\t\t\t\t\t\t\t\t\t\t\t\t\t\t<\/div>\n\t\t\t\t\t<\/div>\n\t\t\t\t<\/div>\n\t\t<div class=\"elementor-element elementor-element-10b5e67 e-flex e-con-boxed e-con e-child\" data-id=\"10b5e67\" data-element_type=\"container\">\n\t\t\t\t\t<div class=\"e-con-inner\">\n\t\t\t\t<div class=\"elementor-element elementor-element-bed68e0 elementor-widget__width-initial elementor-widget-tablet__width-inherit animated-slow elementor-invisible elementor-widget elementor-widget-image\" data-id=\"bed68e0\" data-element_type=\"widget\" data-settings=\"{&quot;_animation&quot;:&quot;fadeIn&quot;}\" data-widget_type=\"image.default\">\n\t\t\t\t\t\t\t\t\t\t\t\t\t\t\t<img loading=\"lazy\" decoding=\"async\" width=\"800\" height=\"256\" src=\"https:\/\/hef.com.br\/sitehef\/wp-content\/uploads\/2025\/12\/unnamed-1-1024x328.webp\" class=\"attachment-large size-large wp-image-14360\" alt=\"\" srcset=\"https:\/\/hef.com.br\/sitehef\/wp-content\/uploads\/2025\/12\/unnamed-1-1024x328.webp 1024w, https:\/\/hef.com.br\/sitehef\/wp-content\/uploads\/2025\/12\/unnamed-1-300x96.webp 300w, https:\/\/hef.com.br\/sitehef\/wp-content\/uploads\/2025\/12\/unnamed-1-768x246.webp 768w, https:\/\/hef.com.br\/sitehef\/wp-content\/uploads\/2025\/12\/unnamed-1.webp 1280w\" sizes=\"(max-width: 800px) 100vw, 800px\" \/>\t\t\t\t\t\t\t\t\t\t\t\t\t\t\t<\/div>\n\t\t<div class=\"elementor-element elementor-element-cdd242c e-con-full e-flex e-con e-child\" data-id=\"cdd242c\" data-element_type=\"container\">\n\t\t\t\t<div class=\"elementor-element elementor-element-ba3e2b9 elementor-invisible elementor-widget elementor-widget-heading\" data-id=\"ba3e2b9\" data-element_type=\"widget\" data-settings=\"{&quot;_animation&quot;:&quot;fadeIn&quot;}\" data-widget_type=\"heading.default\">\n\t\t\t\t\t<h2 class=\"elementor-heading-title elementor-size-default\">TS MOGI GUA\u00c7U<\/h2>\t\t\t\t<\/div>\n\t\t\t\t<div class=\"elementor-element elementor-element-986217d elementor-invisible elementor-widget elementor-widget-text-editor\" data-id=\"986217d\" data-element_type=\"widget\" data-settings=\"{&quot;_animation&quot;:&quot;fadeIn&quot;}\" data-widget_type=\"text-editor.default\">\n\t\t\t\t\t\t\t\t\t<p>Unidade de presta\u00e7\u00e3o de servi\u00e7os especializada em DLC (Diamond Like Carbon)<\/p><p>Endere\u00e7o: Av. Iracy Berezoski Cayres, 290 &#8211; Mogi Gua\u00e7u, S\u00e3o Paulo &#8211; CEP: 13849-104<\/p>\t\t\t\t\t\t\t\t<\/div>\n\t\t\t\t<div class=\"elementor-element elementor-element-5c42bab elementor-widget elementor-widget-spacer\" data-id=\"5c42bab\" data-element_type=\"widget\" data-widget_type=\"spacer.default\">\n\t\t\t\t\t\t\t<div class=\"elementor-spacer\">\n\t\t\t<div class=\"elementor-spacer-inner\"><\/div>\n\t\t<\/div>\n\t\t\t\t\t\t<\/div>\n\t\t\t\t<div class=\"elementor-element elementor-element-8b10a55 elementor-tablet-align-center animated-slow elementor-invisible elementor-widget elementor-widget-button\" data-id=\"8b10a55\" data-element_type=\"widget\" data-settings=\"{&quot;_animation&quot;:&quot;fadeIn&quot;}\" data-widget_type=\"button.default\">\n\t\t\t\t\t\t\t\t\t\t<a class=\"elementor-button elementor-button-link elementor-size-sm\" href=\"https:\/\/hef.com.br\/sitehef\/ts-mogi-guacu\/\">\n\t\t\t\t\t\t<span class=\"elementor-button-content-wrapper\">\n\t\t\t\t\t\t\t\t\t<span class=\"elementor-button-text\">Veja nossa unidade<\/span>\n\t\t\t\t\t<\/span>\n\t\t\t\t\t<\/a>\n\t\t\t\t\t\t\t\t<\/div>\n\t\t\t\t<\/div>\n\t\t\t\t\t<\/div>\n\t\t\t\t<\/div>\n\t\t\t\t<\/div>\n\t\t\t\t<\/div>\n\t\t","protected":false},"excerpt":{"rendered":"<p>HEF DURFERRIT A divis\u00e3o de neg\u00f3cios HEF DURFERRIT conta com unidades distribu\u00eddas globalmente, qualificadas para oferecer fabrica\u00e7\u00e3o e consultoria especializada com o mesmo padr\u00e3o internacional de qualidade, atendendo nossos clientes onde quer que estejam. Endere\u00e7o: Rua vinte e sete de mar\u00e7o, 97 &#8211; Canhema, Diadema &#8211; S\u00e3o Paulo &#8211; CEP: 09941-450 Veja nossa unidade TS [&hellip;]<\/p>\n","protected":false},"author":1,"featured_media":0,"parent":0,"menu_order":0,"comment_status":"closed","ping_status":"closed","template":"","meta":{"_acf_changed":false,"footnotes":""},"class_list":["post-13931","page","type-page","status-publish","hentry"],"acf":[],"yoast_head":"<!-- This site is optimized with the Yoast SEO plugin v25.5 - https:\/\/yoast.com\/wordpress\/plugins\/seo\/ -->\n<title>Conhe\u00e7a nossas unidades - HEF<\/title>\n<meta name=\"robots\" content=\"index, follow, max-snippet:-1, max-image-preview:large, max-video-preview:-1\" \/>\n<link rel=\"canonical\" href=\"https:\/\/hef.com.br\/sitehef\/conheca-nossas-unidades\/\" \/>\n<meta property=\"og:locale\" content=\"pt_BR\" \/>\n<meta property=\"og:type\" content=\"article\" \/>\n<meta property=\"og:title\" content=\"Conhe\u00e7a nossas unidades - HEF\" \/>\n<meta property=\"og:description\" content=\"HEF DURFERRIT A divis\u00e3o de neg\u00f3cios HEF DURFERRIT conta com unidades distribu\u00eddas globalmente, qualificadas para oferecer fabrica\u00e7\u00e3o e consultoria especializada com o mesmo padr\u00e3o internacional de qualidade, atendendo nossos clientes onde quer que estejam. Endere\u00e7o: Rua vinte e sete de mar\u00e7o, 97 &#8211; Canhema, Diadema &#8211; S\u00e3o Paulo &#8211; CEP: 09941-450 Veja nossa unidade TS [&hellip;]\" \/>\n<meta property=\"og:url\" content=\"https:\/\/hef.com.br\/sitehef\/conheca-nossas-unidades\/\" \/>\n<meta property=\"og:site_name\" content=\"HEF\" \/>\n<meta property=\"article:modified_time\" content=\"2025-12-17T20:41:09+00:00\" \/>\n<meta property=\"og:image\" content=\"https:\/\/hef.com.br\/sitehef\/wp-content\/uploads\/2025\/12\/unnamed.webp\" \/>\n\t<meta property=\"og:image:width\" content=\"680\" \/>\n\t<meta property=\"og:image:height\" content=\"382\" \/>\n\t<meta property=\"og:image:type\" content=\"image\/webp\" \/>\n<meta name=\"twitter:card\" content=\"summary_large_image\" \/>\n<meta name=\"twitter:label1\" content=\"Est. tempo de leitura\" \/>\n\t<meta name=\"twitter:data1\" content=\"1 minuto\" \/>\n<script type=\"application\/ld+json\" class=\"yoast-schema-graph\">{\"@context\":\"https:\/\/schema.org\",\"@graph\":[{\"@type\":\"WebPage\",\"@id\":\"https:\/\/hef.com.br\/sitehef\/conheca-nossas-unidades\/\",\"url\":\"https:\/\/hef.com.br\/sitehef\/conheca-nossas-unidades\/\",\"name\":\"Conhe\u00e7a nossas unidades - HEF\",\"isPartOf\":{\"@id\":\"https:\/\/hef.com.br\/sitehef\/#website\"},\"primaryImageOfPage\":{\"@id\":\"https:\/\/hef.com.br\/sitehef\/conheca-nossas-unidades\/#primaryimage\"},\"image\":{\"@id\":\"https:\/\/hef.com.br\/sitehef\/conheca-nossas-unidades\/#primaryimage\"},\"thumbnailUrl\":\"https:\/\/hef.com.br\/sitehef\/wp-content\/uploads\/2025\/12\/unnamed.webp\",\"datePublished\":\"2025-10-15T21:06:19+00:00\",\"dateModified\":\"2025-12-17T20:41:09+00:00\",\"breadcrumb\":{\"@id\":\"https:\/\/hef.com.br\/sitehef\/conheca-nossas-unidades\/#breadcrumb\"},\"inLanguage\":\"pt-BR\",\"potentialAction\":[{\"@type\":\"ReadAction\",\"target\":[\"https:\/\/hef.com.br\/sitehef\/conheca-nossas-unidades\/\"]}]},{\"@type\":\"ImageObject\",\"inLanguage\":\"pt-BR\",\"@id\":\"https:\/\/hef.com.br\/sitehef\/conheca-nossas-unidades\/#primaryimage\",\"url\":\"https:\/\/hef.com.br\/sitehef\/wp-content\/uploads\/2025\/12\/unnamed.webp\",\"contentUrl\":\"https:\/\/hef.com.br\/sitehef\/wp-content\/uploads\/2025\/12\/unnamed.webp\",\"width\":680,\"height\":382},{\"@type\":\"BreadcrumbList\",\"@id\":\"https:\/\/hef.com.br\/sitehef\/conheca-nossas-unidades\/#breadcrumb\",\"itemListElement\":[{\"@type\":\"ListItem\",\"position\":1,\"name\":\"Home\",\"item\":\"https:\/\/hef.com.br\/sitehef\/\"},{\"@type\":\"ListItem\",\"position\":2,\"name\":\"Conhe\u00e7a nossas unidades\"}]},{\"@type\":\"WebSite\",\"@id\":\"https:\/\/hef.com.br\/sitehef\/#website\",\"url\":\"https:\/\/hef.com.br\/sitehef\/\",\"name\":\"HEF Groupe\",\"description\":\"Leader Mondial en ing\u00e9n\u00e9rie des mat\u00e9riaux de surfaces\",\"publisher\":{\"@id\":\"https:\/\/hef.com.br\/sitehef\/#organization\"},\"potentialAction\":[{\"@type\":\"SearchAction\",\"target\":{\"@type\":\"EntryPoint\",\"urlTemplate\":\"https:\/\/hef.com.br\/sitehef\/?s={search_term_string}\"},\"query-input\":{\"@type\":\"PropertyValueSpecification\",\"valueRequired\":true,\"valueName\":\"search_term_string\"}}],\"inLanguage\":\"pt-BR\"},{\"@type\":\"Organization\",\"@id\":\"https:\/\/hef.com.br\/sitehef\/#organization\",\"name\":\"HEF Groupe\",\"url\":\"https:\/\/hef.com.br\/sitehef\/\",\"logo\":{\"@type\":\"ImageObject\",\"inLanguage\":\"pt-BR\",\"@id\":\"https:\/\/hef.com.br\/sitehef\/#\/schema\/logo\/image\/\",\"url\":\"https:\/\/hef.com.br\/sitehef\/wp-content\/uploads\/2025\/12\/cropped-HEF_GROUPE_BRASIL_FINAL-01.png\",\"contentUrl\":\"https:\/\/hef.com.br\/sitehef\/wp-content\/uploads\/2025\/12\/cropped-HEF_GROUPE_BRASIL_FINAL-01.png\",\"width\":708,\"height\":304,\"caption\":\"HEF Groupe\"},\"image\":{\"@id\":\"https:\/\/hef.com.br\/sitehef\/#\/schema\/logo\/image\/\"}}]}<\/script>\n<!-- \/ Yoast SEO plugin. -->","yoast_head_json":{"title":"Conhe\u00e7a nossas unidades - HEF","robots":{"index":"index","follow":"follow","max-snippet":"max-snippet:-1","max-image-preview":"max-image-preview:large","max-video-preview":"max-video-preview:-1"},"canonical":"https:\/\/hef.com.br\/sitehef\/conheca-nossas-unidades\/","og_locale":"pt_BR","og_type":"article","og_title":"Conhe\u00e7a nossas unidades - HEF","og_description":"HEF DURFERRIT A divis\u00e3o de neg\u00f3cios HEF DURFERRIT conta com unidades distribu\u00eddas globalmente, qualificadas para oferecer fabrica\u00e7\u00e3o e consultoria especializada com o mesmo padr\u00e3o internacional de qualidade, atendendo nossos clientes onde quer que estejam. Endere\u00e7o: Rua vinte e sete de mar\u00e7o, 97 &#8211; Canhema, Diadema &#8211; S\u00e3o Paulo &#8211; CEP: 09941-450 Veja nossa unidade TS [&hellip;]","og_url":"https:\/\/hef.com.br\/sitehef\/conheca-nossas-unidades\/","og_site_name":"HEF","article_modified_time":"2025-12-17T20:41:09+00:00","og_image":[{"width":680,"height":382,"url":"https:\/\/hef.com.br\/sitehef\/wp-content\/uploads\/2025\/12\/unnamed.webp","type":"image\/webp"}],"twitter_card":"summary_large_image","twitter_misc":{"Est. tempo de leitura":"1 minuto"},"schema":{"@context":"https:\/\/schema.org","@graph":[{"@type":"WebPage","@id":"https:\/\/hef.com.br\/sitehef\/conheca-nossas-unidades\/","url":"https:\/\/hef.com.br\/sitehef\/conheca-nossas-unidades\/","name":"Conhe\u00e7a nossas unidades - HEF","isPartOf":{"@id":"https:\/\/hef.com.br\/sitehef\/#website"},"primaryImageOfPage":{"@id":"https:\/\/hef.com.br\/sitehef\/conheca-nossas-unidades\/#primaryimage"},"image":{"@id":"https:\/\/hef.com.br\/sitehef\/conheca-nossas-unidades\/#primaryimage"},"thumbnailUrl":"https:\/\/hef.com.br\/sitehef\/wp-content\/uploads\/2025\/12\/unnamed.webp","datePublished":"2025-10-15T21:06:19+00:00","dateModified":"2025-12-17T20:41:09+00:00","breadcrumb":{"@id":"https:\/\/hef.com.br\/sitehef\/conheca-nossas-unidades\/#breadcrumb"},"inLanguage":"pt-BR","potentialAction":[{"@type":"ReadAction","target":["https:\/\/hef.com.br\/sitehef\/conheca-nossas-unidades\/"]}]},{"@type":"ImageObject","inLanguage":"pt-BR","@id":"https:\/\/hef.com.br\/sitehef\/conheca-nossas-unidades\/#primaryimage","url":"https:\/\/hef.com.br\/sitehef\/wp-content\/uploads\/2025\/12\/unnamed.webp","contentUrl":"https:\/\/hef.com.br\/sitehef\/wp-content\/uploads\/2025\/12\/unnamed.webp","width":680,"height":382},{"@type":"BreadcrumbList","@id":"https:\/\/hef.com.br\/sitehef\/conheca-nossas-unidades\/#breadcrumb","itemListElement":[{"@type":"ListItem","position":1,"name":"Home","item":"https:\/\/hef.com.br\/sitehef\/"},{"@type":"ListItem","position":2,"name":"Conhe\u00e7a nossas unidades"}]},{"@type":"WebSite","@id":"https:\/\/hef.com.br\/sitehef\/#website","url":"https:\/\/hef.com.br\/sitehef\/","name":"HEF Groupe","description":"Leader Mondial en ing\u00e9n\u00e9rie des mat\u00e9riaux de surfaces","publisher":{"@id":"https:\/\/hef.com.br\/sitehef\/#organization"},"potentialAction":[{"@type":"SearchAction","target":{"@type":"EntryPoint","urlTemplate":"https:\/\/hef.com.br\/sitehef\/?s={search_term_string}"},"query-input":{"@type":"PropertyValueSpecification","valueRequired":true,"valueName":"search_term_string"}}],"inLanguage":"pt-BR"},{"@type":"Organization","@id":"https:\/\/hef.com.br\/sitehef\/#organization","name":"HEF Groupe","url":"https:\/\/hef.com.br\/sitehef\/","logo":{"@type":"ImageObject","inLanguage":"pt-BR","@id":"https:\/\/hef.com.br\/sitehef\/#\/schema\/logo\/image\/","url":"https:\/\/hef.com.br\/sitehef\/wp-content\/uploads\/2025\/12\/cropped-HEF_GROUPE_BRASIL_FINAL-01.png","contentUrl":"https:\/\/hef.com.br\/sitehef\/wp-content\/uploads\/2025\/12\/cropped-HEF_GROUPE_BRASIL_FINAL-01.png","width":708,"height":304,"caption":"HEF Groupe"},"image":{"@id":"https:\/\/hef.com.br\/sitehef\/#\/schema\/logo\/image\/"}}]}},"_links":{"self":[{"href":"https:\/\/hef.com.br\/sitehef\/wp-json\/wp\/v2\/pages\/13931","targetHints":{"allow":["GET"]}}],"collection":[{"href":"https:\/\/hef.com.br\/sitehef\/wp-json\/wp\/v2\/pages"}],"about":[{"href":"https:\/\/hef.com.br\/sitehef\/wp-json\/wp\/v2\/types\/page"}],"author":[{"embeddable":true,"href":"https:\/\/hef.com.br\/sitehef\/wp-json\/wp\/v2\/users\/1"}],"replies":[{"embeddable":true,"href":"https:\/\/hef.com.br\/sitehef\/wp-json\/wp\/v2\/comments?post=13931"}],"version-history":[{"count":25,"href":"https:\/\/hef.com.br\/sitehef\/wp-json\/wp\/v2\/pages\/13931\/revisions"}],"predecessor-version":[{"id":15814,"href":"https:\/\/hef.com.br\/sitehef\/wp-json\/wp\/v2\/pages\/13931\/revisions\/15814"}],"wp:attachment":[{"href":"https:\/\/hef.com.br\/sitehef\/wp-json\/wp\/v2\/media?parent=13931"}],"curies":[{"name":"wp","href":"https:\/\/api.w.org\/{rel}","templated":true}]}}