{"id":13945,"date":"2025-10-15T23:16:27","date_gmt":"2025-10-15T21:16:27","guid":{"rendered":"https:\/\/hef.com.br\/sitehef\/resumo-global-2\/"},"modified":"2026-02-10T19:34:49","modified_gmt":"2026-02-10T18:34:49","slug":"hidrogenio","status":"publish","type":"page","link":"https:\/\/hef.com.br\/sitehef\/hidrogenio\/","title":{"rendered":"Hidrog\u00eanio"},"content":{"rendered":"\t\t<div data-elementor-type=\"wp-page\" data-elementor-id=\"13945\" class=\"elementor elementor-13945\" data-elementor-post-type=\"page\">\n\t\t\t\t<div class=\"elementor-element elementor-element-4d214de5 e-con-full e-flex e-con e-parent\" data-id=\"4d214de5\" data-element_type=\"container\" data-settings=\"{&quot;background_background&quot;:&quot;gradient&quot;}\">\n\t\t<div class=\"elementor-element elementor-element-5451f229 e-flex e-con-boxed e-con e-child\" data-id=\"5451f229\" data-element_type=\"container\">\n\t\t\t\t\t<div class=\"e-con-inner\">\n\t\t\t\t<div class=\"elementor-element elementor-element-2a32f58c elementor-align-left elementor-hidden-tablet elementor-hidden-mobile elementor-widget elementor-widget-breadcrumbs\" data-id=\"2a32f58c\" data-element_type=\"widget\" data-widget_type=\"breadcrumbs.default\">\n\t\t\t\t\t<p id=\"breadcrumbs\"><span><span><a href=\"https:\/\/hef.com.br\/sitehef\/\">Home<\/a><\/span><\/span><\/p>\t\t\t\t<\/div>\n\t\t\t\t<div class=\"elementor-element elementor-element-21e83345 elementor-widget__width-inherit elementor-invisible elementor-widget elementor-widget-heading\" data-id=\"21e83345\" data-element_type=\"widget\" data-settings=\"{&quot;_animation&quot;:&quot;fadeIn&quot;}\" data-widget_type=\"heading.default\">\n\t\t\t\t\t<h1 class=\"elementor-heading-title elementor-size-default\">Hidrog\u00eanio<\/h1>\t\t\t\t<\/div>\n\t\t\t\t\t<\/div>\n\t\t\t\t<\/div>\n\t\t\t\t<\/div>\n\t\t<div class=\"elementor-element elementor-element-30f9313e e-con-full e-flex e-con e-parent\" data-id=\"30f9313e\" data-element_type=\"container\" data-settings=\"{&quot;background_background&quot;:&quot;classic&quot;}\">\n\t\t<div class=\"elementor-element elementor-element-7b5d4b0f e-flex e-con-boxed e-con e-child\" data-id=\"7b5d4b0f\" data-element_type=\"container\" data-settings=\"{&quot;background_background&quot;:&quot;classic&quot;}\">\n\t\t\t\t\t<div class=\"e-con-inner\">\n\t\t<div class=\"elementor-element elementor-element-67293896 e-con-full e-flex e-con e-child\" data-id=\"67293896\" data-element_type=\"container\">\n\t\t\t\t<div class=\"elementor-element elementor-element-606bd8f9 elementor-invisible elementor-widget elementor-widget-heading\" data-id=\"606bd8f9\" data-element_type=\"widget\" data-settings=\"{&quot;_animation&quot;:&quot;fadeIn&quot;}\" data-widget_type=\"heading.default\">\n\t\t\t\t\t<h2 class=\"elementor-heading-title elementor-size-default\">Inova\u00e7\u00e3o em Hidrog\u00eanio: Como a HEF Impulsiona a Mobilidade Sustent\u00e1vel<\/h2>\t\t\t\t<\/div>\n\t\t\t\t<div class=\"elementor-element elementor-element-8af0450 elementor-invisible elementor-widget elementor-widget-text-editor\" data-id=\"8af0450\" data-element_type=\"widget\" data-settings=\"{&quot;_animation&quot;:&quot;fadeIn&quot;}\" data-widget_type=\"text-editor.default\">\n\t\t\t\t\t\t\t\t\t<p>As tecnologias associadas ao hidr\u00f4genio representam um novo vetor para a quest\u00e3o da transi\u00e7\u00e3o en\u00e9rgetica, seja no campo de gera\u00e7\u00e3o de energia atr\u00e1ves do hidrog\u00eanio, ou no campo da mobilidade. A HEF oferece solu\u00e7\u00f5es de engenharia de superf\u00edcie relacionadas a produ\u00e7\u00e3o, ao transporte e ao armazenamento de hidrog\u00eanio.\u00a0<\/p><p>Especificamente no campo de mobilidade, o hidrog\u00eanio pode ser usado tanto como combust\u00edvel livre de emiss\u00f5es de carbono, como para a gera\u00e7\u00e3o de en\u00e9rgia el\u00e9trica a ser usada no acionamento de motores el\u00e9tricos.\u00a0<\/p><p>Quando o hidrog\u00eanio \u00e9 usado para a gera\u00e7\u00e3o de energia el\u00e9trica, um sistema importante \u00e9 o das c\u00e9lulas a combust\u00edvel de hidrog\u00eanio, cujo princ\u00edpio \u00e9 o inverso da eletr\u00f3lise da \u00e1gua. Na c\u00e9lula de hidrog\u00eanio promove-se, em condi\u00e7\u00f5es controladas, a rea\u00e7\u00e3o do hidrog\u00eanio gasoso contido em um reservat\u00f3rio com o oxig\u00eanio do ar, para a forma\u00e7\u00e3o de mol\u00e9culas de \u00e1gua na forma de vapor e energia el\u00e9trica, que pode ser acumulada em baterias, para ser usada, por exemplo, no acionamento de motores el\u00e9tricos.\u00a0 Essa \u00e9 a ideia dos ve\u00edculos a c\u00e9lula de hidrog\u00eanio.<\/p>\t\t\t\t\t\t\t\t<\/div>\n\t\t\t\t<\/div>\n\t\t\t\t<div class=\"elementor-element elementor-element-441a3108 elementor-widget__width-initial elementor-widget-tablet__width-inherit elementor-invisible elementor-widget elementor-widget-image\" data-id=\"441a3108\" data-element_type=\"widget\" data-settings=\"{&quot;_animation&quot;:&quot;fadeIn&quot;}\" data-widget_type=\"image.default\">\n\t\t\t\t\t\t\t\t\t\t\t\t\t\t\t<img fetchpriority=\"high\" decoding=\"async\" width=\"800\" height=\"374\" src=\"https:\/\/hef.com.br\/sitehef\/wp-content\/uploads\/2025\/11\/AdobeStock_609615667-1024x479.jpeg\" class=\"attachment-large size-large wp-image-14211\" alt=\"\" srcset=\"https:\/\/hef.com.br\/sitehef\/wp-content\/uploads\/2025\/11\/AdobeStock_609615667-1024x479.jpeg 1024w, https:\/\/hef.com.br\/sitehef\/wp-content\/uploads\/2025\/11\/AdobeStock_609615667-300x140.jpeg 300w, https:\/\/hef.com.br\/sitehef\/wp-content\/uploads\/2025\/11\/AdobeStock_609615667-768x360.jpeg 768w, https:\/\/hef.com.br\/sitehef\/wp-content\/uploads\/2025\/11\/AdobeStock_609615667-1536x719.jpeg 1536w, https:\/\/hef.com.br\/sitehef\/wp-content\/uploads\/2025\/11\/AdobeStock_609615667.jpeg 1920w\" sizes=\"(max-width: 800px) 100vw, 800px\" \/>\t\t\t\t\t\t\t\t\t\t\t\t\t\t\t<\/div>\n\t\t\t\t\t<\/div>\n\t\t\t\t<\/div>\n\t\t<div class=\"elementor-element elementor-element-299075e2 e-flex e-con-boxed e-con e-child\" data-id=\"299075e2\" data-element_type=\"container\">\n\t\t\t\t\t<div class=\"e-con-inner\">\n\t\t\t\t<div class=\"elementor-element elementor-element-6c9fab5 elementor-widget__width-initial elementor-widget-mobile__width-initial elementor-invisible elementor-widget elementor-widget-video\" data-id=\"6c9fab5\" data-element_type=\"widget\" data-settings=\"{&quot;youtube_url&quot;:&quot;https:\\\/\\\/www.youtube.com\\\/watch?v=AByAwP3ly2o&amp;t=5s&quot;,&quot;_animation&quot;:&quot;fadeIn&quot;,&quot;video_type&quot;:&quot;youtube&quot;,&quot;controls&quot;:&quot;yes&quot;}\" data-widget_type=\"video.default\">\n\t\t\t\t\t\t\t<div class=\"elementor-wrapper elementor-open-inline\">\n\t\t\t<div class=\"elementor-video\"><\/div>\t\t<\/div>\n\t\t\t\t\t\t<\/div>\n\t\t<div class=\"elementor-element elementor-element-8636de e-con-full e-flex e-con e-child\" data-id=\"8636de\" data-element_type=\"container\">\n\t\t\t\t<div class=\"elementor-element elementor-element-3723465 elementor-invisible elementor-widget elementor-widget-text-editor\" data-id=\"3723465\" data-element_type=\"widget\" data-settings=\"{&quot;_animation&quot;:&quot;fadeIn&quot;}\" data-widget_type=\"text-editor.default\">\n\t\t\t\t\t\t\t\t\t<p>Uma das vantagens dos ve\u00edculos movidos a hidrog\u00eanio sobre ve\u00edculos puramente el\u00e9tricos, \u00e9 que no primeiro caso praticamente n\u00e3o \u00e9 necess\u00e1rio esperar por v\u00e1rias horas pelo carregamento das baterias, o que tamb\u00e9m leva \u00e0 possibilidade de usar-se baterias menores.\u00a0<\/p>\t\t\t\t\t\t\t\t<\/div>\n\t\t\t\t<div class=\"elementor-element elementor-element-5849806 elementor-invisible elementor-widget elementor-widget-image-gallery\" data-id=\"5849806\" data-element_type=\"widget\" data-settings=\"{&quot;_animation&quot;:&quot;fadeIn&quot;}\" data-widget_type=\"image-gallery.default\">\n\t\t\t\t\t\t\t<div class=\"elementor-image-gallery\">\n\t\t\t<div id='gallery-1' class='gallery galleryid-13945 gallery-columns-3 gallery-size-thumbnail'><figure class='gallery-item'>\n\t\t\t<div class='gallery-icon landscape'>\n\t\t\t\t<a data-elementor-open-lightbox=\"yes\" data-elementor-lightbox-slideshow=\"5849806\" data-elementor-lightbox-title=\"IREIS-iceT-1-wpv_1024x-768x465\" data-e-action-hash=\"#elementor-action%3Aaction%3Dlightbox%26settings%3DeyJpZCI6MTI5MjksInVybCI6Imh0dHBzOlwvXC9oZWYuY29tLmJyXC9zaXRlaGVmXC93cC1jb250ZW50XC91cGxvYWRzXC8yMDI1XC8xMFwvSVJFSVMtaWNlVC0xLXdwdl8xMDI0eC03Njh4NDY1LTEud2VicCIsInNsaWRlc2hvdyI6IjU4NDk4MDYifQ%3D%3D\" href='https:\/\/hef.com.br\/sitehef\/wp-content\/uploads\/2025\/10\/IREIS-iceT-1-wpv_1024x-768x465-1.webp'><img decoding=\"async\" width=\"150\" height=\"150\" src=\"https:\/\/hef.com.br\/sitehef\/wp-content\/uploads\/2025\/10\/IREIS-iceT-1-wpv_1024x-768x465-1-150x150.webp\" class=\"attachment-thumbnail size-thumbnail\" alt=\"\" \/><\/a>\n\t\t\t<\/div><\/figure><figure class='gallery-item'>\n\t\t\t<div class='gallery-icon landscape'>\n\t\t\t\t<a data-elementor-open-lightbox=\"yes\" data-elementor-lightbox-slideshow=\"5849806\" data-elementor-lightbox-title=\"Concept of hydrogen production. H2 Fuel Modern Manufacturing. In\" data-e-action-hash=\"#elementor-action%3Aaction%3Dlightbox%26settings%3DeyJpZCI6MTQyMzYsInVybCI6Imh0dHBzOlwvXC9oZWYuY29tLmJyXC9zaXRlaGVmXC93cC1jb250ZW50XC91cGxvYWRzXC8yMDI1XC8xMVwvQWRvYmVTdG9ja180ODQyODczMDQuanBlZyIsInNsaWRlc2hvdyI6IjU4NDk4MDYifQ%3D%3D\" href='https:\/\/hef.com.br\/sitehef\/wp-content\/uploads\/2025\/11\/AdobeStock_484287304.jpeg'><img decoding=\"async\" width=\"150\" height=\"150\" src=\"https:\/\/hef.com.br\/sitehef\/wp-content\/uploads\/2025\/11\/AdobeStock_484287304-150x150.jpeg\" class=\"attachment-thumbnail size-thumbnail\" alt=\"\" \/><\/a>\n\t\t\t<\/div><\/figure><figure class='gallery-item'>\n\t\t\t<div class='gallery-icon landscape'>\n\t\t\t\t<a data-elementor-open-lightbox=\"yes\" data-elementor-lightbox-slideshow=\"5849806\" data-elementor-lightbox-title=\"Models of hydrogen molecules floating against blue background - H2 scientific element\" data-e-action-hash=\"#elementor-action%3Aaction%3Dlightbox%26settings%3DeyJpZCI6MTQyMjAsInVybCI6Imh0dHBzOlwvXC9oZWYuY29tLmJyXC9zaXRlaGVmXC93cC1jb250ZW50XC91cGxvYWRzXC8yMDI1XC8xMVwvQWRvYmVTdG9ja181NTk4NjU5MjkuanBlZyIsInNsaWRlc2hvdyI6IjU4NDk4MDYifQ%3D%3D\" href='https:\/\/hef.com.br\/sitehef\/wp-content\/uploads\/2025\/11\/AdobeStock_559865929.jpeg'><img loading=\"lazy\" decoding=\"async\" width=\"150\" height=\"150\" src=\"https:\/\/hef.com.br\/sitehef\/wp-content\/uploads\/2025\/11\/AdobeStock_559865929-150x150.jpeg\" class=\"attachment-thumbnail size-thumbnail\" alt=\"\" \/><\/a>\n\t\t\t<\/div><\/figure>\n\t\t<\/div>\n\t\t<\/div>\n\t\t\t\t\t\t<\/div>\n\t\t\t\t<\/div>\n\t\t\t\t\t<\/div>\n\t\t\t\t<\/div>\n\t\t<div class=\"elementor-element elementor-element-3e89fce6 e-flex e-con-boxed e-con e-child\" data-id=\"3e89fce6\" data-element_type=\"container\" data-settings=\"{&quot;background_background&quot;:&quot;classic&quot;}\">\n\t\t\t\t\t<div class=\"e-con-inner\">\n\t\t<div class=\"elementor-element elementor-element-138c3d15 e-con-full e-flex e-con e-child\" data-id=\"138c3d15\" data-element_type=\"container\">\n\t\t\t\t<div class=\"elementor-element elementor-element-551ed4b0 elementor-invisible elementor-widget elementor-widget-heading\" data-id=\"551ed4b0\" data-element_type=\"widget\" data-settings=\"{&quot;_animation&quot;:&quot;fadeIn&quot;}\" data-widget_type=\"heading.default\">\n\t\t\t\t\t<h2 class=\"elementor-heading-title elementor-size-default\">Tecnologias HEF:<\/h2>\t\t\t\t<\/div>\n\t\t\t\t<div class=\"elementor-element elementor-element-b9b5a0f elementor-invisible elementor-widget elementor-widget-text-editor\" data-id=\"b9b5a0f\" data-element_type=\"widget\" data-settings=\"{&quot;_animation&quot;:&quot;fadeIn&quot;}\" data-widget_type=\"text-editor.default\">\n\t\t\t\t\t\t\t\t\t<p>As tecnologias dispon\u00edveis na HEF permitem um grande aprimoramento e redu\u00e7\u00e3o de custos na manufatura de placas bipolares de c\u00e9lulas de hidrog\u00eanio, bem como de eletrolisadores. Essas melhorias decorrem da utiliza\u00e7\u00e3o de tecnologias capazes de modificar a rugosidade de superf\u00edcies em escala nanom\u00e9trica (via laser femtosegundo) e da utiliza\u00e7\u00e3o de tecnologias de revestimento, que permitem a redu\u00e7\u00e3o do uso de metais nobres em alguns componentes e, em outros, a substitui\u00e7\u00e3o completa desses materiais por camadas \u00e0 base de carbono.<\/p>\t\t\t\t\t\t\t\t<\/div>\n\t\t\t\t<div class=\"elementor-element elementor-element-a4b4e48 elementor-widget elementor-widget-spacer\" data-id=\"a4b4e48\" data-element_type=\"widget\" data-widget_type=\"spacer.default\">\n\t\t\t\t\t\t\t<div class=\"elementor-spacer\">\n\t\t\t<div class=\"elementor-spacer-inner\"><\/div>\n\t\t<\/div>\n\t\t\t\t\t\t<\/div>\n\t\t\t\t<div class=\"elementor-element elementor-element-227240f elementor-widget elementor-widget-spacer\" data-id=\"227240f\" data-element_type=\"widget\" data-widget_type=\"spacer.default\">\n\t\t\t\t\t\t\t<div class=\"elementor-spacer\">\n\t\t\t<div class=\"elementor-spacer-inner\"><\/div>\n\t\t<\/div>\n\t\t\t\t\t\t<\/div>\n\t\t\t\t<div class=\"elementor-element elementor-element-b7f810f elementor-invisible elementor-widget elementor-widget-button\" data-id=\"b7f810f\" data-element_type=\"widget\" data-settings=\"{&quot;_animation&quot;:&quot;fadeIn&quot;}\" data-widget_type=\"button.default\">\n\t\t\t\t\t\t\t\t\t\t<a class=\"elementor-button elementor-button-link elementor-size-sm\" href=\"https:\/\/hef.com.br\/sitehef\/faleconosco\/\">\n\t\t\t\t\t\t<span class=\"elementor-button-content-wrapper\">\n\t\t\t\t\t\t\t\t\t<span class=\"elementor-button-text\">Entre em contato com nossos especialistas<\/span>\n\t\t\t\t\t<\/span>\n\t\t\t\t\t<\/a>\n\t\t\t\t\t\t\t\t<\/div>\n\t\t\t\t<\/div>\n\t\t\t\t<div class=\"elementor-element elementor-element-4d4ea07f elementor-widget__width-initial elementor-widget-tablet__width-inherit elementor-invisible elementor-widget elementor-widget-image\" data-id=\"4d4ea07f\" data-element_type=\"widget\" data-settings=\"{&quot;_animation&quot;:&quot;fadeIn&quot;}\" data-widget_type=\"image.default\">\n\t\t\t\t\t\t\t\t\t\t\t\t\t\t\t<img loading=\"lazy\" decoding=\"async\" width=\"800\" height=\"450\" src=\"https:\/\/hef.com.br\/sitehef\/wp-content\/uploads\/2025\/11\/linha-hidrogenio-1024x576.jpg\" class=\"attachment-large size-large wp-image-14232\" alt=\"\" srcset=\"https:\/\/hef.com.br\/sitehef\/wp-content\/uploads\/2025\/11\/linha-hidrogenio-1024x576.jpg 1024w, https:\/\/hef.com.br\/sitehef\/wp-content\/uploads\/2025\/11\/linha-hidrogenio-300x169.jpg 300w, https:\/\/hef.com.br\/sitehef\/wp-content\/uploads\/2025\/11\/linha-hidrogenio-768x432.jpg 768w, https:\/\/hef.com.br\/sitehef\/wp-content\/uploads\/2025\/11\/linha-hidrogenio-1536x864.jpg 1536w, https:\/\/hef.com.br\/sitehef\/wp-content\/uploads\/2025\/11\/linha-hidrogenio.jpg 1648w\" sizes=\"(max-width: 800px) 100vw, 800px\" \/>\t\t\t\t\t\t\t\t\t\t\t\t\t\t\t<\/div>\n\t\t\t\t\t<\/div>\n\t\t\t\t<\/div>\n\t\t<div class=\"elementor-element elementor-element-2f611628 e-con-full e-flex e-con e-child\" data-id=\"2f611628\" data-element_type=\"container\">\n\t\t\t\t<\/div>\n\t\t\t\t<\/div>\n\t\t\t\t<\/div>\n\t\t","protected":false},"excerpt":{"rendered":"<p>Inova\u00e7\u00e3o em Hidrog\u00eanio: Como a HEF Impulsiona a Mobilidade Sustent\u00e1vel As tecnologias associadas ao hidr\u00f4genio representam um novo vetor para a quest\u00e3o da transi\u00e7\u00e3o en\u00e9rgetica, seja no campo de gera\u00e7\u00e3o de energia atr\u00e1ves do hidrog\u00eanio, ou no campo da mobilidade. A HEF oferece solu\u00e7\u00f5es de engenharia de superf\u00edcie relacionadas a produ\u00e7\u00e3o, ao transporte e ao [&hellip;]<\/p>\n","protected":false},"author":1,"featured_media":0,"parent":0,"menu_order":0,"comment_status":"closed","ping_status":"closed","template":"","meta":{"_acf_changed":false,"footnotes":""},"class_list":["post-13945","page","type-page","status-publish","hentry"],"acf":[],"yoast_head":"<!-- This site is optimized with the Yoast SEO plugin v25.5 - https:\/\/yoast.com\/wordpress\/plugins\/seo\/ -->\n<title>Hidrog\u00eanio - HEF<\/title>\n<meta name=\"robots\" content=\"index, follow, max-snippet:-1, max-image-preview:large, max-video-preview:-1\" \/>\n<link rel=\"canonical\" href=\"https:\/\/hef.com.br\/sitehef\/hidrogenio\/\" \/>\n<meta property=\"og:locale\" content=\"pt_BR\" \/>\n<meta property=\"og:type\" content=\"article\" \/>\n<meta property=\"og:title\" content=\"Hidrog\u00eanio - HEF\" \/>\n<meta property=\"og:description\" content=\"Inova\u00e7\u00e3o em Hidrog\u00eanio: Como a HEF Impulsiona a Mobilidade Sustent\u00e1vel As tecnologias associadas ao hidr\u00f4genio representam um novo vetor para a quest\u00e3o da transi\u00e7\u00e3o en\u00e9rgetica, seja no campo de gera\u00e7\u00e3o de energia atr\u00e1ves do hidrog\u00eanio, ou no campo da mobilidade. A HEF oferece solu\u00e7\u00f5es de engenharia de superf\u00edcie relacionadas a produ\u00e7\u00e3o, ao transporte e ao [&hellip;]\" \/>\n<meta property=\"og:url\" content=\"https:\/\/hef.com.br\/sitehef\/hidrogenio\/\" \/>\n<meta property=\"og:site_name\" content=\"HEF\" \/>\n<meta property=\"article:modified_time\" content=\"2026-02-10T18:34:49+00:00\" \/>\n<meta property=\"og:image\" content=\"https:\/\/hef.com.br\/sitehef\/wp-content\/uploads\/2025\/11\/AdobeStock_609615667.jpeg\" \/>\n\t<meta property=\"og:image:width\" content=\"1920\" \/>\n\t<meta property=\"og:image:height\" content=\"899\" \/>\n\t<meta property=\"og:image:type\" content=\"image\/jpeg\" \/>\n<meta name=\"twitter:card\" content=\"summary_large_image\" \/>\n<meta name=\"twitter:label1\" content=\"Est. tempo de leitura\" \/>\n\t<meta name=\"twitter:data1\" content=\"3 minutos\" \/>\n<script type=\"application\/ld+json\" class=\"yoast-schema-graph\">{\"@context\":\"https:\/\/schema.org\",\"@graph\":[{\"@type\":\"WebPage\",\"@id\":\"https:\/\/hef.com.br\/sitehef\/hidrogenio\/\",\"url\":\"https:\/\/hef.com.br\/sitehef\/hidrogenio\/\",\"name\":\"Hidrog\u00eanio - HEF\",\"isPartOf\":{\"@id\":\"https:\/\/hef.com.br\/sitehef\/#website\"},\"primaryImageOfPage\":{\"@id\":\"https:\/\/hef.com.br\/sitehef\/hidrogenio\/#primaryimage\"},\"image\":{\"@id\":\"https:\/\/hef.com.br\/sitehef\/hidrogenio\/#primaryimage\"},\"thumbnailUrl\":\"https:\/\/hef.com.br\/sitehef\/wp-content\/uploads\/2025\/11\/AdobeStock_609615667-1024x479.jpeg\",\"datePublished\":\"2025-10-15T21:16:27+00:00\",\"dateModified\":\"2026-02-10T18:34:49+00:00\",\"breadcrumb\":{\"@id\":\"https:\/\/hef.com.br\/sitehef\/hidrogenio\/#breadcrumb\"},\"inLanguage\":\"pt-BR\",\"potentialAction\":[{\"@type\":\"ReadAction\",\"target\":[\"https:\/\/hef.com.br\/sitehef\/hidrogenio\/\"]}]},{\"@type\":\"ImageObject\",\"inLanguage\":\"pt-BR\",\"@id\":\"https:\/\/hef.com.br\/sitehef\/hidrogenio\/#primaryimage\",\"url\":\"https:\/\/hef.com.br\/sitehef\/wp-content\/uploads\/2025\/11\/AdobeStock_609615667.jpeg\",\"contentUrl\":\"https:\/\/hef.com.br\/sitehef\/wp-content\/uploads\/2025\/11\/AdobeStock_609615667.jpeg\",\"width\":1920,\"height\":899,\"caption\":\"Hydrogen power plant, large steel tanks and pipes, wide angle photo, some snow in foreground. Clean H2 energy concept as imagined by Generative AI\"},{\"@type\":\"BreadcrumbList\",\"@id\":\"https:\/\/hef.com.br\/sitehef\/hidrogenio\/#breadcrumb\",\"itemListElement\":[{\"@type\":\"ListItem\",\"position\":1,\"name\":\"Home\",\"item\":\"https:\/\/hef.com.br\/sitehef\/\"},{\"@type\":\"ListItem\",\"position\":2,\"name\":\"Hidrog\u00eanio\"}]},{\"@type\":\"WebSite\",\"@id\":\"https:\/\/hef.com.br\/sitehef\/#website\",\"url\":\"https:\/\/hef.com.br\/sitehef\/\",\"name\":\"HEF Groupe\",\"description\":\"Leader Mondial en ing\u00e9n\u00e9rie des mat\u00e9riaux de surfaces\",\"publisher\":{\"@id\":\"https:\/\/hef.com.br\/sitehef\/#organization\"},\"potentialAction\":[{\"@type\":\"SearchAction\",\"target\":{\"@type\":\"EntryPoint\",\"urlTemplate\":\"https:\/\/hef.com.br\/sitehef\/?s={search_term_string}\"},\"query-input\":{\"@type\":\"PropertyValueSpecification\",\"valueRequired\":true,\"valueName\":\"search_term_string\"}}],\"inLanguage\":\"pt-BR\"},{\"@type\":\"Organization\",\"@id\":\"https:\/\/hef.com.br\/sitehef\/#organization\",\"name\":\"HEF Groupe\",\"url\":\"https:\/\/hef.com.br\/sitehef\/\",\"logo\":{\"@type\":\"ImageObject\",\"inLanguage\":\"pt-BR\",\"@id\":\"https:\/\/hef.com.br\/sitehef\/#\/schema\/logo\/image\/\",\"url\":\"https:\/\/hef.com.br\/sitehef\/wp-content\/uploads\/2025\/12\/cropped-HEF_GROUPE_BRASIL_FINAL-01.png\",\"contentUrl\":\"https:\/\/hef.com.br\/sitehef\/wp-content\/uploads\/2025\/12\/cropped-HEF_GROUPE_BRASIL_FINAL-01.png\",\"width\":708,\"height\":304,\"caption\":\"HEF Groupe\"},\"image\":{\"@id\":\"https:\/\/hef.com.br\/sitehef\/#\/schema\/logo\/image\/\"}}]}<\/script>\n<!-- \/ Yoast SEO plugin. -->","yoast_head_json":{"title":"Hidrog\u00eanio - HEF","robots":{"index":"index","follow":"follow","max-snippet":"max-snippet:-1","max-image-preview":"max-image-preview:large","max-video-preview":"max-video-preview:-1"},"canonical":"https:\/\/hef.com.br\/sitehef\/hidrogenio\/","og_locale":"pt_BR","og_type":"article","og_title":"Hidrog\u00eanio - HEF","og_description":"Inova\u00e7\u00e3o em Hidrog\u00eanio: Como a HEF Impulsiona a Mobilidade Sustent\u00e1vel As tecnologias associadas ao hidr\u00f4genio representam um novo vetor para a quest\u00e3o da transi\u00e7\u00e3o en\u00e9rgetica, seja no campo de gera\u00e7\u00e3o de energia atr\u00e1ves do hidrog\u00eanio, ou no campo da mobilidade. A HEF oferece solu\u00e7\u00f5es de engenharia de superf\u00edcie relacionadas a produ\u00e7\u00e3o, ao transporte e ao [&hellip;]","og_url":"https:\/\/hef.com.br\/sitehef\/hidrogenio\/","og_site_name":"HEF","article_modified_time":"2026-02-10T18:34:49+00:00","og_image":[{"width":1920,"height":899,"url":"https:\/\/hef.com.br\/sitehef\/wp-content\/uploads\/2025\/11\/AdobeStock_609615667.jpeg","type":"image\/jpeg"}],"twitter_card":"summary_large_image","twitter_misc":{"Est. tempo de leitura":"3 minutos"},"schema":{"@context":"https:\/\/schema.org","@graph":[{"@type":"WebPage","@id":"https:\/\/hef.com.br\/sitehef\/hidrogenio\/","url":"https:\/\/hef.com.br\/sitehef\/hidrogenio\/","name":"Hidrog\u00eanio - HEF","isPartOf":{"@id":"https:\/\/hef.com.br\/sitehef\/#website"},"primaryImageOfPage":{"@id":"https:\/\/hef.com.br\/sitehef\/hidrogenio\/#primaryimage"},"image":{"@id":"https:\/\/hef.com.br\/sitehef\/hidrogenio\/#primaryimage"},"thumbnailUrl":"https:\/\/hef.com.br\/sitehef\/wp-content\/uploads\/2025\/11\/AdobeStock_609615667-1024x479.jpeg","datePublished":"2025-10-15T21:16:27+00:00","dateModified":"2026-02-10T18:34:49+00:00","breadcrumb":{"@id":"https:\/\/hef.com.br\/sitehef\/hidrogenio\/#breadcrumb"},"inLanguage":"pt-BR","potentialAction":[{"@type":"ReadAction","target":["https:\/\/hef.com.br\/sitehef\/hidrogenio\/"]}]},{"@type":"ImageObject","inLanguage":"pt-BR","@id":"https:\/\/hef.com.br\/sitehef\/hidrogenio\/#primaryimage","url":"https:\/\/hef.com.br\/sitehef\/wp-content\/uploads\/2025\/11\/AdobeStock_609615667.jpeg","contentUrl":"https:\/\/hef.com.br\/sitehef\/wp-content\/uploads\/2025\/11\/AdobeStock_609615667.jpeg","width":1920,"height":899,"caption":"Hydrogen power plant, large steel tanks and pipes, wide angle photo, some snow in foreground. Clean H2 energy concept as imagined by Generative AI"},{"@type":"BreadcrumbList","@id":"https:\/\/hef.com.br\/sitehef\/hidrogenio\/#breadcrumb","itemListElement":[{"@type":"ListItem","position":1,"name":"Home","item":"https:\/\/hef.com.br\/sitehef\/"},{"@type":"ListItem","position":2,"name":"Hidrog\u00eanio"}]},{"@type":"WebSite","@id":"https:\/\/hef.com.br\/sitehef\/#website","url":"https:\/\/hef.com.br\/sitehef\/","name":"HEF Groupe","description":"Leader Mondial en ing\u00e9n\u00e9rie des mat\u00e9riaux de surfaces","publisher":{"@id":"https:\/\/hef.com.br\/sitehef\/#organization"},"potentialAction":[{"@type":"SearchAction","target":{"@type":"EntryPoint","urlTemplate":"https:\/\/hef.com.br\/sitehef\/?s={search_term_string}"},"query-input":{"@type":"PropertyValueSpecification","valueRequired":true,"valueName":"search_term_string"}}],"inLanguage":"pt-BR"},{"@type":"Organization","@id":"https:\/\/hef.com.br\/sitehef\/#organization","name":"HEF Groupe","url":"https:\/\/hef.com.br\/sitehef\/","logo":{"@type":"ImageObject","inLanguage":"pt-BR","@id":"https:\/\/hef.com.br\/sitehef\/#\/schema\/logo\/image\/","url":"https:\/\/hef.com.br\/sitehef\/wp-content\/uploads\/2025\/12\/cropped-HEF_GROUPE_BRASIL_FINAL-01.png","contentUrl":"https:\/\/hef.com.br\/sitehef\/wp-content\/uploads\/2025\/12\/cropped-HEF_GROUPE_BRASIL_FINAL-01.png","width":708,"height":304,"caption":"HEF Groupe"},"image":{"@id":"https:\/\/hef.com.br\/sitehef\/#\/schema\/logo\/image\/"}}]}},"_links":{"self":[{"href":"https:\/\/hef.com.br\/sitehef\/wp-json\/wp\/v2\/pages\/13945","targetHints":{"allow":["GET"]}}],"collection":[{"href":"https:\/\/hef.com.br\/sitehef\/wp-json\/wp\/v2\/pages"}],"about":[{"href":"https:\/\/hef.com.br\/sitehef\/wp-json\/wp\/v2\/types\/page"}],"author":[{"embeddable":true,"href":"https:\/\/hef.com.br\/sitehef\/wp-json\/wp\/v2\/users\/1"}],"replies":[{"embeddable":true,"href":"https:\/\/hef.com.br\/sitehef\/wp-json\/wp\/v2\/comments?post=13945"}],"version-history":[{"count":37,"href":"https:\/\/hef.com.br\/sitehef\/wp-json\/wp\/v2\/pages\/13945\/revisions"}],"predecessor-version":[{"id":16016,"href":"https:\/\/hef.com.br\/sitehef\/wp-json\/wp\/v2\/pages\/13945\/revisions\/16016"}],"wp:attachment":[{"href":"https:\/\/hef.com.br\/sitehef\/wp-json\/wp\/v2\/media?parent=13945"}],"curies":[{"name":"wp","href":"https:\/\/api.w.org\/{rel}","templated":true}]}}