{"id":13952,"date":"2025-10-15T23:18:38","date_gmt":"2025-10-15T21:18:38","guid":{"rendered":"https:\/\/hef.com.br\/sitehef\/mobilidade-2\/"},"modified":"2025-12-17T18:20:49","modified_gmt":"2025-12-17T17:20:49","slug":"maquinas-e-equipamentos","status":"publish","type":"page","link":"https:\/\/hef.com.br\/sitehef\/maquinas-e-equipamentos\/","title":{"rendered":"M\u00e1quinas e equipamentos"},"content":{"rendered":"\t\t<div data-elementor-type=\"wp-page\" data-elementor-id=\"13952\" class=\"elementor elementor-13952\" data-elementor-post-type=\"page\">\n\t\t\t\t<div class=\"elementor-element elementor-element-7931e33 e-con-full e-flex e-con e-parent\" data-id=\"7931e33\" data-element_type=\"container\" data-settings=\"{&quot;background_background&quot;:&quot;gradient&quot;}\">\n\t\t<div class=\"elementor-element elementor-element-45e8298 e-flex e-con-boxed e-con e-child\" data-id=\"45e8298\" data-element_type=\"container\">\n\t\t\t\t\t<div class=\"e-con-inner\">\n\t\t\t\t<div class=\"elementor-element elementor-element-6e699a6 elementor-align-left elementor-hidden-tablet elementor-hidden-mobile elementor-widget elementor-widget-breadcrumbs\" data-id=\"6e699a6\" data-element_type=\"widget\" data-widget_type=\"breadcrumbs.default\">\n\t\t\t\t\t<p id=\"breadcrumbs\"><span><span><a href=\"https:\/\/hef.com.br\/sitehef\/\">Home<\/a><\/span><\/span><\/p>\t\t\t\t<\/div>\n\t\t\t\t<div class=\"elementor-element elementor-element-32e0ca7 elementor-widget elementor-widget-spacer\" data-id=\"32e0ca7\" data-element_type=\"widget\" data-widget_type=\"spacer.default\">\n\t\t\t\t\t\t\t<div class=\"elementor-spacer\">\n\t\t\t<div class=\"elementor-spacer-inner\"><\/div>\n\t\t<\/div>\n\t\t\t\t\t\t<\/div>\n\t\t\t\t<div class=\"elementor-element elementor-element-35502f5 elementor-widget__width-initial animated-slow elementor-invisible elementor-widget elementor-widget-heading\" data-id=\"35502f5\" data-element_type=\"widget\" data-settings=\"{&quot;_animation&quot;:&quot;fadeIn&quot;}\" data-widget_type=\"heading.default\">\n\t\t\t\t\t<h1 class=\"elementor-heading-title elementor-size-default\">M\u00e1quinas e equipamentos<\/h1>\t\t\t\t<\/div>\n\t\t\t\t\t<\/div>\n\t\t\t\t<\/div>\n\t\t\t\t<div class=\"elementor-element elementor-element-2bdcf6e elementor-widget__width-inherit elementor-widget-tablet__width-initial elementor-widget elementor-widget-image\" data-id=\"2bdcf6e\" data-element_type=\"widget\" data-widget_type=\"image.default\">\n\t\t\t\t\t\t\t\t\t\t\t\t\t\t\t<img fetchpriority=\"high\" decoding=\"async\" width=\"800\" height=\"534\" src=\"https:\/\/hef.com.br\/sitehef\/wp-content\/uploads\/2025\/10\/bg-hero-tribology-1024x683.webp\" class=\"attachment-large size-large wp-image-12715\" alt=\"\" srcset=\"https:\/\/hef.com.br\/sitehef\/wp-content\/uploads\/2025\/10\/bg-hero-tribology-1024x683.webp 1024w, https:\/\/hef.com.br\/sitehef\/wp-content\/uploads\/2025\/10\/bg-hero-tribology-300x200.webp 300w, https:\/\/hef.com.br\/sitehef\/wp-content\/uploads\/2025\/10\/bg-hero-tribology-768x512.webp 768w, https:\/\/hef.com.br\/sitehef\/wp-content\/uploads\/2025\/10\/bg-hero-tribology-1536x1024.webp 1536w, https:\/\/hef.com.br\/sitehef\/wp-content\/uploads\/2025\/10\/bg-hero-tribology.webp 1600w\" sizes=\"(max-width: 800px) 100vw, 800px\" \/>\t\t\t\t\t\t\t\t\t\t\t\t\t\t\t<\/div>\n\t\t\t\t<\/div>\n\t\t<div class=\"elementor-element elementor-element-f11ae73 e-con-full e-flex e-con e-parent\" data-id=\"f11ae73\" data-element_type=\"container\" data-settings=\"{&quot;background_background&quot;:&quot;classic&quot;}\">\n\t\t<div class=\"elementor-element elementor-element-eb67523 e-flex e-con-boxed e-con e-child\" data-id=\"eb67523\" data-element_type=\"container\">\n\t\t\t\t\t<div class=\"e-con-inner\">\n\t\t<div class=\"elementor-element elementor-element-0554375 e-con-full e-flex e-con e-child\" data-id=\"0554375\" data-element_type=\"container\">\n\t\t\t\t<div class=\"elementor-element elementor-element-1cc6346 animated-slow elementor-invisible elementor-widget elementor-widget-heading\" data-id=\"1cc6346\" data-element_type=\"widget\" data-settings=\"{&quot;_animation&quot;:&quot;fadeIn&quot;}\" data-widget_type=\"heading.default\">\n\t\t\t\t\t<h2 class=\"elementor-heading-title elementor-size-default\">O setor de m\u00e1quinas e equipamentos<\/h2>\t\t\t\t<\/div>\n\t\t\t\t<div class=\"elementor-element elementor-element-178a1a6 animated-slow elementor-invisible elementor-widget elementor-widget-text-editor\" data-id=\"178a1a6\" data-element_type=\"widget\" data-settings=\"{&quot;_animation&quot;:&quot;fadeIn&quot;}\" data-widget_type=\"text-editor.default\">\n\t\t\t\t\t\t\t\t\t<p>O setor de m\u00e1quinas e equipamentos \u00e9 um dos pilares da ind\u00fastria nacional, respons\u00e1vel por suprir a moderniza\u00e7\u00e3o e os avan\u00e7os tecnol\u00f3gicos de segmentos cr\u00edticos \u2014 agr\u00edcola, automotivo, ferrovi\u00e1rio, minera\u00e7\u00e3o, energia e constru\u00e7\u00e3o civil. No Brasil, esse mercado \u00e9 impulsionado pela demanda de renova\u00e7\u00e3o\/constru\u00e7\u00e3o de parques industriais, pela expans\u00e3o de projetos de infraestrutura e pela necessidade de ganho de produtividade e competitividade para exporta\u00e7\u00e3o.<br \/><br \/><\/p><p>Esse contexto traz desafios espec\u00edficos: prazos de disponibilidade reduzidos, requisitos r\u00edgidos de certifica\u00e7\u00e3o, necessidade de integra\u00e7\u00e3o com sistemas de automa\u00e7\u00e3o e Industry 4.0 e press\u00e3o por solu\u00e7\u00f5es ambientalmente mais eficientes. Em consequ\u00eancia, as m\u00e1quinas e equipamentos exigem solu\u00e7\u00f5es de engenharia com alto grau de inova\u00e7\u00e3o, durabilidade e efici\u00eancia operacional \u2014 especialmente em componentes sujeitos a desgaste, fadiga e corros\u00e3o \u2014 que s\u00f3 s\u00e3o alcan\u00e7adas por processos e materiais projetados para opera\u00e7\u00e3o cont\u00ednua em condi\u00e7\u00f5es severas.<\/p>\t\t\t\t\t\t\t\t<\/div>\n\t\t\t\t<\/div>\n\t\t\t\t<div class=\"elementor-element elementor-element-26a2a8a elementor-widget__width-initial elementor-widget-tablet__width-inherit animated-slow elementor-invisible elementor-widget elementor-widget-image\" data-id=\"26a2a8a\" data-element_type=\"widget\" data-settings=\"{&quot;_animation&quot;:&quot;fadeIn&quot;}\" data-widget_type=\"image.default\">\n\t\t\t\t\t\t\t\t\t\t\t\t\t\t\t<img decoding=\"async\" width=\"800\" height=\"457\" src=\"https:\/\/hef.com.br\/sitehef\/wp-content\/uploads\/2025\/12\/AdobeStock_1608954188-1024x585.jpeg\" class=\"attachment-large size-large wp-image-14521\" alt=\"\" srcset=\"https:\/\/hef.com.br\/sitehef\/wp-content\/uploads\/2025\/12\/AdobeStock_1608954188-1024x585.jpeg 1024w, https:\/\/hef.com.br\/sitehef\/wp-content\/uploads\/2025\/12\/AdobeStock_1608954188-300x171.jpeg 300w, https:\/\/hef.com.br\/sitehef\/wp-content\/uploads\/2025\/12\/AdobeStock_1608954188-768x439.jpeg 768w, https:\/\/hef.com.br\/sitehef\/wp-content\/uploads\/2025\/12\/AdobeStock_1608954188-1536x878.jpeg 1536w, https:\/\/hef.com.br\/sitehef\/wp-content\/uploads\/2025\/12\/AdobeStock_1608954188.jpeg 1920w\" sizes=\"(max-width: 800px) 100vw, 800px\" \/>\t\t\t\t\t\t\t\t\t\t\t\t\t\t\t<\/div>\n\t\t\t\t\t<\/div>\n\t\t\t\t<\/div>\n\t\t<div class=\"elementor-element elementor-element-83388e7 e-flex e-con-boxed e-con e-child\" data-id=\"83388e7\" data-element_type=\"container\" data-settings=\"{&quot;background_background&quot;:&quot;classic&quot;}\">\n\t\t\t\t\t<div class=\"e-con-inner\">\n\t\t\t\t<div class=\"elementor-element elementor-element-5822b87 elementor-widget__width-initial elementor-widget-tablet__width-inherit animated-slow elementor-invisible elementor-widget elementor-widget-image\" data-id=\"5822b87\" data-element_type=\"widget\" data-settings=\"{&quot;_animation&quot;:&quot;fadeIn&quot;}\" data-widget_type=\"image.default\">\n\t\t\t\t\t\t\t\t\t\t\t\t\t\t\t<img decoding=\"async\" width=\"800\" height=\"534\" src=\"https:\/\/hef.com.br\/sitehef\/wp-content\/uploads\/2025\/12\/AdobeStock_1543810310-1024x683.jpeg\" class=\"attachment-large size-large wp-image-14525\" alt=\"\" srcset=\"https:\/\/hef.com.br\/sitehef\/wp-content\/uploads\/2025\/12\/AdobeStock_1543810310-1024x683.jpeg 1024w, https:\/\/hef.com.br\/sitehef\/wp-content\/uploads\/2025\/12\/AdobeStock_1543810310-300x200.jpeg 300w, https:\/\/hef.com.br\/sitehef\/wp-content\/uploads\/2025\/12\/AdobeStock_1543810310-768x512.jpeg 768w, https:\/\/hef.com.br\/sitehef\/wp-content\/uploads\/2025\/12\/AdobeStock_1543810310-1536x1024.jpeg 1536w, https:\/\/hef.com.br\/sitehef\/wp-content\/uploads\/2025\/12\/AdobeStock_1543810310.jpeg 1920w\" sizes=\"(max-width: 800px) 100vw, 800px\" \/>\t\t\t\t\t\t\t\t\t\t\t\t\t\t\t<\/div>\n\t\t<div class=\"elementor-element elementor-element-2102c28 e-con-full e-flex e-con e-child\" data-id=\"2102c28\" data-element_type=\"container\">\n\t\t\t\t<div class=\"elementor-element elementor-element-8e2535a animated-slow elementor-invisible elementor-widget elementor-widget-text-editor\" data-id=\"8e2535a\" data-element_type=\"widget\" data-settings=\"{&quot;_animation&quot;:&quot;fadeIn&quot;}\" data-widget_type=\"text-editor.default\">\n\t\t\t\t\t\t\t\t\t<p>Tais condi\u00e7\u00f5es operacionais fazem com que componentes cr\u00edticos sejam submetidos a cargas elevadas, ciclos repetitivos, impactos, vibra\u00e7\u00e3o, abras\u00e3o por part\u00edculas, exposi\u00e7\u00e3o \u00e0 corros\u00e3o e varia\u00e7\u00f5es t\u00e9rmicas intensas \u2014 condi\u00e7\u00f5es que aceleram desgaste, aumentam o atrito, reduzem a efici\u00eancia energ\u00e9tica e antecipam falhas por fadiga. Al\u00e9m disso, a crescente integra\u00e7\u00e3o com automa\u00e7\u00e3o e sistemas de controle demanda estabilidade dimensional e desempenho superficial constante ao longo de longos intervalos de opera\u00e7\u00e3o. Esse conjunto de exig\u00eancias torna indispens\u00e1vel a aplica\u00e7\u00e3o de solu\u00e7\u00f5es avan\u00e7adas de engenharia de superf\u00edcies capazes de elevar a resist\u00eancia ao desgaste, \u00e0 corros\u00e3o e \u00e0 fadiga, reduzir atrito e prolongar a vida \u00fatil dos componentes.<\/p><p><br><\/p>\n<p>\u00c9 diante desses desafios que a HEF se posiciona como parceira estrat\u00e9gica no fornecimento de tecnologias de engenharia de superf\u00edcies aplicadas a componentes cr\u00edticos de sistemas mec\u00e2nicos. Entre as solu\u00e7\u00f5es de maior destaque em nosso portf\u00f3lio est\u00e3o as tecnologias de nitrocarboneta\u00e7\u00e3o CLIN\u2122 \u2014 ARCOR\u00ae, SURSULF\u00ae, TENIFER\u00ae e QPQ\u00ae \u2014 e os revestimentos por deposi\u00e7\u00e3o PVD\/PACVD, como CERTESS\u00ae CARBON (DLC) e CERTESS\u00ae NITRO. Essas tecnologias elevam significativamente a resist\u00eancia ao desgaste, \u00e0 corros\u00e3o e \u00e0 fadiga superficial, al\u00e9m de viabilizarem maiores press\u00f5es de trabalho, redu\u00e7\u00e3o de atrito, downsizing de componentes, aumento de performance e a substitui\u00e7\u00e3o de solu\u00e7\u00f5es ambientalmente desfavor\u00e1veis, como o cromo duro.<\/p>\t\t\t\t\t\t\t\t<\/div>\n\t\t\t\t<\/div>\n\t\t\t\t\t<\/div>\n\t\t\t\t<\/div>\n\t\t<div class=\"elementor-element elementor-element-9ba81a8 e-flex e-con-boxed e-con e-child\" data-id=\"9ba81a8\" data-element_type=\"container\">\n\t\t\t\t\t<div class=\"e-con-inner\">\n\t\t<div class=\"elementor-element elementor-element-9e24a04 e-con-full e-flex e-con e-child\" data-id=\"9e24a04\" data-element_type=\"container\">\n\t\t\t\t<div class=\"elementor-element elementor-element-64dc18c animated-slow elementor-invisible elementor-widget elementor-widget-heading\" data-id=\"64dc18c\" data-element_type=\"widget\" data-settings=\"{&quot;_animation&quot;:&quot;fadeIn&quot;}\" data-widget_type=\"heading.default\">\n\t\t\t\t\t<h2 class=\"elementor-heading-title elementor-size-default\">Conhe\u00e7a a HEF: <\/h2>\t\t\t\t<\/div>\n\t\t\t\t<div class=\"elementor-element elementor-element-fd1fb7d animated-slow elementor-invisible elementor-widget elementor-widget-text-editor\" data-id=\"fd1fb7d\" data-element_type=\"widget\" data-settings=\"{&quot;_animation&quot;:&quot;fadeIn&quot;}\" data-widget_type=\"text-editor.default\">\n\t\t\t\t\t\t\t\t\t<p>Entre os diversos componentes beneficiados pelas tecnologias HEF destacam-se: engrenagens industriais, palhetas de compressores, mandris, componentes de bombas, cilindros hidr\u00e1ulicos,\u00a0 v\u00e1lvulas, eixos de sistemas de transporte de fluidos e alta press\u00e3o, al\u00e9m de pistas de rolamentos utilizados em aplica\u00e7\u00f5es de alta carga e longa dura\u00e7\u00e3o.<\/p>\t\t\t\t\t\t\t\t<\/div>\n\t\t\t\t<div class=\"elementor-element elementor-element-8dd34bb animated-slow elementor-invisible elementor-widget elementor-widget-button\" data-id=\"8dd34bb\" data-element_type=\"widget\" data-settings=\"{&quot;_animation&quot;:&quot;fadeIn&quot;}\" data-widget_type=\"button.default\">\n\t\t\t\t\t\t\t\t\t\t<a class=\"elementor-button elementor-button-link elementor-size-sm\" href=\"https:\/\/hef.com.br\/sitehef\/faleconosco\/\">\n\t\t\t\t\t\t<span class=\"elementor-button-content-wrapper\">\n\t\t\t\t\t\t\t\t\t<span class=\"elementor-button-text\">Entre em contato conosco<\/span>\n\t\t\t\t\t<\/span>\n\t\t\t\t\t<\/a>\n\t\t\t\t\t\t\t\t<\/div>\n\t\t\t\t<\/div>\n\t\t\t\t<div class=\"elementor-element elementor-element-da36e0f elementor-widget__width-initial elementor-widget-tablet__width-inherit animated-slow elementor-invisible elementor-widget elementor-widget-image\" data-id=\"da36e0f\" data-element_type=\"widget\" data-settings=\"{&quot;_animation&quot;:&quot;fadeIn&quot;}\" data-widget_type=\"image.default\">\n\t\t\t\t\t\t\t\t\t\t\t\t\t\t\t<img loading=\"lazy\" decoding=\"async\" width=\"800\" height=\"480\" src=\"https:\/\/hef.com.br\/sitehef\/wp-content\/uploads\/2025\/11\/AdobeStock_338340164-1-1024x614.jpeg\" class=\"attachment-large size-large wp-image-14267\" alt=\"\" srcset=\"https:\/\/hef.com.br\/sitehef\/wp-content\/uploads\/2025\/11\/AdobeStock_338340164-1-1024x614.jpeg 1024w, https:\/\/hef.com.br\/sitehef\/wp-content\/uploads\/2025\/11\/AdobeStock_338340164-1-300x180.jpeg 300w, https:\/\/hef.com.br\/sitehef\/wp-content\/uploads\/2025\/11\/AdobeStock_338340164-1-768x460.jpeg 768w, https:\/\/hef.com.br\/sitehef\/wp-content\/uploads\/2025\/11\/AdobeStock_338340164-1-1536x921.jpeg 1536w, https:\/\/hef.com.br\/sitehef\/wp-content\/uploads\/2025\/11\/AdobeStock_338340164-1.jpeg 1920w\" sizes=\"(max-width: 800px) 100vw, 800px\" \/>\t\t\t\t\t\t\t\t\t\t\t\t\t\t\t<\/div>\n\t\t\t\t\t<\/div>\n\t\t\t\t<\/div>\n\t\t\t\t<\/div>\n\t\t\t\t<\/div>\n\t\t","protected":false},"excerpt":{"rendered":"<p>O setor de m\u00e1quinas e equipamentos O setor de m\u00e1quinas e equipamentos \u00e9 um dos pilares da ind\u00fastria nacional, respons\u00e1vel por suprir a moderniza\u00e7\u00e3o e os avan\u00e7os tecnol\u00f3gicos de segmentos cr\u00edticos \u2014 agr\u00edcola, automotivo, ferrovi\u00e1rio, minera\u00e7\u00e3o, energia e constru\u00e7\u00e3o civil. No Brasil, esse mercado \u00e9 impulsionado pela demanda de renova\u00e7\u00e3o\/constru\u00e7\u00e3o de parques industriais, pela expans\u00e3o [&hellip;]<\/p>\n","protected":false},"author":1,"featured_media":0,"parent":0,"menu_order":0,"comment_status":"closed","ping_status":"closed","template":"","meta":{"_acf_changed":false,"footnotes":""},"class_list":["post-13952","page","type-page","status-publish","hentry"],"acf":[],"yoast_head":"<!-- This site is optimized with the Yoast SEO plugin v25.5 - https:\/\/yoast.com\/wordpress\/plugins\/seo\/ -->\n<title>M\u00e1quinas e equipamentos - HEF<\/title>\n<meta name=\"robots\" content=\"index, follow, max-snippet:-1, max-image-preview:large, max-video-preview:-1\" \/>\n<link rel=\"canonical\" href=\"https:\/\/hef.com.br\/sitehef\/maquinas-e-equipamentos\/\" \/>\n<meta property=\"og:locale\" content=\"pt_BR\" \/>\n<meta property=\"og:type\" content=\"article\" \/>\n<meta property=\"og:title\" content=\"M\u00e1quinas e equipamentos - HEF\" \/>\n<meta property=\"og:description\" content=\"O setor de m\u00e1quinas e equipamentos O setor de m\u00e1quinas e equipamentos \u00e9 um dos pilares da ind\u00fastria nacional, respons\u00e1vel por suprir a moderniza\u00e7\u00e3o e os avan\u00e7os tecnol\u00f3gicos de segmentos cr\u00edticos \u2014 agr\u00edcola, automotivo, ferrovi\u00e1rio, minera\u00e7\u00e3o, energia e constru\u00e7\u00e3o civil. No Brasil, esse mercado \u00e9 impulsionado pela demanda de renova\u00e7\u00e3o\/constru\u00e7\u00e3o de parques industriais, pela expans\u00e3o [&hellip;]\" \/>\n<meta property=\"og:url\" content=\"https:\/\/hef.com.br\/sitehef\/maquinas-e-equipamentos\/\" \/>\n<meta property=\"og:site_name\" content=\"HEF\" \/>\n<meta property=\"article:modified_time\" content=\"2025-12-17T17:20:49+00:00\" \/>\n<meta property=\"og:image\" content=\"https:\/\/hef.com.br\/sitehef\/wp-content\/uploads\/2025\/10\/bg-hero-tribology.webp\" \/>\n\t<meta property=\"og:image:width\" content=\"1600\" \/>\n\t<meta property=\"og:image:height\" content=\"1067\" \/>\n\t<meta property=\"og:image:type\" content=\"image\/webp\" \/>\n<meta name=\"twitter:card\" content=\"summary_large_image\" \/>\n<meta name=\"twitter:label1\" content=\"Est. tempo de leitura\" \/>\n\t<meta name=\"twitter:data1\" content=\"3 minutos\" \/>\n<script type=\"application\/ld+json\" class=\"yoast-schema-graph\">{\"@context\":\"https:\/\/schema.org\",\"@graph\":[{\"@type\":\"WebPage\",\"@id\":\"https:\/\/hef.com.br\/sitehef\/maquinas-e-equipamentos\/\",\"url\":\"https:\/\/hef.com.br\/sitehef\/maquinas-e-equipamentos\/\",\"name\":\"M\u00e1quinas e equipamentos - HEF\",\"isPartOf\":{\"@id\":\"https:\/\/hef.com.br\/sitehef\/#website\"},\"primaryImageOfPage\":{\"@id\":\"https:\/\/hef.com.br\/sitehef\/maquinas-e-equipamentos\/#primaryimage\"},\"image\":{\"@id\":\"https:\/\/hef.com.br\/sitehef\/maquinas-e-equipamentos\/#primaryimage\"},\"thumbnailUrl\":\"https:\/\/hef.com.br\/sitehef\/wp-content\/uploads\/2025\/10\/bg-hero-tribology-1024x683.webp\",\"datePublished\":\"2025-10-15T21:18:38+00:00\",\"dateModified\":\"2025-12-17T17:20:49+00:00\",\"breadcrumb\":{\"@id\":\"https:\/\/hef.com.br\/sitehef\/maquinas-e-equipamentos\/#breadcrumb\"},\"inLanguage\":\"pt-BR\",\"potentialAction\":[{\"@type\":\"ReadAction\",\"target\":[\"https:\/\/hef.com.br\/sitehef\/maquinas-e-equipamentos\/\"]}]},{\"@type\":\"ImageObject\",\"inLanguage\":\"pt-BR\",\"@id\":\"https:\/\/hef.com.br\/sitehef\/maquinas-e-equipamentos\/#primaryimage\",\"url\":\"https:\/\/hef.com.br\/sitehef\/wp-content\/uploads\/2025\/10\/bg-hero-tribology-1024x683.webp\",\"contentUrl\":\"https:\/\/hef.com.br\/sitehef\/wp-content\/uploads\/2025\/10\/bg-hero-tribology-1024x683.webp\"},{\"@type\":\"BreadcrumbList\",\"@id\":\"https:\/\/hef.com.br\/sitehef\/maquinas-e-equipamentos\/#breadcrumb\",\"itemListElement\":[{\"@type\":\"ListItem\",\"position\":1,\"name\":\"Home\",\"item\":\"https:\/\/hef.com.br\/sitehef\/\"},{\"@type\":\"ListItem\",\"position\":2,\"name\":\"M\u00e1quinas e equipamentos\"}]},{\"@type\":\"WebSite\",\"@id\":\"https:\/\/hef.com.br\/sitehef\/#website\",\"url\":\"https:\/\/hef.com.br\/sitehef\/\",\"name\":\"HEF Groupe\",\"description\":\"Leader Mondial en ing\u00e9n\u00e9rie des mat\u00e9riaux de surfaces\",\"publisher\":{\"@id\":\"https:\/\/hef.com.br\/sitehef\/#organization\"},\"potentialAction\":[{\"@type\":\"SearchAction\",\"target\":{\"@type\":\"EntryPoint\",\"urlTemplate\":\"https:\/\/hef.com.br\/sitehef\/?s={search_term_string}\"},\"query-input\":{\"@type\":\"PropertyValueSpecification\",\"valueRequired\":true,\"valueName\":\"search_term_string\"}}],\"inLanguage\":\"pt-BR\"},{\"@type\":\"Organization\",\"@id\":\"https:\/\/hef.com.br\/sitehef\/#organization\",\"name\":\"HEF Groupe\",\"url\":\"https:\/\/hef.com.br\/sitehef\/\",\"logo\":{\"@type\":\"ImageObject\",\"inLanguage\":\"pt-BR\",\"@id\":\"https:\/\/hef.com.br\/sitehef\/#\/schema\/logo\/image\/\",\"url\":\"https:\/\/hef.com.br\/sitehef\/wp-content\/uploads\/2025\/12\/cropped-HEF_GROUPE_BRASIL_FINAL-01.png\",\"contentUrl\":\"https:\/\/hef.com.br\/sitehef\/wp-content\/uploads\/2025\/12\/cropped-HEF_GROUPE_BRASIL_FINAL-01.png\",\"width\":708,\"height\":304,\"caption\":\"HEF Groupe\"},\"image\":{\"@id\":\"https:\/\/hef.com.br\/sitehef\/#\/schema\/logo\/image\/\"}}]}<\/script>\n<!-- \/ Yoast SEO plugin. -->","yoast_head_json":{"title":"M\u00e1quinas e equipamentos - HEF","robots":{"index":"index","follow":"follow","max-snippet":"max-snippet:-1","max-image-preview":"max-image-preview:large","max-video-preview":"max-video-preview:-1"},"canonical":"https:\/\/hef.com.br\/sitehef\/maquinas-e-equipamentos\/","og_locale":"pt_BR","og_type":"article","og_title":"M\u00e1quinas e equipamentos - HEF","og_description":"O setor de m\u00e1quinas e equipamentos O setor de m\u00e1quinas e equipamentos \u00e9 um dos pilares da ind\u00fastria nacional, respons\u00e1vel por suprir a moderniza\u00e7\u00e3o e os avan\u00e7os tecnol\u00f3gicos de segmentos cr\u00edticos \u2014 agr\u00edcola, automotivo, ferrovi\u00e1rio, minera\u00e7\u00e3o, energia e constru\u00e7\u00e3o civil. No Brasil, esse mercado \u00e9 impulsionado pela demanda de renova\u00e7\u00e3o\/constru\u00e7\u00e3o de parques industriais, pela expans\u00e3o [&hellip;]","og_url":"https:\/\/hef.com.br\/sitehef\/maquinas-e-equipamentos\/","og_site_name":"HEF","article_modified_time":"2025-12-17T17:20:49+00:00","og_image":[{"width":1600,"height":1067,"url":"https:\/\/hef.com.br\/sitehef\/wp-content\/uploads\/2025\/10\/bg-hero-tribology.webp","type":"image\/webp"}],"twitter_card":"summary_large_image","twitter_misc":{"Est. tempo de leitura":"3 minutos"},"schema":{"@context":"https:\/\/schema.org","@graph":[{"@type":"WebPage","@id":"https:\/\/hef.com.br\/sitehef\/maquinas-e-equipamentos\/","url":"https:\/\/hef.com.br\/sitehef\/maquinas-e-equipamentos\/","name":"M\u00e1quinas e equipamentos - HEF","isPartOf":{"@id":"https:\/\/hef.com.br\/sitehef\/#website"},"primaryImageOfPage":{"@id":"https:\/\/hef.com.br\/sitehef\/maquinas-e-equipamentos\/#primaryimage"},"image":{"@id":"https:\/\/hef.com.br\/sitehef\/maquinas-e-equipamentos\/#primaryimage"},"thumbnailUrl":"https:\/\/hef.com.br\/sitehef\/wp-content\/uploads\/2025\/10\/bg-hero-tribology-1024x683.webp","datePublished":"2025-10-15T21:18:38+00:00","dateModified":"2025-12-17T17:20:49+00:00","breadcrumb":{"@id":"https:\/\/hef.com.br\/sitehef\/maquinas-e-equipamentos\/#breadcrumb"},"inLanguage":"pt-BR","potentialAction":[{"@type":"ReadAction","target":["https:\/\/hef.com.br\/sitehef\/maquinas-e-equipamentos\/"]}]},{"@type":"ImageObject","inLanguage":"pt-BR","@id":"https:\/\/hef.com.br\/sitehef\/maquinas-e-equipamentos\/#primaryimage","url":"https:\/\/hef.com.br\/sitehef\/wp-content\/uploads\/2025\/10\/bg-hero-tribology-1024x683.webp","contentUrl":"https:\/\/hef.com.br\/sitehef\/wp-content\/uploads\/2025\/10\/bg-hero-tribology-1024x683.webp"},{"@type":"BreadcrumbList","@id":"https:\/\/hef.com.br\/sitehef\/maquinas-e-equipamentos\/#breadcrumb","itemListElement":[{"@type":"ListItem","position":1,"name":"Home","item":"https:\/\/hef.com.br\/sitehef\/"},{"@type":"ListItem","position":2,"name":"M\u00e1quinas e equipamentos"}]},{"@type":"WebSite","@id":"https:\/\/hef.com.br\/sitehef\/#website","url":"https:\/\/hef.com.br\/sitehef\/","name":"HEF Groupe","description":"Leader Mondial en ing\u00e9n\u00e9rie des mat\u00e9riaux de surfaces","publisher":{"@id":"https:\/\/hef.com.br\/sitehef\/#organization"},"potentialAction":[{"@type":"SearchAction","target":{"@type":"EntryPoint","urlTemplate":"https:\/\/hef.com.br\/sitehef\/?s={search_term_string}"},"query-input":{"@type":"PropertyValueSpecification","valueRequired":true,"valueName":"search_term_string"}}],"inLanguage":"pt-BR"},{"@type":"Organization","@id":"https:\/\/hef.com.br\/sitehef\/#organization","name":"HEF Groupe","url":"https:\/\/hef.com.br\/sitehef\/","logo":{"@type":"ImageObject","inLanguage":"pt-BR","@id":"https:\/\/hef.com.br\/sitehef\/#\/schema\/logo\/image\/","url":"https:\/\/hef.com.br\/sitehef\/wp-content\/uploads\/2025\/12\/cropped-HEF_GROUPE_BRASIL_FINAL-01.png","contentUrl":"https:\/\/hef.com.br\/sitehef\/wp-content\/uploads\/2025\/12\/cropped-HEF_GROUPE_BRASIL_FINAL-01.png","width":708,"height":304,"caption":"HEF Groupe"},"image":{"@id":"https:\/\/hef.com.br\/sitehef\/#\/schema\/logo\/image\/"}}]}},"_links":{"self":[{"href":"https:\/\/hef.com.br\/sitehef\/wp-json\/wp\/v2\/pages\/13952","targetHints":{"allow":["GET"]}}],"collection":[{"href":"https:\/\/hef.com.br\/sitehef\/wp-json\/wp\/v2\/pages"}],"about":[{"href":"https:\/\/hef.com.br\/sitehef\/wp-json\/wp\/v2\/types\/page"}],"author":[{"embeddable":true,"href":"https:\/\/hef.com.br\/sitehef\/wp-json\/wp\/v2\/users\/1"}],"replies":[{"embeddable":true,"href":"https:\/\/hef.com.br\/sitehef\/wp-json\/wp\/v2\/comments?post=13952"}],"version-history":[{"count":16,"href":"https:\/\/hef.com.br\/sitehef\/wp-json\/wp\/v2\/pages\/13952\/revisions"}],"predecessor-version":[{"id":15682,"href":"https:\/\/hef.com.br\/sitehef\/wp-json\/wp\/v2\/pages\/13952\/revisions\/15682"}],"wp:attachment":[{"href":"https:\/\/hef.com.br\/sitehef\/wp-json\/wp\/v2\/media?parent=13952"}],"curies":[{"name":"wp","href":"https:\/\/api.w.org\/{rel}","templated":true}]}}