{"id":13954,"date":"2025-10-15T23:19:15","date_gmt":"2025-10-15T21:19:15","guid":{"rendered":"https:\/\/hef.com.br\/sitehef\/ts-mogi-guacu-2\/"},"modified":"2025-12-17T21:46:24","modified_gmt":"2025-12-17T20:46:24","slug":"energia-renovavel","status":"publish","type":"page","link":"https:\/\/hef.com.br\/sitehef\/energia-renovavel\/","title":{"rendered":"Energia renov\u00e1vel"},"content":{"rendered":"\t\t<div data-elementor-type=\"wp-page\" data-elementor-id=\"13954\" class=\"elementor elementor-13954\" data-elementor-post-type=\"page\">\n\t\t\t\t<div class=\"elementor-element elementor-element-7931e33 e-con-full e-flex e-con e-parent\" data-id=\"7931e33\" data-element_type=\"container\" data-settings=\"{&quot;background_background&quot;:&quot;gradient&quot;}\">\n\t\t<div class=\"elementor-element elementor-element-45e8298 e-flex e-con-boxed e-con e-child\" data-id=\"45e8298\" data-element_type=\"container\">\n\t\t\t\t\t<div class=\"e-con-inner\">\n\t\t\t\t<div class=\"elementor-element elementor-element-6e699a6 elementor-align-left elementor-hidden-tablet elementor-hidden-mobile elementor-widget elementor-widget-breadcrumbs\" data-id=\"6e699a6\" data-element_type=\"widget\" data-widget_type=\"breadcrumbs.default\">\n\t\t\t\t\t<p id=\"breadcrumbs\"><span><span><a href=\"https:\/\/hef.com.br\/sitehef\/\">Home<\/a><\/span><\/span><\/p>\t\t\t\t<\/div>\n\t\t\t\t<div class=\"elementor-element elementor-element-432ec74 elementor-widget elementor-widget-spacer\" data-id=\"432ec74\" data-element_type=\"widget\" data-widget_type=\"spacer.default\">\n\t\t\t\t\t\t\t<div class=\"elementor-spacer\">\n\t\t\t<div class=\"elementor-spacer-inner\"><\/div>\n\t\t<\/div>\n\t\t\t\t\t\t<\/div>\n\t\t\t\t<div class=\"elementor-element elementor-element-35502f5 elementor-widget__width-initial animated-slow elementor-invisible elementor-widget elementor-widget-heading\" data-id=\"35502f5\" data-element_type=\"widget\" data-settings=\"{&quot;_animation&quot;:&quot;fadeIn&quot;}\" data-widget_type=\"heading.default\">\n\t\t\t\t\t<h1 class=\"elementor-heading-title elementor-size-default\">Energia renov\u00e1vel<\/h1>\t\t\t\t<\/div>\n\t\t\t\t\t<\/div>\n\t\t\t\t<\/div>\n\t\t\t\t<div class=\"elementor-element elementor-element-2bdcf6e elementor-widget__width-inherit elementor-widget-tablet__width-initial elementor-widget elementor-widget-image\" data-id=\"2bdcf6e\" data-element_type=\"widget\" data-widget_type=\"image.default\">\n\t\t\t\t\t\t\t\t\t\t\t\t\t\t\t<img fetchpriority=\"high\" decoding=\"async\" width=\"800\" height=\"436\" src=\"https:\/\/hef.com.br\/sitehef\/wp-content\/uploads\/2025\/12\/AdobeStock_1760457759-1024x558.jpeg\" class=\"attachment-large size-large wp-image-14563\" alt=\"\" srcset=\"https:\/\/hef.com.br\/sitehef\/wp-content\/uploads\/2025\/12\/AdobeStock_1760457759-1024x558.jpeg 1024w, https:\/\/hef.com.br\/sitehef\/wp-content\/uploads\/2025\/12\/AdobeStock_1760457759-300x164.jpeg 300w, https:\/\/hef.com.br\/sitehef\/wp-content\/uploads\/2025\/12\/AdobeStock_1760457759-768x419.jpeg 768w, https:\/\/hef.com.br\/sitehef\/wp-content\/uploads\/2025\/12\/AdobeStock_1760457759-1536x838.jpeg 1536w, https:\/\/hef.com.br\/sitehef\/wp-content\/uploads\/2025\/12\/AdobeStock_1760457759.jpeg 1920w\" sizes=\"(max-width: 800px) 100vw, 800px\" \/>\t\t\t\t\t\t\t\t\t\t\t\t\t\t\t<\/div>\n\t\t\t\t<\/div>\n\t\t<div class=\"elementor-element elementor-element-f11ae73 e-con-full e-flex e-con e-parent\" data-id=\"f11ae73\" data-element_type=\"container\" data-settings=\"{&quot;background_background&quot;:&quot;classic&quot;}\">\n\t\t<div class=\"elementor-element elementor-element-eb67523 e-flex e-con-boxed e-con e-child\" data-id=\"eb67523\" data-element_type=\"container\">\n\t\t\t\t\t<div class=\"e-con-inner\">\n\t\t<div class=\"elementor-element elementor-element-0554375 e-con-full e-flex e-con e-child\" data-id=\"0554375\" data-element_type=\"container\">\n\t\t\t\t<div class=\"elementor-element elementor-element-1cc6346 animated-slow elementor-invisible elementor-widget elementor-widget-heading\" data-id=\"1cc6346\" data-element_type=\"widget\" data-settings=\"{&quot;_animation&quot;:&quot;fadeIn&quot;}\" data-widget_type=\"heading.default\">\n\t\t\t\t\t<h2 class=\"elementor-heading-title elementor-size-default\">Sobre o setor de energia renov\u00e1vel <\/h2>\t\t\t\t<\/div>\n\t\t\t\t<div class=\"elementor-element elementor-element-bf21bec animated-slow elementor-invisible elementor-widget elementor-widget-text-editor\" data-id=\"bf21bec\" data-element_type=\"widget\" data-settings=\"{&quot;_animation&quot;:&quot;fadeIn&quot;}\" data-widget_type=\"text-editor.default\">\n\t\t\t\t\t\t\t\t\t<p>O Brasil consolida-se como uma pot\u00eancia em energia limpa, com mais de 80% da sua matriz el\u00e9trica j\u00e1 renov\u00e1vel e proje\u00e7\u00f5es de crescimento acelerado. O mercado de renov\u00e1veis pode movimentar mais de US$ 60 bilh\u00f5es at\u00e9 2033, impulsionado pelo aumento de share do mercado livre de energia, a abund\u00e2ncia de recursos naturais e a expans\u00e3o de novas aplica\u00e7\u00f5es industriais \u2014 especialmente hidrog\u00eanio verde e sistemas h\u00edbridos e\u00f3lico-solar. Essa expans\u00e3o exige equipamentos cada vez mais robustos e confi\u00e1veis, operando em ambientes severos, com alta demanda mec\u00e2nica, t\u00e9rmica e tribol\u00f3gica.<\/p>\t\t\t\t\t\t\t\t<\/div>\n\t\t\t\t<\/div>\n\t\t\t\t<div class=\"elementor-element elementor-element-26a2a8a elementor-widget__width-initial elementor-widget-tablet__width-inherit animated-slow elementor-invisible elementor-widget elementor-widget-image\" data-id=\"26a2a8a\" data-element_type=\"widget\" data-settings=\"{&quot;_animation&quot;:&quot;fadeIn&quot;}\" data-widget_type=\"image.default\">\n\t\t\t\t\t\t\t\t\t\t\t\t\t\t\t<img decoding=\"async\" width=\"800\" height=\"436\" src=\"https:\/\/hef.com.br\/sitehef\/wp-content\/uploads\/2025\/12\/AdobeStock_1782072525-1024x558.jpeg\" class=\"attachment-large size-large wp-image-14538\" alt=\"\" srcset=\"https:\/\/hef.com.br\/sitehef\/wp-content\/uploads\/2025\/12\/AdobeStock_1782072525-1024x558.jpeg 1024w, https:\/\/hef.com.br\/sitehef\/wp-content\/uploads\/2025\/12\/AdobeStock_1782072525-300x164.jpeg 300w, https:\/\/hef.com.br\/sitehef\/wp-content\/uploads\/2025\/12\/AdobeStock_1782072525-768x419.jpeg 768w, https:\/\/hef.com.br\/sitehef\/wp-content\/uploads\/2025\/12\/AdobeStock_1782072525-1536x838.jpeg 1536w, https:\/\/hef.com.br\/sitehef\/wp-content\/uploads\/2025\/12\/AdobeStock_1782072525.jpeg 1920w\" sizes=\"(max-width: 800px) 100vw, 800px\" \/>\t\t\t\t\t\t\t\t\t\t\t\t\t\t\t<\/div>\n\t\t\t\t\t<\/div>\n\t\t\t\t<\/div>\n\t\t<div class=\"elementor-element elementor-element-83388e7 e-flex e-con-boxed e-con e-child\" data-id=\"83388e7\" data-element_type=\"container\" data-settings=\"{&quot;background_background&quot;:&quot;classic&quot;}\">\n\t\t\t\t\t<div class=\"e-con-inner\">\n\t\t\t\t<div class=\"elementor-element elementor-element-5822b87 elementor-widget__width-initial elementor-widget-tablet__width-inherit animated-slow elementor-invisible elementor-widget elementor-widget-image\" data-id=\"5822b87\" data-element_type=\"widget\" data-settings=\"{&quot;_animation&quot;:&quot;fadeIn&quot;}\" data-widget_type=\"image.default\">\n\t\t\t\t\t\t\t\t\t\t\t\t\t\t\t<img decoding=\"async\" width=\"800\" height=\"599\" src=\"https:\/\/hef.com.br\/sitehef\/wp-content\/uploads\/2025\/12\/AdobeStock_1525971375-1024x767.jpeg\" class=\"attachment-large size-large wp-image-14551\" alt=\"\" srcset=\"https:\/\/hef.com.br\/sitehef\/wp-content\/uploads\/2025\/12\/AdobeStock_1525971375-1024x767.jpeg 1024w, https:\/\/hef.com.br\/sitehef\/wp-content\/uploads\/2025\/12\/AdobeStock_1525971375-300x225.jpeg 300w, https:\/\/hef.com.br\/sitehef\/wp-content\/uploads\/2025\/12\/AdobeStock_1525971375-768x575.jpeg 768w, https:\/\/hef.com.br\/sitehef\/wp-content\/uploads\/2025\/12\/AdobeStock_1525971375-1536x1150.jpeg 1536w, https:\/\/hef.com.br\/sitehef\/wp-content\/uploads\/2025\/12\/AdobeStock_1525971375.jpeg 1920w\" sizes=\"(max-width: 800px) 100vw, 800px\" \/>\t\t\t\t\t\t\t\t\t\t\t\t\t\t\t<\/div>\n\t\t<div class=\"elementor-element elementor-element-2102c28 e-con-full e-flex e-con e-child\" data-id=\"2102c28\" data-element_type=\"container\">\n\t\t\t\t<div class=\"elementor-element elementor-element-a894868 animated-slow elementor-invisible elementor-widget elementor-widget-text-editor\" data-id=\"a894868\" data-element_type=\"widget\" data-settings=\"{&quot;_animation&quot;:&quot;fadeIn&quot;}\" data-widget_type=\"text-editor.default\">\n\t\t\t\t\t\t\t\t\t<p>O setor e\u00f3lico permanece como um dos pilares da transi\u00e7\u00e3o energ\u00e9tica. O pa\u00eds possui alguns dos melhores regimes de vento do mundo, permitindo turbinas maiores, mais eficientes e parques h\u00edbridos com solar. Com o avan\u00e7o de data centers, ind\u00fastrias eletrointensivas e projetos associados ao hidrog\u00eanio verde, a demanda do setor tende a crescer exponencialmente.\u00a0 Alinhada \u00e0 alta demanda energ\u00e9tica, as condi\u00e7\u00f5es de opera\u00e7\u00e3o de componentes cr\u00edticos &#8211; como eixos, engrenagens, sistemas de pitch\/yaw, rolamentos e elementos de transmiss\u00e3o &#8211; se mostram cada vez mais severas, consequentemente, resist\u00eancia \u00e0 fadiga, \u00e0 corros\u00e3o e ao desgaste se tornam essenciais para a opera\u00e7\u00e3o.<\/p><p>\u00a0<\/p><p>J\u00e1 o setor de energia solar \u00e9 o que mais rapidamente cresce no pa\u00eds, tanto em usinas quanto em gera\u00e7\u00e3o distribu\u00edda. A queda cont\u00ednua no custo dos m\u00f3dulos e a expans\u00e3o de sistemas de armazenamento impulsionam sua competitividade. Estruturas e sistemas de rastreamento (trackers), eixos, articula\u00e7\u00f5es e atuadores operam submetidos a desgaste, atrito, exposi\u00e7\u00e3o ambiental extrema e movimentos repetitivos \u2014 demandando tratamentos que reduzam atrito, aumentem durabilidade e previnam falhas.<\/p>\t\t\t\t\t\t\t\t<\/div>\n\t\t\t\t<\/div>\n\t\t\t\t\t<\/div>\n\t\t\t\t<\/div>\n\t\t<div class=\"elementor-element elementor-element-9ba81a8 e-flex e-con-boxed e-con e-child\" data-id=\"9ba81a8\" data-element_type=\"container\">\n\t\t\t\t\t<div class=\"e-con-inner\">\n\t\t<div class=\"elementor-element elementor-element-9e24a04 e-con-full e-flex e-con e-child\" data-id=\"9e24a04\" data-element_type=\"container\">\n\t\t\t\t<div class=\"elementor-element elementor-element-e42eac2 elementor-widget elementor-widget-spacer\" data-id=\"e42eac2\" data-element_type=\"widget\" data-widget_type=\"spacer.default\">\n\t\t\t\t\t\t\t<div class=\"elementor-spacer\">\n\t\t\t<div class=\"elementor-spacer-inner\"><\/div>\n\t\t<\/div>\n\t\t\t\t\t\t<\/div>\n\t\t\t\t<div class=\"elementor-element elementor-element-04c89eb animated-slow elementor-invisible elementor-widget elementor-widget-text-editor\" data-id=\"04c89eb\" data-element_type=\"widget\" data-settings=\"{&quot;_animation&quot;:&quot;fadeIn&quot;}\" data-widget_type=\"text-editor.default\">\n\t\t\t\t\t\t\t\t\t<p>N\u00e3o menos importante, est\u00e1 o setor de hidrog\u00eanio verde, no qual o Brasil surge como candidato natural a hub global de produ\u00e7\u00e3o e exporta\u00e7\u00e3o de hidrog\u00eanio verde, aproveitando sua matriz j\u00e1 renov\u00e1vel. Bombas, v\u00e1lvulas, compressores, equipamentos de eletr\u00f3lise e sistemas de alta press\u00e3o trabalham sob condi\u00e7\u00f5es severas, incluindo contato com hidrog\u00eanio, corros\u00e3o, cavita\u00e7\u00e3o, desgaste adesivo e solicita\u00e7\u00f5es t\u00e9rmicas \u2014 cen\u00e1rio ideal para solu\u00e7\u00f5es de engenharia de superf\u00edcie avan\u00e7adas.<\/p>\t\t\t\t\t\t\t\t<\/div>\n\t\t\t\t<\/div>\n\t\t\t\t<div class=\"elementor-element elementor-element-da36e0f elementor-widget__width-initial elementor-widget-tablet__width-inherit animated-slow elementor-invisible elementor-widget elementor-widget-image\" data-id=\"da36e0f\" data-element_type=\"widget\" data-settings=\"{&quot;_animation&quot;:&quot;fadeIn&quot;}\" data-widget_type=\"image.default\">\n\t\t\t\t\t\t\t\t\t\t\t\t\t\t\t<img loading=\"lazy\" decoding=\"async\" width=\"800\" height=\"450\" src=\"https:\/\/hef.com.br\/sitehef\/wp-content\/uploads\/2025\/12\/AdobeStock_1596630009-1024x576.jpeg\" class=\"attachment-large size-large wp-image-14559\" alt=\"\" srcset=\"https:\/\/hef.com.br\/sitehef\/wp-content\/uploads\/2025\/12\/AdobeStock_1596630009-1024x576.jpeg 1024w, https:\/\/hef.com.br\/sitehef\/wp-content\/uploads\/2025\/12\/AdobeStock_1596630009-300x169.jpeg 300w, https:\/\/hef.com.br\/sitehef\/wp-content\/uploads\/2025\/12\/AdobeStock_1596630009-768x432.jpeg 768w, https:\/\/hef.com.br\/sitehef\/wp-content\/uploads\/2025\/12\/AdobeStock_1596630009-1536x864.jpeg 1536w, https:\/\/hef.com.br\/sitehef\/wp-content\/uploads\/2025\/12\/AdobeStock_1596630009.jpeg 1920w\" sizes=\"(max-width: 800px) 100vw, 800px\" \/>\t\t\t\t\t\t\t\t\t\t\t\t\t\t\t<\/div>\n\t\t\t\t\t<\/div>\n\t\t\t\t<\/div>\n\t\t<div class=\"elementor-element elementor-element-bf3abaa e-flex e-con-boxed e-con e-child\" data-id=\"bf3abaa\" data-element_type=\"container\" data-settings=\"{&quot;background_background&quot;:&quot;classic&quot;}\">\n\t\t\t\t\t<div class=\"e-con-inner\">\n\t\t\t\t<div class=\"elementor-element elementor-element-8e6a723 elementor-widget__width-initial elementor-widget-tablet__width-inherit animated-slow elementor-invisible elementor-widget elementor-widget-image\" data-id=\"8e6a723\" data-element_type=\"widget\" data-settings=\"{&quot;_animation&quot;:&quot;fadeIn&quot;}\" data-widget_type=\"image.default\">\n\t\t\t\t\t\t\t\t\t\t\t\t\t\t\t<img loading=\"lazy\" decoding=\"async\" width=\"800\" height=\"480\" src=\"https:\/\/hef.com.br\/sitehef\/wp-content\/uploads\/2025\/11\/AdobeStock_338340164-1-1024x614.jpeg\" class=\"attachment-large size-large wp-image-14267\" alt=\"\" srcset=\"https:\/\/hef.com.br\/sitehef\/wp-content\/uploads\/2025\/11\/AdobeStock_338340164-1-1024x614.jpeg 1024w, https:\/\/hef.com.br\/sitehef\/wp-content\/uploads\/2025\/11\/AdobeStock_338340164-1-300x180.jpeg 300w, https:\/\/hef.com.br\/sitehef\/wp-content\/uploads\/2025\/11\/AdobeStock_338340164-1-768x460.jpeg 768w, https:\/\/hef.com.br\/sitehef\/wp-content\/uploads\/2025\/11\/AdobeStock_338340164-1-1536x921.jpeg 1536w, https:\/\/hef.com.br\/sitehef\/wp-content\/uploads\/2025\/11\/AdobeStock_338340164-1.jpeg 1920w\" sizes=\"(max-width: 800px) 100vw, 800px\" \/>\t\t\t\t\t\t\t\t\t\t\t\t\t\t\t<\/div>\n\t\t<div class=\"elementor-element elementor-element-48cadaf e-con-full e-flex e-con e-child\" data-id=\"48cadaf\" data-element_type=\"container\">\n\t\t\t\t<div class=\"elementor-element elementor-element-9230c6a animated-slow elementor-invisible elementor-widget elementor-widget-text-editor\" data-id=\"9230c6a\" data-element_type=\"widget\" data-settings=\"{&quot;_animation&quot;:&quot;fadeIn&quot;}\" data-widget_type=\"text-editor.default\">\n\t\t\t\t\t\t\t\t\t<p>A HEF apoia o desenvolvimento do mercado de energia sustent\u00e1vel por meio de tecnologias que elevam a confiabilidade e a durabilidade de componentes cr\u00edticos:<\/p><p>\u00a0<\/p><p><strong>Nitrocarboneta\u00e7\u00e3o CLIN\u2122<\/strong> (ARCOR\u00ae, SURSULF\u00ae, TENIFER\u00ae, QPQ) \u2014 melhora resist\u00eancia ao desgaste, fadiga, corros\u00e3o (400h NSST), e \u00e9 compat\u00edvel com as normas da REACH.\u00a0 Dentre os componentes tratados, destacam-se: componentes do sistema de frenagem e movimenta\u00e7\u00e3o de turbina e\u00f3lica, hastes de estabilizador solar.<\/p><p>\u00a0<\/p><p><strong>Revestimentos por PVD\/PACVD \u2013 CERTESS\u00ae<\/strong> \u2014 camadas de alto desempenho compostas por diferentes materiais (Cr, CrN, WC, WCC) combinadas com uma camada superior de carbono amorfo hidrogenado (a-C:H), com dureza de at\u00e9 3000 HV, com excelentes propriedades de fric\u00e7\u00e3o (baixo atrito), com excelente precis\u00e3o dimensional (poucos micra de espessura) e com \u00f3timo desempenho em ambientes n\u00e3o lubrificados. Dentre os componentes tratados, destacam-se: componentes de rolamento e\u00f3lico.<\/p><p>\u00a0<\/p><p>Com know-how em tribologia e engenharia de superf\u00edcie de mais de 70 anos, a HEF se coloca como parceira estrat\u00e9gica da transi\u00e7\u00e3o energ\u00e9tica, agregando tecnologia e confiabilidade aos sistemas que sustentam o futuro da energia limpa no Brasil.<\/p>\t\t\t\t\t\t\t\t<\/div>\n\t\t\t\t<div class=\"elementor-element elementor-element-7394cf8 elementor-mobile-align-center elementor-widget elementor-widget-button\" data-id=\"7394cf8\" data-element_type=\"widget\" data-widget_type=\"button.default\">\n\t\t\t\t\t\t\t\t\t\t<a class=\"elementor-button elementor-button-link elementor-size-sm\" href=\"https:\/\/hef.com.br\/sitehef\/faleconosco\/\">\n\t\t\t\t\t\t<span class=\"elementor-button-content-wrapper\">\n\t\t\t\t\t\t\t\t\t<span class=\"elementor-button-text\">Entre em contato conosco<\/span>\n\t\t\t\t\t<\/span>\n\t\t\t\t\t<\/a>\n\t\t\t\t\t\t\t\t<\/div>\n\t\t\t\t<\/div>\n\t\t\t\t\t<\/div>\n\t\t\t\t<\/div>\n\t\t\t\t<\/div>\n\t\t\t\t<\/div>\n\t\t","protected":false},"excerpt":{"rendered":"<p>Sobre o setor de energia renov\u00e1vel O Brasil consolida-se como uma pot\u00eancia em energia limpa, com mais de 80% da sua matriz el\u00e9trica j\u00e1 renov\u00e1vel e proje\u00e7\u00f5es de crescimento acelerado. O mercado de renov\u00e1veis pode movimentar mais de US$ 60 bilh\u00f5es at\u00e9 2033, impulsionado pelo aumento de share do mercado livre de energia, a abund\u00e2ncia [&hellip;]<\/p>\n","protected":false},"author":1,"featured_media":0,"parent":0,"menu_order":0,"comment_status":"closed","ping_status":"closed","template":"","meta":{"_acf_changed":false,"footnotes":""},"class_list":["post-13954","page","type-page","status-publish","hentry"],"acf":[],"yoast_head":"<!-- This site is optimized with the Yoast SEO plugin v25.5 - https:\/\/yoast.com\/wordpress\/plugins\/seo\/ -->\n<title>Energia renov\u00e1vel - HEF<\/title>\n<meta name=\"robots\" content=\"index, follow, max-snippet:-1, max-image-preview:large, max-video-preview:-1\" \/>\n<link rel=\"canonical\" href=\"https:\/\/hef.com.br\/sitehef\/energia-renovavel\/\" \/>\n<meta property=\"og:locale\" content=\"pt_BR\" \/>\n<meta property=\"og:type\" content=\"article\" \/>\n<meta property=\"og:title\" content=\"Energia renov\u00e1vel - HEF\" \/>\n<meta property=\"og:description\" content=\"Sobre o setor de energia renov\u00e1vel O Brasil consolida-se como uma pot\u00eancia em energia limpa, com mais de 80% da sua matriz el\u00e9trica j\u00e1 renov\u00e1vel e proje\u00e7\u00f5es de crescimento acelerado. O mercado de renov\u00e1veis pode movimentar mais de US$ 60 bilh\u00f5es at\u00e9 2033, impulsionado pelo aumento de share do mercado livre de energia, a abund\u00e2ncia [&hellip;]\" \/>\n<meta property=\"og:url\" content=\"https:\/\/hef.com.br\/sitehef\/energia-renovavel\/\" \/>\n<meta property=\"og:site_name\" content=\"HEF\" \/>\n<meta property=\"article:modified_time\" content=\"2025-12-17T20:46:24+00:00\" \/>\n<meta property=\"og:image\" content=\"https:\/\/hef.com.br\/sitehef\/wp-content\/uploads\/2025\/12\/AdobeStock_1760457759.jpeg\" \/>\n\t<meta property=\"og:image:width\" content=\"1920\" \/>\n\t<meta property=\"og:image:height\" content=\"1047\" \/>\n\t<meta property=\"og:image:type\" content=\"image\/jpeg\" \/>\n<meta name=\"twitter:card\" content=\"summary_large_image\" \/>\n<meta name=\"twitter:label1\" content=\"Est. tempo de leitura\" \/>\n\t<meta name=\"twitter:data1\" content=\"3 minutos\" \/>\n<script type=\"application\/ld+json\" class=\"yoast-schema-graph\">{\"@context\":\"https:\/\/schema.org\",\"@graph\":[{\"@type\":\"WebPage\",\"@id\":\"https:\/\/hef.com.br\/sitehef\/energia-renovavel\/\",\"url\":\"https:\/\/hef.com.br\/sitehef\/energia-renovavel\/\",\"name\":\"Energia renov\u00e1vel - HEF\",\"isPartOf\":{\"@id\":\"https:\/\/hef.com.br\/sitehef\/#website\"},\"primaryImageOfPage\":{\"@id\":\"https:\/\/hef.com.br\/sitehef\/energia-renovavel\/#primaryimage\"},\"image\":{\"@id\":\"https:\/\/hef.com.br\/sitehef\/energia-renovavel\/#primaryimage\"},\"thumbnailUrl\":\"https:\/\/hef.com.br\/sitehef\/wp-content\/uploads\/2025\/12\/AdobeStock_1760457759-1024x558.jpeg\",\"datePublished\":\"2025-10-15T21:19:15+00:00\",\"dateModified\":\"2025-12-17T20:46:24+00:00\",\"breadcrumb\":{\"@id\":\"https:\/\/hef.com.br\/sitehef\/energia-renovavel\/#breadcrumb\"},\"inLanguage\":\"pt-BR\",\"potentialAction\":[{\"@type\":\"ReadAction\",\"target\":[\"https:\/\/hef.com.br\/sitehef\/energia-renovavel\/\"]}]},{\"@type\":\"ImageObject\",\"inLanguage\":\"pt-BR\",\"@id\":\"https:\/\/hef.com.br\/sitehef\/energia-renovavel\/#primaryimage\",\"url\":\"https:\/\/hef.com.br\/sitehef\/wp-content\/uploads\/2025\/12\/AdobeStock_1760457759.jpeg\",\"contentUrl\":\"https:\/\/hef.com.br\/sitehef\/wp-content\/uploads\/2025\/12\/AdobeStock_1760457759.jpeg\",\"width\":1920,\"height\":1047,\"caption\":\"A wide shot shows a field of green crops with several wind turbines on the horizon. The sky is a vibrant blue with scattered white clouds, and the sun is shining brightly.\"},{\"@type\":\"BreadcrumbList\",\"@id\":\"https:\/\/hef.com.br\/sitehef\/energia-renovavel\/#breadcrumb\",\"itemListElement\":[{\"@type\":\"ListItem\",\"position\":1,\"name\":\"Home\",\"item\":\"https:\/\/hef.com.br\/sitehef\/\"},{\"@type\":\"ListItem\",\"position\":2,\"name\":\"Energia renov\u00e1vel\"}]},{\"@type\":\"WebSite\",\"@id\":\"https:\/\/hef.com.br\/sitehef\/#website\",\"url\":\"https:\/\/hef.com.br\/sitehef\/\",\"name\":\"HEF Groupe\",\"description\":\"Leader Mondial en ing\u00e9n\u00e9rie des mat\u00e9riaux de surfaces\",\"publisher\":{\"@id\":\"https:\/\/hef.com.br\/sitehef\/#organization\"},\"potentialAction\":[{\"@type\":\"SearchAction\",\"target\":{\"@type\":\"EntryPoint\",\"urlTemplate\":\"https:\/\/hef.com.br\/sitehef\/?s={search_term_string}\"},\"query-input\":{\"@type\":\"PropertyValueSpecification\",\"valueRequired\":true,\"valueName\":\"search_term_string\"}}],\"inLanguage\":\"pt-BR\"},{\"@type\":\"Organization\",\"@id\":\"https:\/\/hef.com.br\/sitehef\/#organization\",\"name\":\"HEF Groupe\",\"url\":\"https:\/\/hef.com.br\/sitehef\/\",\"logo\":{\"@type\":\"ImageObject\",\"inLanguage\":\"pt-BR\",\"@id\":\"https:\/\/hef.com.br\/sitehef\/#\/schema\/logo\/image\/\",\"url\":\"https:\/\/hef.com.br\/sitehef\/wp-content\/uploads\/2025\/12\/cropped-HEF_GROUPE_BRASIL_FINAL-01.png\",\"contentUrl\":\"https:\/\/hef.com.br\/sitehef\/wp-content\/uploads\/2025\/12\/cropped-HEF_GROUPE_BRASIL_FINAL-01.png\",\"width\":708,\"height\":304,\"caption\":\"HEF Groupe\"},\"image\":{\"@id\":\"https:\/\/hef.com.br\/sitehef\/#\/schema\/logo\/image\/\"}}]}<\/script>\n<!-- \/ Yoast SEO plugin. -->","yoast_head_json":{"title":"Energia renov\u00e1vel - HEF","robots":{"index":"index","follow":"follow","max-snippet":"max-snippet:-1","max-image-preview":"max-image-preview:large","max-video-preview":"max-video-preview:-1"},"canonical":"https:\/\/hef.com.br\/sitehef\/energia-renovavel\/","og_locale":"pt_BR","og_type":"article","og_title":"Energia renov\u00e1vel - HEF","og_description":"Sobre o setor de energia renov\u00e1vel O Brasil consolida-se como uma pot\u00eancia em energia limpa, com mais de 80% da sua matriz el\u00e9trica j\u00e1 renov\u00e1vel e proje\u00e7\u00f5es de crescimento acelerado. O mercado de renov\u00e1veis pode movimentar mais de US$ 60 bilh\u00f5es at\u00e9 2033, impulsionado pelo aumento de share do mercado livre de energia, a abund\u00e2ncia [&hellip;]","og_url":"https:\/\/hef.com.br\/sitehef\/energia-renovavel\/","og_site_name":"HEF","article_modified_time":"2025-12-17T20:46:24+00:00","og_image":[{"width":1920,"height":1047,"url":"https:\/\/hef.com.br\/sitehef\/wp-content\/uploads\/2025\/12\/AdobeStock_1760457759.jpeg","type":"image\/jpeg"}],"twitter_card":"summary_large_image","twitter_misc":{"Est. tempo de leitura":"3 minutos"},"schema":{"@context":"https:\/\/schema.org","@graph":[{"@type":"WebPage","@id":"https:\/\/hef.com.br\/sitehef\/energia-renovavel\/","url":"https:\/\/hef.com.br\/sitehef\/energia-renovavel\/","name":"Energia renov\u00e1vel - HEF","isPartOf":{"@id":"https:\/\/hef.com.br\/sitehef\/#website"},"primaryImageOfPage":{"@id":"https:\/\/hef.com.br\/sitehef\/energia-renovavel\/#primaryimage"},"image":{"@id":"https:\/\/hef.com.br\/sitehef\/energia-renovavel\/#primaryimage"},"thumbnailUrl":"https:\/\/hef.com.br\/sitehef\/wp-content\/uploads\/2025\/12\/AdobeStock_1760457759-1024x558.jpeg","datePublished":"2025-10-15T21:19:15+00:00","dateModified":"2025-12-17T20:46:24+00:00","breadcrumb":{"@id":"https:\/\/hef.com.br\/sitehef\/energia-renovavel\/#breadcrumb"},"inLanguage":"pt-BR","potentialAction":[{"@type":"ReadAction","target":["https:\/\/hef.com.br\/sitehef\/energia-renovavel\/"]}]},{"@type":"ImageObject","inLanguage":"pt-BR","@id":"https:\/\/hef.com.br\/sitehef\/energia-renovavel\/#primaryimage","url":"https:\/\/hef.com.br\/sitehef\/wp-content\/uploads\/2025\/12\/AdobeStock_1760457759.jpeg","contentUrl":"https:\/\/hef.com.br\/sitehef\/wp-content\/uploads\/2025\/12\/AdobeStock_1760457759.jpeg","width":1920,"height":1047,"caption":"A wide shot shows a field of green crops with several wind turbines on the horizon. The sky is a vibrant blue with scattered white clouds, and the sun is shining brightly."},{"@type":"BreadcrumbList","@id":"https:\/\/hef.com.br\/sitehef\/energia-renovavel\/#breadcrumb","itemListElement":[{"@type":"ListItem","position":1,"name":"Home","item":"https:\/\/hef.com.br\/sitehef\/"},{"@type":"ListItem","position":2,"name":"Energia renov\u00e1vel"}]},{"@type":"WebSite","@id":"https:\/\/hef.com.br\/sitehef\/#website","url":"https:\/\/hef.com.br\/sitehef\/","name":"HEF Groupe","description":"Leader Mondial en ing\u00e9n\u00e9rie des mat\u00e9riaux de surfaces","publisher":{"@id":"https:\/\/hef.com.br\/sitehef\/#organization"},"potentialAction":[{"@type":"SearchAction","target":{"@type":"EntryPoint","urlTemplate":"https:\/\/hef.com.br\/sitehef\/?s={search_term_string}"},"query-input":{"@type":"PropertyValueSpecification","valueRequired":true,"valueName":"search_term_string"}}],"inLanguage":"pt-BR"},{"@type":"Organization","@id":"https:\/\/hef.com.br\/sitehef\/#organization","name":"HEF Groupe","url":"https:\/\/hef.com.br\/sitehef\/","logo":{"@type":"ImageObject","inLanguage":"pt-BR","@id":"https:\/\/hef.com.br\/sitehef\/#\/schema\/logo\/image\/","url":"https:\/\/hef.com.br\/sitehef\/wp-content\/uploads\/2025\/12\/cropped-HEF_GROUPE_BRASIL_FINAL-01.png","contentUrl":"https:\/\/hef.com.br\/sitehef\/wp-content\/uploads\/2025\/12\/cropped-HEF_GROUPE_BRASIL_FINAL-01.png","width":708,"height":304,"caption":"HEF Groupe"},"image":{"@id":"https:\/\/hef.com.br\/sitehef\/#\/schema\/logo\/image\/"}}]}},"_links":{"self":[{"href":"https:\/\/hef.com.br\/sitehef\/wp-json\/wp\/v2\/pages\/13954","targetHints":{"allow":["GET"]}}],"collection":[{"href":"https:\/\/hef.com.br\/sitehef\/wp-json\/wp\/v2\/pages"}],"about":[{"href":"https:\/\/hef.com.br\/sitehef\/wp-json\/wp\/v2\/types\/page"}],"author":[{"embeddable":true,"href":"https:\/\/hef.com.br\/sitehef\/wp-json\/wp\/v2\/users\/1"}],"replies":[{"embeddable":true,"href":"https:\/\/hef.com.br\/sitehef\/wp-json\/wp\/v2\/comments?post=13954"}],"version-history":[{"count":22,"href":"https:\/\/hef.com.br\/sitehef\/wp-json\/wp\/v2\/pages\/13954\/revisions"}],"predecessor-version":[{"id":15824,"href":"https:\/\/hef.com.br\/sitehef\/wp-json\/wp\/v2\/pages\/13954\/revisions\/15824"}],"wp:attachment":[{"href":"https:\/\/hef.com.br\/sitehef\/wp-json\/wp\/v2\/media?parent=13954"}],"curies":[{"name":"wp","href":"https:\/\/api.w.org\/{rel}","templated":true}]}}