{"id":13960,"date":"2025-10-15T23:20:29","date_gmt":"2025-10-15T21:20:29","guid":{"rendered":"https:\/\/hef.com.br\/sitehef\/ts-mogi-guacu-2\/"},"modified":"2025-12-17T21:49:47","modified_gmt":"2025-12-17T20:49:47","slug":"oleo-e-gas","status":"publish","type":"page","link":"https:\/\/hef.com.br\/sitehef\/oleo-e-gas\/","title":{"rendered":"\u00d3leo e g\u00e1s"},"content":{"rendered":"\t\t<div data-elementor-type=\"wp-page\" data-elementor-id=\"13960\" class=\"elementor elementor-13960\" data-elementor-post-type=\"page\">\n\t\t\t\t<div class=\"elementor-element elementor-element-7931e33 e-con-full e-flex e-con e-parent\" data-id=\"7931e33\" data-element_type=\"container\" data-settings=\"{&quot;background_background&quot;:&quot;gradient&quot;}\">\n\t\t<div class=\"elementor-element elementor-element-45e8298 e-flex e-con-boxed e-con e-child\" data-id=\"45e8298\" data-element_type=\"container\">\n\t\t\t\t\t<div class=\"e-con-inner\">\n\t\t\t\t<div class=\"elementor-element elementor-element-6e699a6 elementor-align-left elementor-hidden-tablet elementor-hidden-mobile elementor-widget elementor-widget-breadcrumbs\" data-id=\"6e699a6\" data-element_type=\"widget\" data-widget_type=\"breadcrumbs.default\">\n\t\t\t\t\t<p id=\"breadcrumbs\"><span><span><a href=\"https:\/\/hef.com.br\/sitehef\/\">Home<\/a><\/span><\/span><\/p>\t\t\t\t<\/div>\n\t\t\t\t<div class=\"elementor-element elementor-element-f7cf4e4 elementor-widget elementor-widget-spacer\" data-id=\"f7cf4e4\" data-element_type=\"widget\" data-widget_type=\"spacer.default\">\n\t\t\t\t\t\t\t<div class=\"elementor-spacer\">\n\t\t\t<div class=\"elementor-spacer-inner\"><\/div>\n\t\t<\/div>\n\t\t\t\t\t\t<\/div>\n\t\t\t\t<div class=\"elementor-element elementor-element-35502f5 elementor-widget__width-initial animated-slow elementor-invisible elementor-widget elementor-widget-heading\" data-id=\"35502f5\" data-element_type=\"widget\" data-settings=\"{&quot;_animation&quot;:&quot;fadeIn&quot;}\" data-widget_type=\"heading.default\">\n\t\t\t\t\t<h1 class=\"elementor-heading-title elementor-size-default\">\u00d3leo e g\u00e1s<\/h1>\t\t\t\t<\/div>\n\t\t\t\t\t<\/div>\n\t\t\t\t<\/div>\n\t\t\t\t<div class=\"elementor-element elementor-element-2bdcf6e elementor-widget__width-inherit elementor-widget-tablet__width-initial elementor-widget elementor-widget-image\" data-id=\"2bdcf6e\" data-element_type=\"widget\" data-widget_type=\"image.default\">\n\t\t\t\t\t\t\t\t\t\t\t\t\t\t\t<img fetchpriority=\"high\" decoding=\"async\" width=\"800\" height=\"448\" src=\"https:\/\/hef.com.br\/sitehef\/wp-content\/uploads\/2025\/12\/AdobeStock_611255567-1024x574.jpeg\" class=\"attachment-large size-large wp-image-14631\" alt=\"\" srcset=\"https:\/\/hef.com.br\/sitehef\/wp-content\/uploads\/2025\/12\/AdobeStock_611255567-1024x574.jpeg 1024w, https:\/\/hef.com.br\/sitehef\/wp-content\/uploads\/2025\/12\/AdobeStock_611255567-300x168.jpeg 300w, https:\/\/hef.com.br\/sitehef\/wp-content\/uploads\/2025\/12\/AdobeStock_611255567-768x430.jpeg 768w, https:\/\/hef.com.br\/sitehef\/wp-content\/uploads\/2025\/12\/AdobeStock_611255567-1536x861.jpeg 1536w, https:\/\/hef.com.br\/sitehef\/wp-content\/uploads\/2025\/12\/AdobeStock_611255567.jpeg 1920w\" sizes=\"(max-width: 800px) 100vw, 800px\" \/>\t\t\t\t\t\t\t\t\t\t\t\t\t\t\t<\/div>\n\t\t\t\t<\/div>\n\t\t<div class=\"elementor-element elementor-element-f11ae73 e-con-full e-flex e-con e-parent\" data-id=\"f11ae73\" data-element_type=\"container\" data-settings=\"{&quot;background_background&quot;:&quot;classic&quot;}\">\n\t\t<div class=\"elementor-element elementor-element-eb67523 e-flex e-con-boxed e-con e-child\" data-id=\"eb67523\" data-element_type=\"container\">\n\t\t\t\t\t<div class=\"e-con-inner\">\n\t\t<div class=\"elementor-element elementor-element-0554375 e-con-full e-flex e-con e-child\" data-id=\"0554375\" data-element_type=\"container\">\n\t\t\t\t<div class=\"elementor-element elementor-element-1cc6346 animated-slow elementor-invisible elementor-widget elementor-widget-heading\" data-id=\"1cc6346\" data-element_type=\"widget\" data-settings=\"{&quot;_animation&quot;:&quot;fadeIn&quot;}\" data-widget_type=\"heading.default\">\n\t\t\t\t\t<h2 class=\"elementor-heading-title elementor-size-default\">O setor de \u00f3leo e g\u00e1s<\/h2>\t\t\t\t<\/div>\n\t\t\t\t<div class=\"elementor-element elementor-element-c301bb3 elementor-widget elementor-widget-spacer\" data-id=\"c301bb3\" data-element_type=\"widget\" data-widget_type=\"spacer.default\">\n\t\t\t\t\t\t\t<div class=\"elementor-spacer\">\n\t\t\t<div class=\"elementor-spacer-inner\"><\/div>\n\t\t<\/div>\n\t\t\t\t\t\t<\/div>\n\t\t\t\t<div class=\"elementor-element elementor-element-959618d animated-slow elementor-invisible elementor-widget elementor-widget-text-editor\" data-id=\"959618d\" data-element_type=\"widget\" data-settings=\"{&quot;_animation&quot;:&quot;fadeIn&quot;}\" data-widget_type=\"text-editor.default\">\n\t\t\t\t\t\t\t\t\t<p>A ind\u00fastria de \u00f3leo e g\u00e1s ocupa posi\u00e7\u00e3o estrat\u00e9gica na matriz energ\u00e9tica e no desenvolvimento econ\u00f4mico nacional. Opera\u00e7\u00f5es em plataformas offshore, unidades de refino, sistemas submarinos e infraestrutura terrestre exigem equipamentos e componentes com alt\u00edssima confiabilidade \u2014 capazes de operar sob altas press\u00f5es e temperaturas, resistir \u00e0 a\u00e7\u00e3o de gases agressivos (como H\u2082S e CO\u2082), suportar abras\u00e3o e corros\u00e3o, mantendo seu desempenho constante mesmo em ciclos longos de uso ou longos per\u00edodos de inatividade.<\/p>\t\t\t\t\t\t\t\t<\/div>\n\t\t\t\t<\/div>\n\t\t\t\t<div class=\"elementor-element elementor-element-26a2a8a elementor-widget__width-initial elementor-widget-tablet__width-inherit animated-slow elementor-invisible elementor-widget elementor-widget-image\" data-id=\"26a2a8a\" data-element_type=\"widget\" data-settings=\"{&quot;_animation&quot;:&quot;fadeIn&quot;}\" data-widget_type=\"image.default\">\n\t\t\t\t\t\t\t\t\t\t\t\t\t\t\t<img decoding=\"async\" width=\"800\" height=\"449\" src=\"https:\/\/hef.com.br\/sitehef\/wp-content\/uploads\/2025\/12\/AdobeStock_306624047-1024x575.jpeg\" class=\"attachment-large size-large wp-image-14614\" alt=\"\" srcset=\"https:\/\/hef.com.br\/sitehef\/wp-content\/uploads\/2025\/12\/AdobeStock_306624047-1024x575.jpeg 1024w, https:\/\/hef.com.br\/sitehef\/wp-content\/uploads\/2025\/12\/AdobeStock_306624047-300x168.jpeg 300w, https:\/\/hef.com.br\/sitehef\/wp-content\/uploads\/2025\/12\/AdobeStock_306624047-768x431.jpeg 768w, https:\/\/hef.com.br\/sitehef\/wp-content\/uploads\/2025\/12\/AdobeStock_306624047-1536x862.jpeg 1536w, https:\/\/hef.com.br\/sitehef\/wp-content\/uploads\/2025\/12\/AdobeStock_306624047.jpeg 1920w\" sizes=\"(max-width: 800px) 100vw, 800px\" \/>\t\t\t\t\t\t\t\t\t\t\t\t\t\t\t<\/div>\n\t\t\t\t\t<\/div>\n\t\t\t\t<\/div>\n\t\t<div class=\"elementor-element elementor-element-83388e7 e-flex e-con-boxed e-con e-child\" data-id=\"83388e7\" data-element_type=\"container\" data-settings=\"{&quot;background_background&quot;:&quot;classic&quot;}\">\n\t\t\t\t\t<div class=\"e-con-inner\">\n\t\t\t\t<div class=\"elementor-element elementor-element-9e03c40 elementor-widget__width-initial animated-slow elementor-widget-mobile__width-initial elementor-invisible elementor-widget elementor-widget-video\" data-id=\"9e03c40\" data-element_type=\"widget\" data-settings=\"{&quot;video_type&quot;:&quot;hosted&quot;,&quot;_animation&quot;:&quot;fadeIn&quot;,&quot;controls&quot;:&quot;yes&quot;}\" data-widget_type=\"video.default\">\n\t\t\t\t\t\t\t<div class=\"e-hosted-video elementor-wrapper elementor-open-inline\">\n\t\t\t\t\t<video class=\"elementor-video\" src=\"https:\/\/hef.com.br\/sitehef\/wp-content\/uploads\/2025\/12\/AdobeStock_1523649602.mov\" controls=\"\" preload=\"metadata\" controlsList=\"nodownload\"><\/video>\n\t\t\t\t<\/div>\n\t\t\t\t\t\t<\/div>\n\t\t<div class=\"elementor-element elementor-element-2102c28 e-con-full e-flex e-con e-child\" data-id=\"2102c28\" data-element_type=\"container\">\n\t\t\t\t<div class=\"elementor-element elementor-element-9ce5040 animated-slow elementor-invisible elementor-widget elementor-widget-text-editor\" data-id=\"9ce5040\" data-element_type=\"widget\" data-settings=\"{&quot;_animation&quot;:&quot;fadeIn&quot;}\" data-widget_type=\"text-editor.default\">\n\t\t\t\t\t\t\t\t\t<p>Nesse cen\u00e1rio exigente, as solu\u00e7\u00f5es de engenharia de superf\u00edcie da HEF tornam-se diferenciais competitivos decisivos. As tecnologias de nitrocarboneta\u00e7\u00e3o CLIN\u2122 (ARCOR\u00ae, SURSULF\u00ae, TENIFER\u00ae e QPQ\u00ae); as de deposi\u00e7\u00e3o via PVD\/PACVD &#8211;\u00a0 CERTESS\u00ae CARBON (DLC); as de pinturas t\u00e9cnicas de engenharia (fluorpol\u00edmeros TEGLISS\u00ae, bissulfeto de molibd\u00eanio SDA\u00ae); e a de boreta\u00e7\u00e3o DURBORID\u00ae; garante aumento de resist\u00eancia ao desgaste, ao engripamento e \u00e0 corros\u00e3o, contribuindo para:\u00a0<\/p><p>\u00a0&#8211; Maior confiabilidade operacional e seguran\u00e7a estrutural em opera\u00e7\u00f5es cr\u00edticas de extra\u00e7\u00e3o de petr\u00f3leo<\/p><p>\u00a0&#8211; Vida \u00fatil prolongada dos equipamentos, mesmo sob ambientes corrosivos, abrasivos e sob press\u00e3o e calor<\/p><p>\u00a0&#8211; Redu\u00e7\u00e3o de falhas, paradas n\u00e3o programadas e custos de manuten\u00e7\u00e3o corretiva<\/p><p>\u00a0&#8211; Melhor desempenho em condi\u00e7\u00f5es severas de opera\u00e7\u00e3o<\/p>\t\t\t\t\t\t\t\t<\/div>\n\t\t\t\t<\/div>\n\t\t\t\t\t<\/div>\n\t\t\t\t<\/div>\n\t\t<div class=\"elementor-element elementor-element-9ba81a8 e-flex e-con-boxed e-con e-child\" data-id=\"9ba81a8\" data-element_type=\"container\">\n\t\t\t\t\t<div class=\"e-con-inner\">\n\t\t<div class=\"elementor-element elementor-element-9e24a04 e-con-full e-flex e-con e-child\" data-id=\"9e24a04\" data-element_type=\"container\">\n\t\t\t\t<div class=\"elementor-element elementor-element-ec473c0 elementor-widget elementor-widget-spacer\" data-id=\"ec473c0\" data-element_type=\"widget\" data-widget_type=\"spacer.default\">\n\t\t\t\t\t\t\t<div class=\"elementor-spacer\">\n\t\t\t<div class=\"elementor-spacer-inner\"><\/div>\n\t\t<\/div>\n\t\t\t\t\t\t<\/div>\n\t\t\t\t<div class=\"elementor-element elementor-element-2b664c9 animated-slow elementor-invisible elementor-widget elementor-widget-text-editor\" data-id=\"2b664c9\" data-element_type=\"widget\" data-settings=\"{&quot;_animation&quot;:&quot;fadeIn&quot;}\" data-widget_type=\"text-editor.default\">\n\t\t\t\t\t\t\t\t\t<p>Entre os diversos componentes que s\u00e3o beneficiados pelas tecnologias HEF, destacam-se: as v\u00e1lvulas de esfera (minimiza\u00e7\u00e3o de riscos de travamento e falhas de veda\u00e7\u00e3o), componentes de \u00e1rvores de natal &#8220;molhadas&#8221; (tubos, veda\u00e7\u00f5es, v\u00e1lvulas e cabe\u00e7as de po\u00e7o BOP), ferramentas de perfura\u00e7\u00e3o de po\u00e7os (martelos DTH).<\/p><p>\u00a0<\/p><p>Para saber mais sobre nossas tecnologias e componentes de<br \/>sucesso, entre em contato com nossa engenharia!<\/p>\t\t\t\t\t\t\t\t<\/div>\n\t\t\t\t<div class=\"elementor-element elementor-element-c163785 elementor-widget elementor-widget-spacer\" data-id=\"c163785\" data-element_type=\"widget\" data-widget_type=\"spacer.default\">\n\t\t\t\t\t\t\t<div class=\"elementor-spacer\">\n\t\t\t<div class=\"elementor-spacer-inner\"><\/div>\n\t\t<\/div>\n\t\t\t\t\t\t<\/div>\n\t\t\t\t<div class=\"elementor-element elementor-element-1b3d214 elementor-widget elementor-widget-button\" data-id=\"1b3d214\" data-element_type=\"widget\" data-widget_type=\"button.default\">\n\t\t\t\t\t\t\t\t\t\t<a class=\"elementor-button elementor-button-link elementor-size-sm\" href=\"https:\/\/hef.com.br\/sitehef\/faleconosco\/\">\n\t\t\t\t\t\t<span class=\"elementor-button-content-wrapper\">\n\t\t\t\t\t\t\t\t\t<span class=\"elementor-button-text\">Entre em contato conosco<\/span>\n\t\t\t\t\t<\/span>\n\t\t\t\t\t<\/a>\n\t\t\t\t\t\t\t\t<\/div>\n\t\t\t\t<\/div>\n\t\t\t\t<div class=\"elementor-element elementor-element-da36e0f elementor-widget__width-initial elementor-widget-tablet__width-inherit animated-slow elementor-invisible elementor-widget elementor-widget-image\" data-id=\"da36e0f\" data-element_type=\"widget\" data-settings=\"{&quot;_animation&quot;:&quot;fadeIn&quot;}\" data-widget_type=\"image.default\">\n\t\t\t\t\t\t\t\t\t\t\t\t\t\t\t<img decoding=\"async\" width=\"800\" height=\"389\" src=\"https:\/\/hef.com.br\/sitehef\/wp-content\/uploads\/2025\/12\/AdobeStock_335853410-1024x498.jpeg\" class=\"attachment-large size-large wp-image-14627\" alt=\"\" srcset=\"https:\/\/hef.com.br\/sitehef\/wp-content\/uploads\/2025\/12\/AdobeStock_335853410-1024x498.jpeg 1024w, https:\/\/hef.com.br\/sitehef\/wp-content\/uploads\/2025\/12\/AdobeStock_335853410-300x146.jpeg 300w, https:\/\/hef.com.br\/sitehef\/wp-content\/uploads\/2025\/12\/AdobeStock_335853410-768x374.jpeg 768w, https:\/\/hef.com.br\/sitehef\/wp-content\/uploads\/2025\/12\/AdobeStock_335853410-1536x747.jpeg 1536w, https:\/\/hef.com.br\/sitehef\/wp-content\/uploads\/2025\/12\/AdobeStock_335853410.jpeg 1920w\" sizes=\"(max-width: 800px) 100vw, 800px\" \/>\t\t\t\t\t\t\t\t\t\t\t\t\t\t\t<\/div>\n\t\t\t\t\t<\/div>\n\t\t\t\t<\/div>\n\t\t\t\t<\/div>\n\t\t<div class=\"elementor-element elementor-element-1d7313b e-grid e-con-boxed e-con e-parent\" data-id=\"1d7313b\" data-element_type=\"container\">\n\t\t\t\t\t<div class=\"e-con-inner\">\n\t\t\t\t\t<\/div>\n\t\t\t\t<\/div>\n\t\t\t\t<\/div>\n\t\t","protected":false},"excerpt":{"rendered":"<p>O setor de \u00f3leo e g\u00e1s A ind\u00fastria de \u00f3leo e g\u00e1s ocupa posi\u00e7\u00e3o estrat\u00e9gica na matriz energ\u00e9tica e no desenvolvimento econ\u00f4mico nacional. Opera\u00e7\u00f5es em plataformas offshore, unidades de refino, sistemas submarinos e infraestrutura terrestre exigem equipamentos e componentes com alt\u00edssima confiabilidade \u2014 capazes de operar sob altas press\u00f5es e temperaturas, resistir \u00e0 a\u00e7\u00e3o de [&hellip;]<\/p>\n","protected":false},"author":1,"featured_media":0,"parent":0,"menu_order":0,"comment_status":"closed","ping_status":"closed","template":"","meta":{"_acf_changed":false,"footnotes":""},"class_list":["post-13960","page","type-page","status-publish","hentry"],"acf":[],"yoast_head":"<!-- This site is optimized with the Yoast SEO plugin v25.5 - https:\/\/yoast.com\/wordpress\/plugins\/seo\/ -->\n<title>\u00d3leo e g\u00e1s - HEF<\/title>\n<meta name=\"robots\" content=\"index, follow, max-snippet:-1, max-image-preview:large, max-video-preview:-1\" \/>\n<link rel=\"canonical\" href=\"https:\/\/hef.com.br\/sitehef\/oleo-e-gas\/\" \/>\n<meta property=\"og:locale\" content=\"pt_BR\" \/>\n<meta property=\"og:type\" content=\"article\" \/>\n<meta property=\"og:title\" content=\"\u00d3leo e g\u00e1s - HEF\" \/>\n<meta property=\"og:description\" content=\"O setor de \u00f3leo e g\u00e1s A ind\u00fastria de \u00f3leo e g\u00e1s ocupa posi\u00e7\u00e3o estrat\u00e9gica na matriz energ\u00e9tica e no desenvolvimento econ\u00f4mico nacional. Opera\u00e7\u00f5es em plataformas offshore, unidades de refino, sistemas submarinos e infraestrutura terrestre exigem equipamentos e componentes com alt\u00edssima confiabilidade \u2014 capazes de operar sob altas press\u00f5es e temperaturas, resistir \u00e0 a\u00e7\u00e3o de [&hellip;]\" \/>\n<meta property=\"og:url\" content=\"https:\/\/hef.com.br\/sitehef\/oleo-e-gas\/\" \/>\n<meta property=\"og:site_name\" content=\"HEF\" \/>\n<meta property=\"article:modified_time\" content=\"2025-12-17T20:49:47+00:00\" \/>\n<meta property=\"og:image\" content=\"https:\/\/hef.com.br\/sitehef\/wp-content\/uploads\/2025\/12\/AdobeStock_611255567.jpeg\" \/>\n\t<meta property=\"og:image:width\" content=\"1920\" \/>\n\t<meta property=\"og:image:height\" content=\"1076\" \/>\n\t<meta property=\"og:image:type\" content=\"image\/jpeg\" \/>\n<meta name=\"twitter:card\" content=\"summary_large_image\" \/>\n<meta name=\"twitter:label1\" content=\"Est. tempo de leitura\" \/>\n\t<meta name=\"twitter:data1\" content=\"2 minutos\" \/>\n<script type=\"application\/ld+json\" class=\"yoast-schema-graph\">{\"@context\":\"https:\/\/schema.org\",\"@graph\":[{\"@type\":\"WebPage\",\"@id\":\"https:\/\/hef.com.br\/sitehef\/oleo-e-gas\/\",\"url\":\"https:\/\/hef.com.br\/sitehef\/oleo-e-gas\/\",\"name\":\"\u00d3leo e g\u00e1s - HEF\",\"isPartOf\":{\"@id\":\"https:\/\/hef.com.br\/sitehef\/#website\"},\"primaryImageOfPage\":{\"@id\":\"https:\/\/hef.com.br\/sitehef\/oleo-e-gas\/#primaryimage\"},\"image\":{\"@id\":\"https:\/\/hef.com.br\/sitehef\/oleo-e-gas\/#primaryimage\"},\"thumbnailUrl\":\"https:\/\/hef.com.br\/sitehef\/wp-content\/uploads\/2025\/12\/AdobeStock_611255567-1024x574.jpeg\",\"datePublished\":\"2025-10-15T21:20:29+00:00\",\"dateModified\":\"2025-12-17T20:49:47+00:00\",\"breadcrumb\":{\"@id\":\"https:\/\/hef.com.br\/sitehef\/oleo-e-gas\/#breadcrumb\"},\"inLanguage\":\"pt-BR\",\"potentialAction\":[{\"@type\":\"ReadAction\",\"target\":[\"https:\/\/hef.com.br\/sitehef\/oleo-e-gas\/\"]}]},{\"@type\":\"ImageObject\",\"inLanguage\":\"pt-BR\",\"@id\":\"https:\/\/hef.com.br\/sitehef\/oleo-e-gas\/#primaryimage\",\"url\":\"https:\/\/hef.com.br\/sitehef\/wp-content\/uploads\/2025\/12\/AdobeStock_611255567.jpeg\",\"contentUrl\":\"https:\/\/hef.com.br\/sitehef\/wp-content\/uploads\/2025\/12\/AdobeStock_611255567.jpeg\",\"width\":1920,\"height\":1076,\"caption\":\"Close up Industrial view at oil refinery plant form industry zone with sunrise and cloudy sky. Generative Ai\"},{\"@type\":\"BreadcrumbList\",\"@id\":\"https:\/\/hef.com.br\/sitehef\/oleo-e-gas\/#breadcrumb\",\"itemListElement\":[{\"@type\":\"ListItem\",\"position\":1,\"name\":\"Home\",\"item\":\"https:\/\/hef.com.br\/sitehef\/\"},{\"@type\":\"ListItem\",\"position\":2,\"name\":\"\u00d3leo e g\u00e1s\"}]},{\"@type\":\"WebSite\",\"@id\":\"https:\/\/hef.com.br\/sitehef\/#website\",\"url\":\"https:\/\/hef.com.br\/sitehef\/\",\"name\":\"HEF Groupe\",\"description\":\"Leader Mondial en ing\u00e9n\u00e9rie des mat\u00e9riaux de surfaces\",\"publisher\":{\"@id\":\"https:\/\/hef.com.br\/sitehef\/#organization\"},\"potentialAction\":[{\"@type\":\"SearchAction\",\"target\":{\"@type\":\"EntryPoint\",\"urlTemplate\":\"https:\/\/hef.com.br\/sitehef\/?s={search_term_string}\"},\"query-input\":{\"@type\":\"PropertyValueSpecification\",\"valueRequired\":true,\"valueName\":\"search_term_string\"}}],\"inLanguage\":\"pt-BR\"},{\"@type\":\"Organization\",\"@id\":\"https:\/\/hef.com.br\/sitehef\/#organization\",\"name\":\"HEF Groupe\",\"url\":\"https:\/\/hef.com.br\/sitehef\/\",\"logo\":{\"@type\":\"ImageObject\",\"inLanguage\":\"pt-BR\",\"@id\":\"https:\/\/hef.com.br\/sitehef\/#\/schema\/logo\/image\/\",\"url\":\"https:\/\/hef.com.br\/sitehef\/wp-content\/uploads\/2025\/12\/cropped-HEF_GROUPE_BRASIL_FINAL-01.png\",\"contentUrl\":\"https:\/\/hef.com.br\/sitehef\/wp-content\/uploads\/2025\/12\/cropped-HEF_GROUPE_BRASIL_FINAL-01.png\",\"width\":708,\"height\":304,\"caption\":\"HEF Groupe\"},\"image\":{\"@id\":\"https:\/\/hef.com.br\/sitehef\/#\/schema\/logo\/image\/\"}}]}<\/script>\n<!-- \/ Yoast SEO plugin. -->","yoast_head_json":{"title":"\u00d3leo e g\u00e1s - HEF","robots":{"index":"index","follow":"follow","max-snippet":"max-snippet:-1","max-image-preview":"max-image-preview:large","max-video-preview":"max-video-preview:-1"},"canonical":"https:\/\/hef.com.br\/sitehef\/oleo-e-gas\/","og_locale":"pt_BR","og_type":"article","og_title":"\u00d3leo e g\u00e1s - HEF","og_description":"O setor de \u00f3leo e g\u00e1s A ind\u00fastria de \u00f3leo e g\u00e1s ocupa posi\u00e7\u00e3o estrat\u00e9gica na matriz energ\u00e9tica e no desenvolvimento econ\u00f4mico nacional. Opera\u00e7\u00f5es em plataformas offshore, unidades de refino, sistemas submarinos e infraestrutura terrestre exigem equipamentos e componentes com alt\u00edssima confiabilidade \u2014 capazes de operar sob altas press\u00f5es e temperaturas, resistir \u00e0 a\u00e7\u00e3o de [&hellip;]","og_url":"https:\/\/hef.com.br\/sitehef\/oleo-e-gas\/","og_site_name":"HEF","article_modified_time":"2025-12-17T20:49:47+00:00","og_image":[{"width":1920,"height":1076,"url":"https:\/\/hef.com.br\/sitehef\/wp-content\/uploads\/2025\/12\/AdobeStock_611255567.jpeg","type":"image\/jpeg"}],"twitter_card":"summary_large_image","twitter_misc":{"Est. tempo de leitura":"2 minutos"},"schema":{"@context":"https:\/\/schema.org","@graph":[{"@type":"WebPage","@id":"https:\/\/hef.com.br\/sitehef\/oleo-e-gas\/","url":"https:\/\/hef.com.br\/sitehef\/oleo-e-gas\/","name":"\u00d3leo e g\u00e1s - HEF","isPartOf":{"@id":"https:\/\/hef.com.br\/sitehef\/#website"},"primaryImageOfPage":{"@id":"https:\/\/hef.com.br\/sitehef\/oleo-e-gas\/#primaryimage"},"image":{"@id":"https:\/\/hef.com.br\/sitehef\/oleo-e-gas\/#primaryimage"},"thumbnailUrl":"https:\/\/hef.com.br\/sitehef\/wp-content\/uploads\/2025\/12\/AdobeStock_611255567-1024x574.jpeg","datePublished":"2025-10-15T21:20:29+00:00","dateModified":"2025-12-17T20:49:47+00:00","breadcrumb":{"@id":"https:\/\/hef.com.br\/sitehef\/oleo-e-gas\/#breadcrumb"},"inLanguage":"pt-BR","potentialAction":[{"@type":"ReadAction","target":["https:\/\/hef.com.br\/sitehef\/oleo-e-gas\/"]}]},{"@type":"ImageObject","inLanguage":"pt-BR","@id":"https:\/\/hef.com.br\/sitehef\/oleo-e-gas\/#primaryimage","url":"https:\/\/hef.com.br\/sitehef\/wp-content\/uploads\/2025\/12\/AdobeStock_611255567.jpeg","contentUrl":"https:\/\/hef.com.br\/sitehef\/wp-content\/uploads\/2025\/12\/AdobeStock_611255567.jpeg","width":1920,"height":1076,"caption":"Close up Industrial view at oil refinery plant form industry zone with sunrise and cloudy sky. Generative Ai"},{"@type":"BreadcrumbList","@id":"https:\/\/hef.com.br\/sitehef\/oleo-e-gas\/#breadcrumb","itemListElement":[{"@type":"ListItem","position":1,"name":"Home","item":"https:\/\/hef.com.br\/sitehef\/"},{"@type":"ListItem","position":2,"name":"\u00d3leo e g\u00e1s"}]},{"@type":"WebSite","@id":"https:\/\/hef.com.br\/sitehef\/#website","url":"https:\/\/hef.com.br\/sitehef\/","name":"HEF Groupe","description":"Leader Mondial en ing\u00e9n\u00e9rie des mat\u00e9riaux de surfaces","publisher":{"@id":"https:\/\/hef.com.br\/sitehef\/#organization"},"potentialAction":[{"@type":"SearchAction","target":{"@type":"EntryPoint","urlTemplate":"https:\/\/hef.com.br\/sitehef\/?s={search_term_string}"},"query-input":{"@type":"PropertyValueSpecification","valueRequired":true,"valueName":"search_term_string"}}],"inLanguage":"pt-BR"},{"@type":"Organization","@id":"https:\/\/hef.com.br\/sitehef\/#organization","name":"HEF Groupe","url":"https:\/\/hef.com.br\/sitehef\/","logo":{"@type":"ImageObject","inLanguage":"pt-BR","@id":"https:\/\/hef.com.br\/sitehef\/#\/schema\/logo\/image\/","url":"https:\/\/hef.com.br\/sitehef\/wp-content\/uploads\/2025\/12\/cropped-HEF_GROUPE_BRASIL_FINAL-01.png","contentUrl":"https:\/\/hef.com.br\/sitehef\/wp-content\/uploads\/2025\/12\/cropped-HEF_GROUPE_BRASIL_FINAL-01.png","width":708,"height":304,"caption":"HEF Groupe"},"image":{"@id":"https:\/\/hef.com.br\/sitehef\/#\/schema\/logo\/image\/"}}]}},"_links":{"self":[{"href":"https:\/\/hef.com.br\/sitehef\/wp-json\/wp\/v2\/pages\/13960","targetHints":{"allow":["GET"]}}],"collection":[{"href":"https:\/\/hef.com.br\/sitehef\/wp-json\/wp\/v2\/pages"}],"about":[{"href":"https:\/\/hef.com.br\/sitehef\/wp-json\/wp\/v2\/types\/page"}],"author":[{"embeddable":true,"href":"https:\/\/hef.com.br\/sitehef\/wp-json\/wp\/v2\/users\/1"}],"replies":[{"embeddable":true,"href":"https:\/\/hef.com.br\/sitehef\/wp-json\/wp\/v2\/comments?post=13960"}],"version-history":[{"count":34,"href":"https:\/\/hef.com.br\/sitehef\/wp-json\/wp\/v2\/pages\/13960\/revisions"}],"predecessor-version":[{"id":15846,"href":"https:\/\/hef.com.br\/sitehef\/wp-json\/wp\/v2\/pages\/13960\/revisions\/15846"}],"wp:attachment":[{"href":"https:\/\/hef.com.br\/sitehef\/wp-json\/wp\/v2\/media?parent=13960"}],"curies":[{"name":"wp","href":"https:\/\/api.w.org\/{rel}","templated":true}]}}