{"id":13962,"date":"2025-10-15T23:21:01","date_gmt":"2025-10-15T21:21:01","guid":{"rendered":"https:\/\/hef.com.br\/sitehef\/ts-mogi-guacu-2\/"},"modified":"2025-12-17T17:28:37","modified_gmt":"2025-12-17T16:28:37","slug":"outros-mercados","status":"publish","type":"page","link":"https:\/\/hef.com.br\/sitehef\/outros-mercados\/","title":{"rendered":"Outros mercados"},"content":{"rendered":"\t\t<div data-elementor-type=\"wp-page\" data-elementor-id=\"13962\" class=\"elementor elementor-13962\" data-elementor-post-type=\"page\">\n\t\t\t\t<div class=\"elementor-element elementor-element-7931e33 e-con-full e-flex e-con e-parent\" data-id=\"7931e33\" data-element_type=\"container\" data-settings=\"{&quot;background_background&quot;:&quot;gradient&quot;}\">\n\t\t<div class=\"elementor-element elementor-element-45e8298 e-flex e-con-boxed e-con e-child\" data-id=\"45e8298\" data-element_type=\"container\">\n\t\t\t\t\t<div class=\"e-con-inner\">\n\t\t\t\t<div class=\"elementor-element elementor-element-6e699a6 elementor-align-left elementor-hidden-tablet elementor-hidden-mobile elementor-widget elementor-widget-breadcrumbs\" data-id=\"6e699a6\" data-element_type=\"widget\" data-widget_type=\"breadcrumbs.default\">\n\t\t\t\t\t<p id=\"breadcrumbs\"><span><span><a href=\"https:\/\/hef.com.br\/sitehef\/\">Home<\/a><\/span><\/span><\/p>\t\t\t\t<\/div>\n\t\t\t\t<div class=\"elementor-element elementor-element-992fd7c elementor-widget elementor-widget-spacer\" data-id=\"992fd7c\" data-element_type=\"widget\" data-widget_type=\"spacer.default\">\n\t\t\t\t\t\t\t<div class=\"elementor-spacer\">\n\t\t\t<div class=\"elementor-spacer-inner\"><\/div>\n\t\t<\/div>\n\t\t\t\t\t\t<\/div>\n\t\t\t\t<div class=\"elementor-element elementor-element-35502f5 elementor-widget__width-initial animated-slow elementor-invisible elementor-widget elementor-widget-heading\" data-id=\"35502f5\" data-element_type=\"widget\" data-settings=\"{&quot;_animation&quot;:&quot;fadeIn&quot;}\" data-widget_type=\"heading.default\">\n\t\t\t\t\t<h1 class=\"elementor-heading-title elementor-size-default\">Outros mercados<\/h1>\t\t\t\t<\/div>\n\t\t\t\t\t<\/div>\n\t\t\t\t<\/div>\n\t\t\t\t<div class=\"elementor-element elementor-element-2bdcf6e elementor-widget__width-inherit elementor-widget-tablet__width-initial elementor-widget elementor-widget-image\" data-id=\"2bdcf6e\" data-element_type=\"widget\" data-widget_type=\"image.default\">\n\t\t\t\t\t\t\t\t\t\t\t\t\t\t\t<img fetchpriority=\"high\" decoding=\"async\" width=\"800\" height=\"534\" src=\"https:\/\/hef.com.br\/sitehef\/wp-content\/uploads\/2025\/10\/bg-hero-tribology-1024x683.webp\" class=\"attachment-large size-large wp-image-12715\" alt=\"\" srcset=\"https:\/\/hef.com.br\/sitehef\/wp-content\/uploads\/2025\/10\/bg-hero-tribology-1024x683.webp 1024w, https:\/\/hef.com.br\/sitehef\/wp-content\/uploads\/2025\/10\/bg-hero-tribology-300x200.webp 300w, https:\/\/hef.com.br\/sitehef\/wp-content\/uploads\/2025\/10\/bg-hero-tribology-768x512.webp 768w, https:\/\/hef.com.br\/sitehef\/wp-content\/uploads\/2025\/10\/bg-hero-tribology-1536x1024.webp 1536w, https:\/\/hef.com.br\/sitehef\/wp-content\/uploads\/2025\/10\/bg-hero-tribology.webp 1600w\" sizes=\"(max-width: 800px) 100vw, 800px\" \/>\t\t\t\t\t\t\t\t\t\t\t\t\t\t\t<\/div>\n\t\t\t\t<\/div>\n\t\t<div class=\"elementor-element elementor-element-f11ae73 e-con-full e-flex e-con e-parent\" data-id=\"f11ae73\" data-element_type=\"container\" data-settings=\"{&quot;background_background&quot;:&quot;classic&quot;}\">\n\t\t<div class=\"elementor-element elementor-element-eb67523 e-flex e-con-boxed e-con e-child\" data-id=\"eb67523\" data-element_type=\"container\">\n\t\t\t\t\t<div class=\"e-con-inner\">\n\t\t<div class=\"elementor-element elementor-element-0554375 e-con-full e-flex e-con e-child\" data-id=\"0554375\" data-element_type=\"container\">\n\t\t\t\t<div class=\"elementor-element elementor-element-1cc6346 animated-slow elementor-invisible elementor-widget elementor-widget-heading\" data-id=\"1cc6346\" data-element_type=\"widget\" data-settings=\"{&quot;_animation&quot;:&quot;fadeIn&quot;}\" data-widget_type=\"heading.default\">\n\t\t\t\t\t<h2 class=\"elementor-heading-title elementor-size-default\">Ind\u00fastria de base<\/h2>\t\t\t\t<\/div>\n\t\t\t\t<div class=\"elementor-element elementor-element-490df27 animated-slow elementor-invisible elementor-widget elementor-widget-text-editor\" data-id=\"490df27\" data-element_type=\"widget\" data-settings=\"{&quot;_animation&quot;:&quot;fadeIn&quot;}\" data-widget_type=\"text-editor.default\">\n\t\t\t\t\t\t\t\t\t<p>Os setores industriais de base \u2014 como minera\u00e7\u00e3o, siderurgia, t\u00eaxtil, eletroeletr\u00f4nico e transforma\u00e7\u00e3o \u2014 operam sob condi\u00e7\u00f5es severas, onde desgaste, corros\u00e3o, atrito elevado, part\u00edculas abrasivas e varia\u00e7\u00f5es t\u00e9rmicas comprometem diretamente a produtividade. Para garantir continuidade operacional, produtividade e seguran\u00e7a, componentes cr\u00edticos precisam apresentar desempenho consistente e durabilidade.<\/p><p>A HEF atua como parceira tecnol\u00f3gica desses mercados, oferecendo solu\u00e7\u00f5es de engenharia de superf\u00edcie que elevam a resist\u00eancia mec\u00e2nica, qu\u00edmica e tribol\u00f3gica dos materiais. Nossas tecnologias de nitrocarboneta\u00e7\u00e3o CLIN\u2122 (ARCOR\u00ae, SURSULF\u00ae, TENIFER\u00ae e QPQ\u00ae); de deposi\u00e7\u00e3o via PVD\/PACVD &#8211;\u00a0 CERTESS\u00ae CARBON (DLC); de boreta\u00e7\u00e3o DURBORID\u00ae; e o portf\u00f3lio de buchas met\u00e1licas PEL\u00ae e de comp\u00f3sitos H-Liner\u00ae; s\u00e3o aplicadas em uma ampla gama de equipamentos essenciais \u00e0 ind\u00fastria pesada e \u00e0 manufatura.<\/p>\t\t\t\t\t\t\t\t<\/div>\n\t\t\t\t<\/div>\n\t\t\t\t<div class=\"elementor-element elementor-element-26a2a8a elementor-widget__width-initial elementor-widget-tablet__width-inherit animated-slow elementor-invisible elementor-widget elementor-widget-image\" data-id=\"26a2a8a\" data-element_type=\"widget\" data-settings=\"{&quot;_animation&quot;:&quot;fadeIn&quot;}\" data-widget_type=\"image.default\">\n\t\t\t\t\t\t\t\t\t\t\t\t\t\t\t<img decoding=\"async\" width=\"800\" height=\"534\" src=\"https:\/\/hef.com.br\/sitehef\/wp-content\/uploads\/2025\/12\/industria-de-base.jpg\" class=\"attachment-large size-large wp-image-15583\" alt=\"\" srcset=\"https:\/\/hef.com.br\/sitehef\/wp-content\/uploads\/2025\/12\/industria-de-base.jpg 1024w, https:\/\/hef.com.br\/sitehef\/wp-content\/uploads\/2025\/12\/industria-de-base-300x200.jpg 300w, https:\/\/hef.com.br\/sitehef\/wp-content\/uploads\/2025\/12\/industria-de-base-768x512.jpg 768w\" sizes=\"(max-width: 800px) 100vw, 800px\" \/>\t\t\t\t\t\t\t\t\t\t\t\t\t\t\t<\/div>\n\t\t\t\t\t<\/div>\n\t\t\t\t<\/div>\n\t\t<div class=\"elementor-element elementor-element-83388e7 e-flex e-con-boxed e-con e-child\" data-id=\"83388e7\" data-element_type=\"container\" data-settings=\"{&quot;background_background&quot;:&quot;classic&quot;}\">\n\t\t\t\t\t<div class=\"e-con-inner\">\n\t\t\t\t<div class=\"elementor-element elementor-element-5822b87 elementor-widget__width-initial elementor-widget-tablet__width-inherit animated-slow elementor-invisible elementor-widget elementor-widget-image\" data-id=\"5822b87\" data-element_type=\"widget\" data-settings=\"{&quot;_animation&quot;:&quot;fadeIn&quot;}\" data-widget_type=\"image.default\">\n\t\t\t\t\t\t\t\t\t\t\t\t\t\t\t<img decoding=\"async\" width=\"800\" height=\"416\" src=\"https:\/\/hef.com.br\/sitehef\/wp-content\/uploads\/2025\/12\/hombre-soldando-e1564085072443.jpg\" class=\"attachment-large size-large wp-image-15588\" alt=\"\" srcset=\"https:\/\/hef.com.br\/sitehef\/wp-content\/uploads\/2025\/12\/hombre-soldando-e1564085072443.jpg 800w, https:\/\/hef.com.br\/sitehef\/wp-content\/uploads\/2025\/12\/hombre-soldando-e1564085072443-300x156.jpg 300w, https:\/\/hef.com.br\/sitehef\/wp-content\/uploads\/2025\/12\/hombre-soldando-e1564085072443-768x399.jpg 768w\" sizes=\"(max-width: 800px) 100vw, 800px\" \/>\t\t\t\t\t\t\t\t\t\t\t\t\t\t\t<\/div>\n\t\t<div class=\"elementor-element elementor-element-2102c28 e-con-full e-flex e-con e-child\" data-id=\"2102c28\" data-element_type=\"container\">\n\t\t\t\t<div class=\"elementor-element elementor-element-d416d4e animated-slow elementor-invisible elementor-widget elementor-widget-heading\" data-id=\"d416d4e\" data-element_type=\"widget\" data-settings=\"{&quot;_animation&quot;:&quot;fadeIn&quot;}\" data-widget_type=\"heading.default\">\n\t\t\t\t\t<h2 class=\"elementor-heading-title elementor-size-default\">Ind\u00fastria pesada e de base<\/h2>\t\t\t\t<\/div>\n\t\t\t\t<div class=\"elementor-element elementor-element-b1f281d animated-slow elementor-invisible elementor-widget elementor-widget-text-editor\" data-id=\"b1f281d\" data-element_type=\"widget\" data-settings=\"{&quot;_animation&quot;:&quot;fadeIn&quot;}\" data-widget_type=\"text-editor.default\">\n\t\t\t\t\t\t\t\t\t<p>Ambientes de alta abras\u00e3o, impacto e calor exigem componentes robustos e com baixo \u00edndice de falhas. As solu\u00e7\u00f5es HEF contribuem diretamente para maior disponibilidade operacional.<\/p><p>\u00a0<\/p><p>Articula\u00e7\u00f5es e sistemas de movimento em m\u00e1quinas de minera\u00e7\u00e3o; equipamentos de lingotamento e lamina\u00e7\u00e3o\u00a0 \u2192 Buchas PEL\u00ae e H-Liner\u00ae<\/p><p>\u00a0<\/p><p>Po\u00e7os de termopar \u2192 DURBORID\u00ae<\/p>\t\t\t\t\t\t\t\t<\/div>\n\t\t\t\t<\/div>\n\t\t\t\t\t<\/div>\n\t\t\t\t<\/div>\n\t\t<div class=\"elementor-element elementor-element-9ba81a8 e-flex e-con-boxed e-con e-child\" data-id=\"9ba81a8\" data-element_type=\"container\">\n\t\t\t\t\t<div class=\"e-con-inner\">\n\t\t<div class=\"elementor-element elementor-element-9e24a04 e-con-full e-flex e-con e-child\" data-id=\"9e24a04\" data-element_type=\"container\">\n\t\t\t\t<div class=\"elementor-element elementor-element-64dc18c animated-slow elementor-invisible elementor-widget elementor-widget-heading\" data-id=\"64dc18c\" data-element_type=\"widget\" data-settings=\"{&quot;_animation&quot;:&quot;fadeIn&quot;}\" data-widget_type=\"heading.default\">\n\t\t\t\t\t<h2 class=\"elementor-heading-title elementor-size-default\">Ferramentas e moldes industriais<\/h2>\t\t\t\t<\/div>\n\t\t\t\t<div class=\"elementor-element elementor-element-d6087b0 animated-slow elementor-invisible elementor-widget elementor-widget-text-editor\" data-id=\"d6087b0\" data-element_type=\"widget\" data-settings=\"{&quot;_animation&quot;:&quot;fadeIn&quot;}\" data-widget_type=\"text-editor.default\">\n\t\t\t\t\t\t\t\t\t<p>Ferramentas, matrizes, moldes e pun\u00e7\u00f5es operam em ambientes com cargas elevadas e c\u00edclicas, estando sujeitos a varia\u00e7\u00f5es t\u00e9rmicas e desgaste. O desempenho dessas pe\u00e7as impacta diretamente na produtividade, vida \u00fatil do ferramental e na qualidade do produto final. Algumas aplica\u00e7\u00f5es t\u00edpicas com as tecnologias da HEF:<\/p><p><br \/>Matrizes de extrus\u00e3o\/inje\u00e7\u00e3o de alum\u00ednio \u2192 CLIN\u2122<\/p><p>\u00a0<\/p><p>Matrizes de extrus\u00e3o\/inje\u00e7\u00e3o de pl\u00e1stico \u2192 CERTESS\u00ae CARBON<\/p>\t\t\t\t\t\t\t\t<\/div>\n\t\t\t\t<\/div>\n\t\t\t\t<div class=\"elementor-element elementor-element-da36e0f elementor-widget__width-initial elementor-widget-tablet__width-inherit animated-slow elementor-invisible elementor-widget elementor-widget-image\" data-id=\"da36e0f\" data-element_type=\"widget\" data-settings=\"{&quot;_animation&quot;:&quot;fadeIn&quot;}\" data-widget_type=\"image.default\">\n\t\t\t\t\t\t\t\t\t\t\t\t\t\t\t<img loading=\"lazy\" decoding=\"async\" width=\"800\" height=\"532\" src=\"https:\/\/hef.com.br\/sitehef\/wp-content\/uploads\/2025\/12\/usinagem-moldes-e-matrizes.webp\" class=\"attachment-large size-large wp-image-15592\" alt=\"\" srcset=\"https:\/\/hef.com.br\/sitehef\/wp-content\/uploads\/2025\/12\/usinagem-moldes-e-matrizes.webp 939w, https:\/\/hef.com.br\/sitehef\/wp-content\/uploads\/2025\/12\/usinagem-moldes-e-matrizes-300x200.webp 300w, https:\/\/hef.com.br\/sitehef\/wp-content\/uploads\/2025\/12\/usinagem-moldes-e-matrizes-768x511.webp 768w\" sizes=\"(max-width: 800px) 100vw, 800px\" \/>\t\t\t\t\t\t\t\t\t\t\t\t\t\t\t<\/div>\n\t\t\t\t\t<\/div>\n\t\t\t\t<\/div>\n\t\t<div class=\"elementor-element elementor-element-f0731bf e-flex e-con-boxed e-con e-child\" data-id=\"f0731bf\" data-element_type=\"container\">\n\t\t\t\t\t<div class=\"e-con-inner\">\n\t\t\t\t\t<\/div>\n\t\t\t\t<\/div>\n\t\t\t\t<\/div>\n\t\t\t\t<\/div>\n\t\t","protected":false},"excerpt":{"rendered":"<p>Ind\u00fastria de base Os setores industriais de base \u2014 como minera\u00e7\u00e3o, siderurgia, t\u00eaxtil, eletroeletr\u00f4nico e transforma\u00e7\u00e3o \u2014 operam sob condi\u00e7\u00f5es severas, onde desgaste, corros\u00e3o, atrito elevado, part\u00edculas abrasivas e varia\u00e7\u00f5es t\u00e9rmicas comprometem diretamente a produtividade. Para garantir continuidade operacional, produtividade e seguran\u00e7a, componentes cr\u00edticos precisam apresentar desempenho consistente e durabilidade. A HEF atua como parceira [&hellip;]<\/p>\n","protected":false},"author":1,"featured_media":0,"parent":0,"menu_order":0,"comment_status":"closed","ping_status":"closed","template":"","meta":{"_acf_changed":false,"footnotes":""},"class_list":["post-13962","page","type-page","status-publish","hentry"],"acf":[],"yoast_head":"<!-- This site is optimized with the Yoast SEO plugin v25.5 - https:\/\/yoast.com\/wordpress\/plugins\/seo\/ -->\n<title>Outros mercados - HEF<\/title>\n<meta name=\"robots\" content=\"index, follow, max-snippet:-1, max-image-preview:large, max-video-preview:-1\" \/>\n<link rel=\"canonical\" href=\"https:\/\/hef.com.br\/sitehef\/outros-mercados\/\" \/>\n<meta property=\"og:locale\" content=\"pt_BR\" \/>\n<meta property=\"og:type\" content=\"article\" \/>\n<meta property=\"og:title\" content=\"Outros mercados - HEF\" \/>\n<meta property=\"og:description\" content=\"Ind\u00fastria de base Os setores industriais de base \u2014 como minera\u00e7\u00e3o, siderurgia, t\u00eaxtil, eletroeletr\u00f4nico e transforma\u00e7\u00e3o \u2014 operam sob condi\u00e7\u00f5es severas, onde desgaste, corros\u00e3o, atrito elevado, part\u00edculas abrasivas e varia\u00e7\u00f5es t\u00e9rmicas comprometem diretamente a produtividade. Para garantir continuidade operacional, produtividade e seguran\u00e7a, componentes cr\u00edticos precisam apresentar desempenho consistente e durabilidade. A HEF atua como parceira [&hellip;]\" \/>\n<meta property=\"og:url\" content=\"https:\/\/hef.com.br\/sitehef\/outros-mercados\/\" \/>\n<meta property=\"og:site_name\" content=\"HEF\" \/>\n<meta property=\"article:modified_time\" content=\"2025-12-17T16:28:37+00:00\" \/>\n<meta property=\"og:image\" content=\"https:\/\/hef.com.br\/sitehef\/wp-content\/uploads\/2025\/10\/bg-hero-tribology.webp\" \/>\n\t<meta property=\"og:image:width\" content=\"1600\" \/>\n\t<meta property=\"og:image:height\" content=\"1067\" \/>\n\t<meta property=\"og:image:type\" content=\"image\/webp\" \/>\n<meta name=\"twitter:card\" content=\"summary_large_image\" \/>\n<meta name=\"twitter:label1\" content=\"Est. tempo de leitura\" \/>\n\t<meta name=\"twitter:data1\" content=\"2 minutos\" \/>\n<script type=\"application\/ld+json\" class=\"yoast-schema-graph\">{\"@context\":\"https:\/\/schema.org\",\"@graph\":[{\"@type\":\"WebPage\",\"@id\":\"https:\/\/hef.com.br\/sitehef\/outros-mercados\/\",\"url\":\"https:\/\/hef.com.br\/sitehef\/outros-mercados\/\",\"name\":\"Outros mercados - HEF\",\"isPartOf\":{\"@id\":\"https:\/\/hef.com.br\/sitehef\/#website\"},\"primaryImageOfPage\":{\"@id\":\"https:\/\/hef.com.br\/sitehef\/outros-mercados\/#primaryimage\"},\"image\":{\"@id\":\"https:\/\/hef.com.br\/sitehef\/outros-mercados\/#primaryimage\"},\"thumbnailUrl\":\"https:\/\/hef.com.br\/sitehef\/wp-content\/uploads\/2025\/10\/bg-hero-tribology-1024x683.webp\",\"datePublished\":\"2025-10-15T21:21:01+00:00\",\"dateModified\":\"2025-12-17T16:28:37+00:00\",\"breadcrumb\":{\"@id\":\"https:\/\/hef.com.br\/sitehef\/outros-mercados\/#breadcrumb\"},\"inLanguage\":\"pt-BR\",\"potentialAction\":[{\"@type\":\"ReadAction\",\"target\":[\"https:\/\/hef.com.br\/sitehef\/outros-mercados\/\"]}]},{\"@type\":\"ImageObject\",\"inLanguage\":\"pt-BR\",\"@id\":\"https:\/\/hef.com.br\/sitehef\/outros-mercados\/#primaryimage\",\"url\":\"https:\/\/hef.com.br\/sitehef\/wp-content\/uploads\/2025\/10\/bg-hero-tribology-1024x683.webp\",\"contentUrl\":\"https:\/\/hef.com.br\/sitehef\/wp-content\/uploads\/2025\/10\/bg-hero-tribology-1024x683.webp\"},{\"@type\":\"BreadcrumbList\",\"@id\":\"https:\/\/hef.com.br\/sitehef\/outros-mercados\/#breadcrumb\",\"itemListElement\":[{\"@type\":\"ListItem\",\"position\":1,\"name\":\"Home\",\"item\":\"https:\/\/hef.com.br\/sitehef\/\"},{\"@type\":\"ListItem\",\"position\":2,\"name\":\"Outros mercados\"}]},{\"@type\":\"WebSite\",\"@id\":\"https:\/\/hef.com.br\/sitehef\/#website\",\"url\":\"https:\/\/hef.com.br\/sitehef\/\",\"name\":\"HEF Groupe\",\"description\":\"Leader Mondial en ing\u00e9n\u00e9rie des mat\u00e9riaux de surfaces\",\"publisher\":{\"@id\":\"https:\/\/hef.com.br\/sitehef\/#organization\"},\"potentialAction\":[{\"@type\":\"SearchAction\",\"target\":{\"@type\":\"EntryPoint\",\"urlTemplate\":\"https:\/\/hef.com.br\/sitehef\/?s={search_term_string}\"},\"query-input\":{\"@type\":\"PropertyValueSpecification\",\"valueRequired\":true,\"valueName\":\"search_term_string\"}}],\"inLanguage\":\"pt-BR\"},{\"@type\":\"Organization\",\"@id\":\"https:\/\/hef.com.br\/sitehef\/#organization\",\"name\":\"HEF Groupe\",\"url\":\"https:\/\/hef.com.br\/sitehef\/\",\"logo\":{\"@type\":\"ImageObject\",\"inLanguage\":\"pt-BR\",\"@id\":\"https:\/\/hef.com.br\/sitehef\/#\/schema\/logo\/image\/\",\"url\":\"https:\/\/hef.com.br\/sitehef\/wp-content\/uploads\/2025\/12\/cropped-HEF_GROUPE_BRASIL_FINAL-01.png\",\"contentUrl\":\"https:\/\/hef.com.br\/sitehef\/wp-content\/uploads\/2025\/12\/cropped-HEF_GROUPE_BRASIL_FINAL-01.png\",\"width\":708,\"height\":304,\"caption\":\"HEF Groupe\"},\"image\":{\"@id\":\"https:\/\/hef.com.br\/sitehef\/#\/schema\/logo\/image\/\"}}]}<\/script>\n<!-- \/ Yoast SEO plugin. -->","yoast_head_json":{"title":"Outros mercados - HEF","robots":{"index":"index","follow":"follow","max-snippet":"max-snippet:-1","max-image-preview":"max-image-preview:large","max-video-preview":"max-video-preview:-1"},"canonical":"https:\/\/hef.com.br\/sitehef\/outros-mercados\/","og_locale":"pt_BR","og_type":"article","og_title":"Outros mercados - HEF","og_description":"Ind\u00fastria de base Os setores industriais de base \u2014 como minera\u00e7\u00e3o, siderurgia, t\u00eaxtil, eletroeletr\u00f4nico e transforma\u00e7\u00e3o \u2014 operam sob condi\u00e7\u00f5es severas, onde desgaste, corros\u00e3o, atrito elevado, part\u00edculas abrasivas e varia\u00e7\u00f5es t\u00e9rmicas comprometem diretamente a produtividade. Para garantir continuidade operacional, produtividade e seguran\u00e7a, componentes cr\u00edticos precisam apresentar desempenho consistente e durabilidade. A HEF atua como parceira [&hellip;]","og_url":"https:\/\/hef.com.br\/sitehef\/outros-mercados\/","og_site_name":"HEF","article_modified_time":"2025-12-17T16:28:37+00:00","og_image":[{"width":1600,"height":1067,"url":"https:\/\/hef.com.br\/sitehef\/wp-content\/uploads\/2025\/10\/bg-hero-tribology.webp","type":"image\/webp"}],"twitter_card":"summary_large_image","twitter_misc":{"Est. tempo de leitura":"2 minutos"},"schema":{"@context":"https:\/\/schema.org","@graph":[{"@type":"WebPage","@id":"https:\/\/hef.com.br\/sitehef\/outros-mercados\/","url":"https:\/\/hef.com.br\/sitehef\/outros-mercados\/","name":"Outros mercados - HEF","isPartOf":{"@id":"https:\/\/hef.com.br\/sitehef\/#website"},"primaryImageOfPage":{"@id":"https:\/\/hef.com.br\/sitehef\/outros-mercados\/#primaryimage"},"image":{"@id":"https:\/\/hef.com.br\/sitehef\/outros-mercados\/#primaryimage"},"thumbnailUrl":"https:\/\/hef.com.br\/sitehef\/wp-content\/uploads\/2025\/10\/bg-hero-tribology-1024x683.webp","datePublished":"2025-10-15T21:21:01+00:00","dateModified":"2025-12-17T16:28:37+00:00","breadcrumb":{"@id":"https:\/\/hef.com.br\/sitehef\/outros-mercados\/#breadcrumb"},"inLanguage":"pt-BR","potentialAction":[{"@type":"ReadAction","target":["https:\/\/hef.com.br\/sitehef\/outros-mercados\/"]}]},{"@type":"ImageObject","inLanguage":"pt-BR","@id":"https:\/\/hef.com.br\/sitehef\/outros-mercados\/#primaryimage","url":"https:\/\/hef.com.br\/sitehef\/wp-content\/uploads\/2025\/10\/bg-hero-tribology-1024x683.webp","contentUrl":"https:\/\/hef.com.br\/sitehef\/wp-content\/uploads\/2025\/10\/bg-hero-tribology-1024x683.webp"},{"@type":"BreadcrumbList","@id":"https:\/\/hef.com.br\/sitehef\/outros-mercados\/#breadcrumb","itemListElement":[{"@type":"ListItem","position":1,"name":"Home","item":"https:\/\/hef.com.br\/sitehef\/"},{"@type":"ListItem","position":2,"name":"Outros mercados"}]},{"@type":"WebSite","@id":"https:\/\/hef.com.br\/sitehef\/#website","url":"https:\/\/hef.com.br\/sitehef\/","name":"HEF Groupe","description":"Leader Mondial en ing\u00e9n\u00e9rie des mat\u00e9riaux de surfaces","publisher":{"@id":"https:\/\/hef.com.br\/sitehef\/#organization"},"potentialAction":[{"@type":"SearchAction","target":{"@type":"EntryPoint","urlTemplate":"https:\/\/hef.com.br\/sitehef\/?s={search_term_string}"},"query-input":{"@type":"PropertyValueSpecification","valueRequired":true,"valueName":"search_term_string"}}],"inLanguage":"pt-BR"},{"@type":"Organization","@id":"https:\/\/hef.com.br\/sitehef\/#organization","name":"HEF Groupe","url":"https:\/\/hef.com.br\/sitehef\/","logo":{"@type":"ImageObject","inLanguage":"pt-BR","@id":"https:\/\/hef.com.br\/sitehef\/#\/schema\/logo\/image\/","url":"https:\/\/hef.com.br\/sitehef\/wp-content\/uploads\/2025\/12\/cropped-HEF_GROUPE_BRASIL_FINAL-01.png","contentUrl":"https:\/\/hef.com.br\/sitehef\/wp-content\/uploads\/2025\/12\/cropped-HEF_GROUPE_BRASIL_FINAL-01.png","width":708,"height":304,"caption":"HEF Groupe"},"image":{"@id":"https:\/\/hef.com.br\/sitehef\/#\/schema\/logo\/image\/"}}]}},"_links":{"self":[{"href":"https:\/\/hef.com.br\/sitehef\/wp-json\/wp\/v2\/pages\/13962","targetHints":{"allow":["GET"]}}],"collection":[{"href":"https:\/\/hef.com.br\/sitehef\/wp-json\/wp\/v2\/pages"}],"about":[{"href":"https:\/\/hef.com.br\/sitehef\/wp-json\/wp\/v2\/types\/page"}],"author":[{"embeddable":true,"href":"https:\/\/hef.com.br\/sitehef\/wp-json\/wp\/v2\/users\/1"}],"replies":[{"embeddable":true,"href":"https:\/\/hef.com.br\/sitehef\/wp-json\/wp\/v2\/comments?post=13962"}],"version-history":[{"count":7,"href":"https:\/\/hef.com.br\/sitehef\/wp-json\/wp\/v2\/pages\/13962\/revisions"}],"predecessor-version":[{"id":15601,"href":"https:\/\/hef.com.br\/sitehef\/wp-json\/wp\/v2\/pages\/13962\/revisions\/15601"}],"wp:attachment":[{"href":"https:\/\/hef.com.br\/sitehef\/wp-json\/wp\/v2\/media?parent=13962"}],"curies":[{"name":"wp","href":"https:\/\/api.w.org\/{rel}","templated":true}]}}